{"id":8959,"date":"2019-04-30T17:12:04","date_gmt":"2019-04-30T14:12:04","guid":{"rendered":"https:\/\/www.ifturquie.org\/cooperation\/cooperation-scientifique\/"},"modified":"2023-04-15T10:44:52","modified_gmt":"2023-04-15T07:44:52","slug":"cooperation-scientifique","status":"publish","type":"page","link":"https:\/\/www.ifturquie.org\/fr\/cooperation\/cooperation-scientifique\/","title":{"rendered":"Coop\u00e9ration scientifique"},"content":{"rendered":"<div class=\"wpb-content-wrapper\"><p>[vc_section css=&#8221;.vc_custom_1531905726581{margin: 0px !important;padding: 0px !important;}&#8221;][vc_row el_class=&#8221;container_1110&#8243;][vc_column width=&#8221;1\/2&#8243;][vc_row_inner css=&#8221;.vc_custom_1531909257469{margin-top: 0px !important;margin-right: 0px !important;margin-bottom: 0px !important;margin-left: 0px !important;padding-top: 0px !important;padding-right: 0px !important;padding-bottom: 0px !important;padding-left: 0px !important;}&#8221; el_class=&#8221;max_width_600 right_block&#8221;][vc_column_inner][vc_column_text css=&#8221;.vc_custom_1556634041550{margin-right: 0px !important;margin-left: 0px !important;padding-right: 120px !important;padding-bottom: -30px !important;padding-left: 0px !important;}&#8221;]<\/p>\n<h3 class=\"vc_custom_heading vc_custom_1536308838639\">Pourquoi choisir la France?<\/h3>\n<h4 class=\"vc_custom_heading vc_custom_1532076132599\">La recherche scientifique en France : une priorit\u00e9<\/h4>\n<p>La France consacre 2,24% de son PIB (soit 47,9 milliards d\u2019euros) \u00e0 la recherche et d\u00e9veloppement. La recherche mobilise 417 000 personnes dont 266\u00a0 700 chercheurs, r\u00e9partis \u00e0 40% dans le public et 60% dans le priv\u00e9. 14\u00a0500 doctorats sont d\u00e9livr\u00e9s chaque ann\u00e9e.<\/p>\n<p>En termes de publication scientifique, la France se place au 6\u00e8me rang mondial avec 3,3% des publications scientifiques du monde. L\u2019indice d\u2019impact des publications fran\u00e7aises est le 4\u00e8me plus fort du monde. Parmi les 10 premiers pays mondiaux,<strong>\u00a0la France pr\u00e9sente le plus fort taux de collaboration\u00a0 internationale, devant le Royaume-Uni et l\u2019Allemagne<\/strong>. Enfin, la France est au 4\u00e8me rang mondial dans le syst\u00e8me europ\u00e9en de brevets (6,3% des demandes enregistr\u00e9es).<\/p>\n<p>La France est aussi \u00e0 la\u00a0<strong>quatri\u00e8me place mondiale pour son nombre de prix Nobel (62)<\/strong>, les plus r\u00e9cents \u00e9tant Jean-Pierre Sauvage (Chimie, 2016), Patrick Modiano (Litt\u00e9rature, 2014), Jean Tirole (\u00c9conomie, 2014), Serge Haroche (Physique, 2012) et Jules Hoffmann (M\u00e9decine,\u00a02011). Du c\u00f4t\u00e9 des math\u00e9matiques, la France se situe au deuxi\u00e8me rang mondial avec 13 m\u00e9dailles Fields, dont les Fran\u00e7ais Artur Avila (2014), Ngo Bao Chau &amp; C\u00e9dric Villani (2010).[\/vc_column_text][\/vc_column_inner][\/vc_row_inner][vc_row_inner][vc_column_inner][vc_raw_html]PGRpdiBzdHlsZT0iY2xlYXI6Ym90aDsiPjwvZGl2Pg==[\/vc_raw_html][\/vc_column_inner][\/vc_row_inner][vc_row_inner css=&#8221;.vc_custom_1556634018757{padding-top: -20px !important;background-color: #dee9f4 !important;}&#8221;][vc_column_inner][vc_column_text css=&#8221;.vc_custom_1556633682593{margin-right: 0px !important;margin-left: 0px !important;padding-top: 0px !important;padding-right: 120px !important;padding-bottom: 0px !important;padding-left: 15px !important;}&#8221; el_class=&#8221;max_width_600 right_block&#8221;]La recherche en France est r\u00e9alis\u00e9e dans les universit\u00e9s et les organismes de recherche tels que le CNRS, l\u2019INRA, l\u2019INSERM, etc.\u00a0<strong>Le Centre national de la recherche scientifique (CNRS) est la premi\u00e8re institution de recherche mondiale<\/strong>\u00a0en termes de nombre de publications scientifiques.<\/p>\n<p><strong>En compl\u00e9ment:\u00a0<\/strong><a href=\"http:\/\/ressources.campusfrance.org\/visuels_medias\/campusfrance\/promo\/fr\/recherche_innovation_fr.pdf\">les 10 raisons de choisir la France pour un projet de recherche<\/a><\/p>\n<p><strong>Vid\u00e9o:<\/strong>\u00a0<a href=\"https:\/\/www.youtube.com\/watch?v=_2o24DagTik\">la recherche en France<\/a><\/p>\n<h5><strong>Pour en savoir plus sur les types de financement pour les chercheurs:<\/strong><\/h5>\n<p><a href=\"https:\/\/www.ifturquie.org\/fr\/etudes-en-france\/bourses\/post-doctorat\/\">Jeunes chercheurs<\/a><br \/>\n<a href=\"https:\/\/www.ifturquie.org\/fr\/etudes-en-france\/bourses\/enseignants-et-chercheurs\/\">Chercheurs confirm\u00e9s<\/a>[\/vc_column_text][\/vc_column_inner][\/vc_row_inner][\/vc_column][vc_column width=&#8221;1\/2&#8243; css=&#8221;.vc_custom_1532016235245{margin-top: 0px !important;margin-right: 0px !important;margin-bottom: 0px !important;margin-left: 0px !important;padding-top: 0px !important;padding-right: 0px !important;padding-bottom: 0px !important;padding-left: 0px !important;background-color: #d8cdcb !important;}&#8221;][vc_single_image image=&#8221;2272&#8243; img_size=&#8221;full&#8221; css=&#8221;.vc_custom_1532076210307{margin-top: 0px !important;margin-right: 0px !important;margin-bottom: 0px !important;margin-left: 0px !important;padding-top: 0px !important;padding-right: 0px !important;padding-bottom: 0px !important;padding-left: 0px !important;}&#8221;][vc_row_inner css=&#8221;.vc_custom_1531906969267{margin-top: 0px !important;margin-right: 0px !important;margin-bottom: 0px !important;margin-left: 0px !important;padding-top: 0px !important;padding-right: 0px !important;padding-bottom: 0px !important;padding-left: 0px !important;}&#8221; el_class=&#8221;max_width_600&#8243;][vc_column_inner][vc_column_text css=&#8221;.vc_custom_1556634068429{padding-top: 30px !important;padding-right: 20px !important;padding-bottom: 35px !important;padding-left: 70px !important;}&#8221;]<\/p>\n<h4 class=\"vc_custom_heading vc_custom_1532076229551\">Mener et financer son Doctorat en France<\/h4>\n<p>En France, 67\u00a0000 \u00e9tudiants sont inscrits en Doctorat. Le Doctorat est largement ouvert \u00e0 l\u2019international puisque\u00a0<strong>42% des doctorants sont de nationalit\u00e9 \u00e9trang\u00e8re<\/strong>. Tous les \u00e9tudiants titulaires d\u2019un dipl\u00f4me de Master ou d\u2019un dipl\u00f4me \u00e9tranger \u00e9quivalent \u00e0 ce niveau peuvent \u00eatre candidat au Doctorat.<\/p>\n<p>La formation dure en principe 3 ans et au maximum 6 ans. La r\u00e9alisation du Doctorat s\u2019organise au sein d\u2019une \u00e9cole doctorale, elles sont au nombre de 270 en 2015. Ces \u00e9coles doctorales regroupent les laboratoires de recherche qui travaillent autour d\u2019une m\u00eame th\u00e9matique scientifique. Ce sont les \u00e9coles doctorales qui organisent la s\u00e9lection, l\u2019inscription, le suivi et la formation des doctorants.<\/p>\n<p>Si vous envisagez un doctorat, plusieurs types de financement sont possibles\u00a0:<\/p>\n<p>\u2013 Le contrat doctoral<br \/>\n\u2013 Les contrats li\u00e9s \u00e0 un projet de recherche<br \/>\n\u2013 Les Conventions Industrielles de Formation par la Recherche (CIFRE)<br \/>\n\u2013 Les bourses de th\u00e8se pour doctorant \u00e9trangers<br \/>\n\u2013 La cotutelle internationale de th\u00e8se<\/p>\n<h5><strong>Pour en savoir plus sur les types de financement pour le doctorat\u00a0:<\/strong><\/h5>\n<p>Campus Bourses\u00a0:<br \/>\n<a href=\"http:\/\/campusbourses.campusfrance.org\/fria\/bourse\/#\/catalog\">http:\/\/campusbourses.campusfrance.org\/fria\/bourse\/#\/catalog<\/a><\/p>\n<p>Campus France Turquie\u00a0:<br \/>\n<a href=\"http:\/\/www.turquie.campusfrance.org\/fr\">http:\/\/www.turquie.campusfrance.org\/fr<\/a><br \/>\n<a href=\"https:\/\/www.ifturquie.org\/fr\/etudes-en-france\/bourses\/doctorat\/\">Programme de bourses de l\u2019Ambassade<\/a><br \/>\n<a href=\"http:\/\/www.anrt.asso.fr\/fr\/cifre-7843\">CIFRE<\/a>[\/vc_column_text][\/vc_column_inner][\/vc_row_inner][vc_row_inner][vc_column_inner][vc_raw_html]PGRpdiBzdHlsZT0iY2xlYXI6Ym90aDsiPjwvZGl2Pg==[\/vc_raw_html][\/vc_column_inner][\/vc_row_inner][\/vc_column][\/vc_row][vc_row css=&#8221;.vc_custom_1614011683061{padding-top: 0px !important;}&#8221; el_class=&#8221;container_1110&#8243;][vc_column width=&#8221;1\/2&#8243;][vc_row_inner css=&#8221;.vc_custom_1531909257469{margin-top: 0px !important;margin-right: 0px !important;margin-bottom: 0px !important;margin-left: 0px !important;padding-top: 0px !important;padding-right: 0px !important;padding-bottom: 0px !important;padding-left: 0px !important;}&#8221; el_class=&#8221;max_width_600 right_block&#8221;][vc_column_inner][vc_column_text css=&#8221;.vc_custom_1681544670313{padding-top: 30px !important;padding-right: 20px !important;padding-bottom: 30px !important;padding-left: 70px !important;}&#8221;]<\/p>\n<h3>Programmes et partenariats de recherche<\/h3>\n<h4>Le Partenariat Hubert Curien Bosphore (PHC)<\/h4>\n<p>Le PHC \u00ab Bosphore \u00bb (anciennement PAI : programme d\u2019actions int\u00e9gr\u00e9es) a d\u00e9marr\u00e9 en 2004 en partenariat avec le T\u00dcB\u0130TAK. Il s\u2019agit d\u2019un programme de soutien aux projets de recherche men\u00e9s conjointement par des acteurs turcs et fran\u00e7ais dans des domaines prioritaires : Technologies de l\u2019information et de la communication, Biotechnologies et applications \u00e0 la sant\u00e9 et \u00e0 l\u2019agroalimentaire, Mat\u00e9riaux avanc\u00e9s, Sciences de l\u2019environnement, \u00c9tudes sismiques, Sciences sociales.<\/p>\n<p>L\u2019objectif de ce programme est de d\u00e9velopper des \u00e9changes scientifiques et technologiques d\u2019excellence entre les laboratoires et les \u00e9quipes de recherche des deux pays, en favorisant les nouvelles coop\u00e9rations et facilitant leur int\u00e9gration dans les programmes europ\u00e9ens de coop\u00e9ration.<\/p>\n<p>Depuis sa cr\u00e9ation, 80 projets ont \u00e9t\u00e9 s\u00e9lectionn\u00e9s dans le cadre de ce programme. La date limite pour la candidature : <strong>11 Juin 2020<\/strong><\/p>\n<p><a href=\"https:\/\/www.campusfrance.org\/fr\/bosphore\" target=\"_blank\" rel=\"noopener\">Annonce d\u00e9taill\u00e9e<\/a><\/p>\n<p><a href=\"https:\/\/www.tubitak.gov.tr\/tr\/duyuru\/tubitak-fransa-bosphorus-programi-2023-yili-ortak-proje-cagrisi-acildi\" target=\"_blank\" rel=\"noopener\">TUBITAK<\/a><\/p>\n<p>Vous \u00eates chercheurs fran\u00e7ais et souhaitez trouver un partenaire turc?\u00a0<a href=\"https:\/\/docs.google.com\/document\/d\/1HGrFWdeiV7bZN3yZqEWlE9Z2qkjz2MeT_WNW-3L7qek\/edit?usp=sharing\">Veuillez consulter la liste des projets en recherche de partenaires<\/a>[\/vc_column_text][\/vc_column_inner][\/vc_row_inner][vc_row_inner css=&#8221;.vc_custom_1531909257469{margin-top: 0px !important;margin-right: 0px !important;margin-bottom: 0px !important;margin-left: 0px !important;padding-top: 0px !important;padding-right: 0px !important;padding-bottom: 0px !important;padding-left: 0px !important;}&#8221; el_class=&#8221;max_width_600 right_block&#8221;][vc_column_inner][vc_column_text css=&#8221;.vc_custom_1556632870894{padding-top: 30px !important;padding-right: 20px !important;padding-bottom: 0px !important;padding-left: 70px !important;}&#8221;]<\/p>\n<h4 class=\"vc_custom_heading vc_custom_1532076748794\">Programmes multilat\u00e9raux<\/h4>\n<h5><strong>Le programme Horizon 2020<\/strong><\/h5>\n<p>Les engagements de l\u2019Union pour l\u2019Innovation reprennent les objectifs du Partenariat en les inscrivant dans la perspective g\u00e9n\u00e9rale de l\u2019Union europ\u00e9enne \u00e0\u00a0<strong>l\u2019horizon 2020.<\/strong>\u00a0Les \u00e9tablissements d\u2019enseignement sup\u00e9rieur et de recherche en France participent \u00e0 cette construction de l\u2019E.E.R., en accueillant des chercheurs \u00e9trangers et en encourageant les Fran\u00e7ais \u00e0 effectuer une mobilit\u00e9.<br \/>\n<a href=\"http:\/\/www.horizon2020.gouv.fr\/\">Pour en savoir plus<\/a>[\/vc_column_text][vc_column_text css=&#8221;.vc_custom_1557303502001{padding-top: 30px !important;padding-right: 20px !important;padding-bottom: 30px !important;padding-left: 70px !important;}&#8221;]<\/p>\n<h5><strong>Le programme Actions Marie Sklodowska-Curie<\/strong><\/h5>\n<p>Il rel\u00e8ve du programme Horizon 2020 (2014\/2020) qui permet le financement de la mobilit\u00e9 de chercheurs. Il est ouvert \u00e0 tous les domaines de la Recherche et de l\u2019Innovation pr\u00e9vus par le trait\u00e9, depuis la recherche fondamentale jusqu\u2019\u00e0 la commercialisation et il est propos\u00e9 aux chercheurs de tous \u00e2ges et niveaux de comp\u00e9tence, quelle que soit leur nationalit\u00e9.<br \/>\n<a href=\"http:\/\/www.horizon2020.gouv.fr\/cid140696\/appel-cofund-2019-cofinancement-de-programmes-regionaux-nationaux-et-internationaux.html\" target=\"_blank\" rel=\"noopener noreferrer\">Pour en savoir plus<\/a><\/p>\n<h5><strong>Le programme Euraxess<\/strong><\/h5>\n<p>Il s\u2019agit d\u2019une initiative de la Commission europ\u00e9enne destin\u00e9e \u00e0 faciliter la mobilit\u00e9 des chercheurs en Europe et \u00e0 garantir l\u2019attractivit\u00e9 de l\u2019espace europ\u00e9en de l\u2019enseignement sup\u00e9rieur et de la Recherche. Euraxess se d\u00e9cline en 4 actions, notamment un outil de recrutement gratuit, de l\u2019aide pour les chercheurs \u00e0 organiser leur s\u00e9jour en Europe, un acc\u00e8s \u00e0 la charte europ\u00e9enne du chercheur ainsi que des liens pour les chercheurs europ\u00e9ens travaillant \u00e0 l\u2019\u00e9tranger.<br \/>\n<a href=\"https:\/\/euraxess.ec.europa.eu\/\" target=\"_blank\" rel=\"noopener noreferrer\">Pour en savoir plus<\/a>[\/vc_column_text][\/vc_column_inner][\/vc_row_inner][vc_row_inner][vc_column_inner][vc_raw_html]PGRpdiBzdHlsZT0iY2xlYXI6Ym90aDsiPjwvZGl2Pg==[\/vc_raw_html][\/vc_column_inner][\/vc_row_inner][\/vc_column][vc_column width=&#8221;1\/2&#8243; css=&#8221;.vc_custom_1556631902218{margin-top: 0px !important;margin-right: 0px !important;margin-bottom: 0px !important;margin-left: 0px !important;padding-top: 0px !important;padding-right: 0px !important;padding-bottom: 0px !important;padding-left: 0px !important;background-color: #d8cdcb !important;}&#8221;][vc_single_image image=&#8221;2286&#8243; img_size=&#8221;full&#8221; css=&#8221;.vc_custom_1532078405101{margin-top: 0px !important;margin-right: 0px !important;margin-bottom: 0px !important;margin-left: 0px !important;padding-top: 0px !important;padding-right: 0px !important;padding-bottom: 0px !important;padding-left: 0px !important;}&#8221;][vc_row_inner css=&#8221;.vc_custom_1531906969267{margin-top: 0px !important;margin-right: 0px !important;margin-bottom: 0px !important;margin-left: 0px !important;padding-top: 0px !important;padding-right: 0px !important;padding-bottom: 0px !important;padding-left: 0px !important;}&#8221; el_class=&#8221;max_width_600&#8243;][vc_column_inner][vc_column_text css=&#8221;.vc_custom_1556632686146{padding-top: 30px !important;padding-right: 20px !important;padding-bottom: 0px !important;padding-left: 70px !important;}&#8221;]<\/p>\n<h4 class=\"vc_custom_heading vc_custom_1532076694940\">Partenariat du CNRS en Turquie<\/h4>\n<p>Le CNRS collabore avec des chercheurs turcs dans le cadre de plusieurs projets structurants. Chacun se situe \u00e0 diff\u00e9rents niveaux de maturit\u00e9 en termes de coop\u00e9ration scientifique, le LIA \u00e9tant le projet actuellement le plus avanc\u00e9 en Turquie.<\/p>\n<p>\u2013 Un Laboratoire International Associ\u00e9 (LIA)\u00a0:\u00a0<strong>\u00ab\u00a0<\/strong><strong>The reception of Arabic language philosophy in the Ottoman world \u00bb\u00a0<\/strong>\u00a0(PhaO) (2015-2018. Institut CNRS: INSHS \/ Partenaires : France: IFEA \u2013 USR3131, Centre Jean P\u00e9pin UMR8230 CNRS\/ENS Paris, Paris-Sorbonne, Ecole Pratique des Hautes Etudes ; Turquie : Yildiz Technical University.<\/p>\n<p>\u2013 Un Groupement de Recherche International (GDRI)\u00a0:<strong>\u00a0<\/strong><strong>\u00ab Marge et villes : entre exclusion et int\u00e9gration. Cas m\u00e9diterran\u00e9ens (MARGMED) \u00bb<\/strong><strong>\u00a0<\/strong>(2013-2016)\u00a0 Institut CNRS : INSHS \/ Partenaires : CNRS (l\u2019IFEA \u2013 USR 3131, le CEDEJ UMIFRE\/USR 3123), Universit\u00e9 de Tours, Universit\u00e9 d\u2019Alger, Universit\u00e9 d\u2019Oran, CNRST marocain, Universit\u00e9 de Grenade, Universit\u00e9 de Cagliari.<\/p>\n<p><strong>\u2013<\/strong><strong>\u00a0<\/strong>Un Projet International\u00a0 de Coop\u00e9ration Scientifique (PICS<strong>) : \u00ab Premiers Hommes de Turquie. Cadre g\u00e9ochronologique et pal\u00e9oenvironnemental. \u00c9volution morphologique et culturelle \u00bb<\/strong><strong>\u00a0<\/strong>\u2013 INEE (2016-2018) \u2013 avec l\u2019Universit\u00e9 de Pamukkale.<\/p>\n<p><strong>\u2013 Neuf conventions d\u2019\u00e9change<\/strong><strong>\u00a0<\/strong>sur la p\u00e9riode 2015-2016.<\/p>\n<p>La Turquie et le 33<sup>\u00e8me\u00a0<\/sup>partenaire du CNRS sur la p\u00e9riode 2013-2014 en termes de co-publication. Parall\u00e8lement, la France est le 5<sup>\u00e8me<\/sup>\u00a0partenaire de la Turquie derri\u00e8re les \u00c9tats-Unis, l\u2019Allemagne, le Royaume Uni et l\u2019Italie.[\/vc_column_text][vc_single_image image=&#8221;8950&#8243; img_size=&#8221;200&#215;200&#8243; alignment=&#8221;center&#8221; css=&#8221;.vc_custom_1556632633472{margin-top: 0px !important;margin-right: 0px !important;margin-bottom: 0px !important;margin-left: 0px !important;padding-top: 0px !important;padding-right: 0px !important;padding-bottom: 0px !important;padding-left: 0px !important;}&#8221;][\/vc_column_inner][\/vc_row_inner][vc_row_inner][vc_column_inner][vc_raw_html]PGRpdiBzdHlsZT0iY2xlYXI6Ym90aDsiPjwvZGl2Pg==[\/vc_raw_html][\/vc_column_inner][\/vc_row_inner][\/vc_column][\/vc_row][\/vc_section]<\/p>\n<\/div>","protected":false},"excerpt":{"rendered":"<p>[vc_section css=&#8221;.vc_custom_1531905726581{margin: 0px !important;padding: 0px !important;}&#8221;][vc_row el_class=&#8221;container_1110&#8243;][vc_column width=&#8221;1\/2&#8243;][vc_row_inner css=&#8221;.vc_custom_1531909257469{margin-top: 0px !important;margin-right: 0px !important;margin-bottom: 0px !important;margin-left: 0px !important;padding-top: 0px !important;padding-right: 0px !important;padding-bottom: 0px !important;padding-left: 0px !important;}&#8221; el_class=&#8221;max_width_600 right_block&#8221;][vc_column_inner][vc_column_text css=&#8221;.vc_custom_1556634041550{margin-right: 0px !important;margin-left: 0px !important;padding-right: 120px !important;padding-bottom: -30px !important;padding-left: 0px !important;}&#8221;] Pourquoi choisir la France? La recherche scientifique en France : une priorit\u00e9 La France consacre 2,24% de [&hellip;]<\/p>\n","protected":false},"author":2,"featured_media":0,"parent":3727,"menu_order":0,"comment_status":"closed","ping_status":"closed","template":"new-page-template.php","meta":{"_acf_changed":false,"h5ap_radio_sources":[],"footnotes":""},"class_list":["post-8959","page","type-page","status-publish","hentry"],"acf":[],"_links":{"self":[{"href":"https:\/\/www.ifturquie.org\/fr\/wp-json\/wp\/v2\/pages\/8959","targetHints":{"allow":["GET"]}}],"collection":[{"href":"https:\/\/www.ifturquie.org\/fr\/wp-json\/wp\/v2\/pages"}],"about":[{"href":"https:\/\/www.ifturquie.org\/fr\/wp-json\/wp\/v2\/types\/page"}],"author":[{"embeddable":true,"href":"https:\/\/www.ifturquie.org\/fr\/wp-json\/wp\/v2\/users\/2"}],"replies":[{"embeddable":true,"href":"https:\/\/www.ifturquie.org\/fr\/wp-json\/wp\/v2\/comments?post=8959"}],"version-history":[{"count":22,"href":"https:\/\/www.ifturquie.org\/fr\/wp-json\/wp\/v2\/pages\/8959\/revisions"}],"predecessor-version":[{"id":27591,"href":"https:\/\/www.ifturquie.org\/fr\/wp-json\/wp\/v2\/pages\/8959\/revisions\/27591"}],"up":[{"embeddable":true,"href":"https:\/\/www.ifturquie.org\/fr\/wp-json\/wp\/v2\/pages\/3727"}],"wp:attachment":[{"href":"https:\/\/www.ifturquie.org\/fr\/wp-json\/wp\/v2\/media?parent=8959"}],"curies":[{"name":"wp","href":"https:\/\/api.w.org\/{rel}","templated":true}]}}