{"id":5055,"date":"2018-10-05T14:21:29","date_gmt":"2018-10-05T11:21:29","guid":{"rendered":"http:\/\/www.ifturquie.org\/ankara\/qui-sommes-nous\/"},"modified":"2021-03-10T16:46:53","modified_gmt":"2021-03-10T13:46:53","slug":"qui-sommes-nous","status":"publish","type":"page","link":"https:\/\/www.ifturquie.org\/fr\/ankara\/qui-sommes-nous\/","title":{"rendered":"Qui sommes-nous ?"},"content":{"rendered":"<div class=\"wpb-content-wrapper\"><p>[vc_section css=&#8221;.vc_custom_1615384004358{margin-top: 0px !important;margin-bottom: 0px !important;padding-top: 0px !important;padding-right: 0px !important;padding-bottom: 0px !important;padding-left: 0px !important;}&#8221; el_class=&#8221;container_1110&#8243;][vc_row][vc_column width=&#8221;1\/2&#8243;][vc_row_inner css=&#8221;.vc_custom_1531909257469{margin-top: 0px !important;margin-right: 0px !important;margin-bottom: 0px !important;margin-left: 0px !important;padding-top: 0px !important;padding-right: 0px !important;padding-bottom: 0px !important;padding-left: 0px !important;}&#8221; el_class=&#8221;max_width_600 right_block&#8221;][vc_column_inner css=&#8221;.vc_custom_1536581573872{margin-top: 45px !important;}&#8221;][vc_column_text css=&#8221;.vc_custom_1531906439762{margin-right: 0px !important;margin-left: 0px !important;padding-right: 120px !important;padding-left: 0px !important;}&#8221;]Que vous souhaitiez apprendre le fran\u00e7ais, vous familiariser avec l\u2019offre culturelle et la diversit\u00e9 de la cr\u00e9ation fran\u00e7aise, conna\u00eetre la vitalit\u00e9 de la Recherche et de l\u2019Innovation en France, ou suivre vos \u00e9tudes dans les universit\u00e9s fran\u00e7aises, l\u2019\u00e9quipe de l\u2019Institut fran\u00e7ais de Turquie est \u00e0 votre \u00e9coute, pr\u00e9sente en Turquie depuis plus de 80 ans et qui fait partie d\u2019un r\u00e9seau de pr\u00e8s de 200 \u00e9tablissements culturels fran\u00e7ais dans le monde.<\/p>\n<p>En lien \u00e9troit avec l\u2019Ambassade de France en Turquie et l\u2019Institut fran\u00e7ais \u00e0 Paris, l\u2019Institut fran\u00e7ais de Turquie est pr\u00e9sent dans trois villes : Ankara, Istanbul et Izmir. Ces trois sites au service du rayonnement de la culture et de l\u2019esprit fran\u00e7ais en Turquie, \u0153uvrent \u00e0 l\u2019enrichissement des relations franco-turques comme en t\u00e9moigne la diversit\u00e9 de la programmation culturelle et des services propos\u00e9s dans ces trois villes avec les principaux acteurs culturels et universitaires turcs.<\/p>\n<p>Les bureaux de Campus France, install\u00e9s dans les locaux de l\u2019Institut fran\u00e7ais de Turquie, sont aussi \u00e0 votre disposition pour r\u00e9ussir vos \u00e9tudes sup\u00e9rieures en France.[\/vc_column_text][vc_single_image image=&#8221;8798&#8243; img_size=&#8221;full&#8221; css=&#8221;.vc_custom_1556116617037{margin-bottom: -150px !important;padding-bottom: 0px !important;}&#8221;][\/vc_column_inner][\/vc_row_inner][vc_row_inner][vc_column_inner][vc_raw_html]PGRpdiBzdHlsZT0iY2xlYXI6Ym90aDsiPjwvZGl2Pg==[\/vc_raw_html][\/vc_column_inner][\/vc_row_inner][vc_row_inner css=&#8221;.vc_custom_1531909392132{background-color: #dee9f4 !important;}&#8221;][vc_column_inner][vc_column_text css=&#8221;.vc_custom_1550568124804{margin-right: 0px !important;margin-left: 0px !important;padding-top: 120px !important;padding-right: 120px !important;padding-bottom: 60px !important;padding-left: 15px !important;}&#8221; el_class=&#8221;max_width_600 right_block mobile-design-text&#8221;]L\u2019Institut fran\u00e7ais de Turquie est \u00e9galement int\u00e9gr\u00e9 dans un r\u00e9seau de partenaires locaux : les lyc\u00e9es fran\u00e7ais AEFE, les \u00e9coles bilingues lab\u00e9lis\u00e9es \u00ab Franc\u00c9ducation \u00bb, l\u2019Institut fran\u00e7ais d\u2019\u00c9tudes anatoliennes (IFEA), les partenaires des secteurs culturels, \u00e9ducatifs et universitaires turcs, ou encore les deux Alliances fran\u00e7aises d\u2019Adana et de Bursa lui permettent d\u2019\u00eatre pr\u00e9sent au-del\u00e0 de ses trois villes d\u2019implantation.<\/p>\n<p>Les missions de l\u2019Institut de Turquie couvrent un champ tr\u00e8s vaste : enseignement et rayonnement de la langue fran\u00e7aise, coop\u00e9ration \u00e9ducative et universitaire, information et documentation sur la France \u00e0 travers ses m\u00e9diath\u00e8ques, coop\u00e9ration et diffusion culturelle et artistique int\u00e9grant toutes les disciplines : Musique, arts plastiques et visuels, cin\u00e9ma, th\u00e9\u00e2tre, danse, performance, culture scientifique et technique, litt\u00e9rature ou encore d\u00e9bats d\u2019id\u00e9es. Par ailleurs, l\u2019Institut fran\u00e7ais de Turquie propose des cours de fran\u00e7ais en ligne et aussi une biblioth\u00e8que num\u00e9rique \u00ab Cultureth\u00e8que \u00bb. Il est ainsi en constant renouvellement afin de pr\u00e9parer l\u2019avenir et r\u00e9pondre aux enjeux des nouvelles pratiques et de nouveaux publics.[\/vc_column_text][\/vc_column_inner][\/vc_row_inner][\/vc_column][vc_column width=&#8221;1\/2&#8243; css=&#8221;.vc_custom_1531906725840{margin: 0px !important;padding: 0px !important;background-color: #c693c2 !important;}&#8221;][vc_single_image image=&#8221;2247&#8243; img_size=&#8221;full&#8221; alignment=&#8221;center&#8221; css=&#8221;.vc_custom_1538377791562{margin-top: 0px !important;margin-right: 0px !important;margin-bottom: 0px !important;margin-left: 0px !important;padding-top: 0px !important;padding-right: 0px !important;padding-bottom: 0px !important;padding-left: 0px !important;}&#8221;][vc_row_inner css=&#8221;.vc_custom_1531906969267{margin-top: 0px !important;margin-right: 0px !important;margin-bottom: 0px !important;margin-left: 0px !important;padding-top: 0px !important;padding-right: 0px !important;padding-bottom: 0px !important;padding-left: 0px !important;}&#8221; el_class=&#8221;max_width_600&#8243;][vc_column_inner][vc_column_text css=&#8221;.vc_custom_1531912151643{padding-top: 70px !important;padding-right: 20px !important;padding-bottom: 30px !important;padding-left: 70px !important;}&#8221;]<span style=\"color: #ffffff;\">Gr\u00e2ce \u00e0 ses partenaires, l\u2019Institut fran\u00e7ais de Turquie contribue \u00e0 la vitalit\u00e9 de la francophonie en Turquie. En 2018, nous f\u00eaterons les 150 ans du Lyc\u00e9e et les 25 ans de l\u2019Universit\u00e9 de Galatasaray, ce qui prouve encore une fois la profondeur et la richesse des relations culturelles franco-turques.<\/span>[\/vc_column_text][\/vc_column_inner][\/vc_row_inner][vc_row_inner][vc_column_inner][vc_raw_html]PGRpdiBzdHlsZT0iY2xlYXI6Ym90aDsiPjwvZGl2Pg==[\/vc_raw_html][\/vc_column_inner][\/vc_row_inner][vc_row_inner css=&#8221;.vc_custom_1531911741932{margin: 0px !important;padding: 0px !important;background-color: #ffffff !important;}&#8221;][vc_column_inner][vc_single_image image=&#8221;2257&#8243; img_size=&#8221;medium&#8221; css=&#8221;.vc_custom_1551084841642{margin-top: 0px !important;margin-right: 0px !important;margin-bottom: 0px !important;margin-left: 0px !important;padding-top: 0px !important;padding-right: 0px !important;padding-bottom: 0px !important;padding-left: 0px !important;}&#8221;][\/vc_column_inner][\/vc_row_inner][\/vc_column][\/vc_row][\/vc_section]<\/p>\n<\/div>","protected":false},"excerpt":{"rendered":"<p>[vc_section css=&#8221;.vc_custom_1615384004358{margin-top: 0px !important;margin-bottom: 0px !important;padding-top: 0px !important;padding-right: 0px !important;padding-bottom: 0px !important;padding-left: 0px !important;}&#8221; el_class=&#8221;container_1110&#8243;][vc_row][vc_column width=&#8221;1\/2&#8243;][vc_row_inner css=&#8221;.vc_custom_1531909257469{margin-top: 0px !important;margin-right: 0px !important;margin-bottom: 0px !important;margin-left: 0px !important;padding-top: 0px !important;padding-right: 0px !important;padding-bottom: 0px !important;padding-left: 0px !important;}&#8221; el_class=&#8221;max_width_600 right_block&#8221;][vc_column_inner css=&#8221;.vc_custom_1536581573872{margin-top: 45px !important;}&#8221;][vc_column_text css=&#8221;.vc_custom_1531906439762{margin-right: 0px !important;margin-left: 0px !important;padding-right: 120px !important;padding-left: 0px !important;}&#8221;]Que vous souhaitiez apprendre le fran\u00e7ais, vous familiariser avec [&hellip;]<\/p>\n","protected":false},"author":2,"featured_media":7733,"parent":3227,"menu_order":0,"comment_status":"closed","ping_status":"closed","template":"new-page-template.php","meta":{"_acf_changed":false,"h5ap_radio_sources":[],"footnotes":""},"class_list":["post-5055","page","type-page","status-publish","has-post-thumbnail","hentry"],"acf":[],"_links":{"self":[{"href":"https:\/\/www.ifturquie.org\/fr\/wp-json\/wp\/v2\/pages\/5055","targetHints":{"allow":["GET"]}}],"collection":[{"href":"https:\/\/www.ifturquie.org\/fr\/wp-json\/wp\/v2\/pages"}],"about":[{"href":"https:\/\/www.ifturquie.org\/fr\/wp-json\/wp\/v2\/types\/page"}],"author":[{"embeddable":true,"href":"https:\/\/www.ifturquie.org\/fr\/wp-json\/wp\/v2\/users\/2"}],"replies":[{"embeddable":true,"href":"https:\/\/www.ifturquie.org\/fr\/wp-json\/wp\/v2\/comments?post=5055"}],"version-history":[{"count":5,"href":"https:\/\/www.ifturquie.org\/fr\/wp-json\/wp\/v2\/pages\/5055\/revisions"}],"predecessor-version":[{"id":16974,"href":"https:\/\/www.ifturquie.org\/fr\/wp-json\/wp\/v2\/pages\/5055\/revisions\/16974"}],"up":[{"embeddable":true,"href":"https:\/\/www.ifturquie.org\/fr\/wp-json\/wp\/v2\/pages\/3227"}],"wp:featuredmedia":[{"embeddable":true,"href":"https:\/\/www.ifturquie.org\/fr\/wp-json\/wp\/v2\/media\/7733"}],"wp:attachment":[{"href":"https:\/\/www.ifturquie.org\/fr\/wp-json\/wp\/v2\/media?parent=5055"}],"curies":[{"name":"wp","href":"https:\/\/api.w.org\/{rel}","templated":true}]}}