{"id":3900,"date":"2018-09-24T17:34:31","date_gmt":"2018-09-24T14:34:31","guid":{"rendered":"http:\/\/www.ifturquie.org\/izmir\/examens-et-diplomes\/delf-dalf\/"},"modified":"2026-04-06T13:07:20","modified_gmt":"2026-04-06T10:07:20","slug":"delf-dalf","status":"publish","type":"page","link":"https:\/\/www.ifturquie.org\/fr\/izmir\/examens-et-diplomes\/delf-dalf\/","title":{"rendered":"DELF-DALF"},"content":{"rendered":"<div class=\"wpb-content-wrapper\"><p>[vc_section css=&#8221;.vc_custom_1615383605744{margin-top: 0px !important;margin-bottom: 0px !important;padding-top: 0px !important;padding-right: 0px !important;padding-bottom: 0px !important;padding-left: 0px !important;}&#8221; el_class=&#8221;container_1110&#8243;][vc_row content_placement=&#8221;bottom&#8221; css=&#8221;.vc_custom_1732527382030{margin-top: 0px !important;margin-right: 0px !important;margin-bottom: 0px !important;margin-left: 0px !important;padding-top: 0px !important;padding-right: 0px !important;padding-bottom: 0px !important;padding-left: 0px !important;background-color: #3558A2 !important;}&#8221;][vc_column width=&#8221;1\/2&#8243; css=&#8221;.vc_custom_1732527323286{margin-top: 0px !important;margin-right: 0px !important;margin-bottom: 0px !important;margin-left: 0px !important;padding-top: 0px !important;padding-right: 0px !important;padding-bottom: 0px !important;padding-left: 0px !important;}&#8221;][vc_column_text css=&#8221;.vc_custom_1763990825204{margin-bottom: 76px !important;}&#8221; el_class=&#8221;kurs_top_text&#8221;]<span style=\"color: #ffffff;\">Les certifications internationales DELF-DALF, dipl\u00f4mes officiels d\u00e9livr\u00e9s par le minist\u00e8re fran\u00e7ais de l\u2019\u00c9ducation nationale, sont reconnues partout dans le monde et en Turquie (administrations et banques turques, Turkish Airlines, soci\u00e9t\u00e9s franco-turques\u2026). Les dipl\u00f4mes du DELF-DALF certifient les 6 niveaux de ma\u00eetrise de la langue d\u00e9finis par le Cadre Europ\u00e9en de R\u00e9f\u00e9rence pour les Langues. Les certifications sont valables toute la vie.<\/span><\/p>\n<p><span style=\"color: #ffffff;\"><a style=\"color: #ffffff;\" href=\"https:\/\/inscrire.hanaf.net\/delfdalf\/izmir.php\">Formulaire d&#8217;Inscription pour Izmir<\/a><\/span>[\/vc_column_text][\/vc_column][vc_column width=&#8221;1\/2&#8243; css=&#8221;.vc_custom_1536655721450{margin: 0px !important;padding: 0px !important;}&#8221;][vc_single_image image=&#8221;33656&#8243; img_size=&#8221;medium&#8221; alignment=&#8221;center&#8221; css=&#8221;.vc_custom_1732526884414{margin-top: 0px !important;margin-right: 0px !important;margin-bottom: 0px !important;margin-left: 0px !important;padding-top: 0px !important;padding-right: 0px !important;padding-bottom: 0px !important;padding-left: 0px !important;}&#8221;][\/vc_column][\/vc_row][\/vc_section][vc_section css=&#8221;.vc_custom_1536659492374{margin: 0px !important;padding: 0px !important;}&#8221;][vc_row el_class=&#8221;container_1110&#8243; css=&#8221;.vc_custom_1536659473655{margin-top: 50px !important;}&#8221;][vc_column width=&#8221;1\/2&#8243;][vc_column_text css=&#8221;&#8221;]<strong>R\u00e9sultats des examens DELF\/DALF 2026<\/strong><\/p>\n<p><a href=\"https:\/\/www.ifturquie.org\/wp-content\/uploads\/2026\/04\/DELF-DALF-MART-2026.pdf\">DELF\/DALF MART Yeti\u015fkin 2026<\/a><\/p>\n<p><a href=\"https:\/\/www.ifturquie.org\/wp-content\/uploads\/2026\/03\/Delf-Prim-2026.pdf\">DELF PRIM Mart 2026<\/a><\/p>\n<p><a href=\"https:\/\/www.ifturquie.org\/wp-content\/uploads\/2026\/02\/DELF-JUNIOR-FEVRIER-2026.jpg\">2026 f\u00e9vrier DELF\/DALF Junior<\/a><\/p>\n<p><a href=\"https:\/\/www.ifturquie.org\/wp-content\/uploads\/2026\/02\/DELF-DALF-TOUT-PUBLIC-FEVRIER-2026.jpg\">2026 f\u00e9vrier DELF\/DALF Tout Public<\/a><\/p>\n<p><a href=\"https:\/\/www.ifturquie.org\/wp-content\/uploads\/2025\/11\/Ekim-2025-Sonuclari.pdf\"><strong>R\u00e9sultats octobre 2025<\/strong><\/a><\/p>\n<p><a href=\"https:\/\/www.ifturquie.org\/wp-content\/uploads\/2025\/11\/RESULTATS-DELF-JUNIOR-NOVEMBRE-2025-1.pdf\"><strong>R\u00e9sultats novembre 2025<\/strong><\/a><\/p>\n<p>Elles sont notamment obligatoires pour\u00a0:<\/p>\n<ul>\n<li>les inscriptions aux universit\u00e9s fran\u00e7aises et francophones<\/li>\n<li>les bourses d\u2019\u00e9tudes universitaires<\/li>\n<\/ul>\n<p>[\/vc_column_text][vc_single_image image=&#8221;2564&#8243; img_size=&#8221;full&#8221;][vc_column_text css=&#8221;&#8221;]<span style=\"color: #3558a2;\"><a style=\"color: #3558a2;\" href=\"http:\/\/www.delfdalf.jp\/diplome.htm\"><strong>DIPLOMES<\/strong><\/a><strong>\u00a0<\/strong><\/span><\/p>\n<p>Environ trois mois apr\u00e8s la publication des r\u00e9sultats, les candidats ayant r\u00e9ussi l&#8217;examen peuvent venir r\u00e9cup\u00e9rer leur dipl\u00f4me en pr\u00e9sentant une pi\u00e8ce d\u2019identit\u00e9 au Secr\u00e9tariat des examens DELF-DALF de l\u2019Institut fran\u00e7ais d&#8217;Izmir.<\/p>\n<p>Si le candidat ne peut pas venir r\u00e9cup\u00e9rer son dipl\u00f4me personnellement, il peut autoriser une autre personne \u00e0 venir le r\u00e9cup\u00e9rer en son nom. Dans ce cas, il faudra informer par mail le Secr\u00e9tariat des examens DELF-DALF de l\u2019Institut fran\u00e7ais d&#8217;Izmir.<\/p>\n<p><strong>SECRETARIAT DES EXAMENS DELF \u2013 DALF\u00a0<\/strong><\/p>\n<p>(+90) 232 466 00 13 \/ 14<br \/>\n<a href=\"mailto:sinavlar.izmir@ifturquie.org\">sinavlar.izmir@ifturquie.org<\/a><em>\u00a0<\/em>[\/vc_column_text][\/vc_column][vc_column width=&#8221;1\/2&#8243;][vc_custom_heading text=&#8221;&#8221; font_container=&#8221;tag:h1|font_size:16|text_align:left|color:%233558A2&#8243; use_theme_fonts=&#8221;yes&#8221; css=&#8221;&#8221;][vc_column_text css=&#8221;&#8221;]<a href=\"https:\/\/www.ifturquie.org\/wp-content\/uploads\/2025\/11\/DELFDALF-takvim2026.pdf\" target=\"_blank\" rel=\"noopener\"><img loading=\"lazy\" decoding=\"async\" class=\"alignnone size-full wp-image-37831\" src=\"https:\/\/www.ifturquie.org\/wp-content\/uploads\/2025\/11\/Ekran-Resmi-2025-11-17-13.00.18.png\" alt=\"\" width=\"242\" height=\"452\" \/><\/a><\/p>\n<p><strong>INSTITUT FRAN\u00c7AIS D\u2019IZMIR<\/strong><br \/>\nT\u00e9l : +90 232 466 00 13<br \/>\nCourriel :\u00a0<a href=\"mailto:sinavlar.izmir@ifturquie.org\" target=\"_blank\" rel=\"noopener noreferrer\">sinavlar.izmir@ifturquie.org<\/a><br \/>\nAdresse : Cumhuriyet Blv. No: 152 Alsancak \u2013 \u0130zmir<\/p>\n<p><strong>Horaires d\u2019accueil :<\/strong><\/p>\n<p>Du lundi au vendredi : 10h00 \u2013 13h00 \/ 14h00 \u2013 19h00<br \/>\nSamedi : 09h00 \u2013 12h00 \/ 14h00 \u2013 17h00<\/p>\n<p>Ferm\u00e9 dimanche.[\/vc_column_text][\/vc_column][\/vc_row][\/vc_section]<\/p>\n<\/div>","protected":false},"excerpt":{"rendered":"<p>[vc_section css=&#8221;.vc_custom_1615383605744{margin-top: 0px !important;margin-bottom: 0px !important;padding-top: 0px !important;padding-right: 0px !important;padding-bottom: 0px !important;padding-left: 0px !important;}&#8221; el_class=&#8221;container_1110&#8243;][vc_row content_placement=&#8221;bottom&#8221; css=&#8221;.vc_custom_1732527382030{margin-top: 0px !important;margin-right: 0px !important;margin-bottom: 0px !important;margin-left: 0px !important;padding-top: 0px !important;padding-right: 0px !important;padding-bottom: 0px !important;padding-left: 0px !important;background-color: #3558A2 !important;}&#8221;][vc_column width=&#8221;1\/2&#8243; css=&#8221;.vc_custom_1732527323286{margin-top: 0px !important;margin-right: 0px !important;margin-bottom: 0px !important;margin-left: 0px !important;padding-top: 0px !important;padding-right: 0px !important;padding-bottom: 0px !important;padding-left: 0px !important;}&#8221;][vc_column_text css=&#8221;.vc_custom_1763990825204{margin-bottom: 76px [&hellip;]<\/p>\n","protected":false},"author":2,"featured_media":0,"parent":3848,"menu_order":0,"comment_status":"closed","ping_status":"closed","template":"new-page-template.php","meta":{"_acf_changed":false,"h5ap_radio_sources":[],"footnotes":""},"class_list":["post-3900","page","type-page","status-publish","hentry"],"acf":[],"_links":{"self":[{"href":"https:\/\/www.ifturquie.org\/fr\/wp-json\/wp\/v2\/pages\/3900","targetHints":{"allow":["GET"]}}],"collection":[{"href":"https:\/\/www.ifturquie.org\/fr\/wp-json\/wp\/v2\/pages"}],"about":[{"href":"https:\/\/www.ifturquie.org\/fr\/wp-json\/wp\/v2\/types\/page"}],"author":[{"embeddable":true,"href":"https:\/\/www.ifturquie.org\/fr\/wp-json\/wp\/v2\/users\/2"}],"replies":[{"embeddable":true,"href":"https:\/\/www.ifturquie.org\/fr\/wp-json\/wp\/v2\/comments?post=3900"}],"version-history":[{"count":89,"href":"https:\/\/www.ifturquie.org\/fr\/wp-json\/wp\/v2\/pages\/3900\/revisions"}],"predecessor-version":[{"id":39486,"href":"https:\/\/www.ifturquie.org\/fr\/wp-json\/wp\/v2\/pages\/3900\/revisions\/39486"}],"up":[{"embeddable":true,"href":"https:\/\/www.ifturquie.org\/fr\/wp-json\/wp\/v2\/pages\/3848"}],"wp:attachment":[{"href":"https:\/\/www.ifturquie.org\/fr\/wp-json\/wp\/v2\/media?parent=3900"}],"curies":[{"name":"wp","href":"https:\/\/api.w.org\/{rel}","templated":true}]}}