{"id":3820,"date":"2018-09-21T17:56:39","date_gmt":"2018-09-21T14:56:39","guid":{"rendered":"http:\/\/www.ifturquie.org\/izmir\/kurslar\/comment-sinscrire\/"},"modified":"2026-01-27T17:41:10","modified_gmt":"2026-01-27T14:41:10","slug":"comment-sinscrire","status":"publish","type":"page","link":"https:\/\/www.ifturquie.org\/fr\/izmir\/cours\/comment-sinscrire\/","title":{"rendered":"Comment s\u2019inscrire?"},"content":{"rendered":"<div class=\"wpb-content-wrapper\"><p>[vc_section css=&#8221;.vc_custom_1536656203615{margin: 0px !important;padding: 0px !important;}&#8221;][vc_row content_placement=&#8221;middle&#8221; css=&#8221;.vc_custom_1551193610130{margin-top: 0px !important;margin-right: 0px !important;margin-bottom: 0px !important;margin-left: 0px !important;padding-top: 0px !important;padding-right: 0px !important;padding-bottom: 0px !important;padding-left: 0px !important;background-color: #1b88c8 !important;}&#8221;][vc_column width=&#8221;1\/2&#8243; css=&#8221;.vc_custom_1536655742525{margin-top: 0px !important;margin-right: 0px !important;margin-bottom: 0px !important;margin-left: 0px !important;padding-top: 0px !important;padding-right: 0px !important;padding-bottom: 0px !important;padding-left: 0px !important;background-color: #1b88c8 !important;}&#8221;][vc_custom_heading source=&#8221;post_title&#8221; font_container=&#8221;tag:h2|font_size:24|text_align:left|color:%23ffffff&#8221; google_fonts=&#8221;font_family:Montserrat%3Aregular%2C700|font_style:700%20bold%20regular%3A700%3Anormal&#8221; link=&#8221;|||&#8221; el_class=&#8221;kurs_top_title&#8221;][vc_column_text css=&#8221;.vc_custom_1537541438638{margin-bottom: 76px !important;}&#8221; el_class=&#8221;kurs_top_text&#8221;]<span style=\"color: #ffffff;\">Les inscriptions s\u2019effectuent aupr\u00e8s du secr\u00e9tariat des cours de l\u2019Institut fran\u00e7ais par courriel, par t\u00e9l\u00e9phone ou en nous rendant visite.<\/span>[\/vc_column_text][\/vc_column][vc_column width=&#8221;1\/2&#8243; css=&#8221;.vc_custom_1536655721450{margin: 0px !important;padding: 0px !important;}&#8221;][vc_single_image image=&#8221;2777&#8243; img_size=&#8221;951&#215;346&#8243; alignment=&#8221;right&#8221; css=&#8221;.vc_custom_1551193594789{margin-top: 0px !important;margin-right: 0px !important;margin-bottom: 0px !important;margin-left: 0px !important;padding-top: 0px !important;padding-right: 0px !important;padding-bottom: 0px !important;padding-left: 0px !important;}&#8221;][\/vc_column][\/vc_row][\/vc_section][vc_section css=&#8221;.vc_custom_1536659492374{margin: 0px !important;padding: 0px !important;}&#8221;][vc_row el_class=&#8221;container_1110&#8243; css=&#8221;.vc_custom_1536659473655{margin-top: 50px !important;}&#8221;][vc_column width=&#8221;1\/2&#8243;][vc_single_image image=&#8221;2381&#8243; img_size=&#8221;full&#8221;][vc_column_text]<strong>Renseignements et conseils<\/strong><\/p>\n<p>Le personnel du secr\u00e9tariat des cours est \u00e0 votre enti\u00e8re disposition pour toute information concernant nos cours. Si vous souhaitez de plus amples informations, venez \u00e9changer sur nos cours et sur vos besoins dans l\u2019apprentissage du fran\u00e7ais avec un de nos professeurs. Vous pouvez les rencontrer aux p\u00e9riodes des tests de positionnement ou sur rendez-vous.[\/vc_column_text][vc_single_image image=&#8221;2834&#8243; img_size=&#8221;full&#8221;][\/vc_column][vc_column width=&#8221;1\/2&#8243;][vc_column_text]<strong>Vous n\u2019avez pas de connaissance de la langue fran\u00e7aise ?<\/strong><\/p>\n<p>Vous pouvez vous inscrire dans un cours de niveau d\u00e9butant \u00e0 la session de votre choix.<\/p>\n<p><strong>Vous avez d\u00e9j\u00e0 \u00e9tudi\u00e9 le fran\u00e7ais \u00e0 l\u2019Institut fran\u00e7ais ?<\/strong><\/p>\n<p>Vous pouvez vous inscrire au niveau sup\u00e9rieur \u00e0 la session de votre choix. Si vous avez \u00e9tudi\u00e9 le fran\u00e7ais il y a plus d\u2019un an, venez passer un test pour \u00e9valuer votre niveau de fran\u00e7ais.<\/p>\n<p><strong>Vous avez d\u00e9j\u00e0 \u00e9tudi\u00e9 le fran\u00e7ais mais pas \u00e0 l\u2019Institut fran\u00e7ais ?<\/strong><\/p>\n<p>Venez passer un test de positionnement qui nous permettra de vous proposer un cours qui r\u00e9pond \u00e0 votre niveau et \u00e0 vos besoins dans l\u2019apprentissage de la langue fran\u00e7aise.[\/vc_column_text][vc_single_image image=&#8221;2829&#8243; img_size=&#8221;full&#8221;][vc_column_text]<\/p>\n<ul>\n<li><strong>Conditions de paiement<\/strong><\/li>\n<\/ul>\n<p>Sur place par carte bancaire en une fois ou par virement bancaire.<br \/>\nD\u00e9marches \u00e0 suivre : Envoyez un message \u00e9lectronique pr\u00e9cisant votre demande, nom, pr\u00e9nom \u00e0 l\u2019adresse suivante :\u00a0<em><a href=\"mailto:kurslar.izmir@ifturquie.org\">kurslar.izmir@ifturquie.org<\/a><\/em>[\/vc_column_text][\/vc_column][\/vc_row][\/vc_section][vc_section css=&#8221;.vc_custom_1532962353841{margin: 0px !important;padding: 0px !important;}&#8221;][vc_row el_class=&#8221;container_1110 clearfix&#8221; css=&#8221;.vc_custom_1532962359663{margin-top: 20px !important;margin-bottom: 20px !important;}&#8221;][vc_column width=&#8221;1\/2&#8243;][vc_tta_accordion][vc_tta_section title=&#8221;Niveau de langue&#8221; tab_id=&#8221;1532963997307-3dcee27e-a72ea719-ac9cde05-f343&#8243;][vc_column_text]Comp\u00e9tences g\u00e9n\u00e9rales vis\u00e9es par niveau de ma\u00eetrise de la langue fran\u00e7aise dans les domaines suivants : domaines personnel, professionnel, \u00e9ducationnel et public.<\/p>\n<p><strong>Niveau A1<\/strong>\u00a0: comprendre et utiliser des expressions et des \u00e9nonc\u00e9s simples visant \u00e0 satisfaire des besoins concrets ; \u00e9changer des informations et comprendre des instructions simples ; participer \u00e0 une conversation portant sur des sujets ordinaires ; exprimer simplement des opinions et des go\u00fbts sur des sujets standards.<\/p>\n<p><strong>Niveau A2<\/strong>\u00a0: se d\u00e9brouiller dans les situations courantes de la vie quotidienne ; \u00e9changer des informations dans des situations famili\u00e8res ; participer \u00e0 une conversation routini\u00e8re ; comprendre et exprimer des besoins, des go\u00fbts, des opinions et des id\u00e9es sur des sujets familiers ; demander et donner des explications.<\/p>\n<p><strong>Niveau B1<\/strong>\u00a0: comprendre, \u00e9changer et v\u00e9rifier de l\u2019information factuelle sur une gamme de sujets vari\u00e9s dans son domaine ; aborder sans pr\u00e9paration une conversation sur un sujet familier ; comprendre, \u00e9mettre et solliciter des points de vue personnels.<\/p>\n<p><strong>Niveau B2<\/strong>\u00a0: comprendre et faire une description et une pr\u00e9sentation d\u00e9taill\u00e9es sur une gamme \u00e9tendue de sujets concrets ou abstraits relatifs \u00e0 son domaine d\u2019int\u00e9r\u00eat ; participer activement \u00e0 une discussion ; comprendre une argumentation complexe sur un sujet assez familier et exposer et d\u00e9fendre ses opinions avec pertinence.<\/p>\n<p><strong>Niveau C1<\/strong>\u00a0: comprendre et faire une pr\u00e9sentation et une description claire et d\u00e9taill\u00e9e sur des sujets complexes m\u00eame hors de son domaine ; soutenir facilement un d\u00e9bat sur des sujets complexes, abstraits ou non familiers.<\/p>\n<p><strong>Niveau C2<\/strong>\u00a0: comprendre toute langue orale et \u00e9crite et produire des discours et des textes \u00e9labor\u00e9s, efficaces, limpides et fluides ; converser de fa\u00e7on appropri\u00e9e et argumenter de mani\u00e8re nette et convaincante sur des questions complexes \u00e0 l\u2019instar d\u2019un locuteur natif.[\/vc_column_text][\/vc_tta_section][vc_tta_section title=&#8221;Conditions d\u2019inscription&#8221; tab_id=&#8221;1533627509979-cbbf0df0-fff6de05-f343&#8243;][vc_column_text css=&#8221;&#8221;]<strong>Nos cours<\/strong><br \/>\nLes cours de fran\u00e7ais g\u00e9n\u00e9ral, pour adultes et adolescents, dans nos installations sont bas\u00e9s sur 30 heures.<br \/>\nLes cours de fran\u00e7ais pour les enfants (programme sp\u00e9cial pour les 7 \u00e0 12 ans), dans nos installations sont sur 30 heures.<br \/>\nPour les tarifs des modules de 4 heures, 8 heures ou 16 heures ainsi que ceux des cours de sp\u00e9cialit\u00e9s, adressez-vous \u00e0 l\u2019accueil de l\u2019Institut :\u00a0<em><a href=\"mailto:kurslar.izmir@ifturquie.org\">kurslar.izmir@ifturquie.org<\/a>\u00a0ou au (+90) 232 466 00 13.<\/em><\/p>\n<p><strong>Inclus dans le prix du cours<\/strong><br \/>\nUne version MP3 t\u00e9l\u00e9chargeable gratuitement du CD audio du manuel sera \u00e0 disposition de l\u2019\u00e9l\u00e8ve (information : accueil).<br \/>\nAcc\u00e8s libre aux exercices de rem\u00e9diation\/approfondissement \u00e0 la m\u00e9diath\u00e8que.<br \/>\nAcc\u00e8s gratuit aux activit\u00e9s culturelles propos\u00e9es par l\u2019Institut fran\u00e7ais de Turquie \u00e0 Izmir et tarifs r\u00e9duits pour les activit\u00e9s organis\u00e9es en partenariat.<br \/>\nR\u00e9ception syst\u00e9matique de la newsletter de l\u2019Institut fran\u00e7ais de Turquie \u00e0 Izmir.<\/p>\n<p><strong>Non inclus dans le prix du cours<\/strong><br \/>\nLe mat\u00e9riel didactique : livre et cahier d\u2019exercices, (pour des raisons juridiques et p\u00e9dagogiques, l\u2019apprenant doit utiliser l\u2019original du manuel dans la classe).<br \/>\nLa somme forfaitaire de 25 TL (correspondant \u00e0 65% de r\u00e9duction) pour l\u2019inscription \u00e0 la m\u00e9diath\u00e8que, incluant pr\u00eat de livres, CD et DVD.<\/p>\n<p><strong>Autres avantages<\/strong><strong>\u00a0(sur pr\u00e9sentation de votre carte d\u2019\u00e9tudiant)<\/strong><br \/>\n\u2013 R\u00e9duction de 50% sur\u00a0 vos autres inscriptions \u00e0 des modules ou ateliers<br \/>\n\u2013 Bourse de 20% pour l\u2019inscription d\u2019un parent direct (ascendants, descendants, fr\u00e8res, s\u0153urs)<br \/>\n\u2013 R\u00e9duction de 20% sur toutes consommations au Restaurant La Fourmi<br \/>\n\u2013 R\u00e9duction de 10% pour votre inscription \u00e0 un cours du Goethe-Institut et au Centre culturel italien<br \/>\n\u2013 R\u00e9duction de 10% pour vos achats dans la librairie Kelepir.<\/p>\n<p><strong>Conditions d\u2019ouverture d\u2019un cours de fran\u00e7ais g\u00e9n\u00e9ral<\/strong><br \/>\nUn groupe est cr\u00e9\u00e9 \u00e0 partir de 10 \u00e9l\u00e8ves inscrits.<br \/>\nLe maximum d\u2019\u00e9l\u00e8ve par groupe est de 16.<br \/>\n<u>Gestion des groupes :<\/u><br \/>\nLa Direction des cours est seule d\u00e9cisionnaire du choix de l\u2019enseignant en charge d\u2019un cours.<br \/>\nD\u2019une session sur l\u2019autre l\u2019Institut peut \u00eatre amen\u00e9 \u00e0 proposer des modifications d\u2019heures et de jours au groupe.<br \/>\nPour des raisons p\u00e9dagogiques, un professeur ne conservera pas le m\u00eame groupe au-del\u00e0 de 3 sessions de cours.<\/p>\n<ul>\n<li><strong>Formalit\u00e9s d\u2019inscription<\/strong><\/li>\n<\/ul>\n<p>Un test de positionnement gratuit et obligatoire permet une orientation pr\u00e9cise des \u00e9tudiants non-d\u00e9butants.<br \/>\n<u>Pour les \u00e9tudiants individuels :<\/u><br \/>\nL\u2019inscription se r\u00e9alise sur place, au bureau d\u2019accueil charg\u00e9 de l\u2019inscription aux cours.<br \/>\nL\u2019\u00e9tudiant doit au pr\u00e9alable prendre connaissance des Modalit\u00e9s et conditions g\u00e9n\u00e9rales d\u2019inscription aux cours et les accepter en datant et signant le formulaire d\u2019inscription.<br \/>\n<u>Pour les<\/u>\u00a0tiers payeurs\u00a0(entreprises, associations, administrations, \u00e9tablissement scolaire\u2026) et pour les cours individuels :<br \/>\nLes conditions sont pr\u00e9cis\u00e9es par un document contractuel sp\u00e9cifique sign\u00e9 par les 2 parties avant le d\u00e9but du cours.<\/p>\n<ul>\n<li><strong>Conditions de remboursement d\u2019un cours en pr\u00e9sentiel<\/strong><\/li>\n<\/ul>\n<p>L\u2019Institut Fran\u00e7ais de Turquie \u00e0 Izmir s\u2019engage \u00e0 vous rembourser dans les cas suivants :<br \/>\n\u2013 Paiement anticip\u00e9 sur une proposition de cours lorsqu\u2019apr\u00e8s un d\u00e9lai de 10 jours le groupe ne peut finalement \u00eatre form\u00e9<br \/>\n\u2013 Maladie entra\u00eenant une absence de 6 heures de cours, sur pr\u00e9sentation d\u2019un certificat m\u00e9dical \u00e9mis par un h\u00f4pital<br \/>\n\u2013 Mutation professionnelle dans une autre ville, sur pr\u00e9sentation d\u2019une copie du nouveau contrat de travail ou d\u2019une attestation du nouvel employeur.<br \/>\nDans ce cas, fournir un RIB imprim\u00e9 \u00e0\u00a0<em><a href=\"mailto:kurslar.izmir@ifturquie.org\">kurslar.izmir@ifturquie.org<\/a><\/em><\/p>\n<h3>ATTENTION<\/h3>\n<p><strong>Aucun remboursement n&#8217;est possible pour les cours online.<\/strong><\/p>\n<p><a href=\"https:\/\/www.ifturquie.org\/wp-content\/uploads\/2026\/01\/IFT_Conditions_de_ventes_IZMIR.pdf\">Cliquez pour la version PDF des c<\/a><a href=\"https:\/\/www.ifturquie.org\/wp-content\/uploads\/2025\/07\/IFT_Conditions_de_ventes_ISTANBUL.pdf\">onditions g\u00e9n\u00e9rales<\/a><\/p>\n<ul>\n<li><strong>Proc\u00e9dure de r\u00e9clamation<\/strong><\/li>\n<\/ul>\n<p>Par courriel \u00e0 :<a href=\"mailto:kurslar.izmir@ifturquie.org\"><em> kurslar.izmir@ifturquie.org<\/em><\/a><\/p>\n<ul>\n<li><strong>S\u00e9curit\u00e9<\/strong><\/li>\n<\/ul>\n<p>L\u2019Institut signale syst\u00e9matiquement \u00e0 la famille l\u2019absence d\u2019un \u00e9l\u00e8ve mineur.<br \/>\nLes \u00e9l\u00e8ves mineurs ne sont autoris\u00e9s \u00e0 quitter le cours que sur demande \u00e9crite de leurs parents.<br \/>\nL\u2019Institut ne sera pas tenu pour responsable de l\u2019\u00e9l\u00e8ve en cas de sortie non-autoris\u00e9e de ce dernier.<br \/>\nL\u2019assurance responsabilit\u00e9 au tiers de l\u2019Institut couvre les risques encourus par les \u00e9tudiants \u00e0 l\u2019int\u00e9rieur de l\u2019enceinte de l\u2019\u00e9tablissement.<br \/>\nChacun doit se munir d\u2019une carte \u00e9tudiant (d\u00e9livr\u00e9e par l\u2019accueil au moment de l\u2019inscription). Sans cette carte l\u2019acc\u00e8s au b\u00e2timent de l\u2019Institut fran\u00e7ais ne sera pas possible. Cette carte est personnelle, son utilisation est interdite par une tierce personne.[\/vc_column_text][\/vc_tta_section][\/vc_tta_accordion][\/vc_column][vc_column width=&#8221;1\/2&#8243;][vc_column_text]<strong>Venez nous voir\u00a0:<\/strong><\/p>\n<p><strong>Institut fran\u00e7ais \u00e0 Izmir<\/strong><br \/>\nT\u00e9l : +90 232 466 00 13\u00a0\/ 14<br \/>\nCumhuriyet Blv. No: 152 Alsancak \/ Izmir<\/p>\n<p>Horaires d\u2019ouverture\u00a0:<br \/>\nDu Lundi au Jeudi 10h00 \u2013 13h00 \/ 14h00 \u2013 19h00<br \/>\nSamedi\u00a09h00 \u2013 12h00 \/ 13h00 \u2013 17h00<br \/>\nFerm\u00e9 le vendredi[\/vc_column_text][\/vc_column][\/vc_row][\/vc_section]<\/p>\n<\/div>","protected":false},"excerpt":{"rendered":"<p>[vc_section css=&#8221;.vc_custom_1536656203615{margin: 0px !important;padding: 0px !important;}&#8221;][vc_row content_placement=&#8221;middle&#8221; css=&#8221;.vc_custom_1551193610130{margin-top: 0px !important;margin-right: 0px !important;margin-bottom: 0px !important;margin-left: 0px !important;padding-top: 0px !important;padding-right: 0px !important;padding-bottom: 0px !important;padding-left: 0px !important;background-color: #1b88c8 !important;}&#8221;][vc_column width=&#8221;1\/2&#8243; css=&#8221;.vc_custom_1536655742525{margin-top: 0px !important;margin-right: 0px !important;margin-bottom: 0px !important;margin-left: 0px !important;padding-top: 0px !important;padding-right: 0px !important;padding-bottom: 0px !important;padding-left: 0px !important;background-color: #1b88c8 !important;}&#8221;][vc_custom_heading source=&#8221;post_title&#8221; font_container=&#8221;tag:h2|font_size:24|text_align:left|color:%23ffffff&#8221; google_fonts=&#8221;font_family:Montserrat%3Aregular%2C700|font_style:700%20bold%20regular%3A700%3Anormal&#8221; link=&#8221;|||&#8221; el_class=&#8221;kurs_top_title&#8221;][vc_column_text css=&#8221;.vc_custom_1537541438638{margin-bottom: 76px !important;}&#8221; el_class=&#8221;kurs_top_text&#8221;]Les [&hellip;]<\/p>\n","protected":false},"author":2,"featured_media":0,"parent":3813,"menu_order":0,"comment_status":"closed","ping_status":"closed","template":"page-onecolum.php","meta":{"_acf_changed":false,"h5ap_radio_sources":[],"footnotes":""},"class_list":["post-3820","page","type-page","status-publish","hentry"],"acf":[],"_links":{"self":[{"href":"https:\/\/www.ifturquie.org\/fr\/wp-json\/wp\/v2\/pages\/3820","targetHints":{"allow":["GET"]}}],"collection":[{"href":"https:\/\/www.ifturquie.org\/fr\/wp-json\/wp\/v2\/pages"}],"about":[{"href":"https:\/\/www.ifturquie.org\/fr\/wp-json\/wp\/v2\/types\/page"}],"author":[{"embeddable":true,"href":"https:\/\/www.ifturquie.org\/fr\/wp-json\/wp\/v2\/users\/2"}],"replies":[{"embeddable":true,"href":"https:\/\/www.ifturquie.org\/fr\/wp-json\/wp\/v2\/comments?post=3820"}],"version-history":[{"count":10,"href":"https:\/\/www.ifturquie.org\/fr\/wp-json\/wp\/v2\/pages\/3820\/revisions"}],"predecessor-version":[{"id":38754,"href":"https:\/\/www.ifturquie.org\/fr\/wp-json\/wp\/v2\/pages\/3820\/revisions\/38754"}],"up":[{"embeddable":true,"href":"https:\/\/www.ifturquie.org\/fr\/wp-json\/wp\/v2\/pages\/3813"}],"wp:attachment":[{"href":"https:\/\/www.ifturquie.org\/fr\/wp-json\/wp\/v2\/media?parent=3820"}],"curies":[{"name":"wp","href":"https:\/\/api.w.org\/{rel}","templated":true}]}}