{"id":3803,"date":"2018-09-21T17:29:50","date_gmt":"2018-09-21T14:29:50","guid":{"rendered":"http:\/\/www.ifturquie.org\/istanbul\/examen-et-diplomes\/preparation-aux-examens\/"},"modified":"2025-07-22T10:34:32","modified_gmt":"2025-07-22T07:34:32","slug":"preparation-aux-examens","status":"publish","type":"page","link":"https:\/\/www.ifturquie.org\/fr\/istanbul\/examen-et-diplomes\/preparation-aux-examens\/","title":{"rendered":"Pr\u00e9paration aux examens"},"content":{"rendered":"<div class=\"wpb-content-wrapper\"><p>[vc_section css=&#8221;.vc_custom_1615382850286{margin-top: 0px !important;margin-bottom: 0px !important;padding-top: 0px !important;padding-right: 0px !important;padding-bottom: 0px !important;padding-left: 0px !important;}&#8221; el_class=&#8221;container_1110&#8243;][vc_row][vc_column width=&#8221;1\/2&#8243;][vc_row_inner css=&#8221;.vc_custom_1531909257469{margin-top: 0px !important;margin-right: 0px !important;margin-bottom: 0px !important;margin-left: 0px !important;padding-top: 0px !important;padding-right: 0px !important;padding-bottom: 0px !important;padding-left: 0px !important;}&#8221; el_class=&#8221;max_width_600 right_block&#8221;][vc_column_inner][vc_column_text css=&#8221;.vc_custom_1537536685851{margin-top: 45px !important;margin-right: 0px !important;margin-left: 0px !important;padding-right: 120px !important;padding-left: 0px !important;}&#8221;]<\/p>\n<h1 class=\"entry-title\">Pr\u00e9paration aux examens<\/h1>\n<p>L\u2019Institut fran\u00e7ais, centre officiel des examens de langue fran\u00e7aise en Turquie, a mis en place un programme qui vous accompagnera dans la pr\u00e9paration des examens. Nos professeurs diagnostiqueront vos forces et vous aideront \u00e0 surmonter vos \u00e9ventuelles difficult\u00e9s. Ils vous permettront d\u2019approfondir vos comp\u00e9tences et de ma\u00eetriser les crit\u00e8res essentiels des examens.<\/p>\n<h3>Examens DELF \/ DALF<\/h3>\n<h5><strong>Public\u00a0<\/strong><\/h5>\n<p>Ce cours s\u2019adresse \u00e0 toute personne souhaitant valider ses comp\u00e9tences en fran\u00e7ais par les dipl\u00f4mes officiels d\u00e9livr\u00e9s par le minist\u00e8re fran\u00e7ais de l\u2019Education nationale : le DELF (Dipl\u00f4me d\u2019\u00e9tudes en langue fran\u00e7aise) et le DALF (Dipl\u00f4me approfondi de langue fran\u00e7aise).<br \/>\nSelon votre niveau de fran\u00e7ais, pr\u00e9parez un des dipl\u00f4mes suivants :<br \/>\nDELF A1 : niveau \u00e9l\u00e9mentaire<br \/>\nDELF A2 : niveau \u00e9l\u00e9mentaire avanc\u00e9<br \/>\nDELF B1 : niveau interm\u00e9diaire<br \/>\nDELF B2 : niveau interm\u00e9diaire avanc\u00e9<br \/>\nDALF C1 : niveau exp\u00e9riment\u00e9<br \/>\nDALF C2 : niveau exp\u00e9riment\u00e9 avanc\u00e9<\/p>\n<h5>Objectifs<\/h5>\n<p>L\u2019objectif de ce cours est de pr\u00e9parer les candidats aux \u00e9preuves dans les quatre comp\u00e9tences \u00e9valu\u00e9es \u00e0 l\u2019examen : compr\u00e9hension orale, compr\u00e9hension \u00e9crite, expression orale, expression \u00e9crite. Il vise particuli\u00e8rement \u00e0 d\u00e9velopper des comp\u00e9tences communicatives, linguistiques et m\u00e9thodologiques pour mieux aborder l\u2019examen.<\/p>\n<h5>M\u00e9thodologie<\/h5>\n<p>Le cours sera bas\u00e9 sur des exemples types d\u2019examens, des exercices et des activit\u00e9s accompagn\u00e9s de techniques, de conseils et de corrections personnalis\u00e9es pour r\u00e9ussir les 4 \u00e9preuves de l\u2019examen vis\u00e9.[\/vc_column_text][\/vc_column_inner][\/vc_row_inner][vc_column_text css=&#8221;.vc_custom_1646907885044{margin-top: 45px !important;margin-right: 0px !important;margin-left: 0px !important;padding-right: 120px !important;padding-left: 0px !important;}&#8221; el_class=&#8221;max_width_600 right_block&#8221;][\/vc_column_text][vc_single_image image=&#8221;2287&#8243; img_size=&#8221;full&#8221; css=&#8221;.vc_custom_1537537174466{margin-bottom: -150px !important;padding-bottom: 0px !important;}&#8221; el_class=&#8221;max_width_600 right_block&#8221;][vc_row_inner css=&#8221;.vc_custom_1531909392132{background-color: #dee9f4 !important;}&#8221;][vc_column_inner][vc_column_text css=&#8221;.vc_custom_1721823205772{padding-top: 120px !important;}&#8221; el_class=&#8221;max_width_600 right_block&#8221;]Contactez le secr\u00e9tariat des cours pour les cours de pr\u00e9parations aux examens :<\/p>\n<p><strong>\u0130NST\u0130TUT\u00a0FRAN\u00c7A\u0130S\u00a0\u2013\u00a0TAKS\u0130M<\/strong><br \/>\n<em>T\u00e9l\u00e9phone<\/em> : 0850 755 68 11 \u2013 12 \u2013 13<br \/>\n<em>Courriel<\/em>\u00a0:\u00a0<a href=\"mailto:kurslar.taksim@ifturquie.org\">kurslar.taksim@ifturquie.org<\/a><br \/>\n<em>Adresse\u00a0<\/em>: \u0130stiklal Caddesi\u00a0n\u00b04, Taksim\u00a034435\u00a0\u2013 \u0130stanbul<\/p>\n<p><strong>Horaires d\u2019ouverture du secr\u00e9tariat des cours \u00e0 Taksim :<\/strong><b><br \/>\n<\/b>Du lundi au mercredi : 9h \u2013 13h et 14h \u2013 18h30<br \/>\nJeudi et vendredi : 9h \u2013 13h et 14h \u2013 17h<br \/>\nSamedi : 10h \u2013 13h et 14h \u2013 16h30[\/vc_column_text][\/vc_column_inner][\/vc_row_inner][\/vc_column][vc_column width=&#8221;1\/2&#8243; css=&#8221;.vc_custom_1532351988787{margin-top: 0px !important;margin-right: 0px !important;margin-bottom: 0px !important;margin-left: 0px !important;padding-top: 0px !important;padding-right: 0px !important;padding-bottom: 0px !important;padding-left: 0px !important;background-color: #c2c6c6 !important;}&#8221;][vc_single_image image=&#8221;2288&#8243; img_size=&#8221;full&#8221; css=&#8221;.vc_custom_1532351948863{margin-top: 0px !important;margin-right: 0px !important;margin-bottom: 0px !important;margin-left: 0px !important;padding-top: 0px !important;padding-right: 0px !important;padding-bottom: 0px !important;padding-left: 0px !important;}&#8221;][vc_row_inner css=&#8221;.vc_custom_1531906969267{margin-top: 0px !important;margin-right: 0px !important;margin-bottom: 0px !important;margin-left: 0px !important;padding-top: 0px !important;padding-right: 0px !important;padding-bottom: 0px !important;padding-left: 0px !important;}&#8221; el_class=&#8221;max_width_600&#8243;][vc_column_inner][vc_column_text css=&#8221;.vc_custom_1678710629768{padding-top: 70px !important;padding-right: 20px !important;padding-bottom: 30px !important;padding-left: 70px !important;}&#8221;]<\/p>\n<h3>Examens TCF<\/h3>\n<h5>Public<\/h5>\n<p>Ce cours s\u2019adresse \u00e0 toute personne souhaitant d\u00e9velopper ses comp\u00e9tences en langue fran\u00e7aise et se pr\u00e9parer aux \u00e9preuves du TCF.<\/p>\n<h5>Objectifs<\/h5>\n<p>Acqu\u00e9rir une rapidit\u00e9 de compr\u00e9hension et d\u2019analyse de textes \u00e9crits et oraux, obtenir des r\u00e9flexes linguistiques et m\u00e9thodologiques, d\u00e9velopper des comp\u00e9tences linguistiques.<\/p>\n<h5>M\u00e9thodologie<\/h5>\n<p>Entra\u00eenement intensif aux \u00e9preuves \u00e0 travers des exercices de types examens et des activit\u00e9s vari\u00e9es accompagn\u00e9s de conseils et de corrections personnalis\u00e9s.<\/p>\n<h3>Examens TEF<\/h3>\n<h5>Public<\/h5>\n<p>Ce cours s\u2019adresse \u00e0 toute personne souhaitant d\u00e9velopper ses comp\u00e9tences en langue fran\u00e7aise et se pr\u00e9parer aux \u00e9preuves du TEF.<\/p>\n<h5>Objectifs<\/h5>\n<p>Acqu\u00e9rir une rapidit\u00e9 de compr\u00e9hension et d\u2019analyse de textes \u00e9crits et oraux, obtenir des r\u00e9flexes linguistiques et m\u00e9thodologiques, d\u00e9velopper des comp\u00e9tences linguistiques.<\/p>\n<h5>M\u00e9thodologie<\/h5>\n<p>Entra\u00eenement intensif aux \u00e9preuves \u00e0 travers des exercices de types examens et des activit\u00e9s vari\u00e9es accompagn\u00e9s de conseils et de corrections personnalis\u00e9s.[\/vc_column_text][\/vc_column_inner][\/vc_row_inner][vc_row_inner][vc_column_inner][vc_raw_html]PGRpdiBzdHlsZT0iY2xlYXI6IGJvdGg7Ij48L2Rpdj4=[\/vc_raw_html][\/vc_column_inner][\/vc_row_inner][vc_row_inner css=&#8221;.vc_custom_1531911741932{margin: 0px !important;padding: 0px !important;background-color: #ffffff !important;}&#8221;][vc_column_inner][vc_column_text css=&#8221;.vc_custom_1567072414811{margin-right: 0px !important;margin-left: 0px !important;padding-right: 120px !important;padding-left: 15px !important;}&#8221;][\/vc_column_text][\/vc_column_inner][\/vc_row_inner][\/vc_column][\/vc_row][\/vc_section][vc_section css=&#8221;.vc_custom_1536659492374{margin: 0px !important;padding: 0px !important;}&#8221;][vc_row el_class=&#8221;container_1110&#8243; css=&#8221;.vc_custom_1536659473655{margin-top: 50px !important;}&#8221;][vc_column width=&#8221;1\/2&#8243;][vc_column_text]<\/p>\n<p style=\"text-align: center;\"><strong>Weekend<\/strong><\/p>\n<p>[\/vc_column_text][vc_tta_tabs alignment=&#8221;center&#8221; active_section=&#8221;1&#8243;][vc_tta_section title=&#8221;Weekend 2 jours x 4h 4 semaines (Pour les adultes)&#8221; tab_id=&#8221;1536659335267-c37e79cb-68ef6f16-52babcf4-2858&#8243;][vc_text_separator title=&#8221;&#8221; i_icon_fontawesome=&#8221;fa fa-map-marker&#8221; css=&#8221;.vc_custom_1536678961626{margin-top: -20px !important;}&#8221; add_icon=&#8221;true&#8221;][vc_custom_heading text=&#8221;En ligne&#8221; font_container=&#8221;tag:h2|font_size:14|text_align:center|color:%23111111&#8243; use_theme_fonts=&#8221;yes&#8221; css=&#8221;.vc_custom_1744174337876{margin-top: -30px !important;}&#8221;][vc_text_separator title=&#8221;&#8221; i_icon_fontawesome=&#8221;fa fa-clock-o&#8221; add_icon=&#8221;true&#8221;][vc_custom_heading text=&#8221;Samedi-Dimanche<br \/>\n14:30-18:30&#8243; font_container=&#8221;tag:h2|font_size:14|text_align:center|color:%23111111&#8243; use_theme_fonts=&#8221;yes&#8221; css=&#8221;.vc_custom_1744183930534{margin-top: -30px !important;}&#8221;][vc_text_separator title=&#8221;&#8221; i_icon_fontawesome=&#8221;fa fa-calendar&#8221; add_icon=&#8221;true&#8221;][vc_custom_heading text=&#8221;6-28 septembre 2025&#8243; font_container=&#8221;tag:h2|font_size:14|text_align:center|color:%23111111&#8243; use_theme_fonts=&#8221;yes&#8221; css=&#8221;.vc_custom_1753169653207{margin-top: -30px !important;}&#8221;][vc_text_separator title=&#8221;&#8221; i_icon_fontawesome=&#8221;fa fa-credit-card&#8221; add_icon=&#8221;true&#8221;][vc_custom_heading text=&#8221;8 750 TL&#8221; font_container=&#8221;tag:h2|font_size:14|text_align:center|color:%23111111&#8243; use_theme_fonts=&#8221;yes&#8221; css=&#8221;.vc_custom_1733126098392{margin-top: -30px !important;}&#8221;][\/vc_tta_section][\/vc_tta_tabs][\/vc_column][\/vc_row][\/vc_section]<\/p>\n<\/div>","protected":false},"excerpt":{"rendered":"<p>[vc_section css=&#8221;.vc_custom_1615382850286{margin-top: 0px !important;margin-bottom: 0px !important;padding-top: 0px !important;padding-right: 0px !important;padding-bottom: 0px !important;padding-left: 0px !important;}&#8221; el_class=&#8221;container_1110&#8243;][vc_row][vc_column width=&#8221;1\/2&#8243;][vc_row_inner css=&#8221;.vc_custom_1531909257469{margin-top: 0px !important;margin-right: 0px !important;margin-bottom: 0px !important;margin-left: 0px !important;padding-top: 0px !important;padding-right: 0px !important;padding-bottom: 0px !important;padding-left: 0px !important;}&#8221; el_class=&#8221;max_width_600 right_block&#8221;][vc_column_inner][vc_column_text css=&#8221;.vc_custom_1537536685851{margin-top: 45px !important;margin-right: 0px !important;margin-left: 0px !important;padding-right: 120px !important;padding-left: 0px !important;}&#8221;] Pr\u00e9paration aux examens L\u2019Institut fran\u00e7ais, centre officiel des examens [&hellip;]<\/p>\n","protected":false},"author":2,"featured_media":0,"parent":3798,"menu_order":0,"comment_status":"closed","ping_status":"closed","template":"new-page-template.php","meta":{"_acf_changed":false,"h5ap_radio_sources":[],"footnotes":""},"class_list":["post-3803","page","type-page","status-publish","hentry"],"acf":[],"_links":{"self":[{"href":"https:\/\/www.ifturquie.org\/fr\/wp-json\/wp\/v2\/pages\/3803","targetHints":{"allow":["GET"]}}],"collection":[{"href":"https:\/\/www.ifturquie.org\/fr\/wp-json\/wp\/v2\/pages"}],"about":[{"href":"https:\/\/www.ifturquie.org\/fr\/wp-json\/wp\/v2\/types\/page"}],"author":[{"embeddable":true,"href":"https:\/\/www.ifturquie.org\/fr\/wp-json\/wp\/v2\/users\/2"}],"replies":[{"embeddable":true,"href":"https:\/\/www.ifturquie.org\/fr\/wp-json\/wp\/v2\/comments?post=3803"}],"version-history":[{"count":40,"href":"https:\/\/www.ifturquie.org\/fr\/wp-json\/wp\/v2\/pages\/3803\/revisions"}],"predecessor-version":[{"id":36584,"href":"https:\/\/www.ifturquie.org\/fr\/wp-json\/wp\/v2\/pages\/3803\/revisions\/36584"}],"up":[{"embeddable":true,"href":"https:\/\/www.ifturquie.org\/fr\/wp-json\/wp\/v2\/pages\/3798"}],"wp:attachment":[{"href":"https:\/\/www.ifturquie.org\/fr\/wp-json\/wp\/v2\/media?parent=3803"}],"curies":[{"name":"wp","href":"https:\/\/api.w.org\/{rel}","templated":true}]}}