{"id":3798,"date":"2018-09-21T16:24:13","date_gmt":"2018-09-21T13:24:13","guid":{"rendered":"http:\/\/www.ifturquie.org\/istanbul\/examen-et-diplomes\/"},"modified":"2024-11-25T15:03:18","modified_gmt":"2024-11-25T12:03:18","slug":"examen-et-diplomes","status":"publish","type":"page","link":"https:\/\/www.ifturquie.org\/fr\/istanbul\/examen-et-diplomes\/","title":{"rendered":"Examen et dipl\u00f4mes"},"content":{"rendered":"<div class=\"wpb-content-wrapper\"><p>[vc_section css=&#8221;.vc_custom_1732536117753{margin-top: 0px !important;margin-bottom: 0px !important;padding-top: 0px !important;padding-right: 0px !important;padding-bottom: 0px !important;padding-left: 0px !important;}&#8221;][vc_row el_class=&#8221;container_1110&#8243;][vc_column width=&#8221;1\/2&#8243;][vc_row_inner css=&#8221;.vc_custom_1531909257469{margin-top: 0px !important;margin-right: 0px !important;margin-bottom: 0px !important;margin-left: 0px !important;padding-top: 0px !important;padding-right: 0px !important;padding-bottom: 0px !important;padding-left: 0px !important;}&#8221; el_class=&#8221;max_width_600 right_block&#8221;][vc_column_inner][vc_column_text css=&#8221;.vc_custom_1532675823091{margin-top: 45px !important;margin-right: 0px !important;margin-left: 0px !important;padding-right: 120px !important;padding-left: 0px !important;}&#8221;]Lorsque vous aurez suivi vos 2 premi\u00e8res sessions de cours g\u00e9n\u00e9raux ou une soixantaine d\u2019heures en mini-groupe privil\u00e8ge, vous aurez atteint le niveau A1. Vous serez capable de communiquer pour faire face \u00e0 des situations simples, \u00e9changer \u00e0 propos de l\u2019alimentation, les transports, aborder les questions courantes de la vie quotidienne\u2026<\/p>\n<p>Et vous pr\u00e9senterez alors votre premier dipl\u00f4me, le\u00a0<strong>DELF<\/strong>\u00a0A1, dipl\u00f4me officiel \u00e0 validit\u00e9 internationale, \u00e9mis par le Minist\u00e8re fran\u00e7ais de l\u2019\u00c9ducation nationale ![\/vc_column_text][vc_single_image image=&#8221;25975&#8243; img_size=&#8221;medium&#8221; css=&#8221;.vc_custom_1670318586742{margin-bottom: 0px !important;padding-bottom: 0px !important;}&#8221;][\/vc_column_inner][\/vc_row_inner][vc_row_inner][vc_column_inner][vc_raw_html]PGRpdiBzdHlsZT0iY2xlYXI6Ym90aDsiPjwvZGl2Pg==[\/vc_raw_html][\/vc_column_inner][\/vc_row_inner][\/vc_column][vc_column width=&#8221;1\/2&#8243; css=&#8221;.vc_custom_1531906725840{margin: 0px !important;padding: 0px !important;background-color: #c693c2 !important;}&#8221;][vc_single_image image=&#8221;2295&#8243; img_size=&#8221;full&#8221; css=&#8221;.vc_custom_1532350221636{margin-top: 0px !important;margin-right: 0px !important;margin-bottom: 0px !important;margin-left: 0px !important;padding-top: 0px !important;padding-right: 0px !important;padding-bottom: 0px !important;padding-left: 0px !important;}&#8221;][vc_row_inner css=&#8221;.vc_custom_1531906969267{margin-top: 0px !important;margin-right: 0px !important;margin-bottom: 0px !important;margin-left: 0px !important;padding-top: 0px !important;padding-right: 0px !important;padding-bottom: 0px !important;padding-left: 0px !important;}&#8221; el_class=&#8221;max_width_600&#8243;][vc_column_inner][vc_column_text css=&#8221;.vc_custom_1532350312735{padding-top: 70px !important;padding-right: 20px !important;padding-bottom: 30px !important;padding-left: 70px !important;}&#8221;]<span style=\"color: #ffffff;\">Pour chaque niveau,\u00a0<strong>DELF\u00a0<\/strong>(A1, A2, B1, B2) et\u00a0<strong>DALF<\/strong>\u00a0(C1, C2), les comp\u00e9tences sont clairement explicit\u00e9es, vos progr\u00e8s accompagn\u00e9s et vos acquisitions sont certifi\u00e9es officiellement par un dipl\u00f4me \u00e0 validit\u00e9 permanente :<\/span><br \/>\n<span style=\"color: #ffffff;\">\u2013 Chaque dipl\u00f4me est ind\u00e9pendant: le niveau valid\u00e9 est un dipl\u00f4me \u00e0 part enti\u00e8re<\/span><br \/>\n<span style=\"color: #ffffff;\">\u2013 Le niveau B2 ouvre l\u2019acc\u00e8s aux universit\u00e9s des pays francophones en dispensant d\u2019un test linguistique<\/span><br \/>\n<span style=\"color: #ffffff;\">\u2013 Les versions du\u00a0<strong>DELF\u00a0<\/strong>pour le public adolescent et du\u00a0<strong>DELF Prim<\/strong>\u00a0pour les enfants ont la m\u00eame valeur que les dipl\u00f4mes pour adultes, seules les formes d\u2019\u00e9nonc\u00e9s et les sujets sont adapt\u00e9s \u00e0 la tranche d\u2019\u00e2ge.<\/span><\/p>\n<p><span style=\"color: #ffffff;\">Les intitul\u00e9s des dipl\u00f4mes comme ceux de nos cours reprennent les niveaux d\u00e9finis pour l\u2019ensemble des langues d\u2019Europe.<\/span>[\/vc_column_text][\/vc_column_inner][\/vc_row_inner][vc_row_inner][vc_column_inner][vc_raw_html]PGRpdiBzdHlsZT0iY2xlYXI6Ym90aDsiPjwvZGl2Pg==[\/vc_raw_html][\/vc_column_inner][\/vc_row_inner][\/vc_column][\/vc_row][\/vc_section]<\/p>\n<\/div>","protected":false},"excerpt":{"rendered":"<p>[vc_section css=&#8221;.vc_custom_1732536117753{margin-top: 0px !important;margin-bottom: 0px !important;padding-top: 0px !important;padding-right: 0px !important;padding-bottom: 0px !important;padding-left: 0px !important;}&#8221;][vc_row el_class=&#8221;container_1110&#8243;][vc_column width=&#8221;1\/2&#8243;][vc_row_inner css=&#8221;.vc_custom_1531909257469{margin-top: 0px !important;margin-right: 0px !important;margin-bottom: 0px !important;margin-left: 0px !important;padding-top: 0px !important;padding-right: 0px !important;padding-bottom: 0px !important;padding-left: 0px !important;}&#8221; el_class=&#8221;max_width_600 right_block&#8221;][vc_column_inner][vc_column_text css=&#8221;.vc_custom_1532675823091{margin-top: 45px !important;margin-right: 0px !important;margin-left: 0px !important;padding-right: 120px !important;padding-left: 0px !important;}&#8221;]Lorsque vous aurez suivi vos 2 premi\u00e8res sessions de cours [&hellip;]<\/p>\n","protected":false},"author":2,"featured_media":3704,"parent":3771,"menu_order":0,"comment_status":"closed","ping_status":"closed","template":"new-page-template.php","meta":{"_acf_changed":false,"h5ap_radio_sources":[],"footnotes":""},"class_list":["post-3798","page","type-page","status-publish","has-post-thumbnail","hentry"],"acf":[],"_links":{"self":[{"href":"https:\/\/www.ifturquie.org\/fr\/wp-json\/wp\/v2\/pages\/3798","targetHints":{"allow":["GET"]}}],"collection":[{"href":"https:\/\/www.ifturquie.org\/fr\/wp-json\/wp\/v2\/pages"}],"about":[{"href":"https:\/\/www.ifturquie.org\/fr\/wp-json\/wp\/v2\/types\/page"}],"author":[{"embeddable":true,"href":"https:\/\/www.ifturquie.org\/fr\/wp-json\/wp\/v2\/users\/2"}],"replies":[{"embeddable":true,"href":"https:\/\/www.ifturquie.org\/fr\/wp-json\/wp\/v2\/comments?post=3798"}],"version-history":[{"count":10,"href":"https:\/\/www.ifturquie.org\/fr\/wp-json\/wp\/v2\/pages\/3798\/revisions"}],"predecessor-version":[{"id":33698,"href":"https:\/\/www.ifturquie.org\/fr\/wp-json\/wp\/v2\/pages\/3798\/revisions\/33698"}],"up":[{"embeddable":true,"href":"https:\/\/www.ifturquie.org\/fr\/wp-json\/wp\/v2\/pages\/3771"}],"wp:featuredmedia":[{"embeddable":true,"href":"https:\/\/www.ifturquie.org\/fr\/wp-json\/wp\/v2\/media\/3704"}],"wp:attachment":[{"href":"https:\/\/www.ifturquie.org\/fr\/wp-json\/wp\/v2\/media?parent=3798"}],"curies":[{"name":"wp","href":"https:\/\/api.w.org\/{rel}","templated":true}]}}