{"id":3796,"date":"2018-09-21T16:10:49","date_gmt":"2018-09-21T13:10:49","guid":{"rendered":"http:\/\/www.ifturquie.org\/istanbul\/infos-pratiques\/"},"modified":"2023-09-18T16:40:44","modified_gmt":"2023-09-18T13:40:44","slug":"infos-pratiques","status":"publish","type":"page","link":"https:\/\/www.ifturquie.org\/fr\/istanbul\/qui-sommes-nous-2\/infos-pratiques\/","title":{"rendered":"Infos pratiques"},"content":{"rendered":"<div class=\"wpb-content-wrapper\"><p>[vc_section css=&#8221;.vc_custom_1615380974265{margin-top: 0px !important;margin-bottom: 0px !important;padding-top: 0px !important;padding-right: 0px !important;padding-bottom: 0px !important;padding-left: 0px !important;}&#8221; el_class=&#8221;container_1110&#8243;][vc_row][vc_column width=&#8221;1\/2&#8243;][vc_row_inner css=&#8221;.vc_custom_1531909257469{margin-top: 0px !important;margin-right: 0px !important;margin-bottom: 0px !important;margin-left: 0px !important;padding-top: 0px !important;padding-right: 0px !important;padding-bottom: 0px !important;padding-left: 0px !important;}&#8221; el_class=&#8221;max_width_600 right_block&#8221;][vc_column_inner][vc_column_text css=&#8221;.vc_custom_1536332093563{margin-top: 45px !important;margin-right: 0px !important;margin-left: 0px !important;padding-right: 120px !important;padding-left: 0px !important;}&#8221;]<\/p>\n<h1 class=\"entry-title\">Infos pratiques<\/h1>\n<p>[\/vc_column_text][\/vc_column_inner][\/vc_row_inner][vc_row_inner css=&#8221;.vc_custom_1531909257469{margin-top: 0px !important;margin-right: 0px !important;margin-bottom: 0px !important;margin-left: 0px !important;padding-top: 0px !important;padding-right: 0px !important;padding-bottom: 0px !important;padding-left: 0px !important;}&#8221; el_class=&#8221;max_width_600 right_block&#8221;][vc_column_inner][vc_column_text css=&#8221;.vc_custom_1695043797274{margin-top: 0px !important;margin-right: 0px !important;margin-left: 0px !important;padding-right: 120px !important;padding-left: 0px !important;}&#8221;]<strong>Istanbul \u2013 Taksim<\/strong><br \/>\nAdresse : Istiklal Caddesi No\u00b04, 34435<br \/>\nOuvert du lundi au samedi de 9h \u00e0 21h30, le week-end de 9h30 \u00e0 21h30.<br \/>\n(+90) 850 755 68 00<br \/>\n<a href=\"mailto:danisma.istanbul@ifturquie.org\">danisma.istanbul@ifturquie.org<\/a><\/p>\n<p><strong>Istanbul \u2013 Annexe de Kad\u0131k\u00f6y<br \/>\n<\/strong>Adresse : Lyc\u00e9e fran\u00e7ais Saint-Joseph, Cafera\u011fa Mahallesi, Dr. Esat I\u015f\u0131k Cd. 66\/11, 34710 Kad\u0131k\u00f6y\/\u0130stanbul<br \/>\nOuvert les samedis de 9h30 \u00e0 16h30.[\/vc_column_text][vc_single_image image=&#8221;3168&#8243; img_size=&#8221;full&#8221; css=&#8221;.vc_custom_1536332128833{margin-bottom: -150px !important;padding-bottom: 0px !important;}&#8221;][\/vc_column_inner][\/vc_row_inner][vc_row_inner][vc_column_inner][vc_raw_html]PGRpdiBzdHlsZT0iY2xlYXI6Ym90aDsiPjwvZGl2Pg==[\/vc_raw_html][\/vc_column_inner][\/vc_row_inner][\/vc_column][vc_column width=&#8221;1\/2&#8243; css=&#8221;.vc_custom_1532423887174{margin-top: 0px !important;margin-right: 0px !important;margin-bottom: 0px !important;margin-left: 0px !important;padding-top: 0px !important;padding-right: 0px !important;padding-bottom: 0px !important;padding-left: 0px !important;background-color: #e2e8ce !important;}&#8221;][vc_single_image image=&#8221;2305&#8243; img_size=&#8221;full&#8221; css=&#8221;.vc_custom_1532423780128{margin-top: 0px !important;margin-right: 0px !important;margin-bottom: 0px !important;margin-left: 0px !important;padding-top: 0px !important;padding-right: 0px !important;padding-bottom: 0px !important;padding-left: 0px !important;}&#8221;][vc_row_inner css=&#8221;.vc_custom_1531906969267{margin-top: 0px !important;margin-right: 0px !important;margin-bottom: 0px !important;margin-left: 0px !important;padding-top: 0px !important;padding-right: 0px !important;padding-bottom: 0px !important;padding-left: 0px !important;}&#8221; el_class=&#8221;max_width_600&#8243;][vc_column_inner][vc_column_text css=&#8221;.vc_custom_1532423855964{padding-top: 70px !important;padding-right: 20px !important;padding-bottom: 30px !important;padding-left: 70px !important;}&#8221;]<strong>SUIVEZ, AIMEZ, PARTAGEZ !<\/strong><\/p>\n<p><strong>Facebook :<\/strong>\u00a0<a href=\"https:\/\/www.facebook.com\/InstitutfrancaisdeTurquie\/\">Institutfran\u00e7aisdeTurquie<\/a><\/p>\n<p><a href=\"https:\/\/www.facebook.com\/institutfrancaisistanbul\/\">Institutfran\u00e7aisistanbul<\/a><\/p>\n<p><strong>Instagram :<\/strong>\u00a0<a href=\"https:\/\/www.instagram.com\/institutfrancaisdeturquie\">institutfrancaisdeturquie<\/a><\/p>\n<p><strong>Twitter :<\/strong>\u00a0<a href=\"https:\/\/twitter.com\/ifturquie\">@ifturquie<\/a><\/p>\n<p><strong>Spotify :<\/strong>\u00a0<a href=\"https:\/\/open.spotify.com\/user\/institutfran%C3%A7ais_istanbul\">institutfran\u00e7ais_istanbul<\/a><\/p>\n<p><strong>Youtube :<\/strong>\u00a0<a href=\"https:\/\/www.youtube.com\/channel\/UCNDrvyM4UcAgHyfJ38ETTaw\">Institut fran\u00e7ais de Turquie<\/a><\/p>\n<p><strong>LinkedIn:\u00a0<\/strong><a href=\"https:\/\/www.linkedin.com\/company\/institutfran%C3%A7aisdeturquie\">Institut fran\u00e7ais de Turquie<\/a>[\/vc_column_text][\/vc_column_inner][\/vc_row_inner][vc_row_inner][vc_column_inner][vc_raw_html]PGRpdiBzdHlsZT0iY2xlYXI6Ym90aDsiPjwvZGl2Pg==[\/vc_raw_html][\/vc_column_inner][\/vc_row_inner][\/vc_column][\/vc_row][\/vc_section]<\/p>\n<\/div>","protected":false},"excerpt":{"rendered":"<p>[vc_section css=&#8221;.vc_custom_1615380974265{margin-top: 0px !important;margin-bottom: 0px !important;padding-top: 0px !important;padding-right: 0px !important;padding-bottom: 0px !important;padding-left: 0px !important;}&#8221; el_class=&#8221;container_1110&#8243;][vc_row][vc_column width=&#8221;1\/2&#8243;][vc_row_inner css=&#8221;.vc_custom_1531909257469{margin-top: 0px !important;margin-right: 0px !important;margin-bottom: 0px !important;margin-left: 0px !important;padding-top: 0px !important;padding-right: 0px !important;padding-bottom: 0px !important;padding-left: 0px !important;}&#8221; el_class=&#8221;max_width_600 right_block&#8221;][vc_column_inner][vc_column_text css=&#8221;.vc_custom_1536332093563{margin-top: 45px !important;margin-right: 0px !important;margin-left: 0px !important;padding-right: 120px !important;padding-left: 0px !important;}&#8221;] Infos pratiques [\/vc_column_text][\/vc_column_inner][\/vc_row_inner][vc_row_inner css=&#8221;.vc_custom_1531909257469{margin-top: 0px !important;margin-right: 0px !important;margin-bottom: 0px [&hellip;]<\/p>\n","protected":false},"author":2,"featured_media":0,"parent":4877,"menu_order":0,"comment_status":"closed","ping_status":"closed","template":"new-page-template.php","meta":{"_acf_changed":false,"h5ap_radio_sources":[],"footnotes":""},"class_list":["post-3796","page","type-page","status-publish","hentry"],"acf":[],"_links":{"self":[{"href":"https:\/\/www.ifturquie.org\/fr\/wp-json\/wp\/v2\/pages\/3796","targetHints":{"allow":["GET"]}}],"collection":[{"href":"https:\/\/www.ifturquie.org\/fr\/wp-json\/wp\/v2\/pages"}],"about":[{"href":"https:\/\/www.ifturquie.org\/fr\/wp-json\/wp\/v2\/types\/page"}],"author":[{"embeddable":true,"href":"https:\/\/www.ifturquie.org\/fr\/wp-json\/wp\/v2\/users\/2"}],"replies":[{"embeddable":true,"href":"https:\/\/www.ifturquie.org\/fr\/wp-json\/wp\/v2\/comments?post=3796"}],"version-history":[{"count":8,"href":"https:\/\/www.ifturquie.org\/fr\/wp-json\/wp\/v2\/pages\/3796\/revisions"}],"predecessor-version":[{"id":28606,"href":"https:\/\/www.ifturquie.org\/fr\/wp-json\/wp\/v2\/pages\/3796\/revisions\/28606"}],"up":[{"embeddable":true,"href":"https:\/\/www.ifturquie.org\/fr\/wp-json\/wp\/v2\/pages\/4877"}],"wp:attachment":[{"href":"https:\/\/www.ifturquie.org\/fr\/wp-json\/wp\/v2\/media?parent=3796"}],"curies":[{"name":"wp","href":"https:\/\/api.w.org\/{rel}","templated":true}]}}