{"id":3794,"date":"2018-09-21T15:49:47","date_gmt":"2018-09-21T12:49:47","guid":{"rendered":"http:\/\/www.ifturquie.org\/istanbul\/mediatheque\/catalogue-en-ligne\/"},"modified":"2021-03-10T16:11:21","modified_gmt":"2021-03-10T13:11:21","slug":"catalogue-en-ligne","status":"publish","type":"page","link":"https:\/\/www.ifturquie.org\/fr\/istanbul\/mediatheque\/catalogue-en-ligne\/","title":{"rendered":"Catalogue en ligne et acc\u00e8s \u00e0 votre compte"},"content":{"rendered":"<div class=\"wpb-content-wrapper\"><p>[vc_section css=&#8221;.vc_custom_1615381869164{margin-top: 0px !important;margin-bottom: 0px !important;padding-top: 0px !important;padding-right: 0px !important;padding-bottom: 0px !important;padding-left: 0px !important;}&#8221; el_class=&#8221;container_1110&#8243;][vc_row][vc_column width=&#8221;1\/2&#8243;][vc_row_inner css=&#8221;.vc_custom_1531909257469{margin-top: 0px !important;margin-right: 0px !important;margin-bottom: 0px !important;margin-left: 0px !important;padding-top: 0px !important;padding-right: 0px !important;padding-bottom: 0px !important;padding-left: 0px !important;}&#8221; el_class=&#8221;max_width_600 right_block&#8221;][vc_column_inner][vc_column_text css=&#8221;.vc_custom_1552470896659{margin-top: 45px !important;margin-right: 0px !important;margin-left: 0px !important;padding-right: 120px !important;padding-left: 0px !important;}&#8221;]<\/p>\n<h1 class=\"entry-title\">Catalogue en ligne et acc\u00e8s \u00e0 votre compte<\/h1>\n<p>[\/vc_column_text][\/vc_column_inner][\/vc_row_inner][vc_row_inner css=&#8221;.vc_custom_1531909257469{margin-top: 0px !important;margin-right: 0px !important;margin-bottom: 0px !important;margin-left: 0px !important;padding-top: 0px !important;padding-right: 0px !important;padding-bottom: 0px !important;padding-left: 0px !important;}&#8221; el_class=&#8221;max_width_600 right_block&#8221;][vc_column_inner][vc_column_text css=&#8221;.vc_custom_1552471106307{margin-top: 0px !important;margin-right: 0px !important;margin-left: 0px !important;padding-right: 120px !important;padding-left: 0px !important;}&#8221;]Le Catalogue complet des fonds de la&nbsp;m\u00e9diath\u00e8que&nbsp;est consultable en ligne, sur<\/p>\n<p><a href=\"http:\/\/ifturquie.bibenligne.fr\/\">http:\/\/ifturquie.bibenligne.fr\/<\/a><\/p>\n<p>Vous pouvez effectuer des recherches simples (auteur, titre\u2026) ou avanc\u00e9es.<\/p>\n<p>Vous pouvez aussi acc\u00e9der \u00e0 votre propre compte pour r\u00e9server des documents ou bien prolonger vos emprunts (une prolongation par document et avant la fin de la date de retour).<\/p>\n<p>Astuce : ce site \u00e9tant commun aux 3 biblioth\u00e8ques de l\u2019Institut Fran\u00e7ais de Turquie (Ankara, \u0130stanbul, \u0130zmir)&nbsp;<strong>n\u2019oubliez pas de s\u00e9lectionner le \u00ab Catalogue&nbsp;\u00bb dans lequel vous souhaitez effectuer vos recherches c\u2019est-\u00e0-dire \u00ab Istanbul \u00bb.<\/strong><\/p>\n<p>Retards: attention, veillez a bien prolonger vos documents car chaque retard entraine des p\u00e9nalit\u00e9s : 1 TL par document et par semaine.&nbsp;<\/p>\n<p>Il vous suffit pour \u00e9viter les p\u00e9nalit\u00e9s de vous connecter sur votre compte. N&#8217;h\u00e9sitez pas \u00e0 demander de l&#8217;aide \u00e0 vos m\u00e9diath\u00e9caires !<\/p>\n<p><img loading=\"lazy\" decoding=\"async\" class=\"alignnone size-medium wp-image-8201\" src=\"http:\/\/www.ifturquie.org\/wp-content\/uploads\/2019\/03\/les-retards-1-580x464.jpg\" alt=\"\" width=\"580\" height=\"464\" srcset=\"https:\/\/www.ifturquie.org\/wp-content\/uploads\/2019\/03\/les-retards-1-580x464.jpg 580w, https:\/\/www.ifturquie.org\/wp-content\/uploads\/2019\/03\/les-retards-1-768x614.jpg 768w, https:\/\/www.ifturquie.org\/wp-content\/uploads\/2019\/03\/les-retards-1-600x480.jpg 600w, https:\/\/www.ifturquie.org\/wp-content\/uploads\/2019\/03\/les-retards-1.jpg 945w\" sizes=\"auto, (max-width: 580px) 100vw, 580px\" \/>[\/vc_column_text][\/vc_column_inner][\/vc_row_inner][vc_row_inner][vc_column_inner][vc_raw_html]PGRpdiBzdHlsZT0iY2xlYXI6Ym90aDsiPjwvZGl2Pg==[\/vc_raw_html][\/vc_column_inner][\/vc_row_inner][\/vc_column][vc_column width=&#8221;1\/2&#8243; css=&#8221;.vc_custom_1531906725840{margin: 0px !important;padding: 0px !important;background-color: #c693c2 !important;}&#8221;][vc_single_image image=&#8221;8204&#8243; img_size=&#8221;full&#8221; css=&#8221;.vc_custom_1552471135387{margin-top: 0px !important;margin-right: 0px !important;margin-bottom: 0px !important;margin-left: 0px !important;padding-top: 0px !important;padding-right: 0px !important;padding-bottom: 0px !important;padding-left: 0px !important;}&#8221;][\/vc_column][\/vc_row][\/vc_section]<\/p>\n<\/div>","protected":false},"excerpt":{"rendered":"<p>[vc_section css=&#8221;.vc_custom_1615381869164{margin-top: 0px !important;margin-bottom: 0px !important;padding-top: 0px !important;padding-right: 0px !important;padding-bottom: 0px !important;padding-left: 0px !important;}&#8221; el_class=&#8221;container_1110&#8243;][vc_row][vc_column width=&#8221;1\/2&#8243;][vc_row_inner css=&#8221;.vc_custom_1531909257469{margin-top: 0px !important;margin-right: 0px !important;margin-bottom: 0px !important;margin-left: 0px !important;padding-top: 0px !important;padding-right: 0px !important;padding-bottom: 0px !important;padding-left: 0px !important;}&#8221; el_class=&#8221;max_width_600 right_block&#8221;][vc_column_inner][vc_column_text css=&#8221;.vc_custom_1552470896659{margin-top: 45px !important;margin-right: 0px !important;margin-left: 0px !important;padding-right: 120px !important;padding-left: 0px !important;}&#8221;] Catalogue en ligne et acc\u00e8s \u00e0 votre compte [\/vc_column_text][\/vc_column_inner][\/vc_row_inner][vc_row_inner [&hellip;]<\/p>\n","protected":false},"author":2,"featured_media":0,"parent":3785,"menu_order":0,"comment_status":"closed","ping_status":"closed","template":"new-page-template.php","meta":{"_acf_changed":false,"h5ap_radio_sources":[],"footnotes":""},"class_list":["post-3794","page","type-page","status-publish","hentry"],"acf":[],"_links":{"self":[{"href":"https:\/\/www.ifturquie.org\/fr\/wp-json\/wp\/v2\/pages\/3794","targetHints":{"allow":["GET"]}}],"collection":[{"href":"https:\/\/www.ifturquie.org\/fr\/wp-json\/wp\/v2\/pages"}],"about":[{"href":"https:\/\/www.ifturquie.org\/fr\/wp-json\/wp\/v2\/types\/page"}],"author":[{"embeddable":true,"href":"https:\/\/www.ifturquie.org\/fr\/wp-json\/wp\/v2\/users\/2"}],"replies":[{"embeddable":true,"href":"https:\/\/www.ifturquie.org\/fr\/wp-json\/wp\/v2\/comments?post=3794"}],"version-history":[{"count":3,"href":"https:\/\/www.ifturquie.org\/fr\/wp-json\/wp\/v2\/pages\/3794\/revisions"}],"predecessor-version":[{"id":16929,"href":"https:\/\/www.ifturquie.org\/fr\/wp-json\/wp\/v2\/pages\/3794\/revisions\/16929"}],"up":[{"embeddable":true,"href":"https:\/\/www.ifturquie.org\/fr\/wp-json\/wp\/v2\/pages\/3785"}],"wp:attachment":[{"href":"https:\/\/www.ifturquie.org\/fr\/wp-json\/wp\/v2\/media?parent=3794"}],"curies":[{"name":"wp","href":"https:\/\/api.w.org\/{rel}","templated":true}]}}