{"id":3792,"date":"2018-09-21T15:48:51","date_gmt":"2018-09-21T12:48:51","guid":{"rendered":"http:\/\/www.ifturquie.org\/istanbul\/mediatheque\/animations\/"},"modified":"2024-01-20T15:10:31","modified_gmt":"2024-01-20T12:10:31","slug":"animations","status":"publish","type":"page","link":"https:\/\/www.ifturquie.org\/fr\/istanbul\/mediatheque\/animations\/","title":{"rendered":"Nos animations"},"content":{"rendered":"<div class=\"wpb-content-wrapper\"><p>[vc_section css=&#8221;.vc_custom_1615381155561{margin-top: 0px !important;margin-bottom: 0px !important;padding-top: 0px !important;padding-right: 0px !important;padding-bottom: 0px !important;padding-left: 0px !important;}&#8221; el_class=&#8221;container_1110&#8243;][vc_row][vc_column width=&#8221;1\/2&#8243;][vc_video link=&#8221;https:\/\/www.youtube.com\/watch?v=ATaqXUQhMqg&amp;list=PLzb-B4PBGzmYADExTbAgN7g8WBLNT5M6m&amp;index=5&#8243; title=&#8221;Regardez nos vid\u00e9os sur YouTube !&#8221;][vc_column_text]<\/p>\n<h3 style=\"text-align: left;\" align=\"right\">Spectacle de marionnettes et heure du conte<\/h3>\n<p style=\"text-align: left;\" align=\"right\"><b>De septembre au mois de juin \/\/ M\u00e9diath\u00e8que \/\/ + de 3 ans &#8211; Chaque mercredi \u00e0 15h30 pour les marionnettes et chaque samedi \u00e0 11h30 pour l&#8217;heure du conte \/\/ + de 4 ans<\/b><\/p>\n<p style=\"text-align: left;\" align=\"right\">Une histoire\u00a0 cont\u00e9e par les marionnettes de la m\u00e9diath\u00e8que !<\/p>\n<p style=\"text-align: left;\" align=\"right\">Sans inscription.<\/p>\n<p style=\"text-align: left;\" align=\"right\">Les activit\u00e9s de la m\u00e9diath\u00e8que sont r\u00e9serv\u00e9s aux abonn\u00e9s. Pour obtenir votre carte de membre <a href=\"mediatheque.istanbul@ifturquie.org\">contactez<\/a> l&#8217;\u00e9quipe de la m\u00e9diath\u00e8que.<\/p>\n<p style=\"text-align: left;\" align=\"right\"><img loading=\"lazy\" decoding=\"async\" class=\"alignnone size-medium wp-image-24132\" src=\"https:\/\/www.ifturquie.org\/wp-content\/uploads\/2022\/07\/BD9C69D1-6CB3-468D-A9A5-D88B3E36EFD9-464x464.jpg\" alt=\"\" width=\"464\" height=\"464\" srcset=\"https:\/\/www.ifturquie.org\/wp-content\/uploads\/2022\/07\/BD9C69D1-6CB3-468D-A9A5-D88B3E36EFD9-464x464.jpg 464w, https:\/\/www.ifturquie.org\/wp-content\/uploads\/2022\/07\/BD9C69D1-6CB3-468D-A9A5-D88B3E36EFD9-1024x1024.jpg 1024w, https:\/\/www.ifturquie.org\/wp-content\/uploads\/2022\/07\/BD9C69D1-6CB3-468D-A9A5-D88B3E36EFD9-768x768.jpg 768w, https:\/\/www.ifturquie.org\/wp-content\/uploads\/2022\/07\/BD9C69D1-6CB3-468D-A9A5-D88B3E36EFD9-1320x1320.jpg 1320w, https:\/\/www.ifturquie.org\/wp-content\/uploads\/2022\/07\/BD9C69D1-6CB3-468D-A9A5-D88B3E36EFD9-300x300.jpg 300w, https:\/\/www.ifturquie.org\/wp-content\/uploads\/2022\/07\/BD9C69D1-6CB3-468D-A9A5-D88B3E36EFD9-600x600.jpg 600w, https:\/\/www.ifturquie.org\/wp-content\/uploads\/2022\/07\/BD9C69D1-6CB3-468D-A9A5-D88B3E36EFD9-100x100.jpg 100w, https:\/\/www.ifturquie.org\/wp-content\/uploads\/2022\/07\/BD9C69D1-6CB3-468D-A9A5-D88B3E36EFD9.jpg 1440w\" sizes=\"auto, (max-width: 464px) 100vw, 464px\" \/><\/p>\n<p style=\"text-align: left;\" align=\"right\"><img loading=\"lazy\" decoding=\"async\" class=\"alignnone wp-image-26259\" src=\"https:\/\/www.ifturquie.org\/wp-content\/uploads\/2023\/01\/marionnettes-2-pro-696x464.jpg\" alt=\"\" width=\"466\" height=\"311\" srcset=\"https:\/\/www.ifturquie.org\/wp-content\/uploads\/2023\/01\/marionnettes-2-pro-696x464.jpg 696w, https:\/\/www.ifturquie.org\/wp-content\/uploads\/2023\/01\/marionnettes-2-pro-1024x683.jpg 1024w, https:\/\/www.ifturquie.org\/wp-content\/uploads\/2023\/01\/marionnettes-2-pro-348x232.jpg 348w, https:\/\/www.ifturquie.org\/wp-content\/uploads\/2023\/01\/marionnettes-2-pro-768x512.jpg 768w, https:\/\/www.ifturquie.org\/wp-content\/uploads\/2023\/01\/marionnettes-2-pro-1536x1024.jpg 1536w, https:\/\/www.ifturquie.org\/wp-content\/uploads\/2023\/01\/marionnettes-2-pro-2048x1365.jpg 2048w, https:\/\/www.ifturquie.org\/wp-content\/uploads\/2023\/01\/marionnettes-2-pro-1320x880.jpg 1320w, https:\/\/www.ifturquie.org\/wp-content\/uploads\/2023\/01\/marionnettes-2-pro-600x400.jpg 600w\" sizes=\"auto, (max-width: 466px) 100vw, 466px\" \/><\/p>\n<p align=\"right\"><img loading=\"lazy\" decoding=\"async\" class=\" wp-image-30281 alignleft\" src=\"https:\/\/www.ifturquie.org\/wp-content\/uploads\/2024\/01\/Tipi_1-464x464.jpg\" alt=\"\" width=\"424\" height=\"424\" srcset=\"https:\/\/www.ifturquie.org\/wp-content\/uploads\/2024\/01\/Tipi_1-464x464.jpg 464w, https:\/\/www.ifturquie.org\/wp-content\/uploads\/2024\/01\/Tipi_1-1024x1024.jpg 1024w, https:\/\/www.ifturquie.org\/wp-content\/uploads\/2024\/01\/Tipi_1-768x768.jpg 768w, https:\/\/www.ifturquie.org\/wp-content\/uploads\/2024\/01\/Tipi_1-300x300.jpg 300w, https:\/\/www.ifturquie.org\/wp-content\/uploads\/2024\/01\/Tipi_1-600x600.jpg 600w, https:\/\/www.ifturquie.org\/wp-content\/uploads\/2024\/01\/Tipi_1-100x100.jpg 100w, https:\/\/www.ifturquie.org\/wp-content\/uploads\/2024\/01\/Tipi_1.jpg 1080w\" sizes=\"auto, (max-width: 424px) 100vw, 424px\" \/><\/p>\n<p>[\/vc_column_text][\/vc_column][vc_column width=&#8221;1\/2&#8243;][vc_column_text]<\/p>\n<h3 style=\"text-align: left;\" align=\"right\">Micro folie <img loading=\"lazy\" decoding=\"async\" class=\"size-medium wp-image-26252 alignleft\" src=\"https:\/\/www.ifturquie.org\/wp-content\/uploads\/2023\/01\/Microfolie-pro-2-696x464.jpg\" alt=\"\" width=\"696\" height=\"464\" srcset=\"https:\/\/www.ifturquie.org\/wp-content\/uploads\/2023\/01\/Microfolie-pro-2-696x464.jpg 696w, https:\/\/www.ifturquie.org\/wp-content\/uploads\/2023\/01\/Microfolie-pro-2-1024x683.jpg 1024w, https:\/\/www.ifturquie.org\/wp-content\/uploads\/2023\/01\/Microfolie-pro-2-348x232.jpg 348w, https:\/\/www.ifturquie.org\/wp-content\/uploads\/2023\/01\/Microfolie-pro-2-768x512.jpg 768w, https:\/\/www.ifturquie.org\/wp-content\/uploads\/2023\/01\/Microfolie-pro-2-1536x1024.jpg 1536w, https:\/\/www.ifturquie.org\/wp-content\/uploads\/2023\/01\/Microfolie-pro-2-2048x1365.jpg 2048w, https:\/\/www.ifturquie.org\/wp-content\/uploads\/2023\/01\/Microfolie-pro-2-1320x880.jpg 1320w, https:\/\/www.ifturquie.org\/wp-content\/uploads\/2023\/01\/Microfolie-pro-2-600x400.jpg 600w\" sizes=\"auto, (max-width: 696px) 100vw, 696px\" \/><\/h3>\n<p style=\"text-align: left;\" align=\"right\">Venez librement, seul ou en famille, d\u00e9couvrir les chefs d\u2019\u0153uvres les collections des grands mus\u00e9es fran\u00e7ais tels que le Louvre, le mus\u00e9e d\u2019Orsay ou le Ch\u00e2teau de Versailles pour ne citer qu\u2019eux, num\u00e9ris\u00e9s en tr\u00e8s haute d\u00e9finition \u00e0 la m\u00e9diath\u00e8que.<\/p>\n<p>Pour pr\u00e9parer votre visite ou pour plus d\u2019informations :\u00a0<a href=\"mailto:mediatheque.istanbul@ifturquie.org\">mediatheque.istanbul@ifturquie.org<\/a><\/p>\n<p>12h &#8211; 16h[\/vc_column_text][vc_column_text]<\/p>\n<h3 style=\"text-align: left;\" align=\"right\">Exp\u00e9rience de r\u00e9alit\u00e9 virtuelle<\/h3>\n<p><img loading=\"lazy\" decoding=\"async\" class=\"alignnone size-medium wp-image-26250\" src=\"https:\/\/www.ifturquie.org\/wp-content\/uploads\/2023\/01\/vr-pro-2-petit-format-696x464.jpg\" alt=\"\" width=\"696\" height=\"464\" srcset=\"https:\/\/www.ifturquie.org\/wp-content\/uploads\/2023\/01\/vr-pro-2-petit-format-696x464.jpg 696w, https:\/\/www.ifturquie.org\/wp-content\/uploads\/2023\/01\/vr-pro-2-petit-format-1024x683.jpg 1024w, https:\/\/www.ifturquie.org\/wp-content\/uploads\/2023\/01\/vr-pro-2-petit-format-348x232.jpg 348w, https:\/\/www.ifturquie.org\/wp-content\/uploads\/2023\/01\/vr-pro-2-petit-format-768x512.jpg 768w, https:\/\/www.ifturquie.org\/wp-content\/uploads\/2023\/01\/vr-pro-2-petit-format-1320x880.jpg 1320w, https:\/\/www.ifturquie.org\/wp-content\/uploads\/2023\/01\/vr-pro-2-petit-format-600x400.jpg 600w, https:\/\/www.ifturquie.org\/wp-content\/uploads\/2023\/01\/vr-pro-2-petit-format.jpg 1341w\" sizes=\"auto, (max-width: 696px) 100vw, 696px\" \/><\/p>\n<p>La m\u00e9diath\u00e8que de l\u2019Institut fran\u00e7ais \u2013 Antenne d\u2019Istanbul proposera bient\u00f4t une s\u00e9lection d\u2019exp\u00e9riences en r\u00e9alit\u00e9 augment\u00e9e\u00a0 gr\u00e2ce au casque VR.<br \/>\nVous pourrez ainsi d\u00e9couvrir des lieux inscrits au Patrimoine mondial de l\u2019UNESCO ainsi que d\u2019autres \u0153uvres et documentaires pr\u00e9sent\u00e9s au public par le mus\u00e9e du Louvre ou du quai d\u2019Orsay.<br \/>\nVenez explorer les dessins, fresques et gravures datant de 36.000 ans de la grotte de Chauvet ou bien les derniers secrets de Mona Lisa, en immersion !<\/p>\n<p>Pour toute question, veuillez \u00e9crire \u00e0 : <strong><a href=\"mailto:mediatheque.istanbul@ifturquie.org\">mediatheque.istanbul@ifturquie.org<\/a><br \/>\n<\/strong><\/p>\n<p>Prochaines dates de l\u2019\u00e9v\u00e9nement : a venir ![\/vc_column_text][vc_column_text]<\/p>\n<h3 style=\"text-align: left;\" align=\"right\">La boite <strong>\u00e0<\/strong> livres !<\/h3>\n<p><img loading=\"lazy\" decoding=\"async\" class=\"wp-image-24146 alignleft\" src=\"https:\/\/www.ifturquie.org\/wp-content\/uploads\/2022\/07\/Boite-a-livre2-619x464.jpg\" alt=\"\" width=\"447\" height=\"335\" srcset=\"https:\/\/www.ifturquie.org\/wp-content\/uploads\/2022\/07\/Boite-a-livre2-619x464.jpg 619w, https:\/\/www.ifturquie.org\/wp-content\/uploads\/2022\/07\/Boite-a-livre2-1024x768.jpg 1024w, https:\/\/www.ifturquie.org\/wp-content\/uploads\/2022\/07\/Boite-a-livre2-768x576.jpg 768w, https:\/\/www.ifturquie.org\/wp-content\/uploads\/2022\/07\/Boite-a-livre2-1536x1152.jpg 1536w, https:\/\/www.ifturquie.org\/wp-content\/uploads\/2022\/07\/Boite-a-livre2-2048x1536.jpg 2048w, https:\/\/www.ifturquie.org\/wp-content\/uploads\/2022\/07\/Boite-a-livre2-1320x990.jpg 1320w, https:\/\/www.ifturquie.org\/wp-content\/uploads\/2022\/07\/Boite-a-livre2-600x450.jpg 600w\" sizes=\"auto, (max-width: 447px) 100vw, 447px\" \/><\/p>\n<p>&nbsp;<\/p>\n<p><strong>L\u2019Institut fran\u00e7ais-antenne d\u2019Istanbul a le plaisir de vous annoncer qu&#8217;une boite \u00e0 livres est accessible au sein de l\u2019Institut !<\/strong><\/p>\n<p>&nbsp;<\/p>\n<p><strong>Une bo\u00eete \u00e0 livres, qu\u2019est-ce que c\u2019est ?<\/strong><\/p>\n<p>&nbsp;<\/p>\n<p>Bas\u00e9 sur l\u2019\u00e9change et le partage, le principe de la bo\u00eete \u00e0 livres est simple : pour prendre un livre, il faut en d\u00e9poser un (en bon \u00e9tat). L\u2019objectif de la bo\u00eete \u00e0 livres, c\u2019est de donner une seconde vie aux livres que vous avez lus, et d\u2019en faire profiter d\u2019autres lecteurs.<\/p>\n<p>&nbsp;<\/p>\n<p>Bonne lecture ![\/vc_column_text][\/vc_column][\/vc_row][\/vc_section]<\/p>\n<\/div>","protected":false},"excerpt":{"rendered":"<p>[vc_section css=&#8221;.vc_custom_1615381155561{margin-top: 0px !important;margin-bottom: 0px !important;padding-top: 0px !important;padding-right: 0px !important;padding-bottom: 0px !important;padding-left: 0px !important;}&#8221; el_class=&#8221;container_1110&#8243;][vc_row][vc_column width=&#8221;1\/2&#8243;][vc_video link=&#8221;https:\/\/www.youtube.com\/watch?v=ATaqXUQhMqg&amp;list=PLzb-B4PBGzmYADExTbAgN7g8WBLNT5M6m&amp;index=5&#8243; title=&#8221;Regardez nos vid\u00e9os sur YouTube !&#8221;][vc_column_text] Spectacle de marionnettes et heure du conte De septembre au mois de juin \/\/ M\u00e9diath\u00e8que \/\/ + de 3 ans &#8211; Chaque mercredi \u00e0 15h30 pour les marionnettes et chaque samedi \u00e0 [&hellip;]<\/p>\n","protected":false},"author":2,"featured_media":0,"parent":3785,"menu_order":0,"comment_status":"closed","ping_status":"closed","template":"new-page-template.php","meta":{"_acf_changed":false,"h5ap_radio_sources":[],"footnotes":""},"class_list":["post-3792","page","type-page","status-publish","hentry"],"acf":[],"_links":{"self":[{"href":"https:\/\/www.ifturquie.org\/fr\/wp-json\/wp\/v2\/pages\/3792","targetHints":{"allow":["GET"]}}],"collection":[{"href":"https:\/\/www.ifturquie.org\/fr\/wp-json\/wp\/v2\/pages"}],"about":[{"href":"https:\/\/www.ifturquie.org\/fr\/wp-json\/wp\/v2\/types\/page"}],"author":[{"embeddable":true,"href":"https:\/\/www.ifturquie.org\/fr\/wp-json\/wp\/v2\/users\/2"}],"replies":[{"embeddable":true,"href":"https:\/\/www.ifturquie.org\/fr\/wp-json\/wp\/v2\/comments?post=3792"}],"version-history":[{"count":125,"href":"https:\/\/www.ifturquie.org\/fr\/wp-json\/wp\/v2\/pages\/3792\/revisions"}],"predecessor-version":[{"id":30323,"href":"https:\/\/www.ifturquie.org\/fr\/wp-json\/wp\/v2\/pages\/3792\/revisions\/30323"}],"up":[{"embeddable":true,"href":"https:\/\/www.ifturquie.org\/fr\/wp-json\/wp\/v2\/pages\/3785"}],"wp:attachment":[{"href":"https:\/\/www.ifturquie.org\/fr\/wp-json\/wp\/v2\/media?parent=3792"}],"curies":[{"name":"wp","href":"https:\/\/api.w.org\/{rel}","templated":true}]}}