{"id":3788,"date":"2018-09-21T15:41:01","date_gmt":"2018-09-21T12:41:01","guid":{"rendered":"http:\/\/www.ifturquie.org\/istanbul\/mediatheque\/culturetheque\/"},"modified":"2021-03-10T15:58:44","modified_gmt":"2021-03-10T12:58:44","slug":"culturetheque","status":"publish","type":"page","link":"https:\/\/www.ifturquie.org\/fr\/istanbul\/mediatheque\/culturetheque\/","title":{"rendered":"Cultureth\u00e8que"},"content":{"rendered":"<div class=\"wpb-content-wrapper\"><p>[vc_section css=&#8221;.vc_custom_1615381117061{margin-top: 0px !important;margin-bottom: 0px !important;padding-top: 0px !important;padding-right: 0px !important;padding-bottom: 0px !important;padding-left: 0px !important;}&#8221; el_class=&#8221;container_1110&#8243;][vc_row][vc_column width=&#8221;1\/2&#8243;][vc_row_inner css=&#8221;.vc_custom_1531909257469{margin-top: 0px !important;margin-right: 0px !important;margin-bottom: 0px !important;margin-left: 0px !important;padding-top: 0px !important;padding-right: 0px !important;padding-bottom: 0px !important;padding-left: 0px !important;}&#8221; el_class=&#8221;max_width_600 right_block&#8221;][vc_column_inner][vc_custom_heading text=&#8221;Cultureth\u00e8que&#8221; google_fonts=&#8221;font_family:Montserrat%3Aregular%2C700|font_style:700%20bold%20regular%3A700%3Anormal&#8221; link=&#8221;|||&#8221; css=&#8221;.vc_custom_1537533560943{margin-top: 45px !important;}&#8221;][vc_column_text css=&#8221;.vc_custom_1532617561492{margin-top: 45px !important;margin-right: 0px !important;margin-left: 0px !important;padding-right: 120px !important;padding-left: 0px !important;}&#8221;]<strong>T\u00e9l\u00e9chargez des livres \u00e9lectroniques et des audiolivres depuis chez vous !<\/strong><\/p>\n<p>Cultureth\u00e8que est une biblioth\u00e8que num\u00e9rique destin\u00e9e aux francophones et aux apprenants de fran\u00e7ais. C\u2019est un service compl\u00e9mentaire des biblioth\u00e8ques de l\u2019Institut fran\u00e7ais de Turquie.[\/vc_column_text][\/vc_column_inner][\/vc_row_inner][vc_row_inner][vc_column_inner][vc_raw_html]PGRpdiBzdHlsZT0iY2xlYXI6Ym90aDsiPjwvZGl2Pg==[\/vc_raw_html][\/vc_column_inner][\/vc_row_inner][\/vc_column][vc_column width=&#8221;1\/2&#8243; css=&#8221;.vc_custom_1532016235245{margin-top: 0px !important;margin-right: 0px !important;margin-bottom: 0px !important;margin-left: 0px !important;padding-top: 0px !important;padding-right: 0px !important;padding-bottom: 0px !important;padding-left: 0px !important;background-color: #d8cdcb !important;}&#8221;][vc_single_image image=&#8221;2425&#8243; img_size=&#8221;full&#8221; css=&#8221;.vc_custom_1532617533821{margin-top: 0px !important;margin-right: 0px !important;margin-bottom: 0px !important;margin-left: 0px !important;padding-top: 0px !important;padding-right: 0px !important;padding-bottom: 0px !important;padding-left: 0px !important;}&#8221;][vc_row_inner css=&#8221;.vc_custom_1531906969267{margin-top: 0px !important;margin-right: 0px !important;margin-bottom: 0px !important;margin-left: 0px !important;padding-top: 0px !important;padding-right: 0px !important;padding-bottom: 0px !important;padding-left: 0px !important;}&#8221; el_class=&#8221;max_width_600&#8243;][vc_column_inner][vc_custom_heading text=&#8221;&#8221; font_container=&#8221;tag:h2|font_size:30|text_align:left|color:%237d7d7d&#8221; google_fonts=&#8221;font_family:Montserrat%3Aregular%2C700|font_style:700%20bold%20regular%3A700%3Anormal&#8221; css=&#8221;.vc_custom_1532357019989{margin-top: 45px !important;margin-right: 0px !important;margin-bottom: 45px !important;margin-left: 0px !important;padding-right: 0px !important;padding-left: 70px !important;}&#8221;][vc_column_text css=&#8221;.vc_custom_1532357008518{padding-top: 0px !important;padding-right: 20px !important;padding-bottom: 30px !important;padding-left: 70px !important;}&#8221;]<strong>Acc\u00e9dez d\u2019un simple clic \u00e0 des milliers de sources en fran\u00e7ais gr\u00e2ce \u00e0 la biblioth\u00e8que num\u00e9rique et am\u00e9liorez votre fran\u00e7ais !<\/strong><\/p>\n<p>D\u2019un simple clic sur votre t\u00e9l\u00e9phone, votre ordinateur ou votre tablette, vous pouvez lire des journaux, des magazines et des livres num\u00e9riques en fran\u00e7ais, ou m\u00eame regarder un dessin anim\u00e9 et \u00e9couter de la musique. Des milliers de livres, magazines, films, animations et musiques pour toutes les cat\u00e9gories d\u2019\u00e2ge et tous les niveaux vous attendent \u00e0 la Cultureth\u00e8que.<\/p>\n<p><strong>Abonnez-vous facilement \u00e0 la Cultureth\u00e8que pour acc\u00e9der \u00e0 tous les documents !<\/strong><\/p>\n<p>Acc\u00e9dez \u00e0 l\u2019adresse\u00a0<a href=\"http:\/\/www.culturetheque.com\/\">www.culturetheque.com<\/a>\u00a0pour d\u00e9buter votre essai gratuit de 3 semaines. \u00c0 l\u2019expiration de cette p\u00e9riode, si vous souhaitez poursuivre votre abonnement, vous devez vous inscrire \u00e0 notre m\u00e9diath\u00e8que.[\/vc_column_text][\/vc_column_inner][\/vc_row_inner][vc_row_inner][vc_column_inner][vc_raw_html]PGRpdiBzdHlsZT0iY2xlYXI6Ym90aDsiPjwvZGl2Pg==[\/vc_raw_html][\/vc_column_inner][\/vc_row_inner][\/vc_column][\/vc_row][\/vc_section]<\/p>\n<\/div>","protected":false},"excerpt":{"rendered":"<p>[vc_section css=&#8221;.vc_custom_1615381117061{margin-top: 0px !important;margin-bottom: 0px !important;padding-top: 0px !important;padding-right: 0px !important;padding-bottom: 0px !important;padding-left: 0px !important;}&#8221; el_class=&#8221;container_1110&#8243;][vc_row][vc_column width=&#8221;1\/2&#8243;][vc_row_inner css=&#8221;.vc_custom_1531909257469{margin-top: 0px !important;margin-right: 0px !important;margin-bottom: 0px !important;margin-left: 0px !important;padding-top: 0px !important;padding-right: 0px !important;padding-bottom: 0px !important;padding-left: 0px !important;}&#8221; el_class=&#8221;max_width_600 right_block&#8221;][vc_column_inner][vc_custom_heading text=&#8221;Cultureth\u00e8que&#8221; google_fonts=&#8221;font_family:Montserrat%3Aregular%2C700|font_style:700%20bold%20regular%3A700%3Anormal&#8221; link=&#8221;|||&#8221; css=&#8221;.vc_custom_1537533560943{margin-top: 45px !important;}&#8221;][vc_column_text css=&#8221;.vc_custom_1532617561492{margin-top: 45px !important;margin-right: 0px !important;margin-left: 0px !important;padding-right: 120px !important;padding-left: 0px !important;}&#8221;]T\u00e9l\u00e9chargez des livres \u00e9lectroniques [&hellip;]<\/p>\n","protected":false},"author":2,"featured_media":0,"parent":3785,"menu_order":0,"comment_status":"closed","ping_status":"closed","template":"new-page-template.php","meta":{"_acf_changed":false,"h5ap_radio_sources":[],"footnotes":""},"class_list":["post-3788","page","type-page","status-publish","hentry"],"acf":[],"_links":{"self":[{"href":"https:\/\/www.ifturquie.org\/fr\/wp-json\/wp\/v2\/pages\/3788","targetHints":{"allow":["GET"]}}],"collection":[{"href":"https:\/\/www.ifturquie.org\/fr\/wp-json\/wp\/v2\/pages"}],"about":[{"href":"https:\/\/www.ifturquie.org\/fr\/wp-json\/wp\/v2\/types\/page"}],"author":[{"embeddable":true,"href":"https:\/\/www.ifturquie.org\/fr\/wp-json\/wp\/v2\/users\/2"}],"replies":[{"embeddable":true,"href":"https:\/\/www.ifturquie.org\/fr\/wp-json\/wp\/v2\/comments?post=3788"}],"version-history":[{"count":2,"href":"https:\/\/www.ifturquie.org\/fr\/wp-json\/wp\/v2\/pages\/3788\/revisions"}],"predecessor-version":[{"id":16927,"href":"https:\/\/www.ifturquie.org\/fr\/wp-json\/wp\/v2\/pages\/3788\/revisions\/16927"}],"up":[{"embeddable":true,"href":"https:\/\/www.ifturquie.org\/fr\/wp-json\/wp\/v2\/pages\/3785"}],"wp:attachment":[{"href":"https:\/\/www.ifturquie.org\/fr\/wp-json\/wp\/v2\/media?parent=3788"}],"curies":[{"name":"wp","href":"https:\/\/api.w.org\/{rel}","templated":true}]}}