{"id":3777,"date":"2018-09-21T14:48:43","date_gmt":"2018-09-21T11:48:43","guid":{"rendered":"http:\/\/www.ifturquie.org\/istanbul\/offres-de-cours\/"},"modified":"2024-07-24T14:15:15","modified_gmt":"2024-07-24T11:15:15","slug":"offres-de-cours","status":"publish","type":"page","link":"https:\/\/www.ifturquie.org\/fr\/istanbul\/offres-de-cours\/","title":{"rendered":"Cours"},"content":{"rendered":"<div class=\"wpb-content-wrapper\"><p>[vc_section css=&#8221;.vc_custom_1615380213855{margin-top: 0px !important;margin-bottom: 0px !important;padding-top: 0px !important;padding-right: 0px !important;padding-bottom: 0px !important;padding-left: 0px !important;}&#8221; el_class=&#8221;container_1110&#8243;][vc_row content_placement=&#8221;bottom&#8221; css=&#8221;.vc_custom_1551089665050{margin-top: 0px !important;margin-right: 0px !important;margin-bottom: 0px !important;margin-left: 0px !important;padding-top: 0px !important;padding-right: 0px !important;padding-bottom: 0px !important;padding-left: 0px !important;background-color: #1b88c8 !important;}&#8221;][vc_column width=&#8221;1\/2&#8243; css=&#8221;.vc_custom_1536655742525{margin-top: 0px !important;margin-right: 0px !important;margin-bottom: 0px !important;margin-left: 0px !important;padding-top: 0px !important;padding-right: 0px !important;padding-bottom: 0px !important;padding-left: 0px !important;background-color: #1b88c8 !important;}&#8221;][vc_column_text el_class=&#8221;kurs_top_text&#8221; css=&#8221;.vc_custom_1560937661664{margin-bottom: 76px !important;}&#8221;]<span style=\"color: #ffffff;\">L\u2019Institut fran\u00e7ais propose des cours de fran\u00e7ais adapt\u00e9s \u00e0 tous les besoins.<\/span><\/p>\n<p><span style=\"color: #ffffff;\"><strong>Des cours vari\u00e9s<br \/>\n<\/strong>Nous proposons des cours de fran\u00e7ais g\u00e9n\u00e9ral, align\u00e9s sur les niveaux du Cadre europ\u00e9en commun de r\u00e9f\u00e9rence pour les langues (A1, A2, B1, B2, C1, C2), mais aussi des cours de conversation, de fran\u00e7ais professionnel, de pr\u00e9paration aux examens de langue fran\u00e7aise, des cours pour les publics juniors et bien plus encore.<\/span>[\/vc_column_text][\/vc_column][vc_column width=&#8221;1\/2&#8243; css=&#8221;.vc_custom_1536655721450{margin: 0px !important;padding: 0px !important;}&#8221;][vc_single_image image=&#8221;2777&#8243; img_size=&#8221;large&#8221; alignment=&#8221;right&#8221; css=&#8221;.vc_custom_1551089706919{margin-top: 0px !important;margin-right: 0px !important;margin-bottom: 0px !important;margin-left: 0px !important;padding-top: 0px !important;padding-right: 0px !important;padding-bottom: 0px !important;padding-left: 0px !important;}&#8221;][\/vc_column][\/vc_row][\/vc_section][vc_section css=&#8221;.vc_custom_1536659492374{margin: 0px !important;padding: 0px !important;}&#8221;][vc_row el_class=&#8221;container_1110&#8243; css=&#8221;.vc_custom_1536659473655{margin-top: 50px !important;}&#8221;][vc_column width=&#8221;1\/2&#8243;][vc_column_text]<strong>Des cours sur mesure<br \/>\n<\/strong>L\u2019Institut cr\u00e9e des cours \u00e0 la carte adapt\u00e9s \u00e0 tous vos besoins linguistiques dans votre vie professionnelle, universitaire ou sociale. Nos cours peuvent \u00eatre collectifs ou individuels.<\/p>\n<p><strong>Des cours en pr\u00e9sentiel ou \u00e0 distance<br \/>\n<\/strong>L\u2019Institut fran\u00e7ais propose des cours en pr\u00e9sentiel ou \u00e0 distance qui vous permettent d\u2019\u00e9tudier o\u00f9 vous voulez et quand vous voulez avec un professeur qui vous accompagne individuellement, s\u2019adapte \u00e0 vos besoins et \u00e0 votre niveau.[\/vc_column_text][\/vc_column][vc_column width=&#8221;1\/2&#8243;][vc_column_text]<strong>Contacts:<\/strong><\/p>\n<div>\n<p><strong>\u0130NST\u0130TUT\u00a0FRAN\u00c7A\u0130S\u00a0\u2013\u00a0TAKS\u0130M<\/strong><br \/>\n<em>T\u00e9l\u00e9phone<\/em> : 0850 755 68 11 \u2013 12 \u2013 13<br \/>\n<em>Courriel<\/em>\u00a0:\u00a0<a href=\"mailto:kurslar.taksim@ifturquie.org\">kurslar.taksim@ifturquie.org<\/a><br \/>\n<em>Adresse\u00a0<\/em>: \u0130stiklal Caddesi\u00a0n\u00b04, Taksim\u00a034435\u00a0\u2013 \u0130stanbul<\/p>\n<p><strong>Horaires d\u2019ouverture du secr\u00e9tariat des cours \u00e0 Taksim :<\/strong><b><br \/>\n<\/b>Du lundi au jeudi: 9h \u2013 13h et 14h \u2013 18h30<br \/>\nVendredi : 9h \u2013 13h et 14h \u2013 17h<br \/>\nSamedi : 10h \u2013 13h et 14h \u2013 16h30<\/p>\n<p><strong>\u0130NST\u0130TUT\u00a0FRAN\u00c7A\u0130S \u2013 Annexe de Kad\u0131k\u00f6y<\/strong><b><br \/>\n<\/b><em>Courriel<\/em>\u00a0:\u00a0<a href=\"mailto:kurslar.kadikoy@ifturquie.org\">kurslar.kadikoy@ifturquie.org<\/a><br \/>\nAdresse : Lyc\u00e9e fran\u00e7ais Saint-Joseph, Cafera\u011fa Mahallesi, Dr. Esat I\u015f\u0131k Cd. 66\/11,<br \/>\n34710 Kad\u0131k\u00f6y \/ \u0130stanbul<\/p>\n<p><strong>Horaires d\u2019ouverture du secr\u00e9tariat des cours \u00e0 Kadik\u00f6y :<\/strong><b><br \/>\n<\/b>Ouvert les samedis de 9h30 \u00e0 13h et de 13h30 \u00e0 16h30<\/p>\n<\/div>\n<p>[\/vc_column_text][\/vc_column][\/vc_row][\/vc_section]<\/p>\n<\/div>","protected":false},"excerpt":{"rendered":"<p>[vc_section css=&#8221;.vc_custom_1615380213855{margin-top: 0px !important;margin-bottom: 0px !important;padding-top: 0px !important;padding-right: 0px !important;padding-bottom: 0px !important;padding-left: 0px !important;}&#8221; el_class=&#8221;container_1110&#8243;][vc_row content_placement=&#8221;bottom&#8221; css=&#8221;.vc_custom_1551089665050{margin-top: 0px !important;margin-right: 0px !important;margin-bottom: 0px !important;margin-left: 0px !important;padding-top: 0px !important;padding-right: 0px !important;padding-bottom: 0px !important;padding-left: 0px !important;background-color: #1b88c8 !important;}&#8221;][vc_column width=&#8221;1\/2&#8243; css=&#8221;.vc_custom_1536655742525{margin-top: 0px !important;margin-right: 0px !important;margin-bottom: 0px !important;margin-left: 0px !important;padding-top: 0px !important;padding-right: 0px !important;padding-bottom: 0px !important;padding-left: 0px !important;background-color: #1b88c8 !important;}&#8221;][vc_column_text [&hellip;]<\/p>\n","protected":false},"author":2,"featured_media":7756,"parent":3771,"menu_order":0,"comment_status":"closed","ping_status":"closed","template":"new-page-template.php","meta":{"_acf_changed":false,"h5ap_radio_sources":[],"footnotes":""},"class_list":["post-3777","page","type-page","status-publish","has-post-thumbnail","hentry"],"acf":[],"_links":{"self":[{"href":"https:\/\/www.ifturquie.org\/fr\/wp-json\/wp\/v2\/pages\/3777","targetHints":{"allow":["GET"]}}],"collection":[{"href":"https:\/\/www.ifturquie.org\/fr\/wp-json\/wp\/v2\/pages"}],"about":[{"href":"https:\/\/www.ifturquie.org\/fr\/wp-json\/wp\/v2\/types\/page"}],"author":[{"embeddable":true,"href":"https:\/\/www.ifturquie.org\/fr\/wp-json\/wp\/v2\/users\/2"}],"replies":[{"embeddable":true,"href":"https:\/\/www.ifturquie.org\/fr\/wp-json\/wp\/v2\/comments?post=3777"}],"version-history":[{"count":18,"href":"https:\/\/www.ifturquie.org\/fr\/wp-json\/wp\/v2\/pages\/3777\/revisions"}],"predecessor-version":[{"id":32361,"href":"https:\/\/www.ifturquie.org\/fr\/wp-json\/wp\/v2\/pages\/3777\/revisions\/32361"}],"up":[{"embeddable":true,"href":"https:\/\/www.ifturquie.org\/fr\/wp-json\/wp\/v2\/pages\/3771"}],"wp:featuredmedia":[{"embeddable":true,"href":"https:\/\/www.ifturquie.org\/fr\/wp-json\/wp\/v2\/media\/7756"}],"wp:attachment":[{"href":"https:\/\/www.ifturquie.org\/fr\/wp-json\/wp\/v2\/media?parent=3777"}],"curies":[{"name":"wp","href":"https:\/\/api.w.org\/{rel}","templated":true}]}}