{"id":3759,"date":"2018-09-21T12:17:02","date_gmt":"2018-09-21T09:17:02","guid":{"rendered":"http:\/\/www.ifturquie.org\/francophonie-et-education\/etablissements-scolaires-francais\/"},"modified":"2024-08-27T14:19:34","modified_gmt":"2024-08-27T11:19:34","slug":"etablissements-scolaires-francais","status":"publish","type":"page","link":"https:\/\/www.ifturquie.org\/fr\/francophonie-et-education\/etablissements-scolaires-francais\/","title":{"rendered":"\u00c9tablissements scolaires fran\u00e7ais"},"content":{"rendered":"<div class=\"wpb-content-wrapper\"><p>[vc_section css=&#8221;.vc_custom_1531905726581{margin: 0px !important;padding: 0px !important;}&#8221;][vc_row el_class=&#8221;container_1110&#8243;][vc_column width=&#8221;1\/2&#8243;][vc_row_inner css=&#8221;.vc_custom_1554798867724{margin-top: 0px !important;margin-right: 0px !important;margin-bottom: 0px !important;margin-left: 0px !important;padding-top: 0px !important;padding-right: 0px !important;padding-bottom: 0px !important;padding-left: 0px !important;}&#8221; el_class=&#8221;max_width_600 right_block&#8221;][vc_column_inner][vc_column_text css=&#8221;.vc_custom_1571838222837{margin-top: 45px !important;margin-right: 0px !important;margin-left: 0px !important;padding-right: 120px !important;padding-left: 0px !important;}&#8221;]<\/p>\n<h4><strong><img loading=\"lazy\" decoding=\"async\" class=\"alignleft wp-image-11060\" src=\"https:\/\/www.ifturquie.org\/wp-content\/uploads\/2019\/10\/logo_AEFE_EGD.jpg\" alt=\"\" width=\"194\" height=\"100\" \/><\/strong><\/h4>\n<h4><\/h4>\n<p>&nbsp;<\/p>\n<h4><\/h4>\n<h4><strong>LYC\u00c9E FRAN\u00c7AIS CHARLES-DE-GAULLE\u00a0<\/strong><\/h4>\n<h4><strong>(de la maternelle \u00e0 la terminale) \u00e0 Ankara<\/strong><\/h4>\n<p>Le lyc\u00e9e fran\u00e7ais Charles-de-Gaulle est situ\u00e9 dans la capitale. Lyc\u00e9e homologu\u00e9 par le minist\u00e8re de l\u2019\u00c9ducation nationale dont il applique les programmes, il fait partie des 500 \u00e9tablissements du r\u00e9seau de l\u2019AEFE (Agence pour l\u2019enseignement fran\u00e7ais \u00e0 l\u2019\u00e9tranger). Le lyc\u00e9e regroupe sur son site principal \u00e0 Incek, dans la banlieue d\u2019Ankara, des classes primaires et secondaires (coll\u00e8ge et lyc\u00e9e). Une \u00e9cole maternelle est situ\u00e9e dans le parc de l\u2019Ambassade de France au centre-ville. C\u2019est un \u00e9tablissement cosmopolite qui compte aujourd\u2019hui plus de 900 \u00e9l\u00e8ves de toutes nationalit\u00e9s.<br \/>\nPlus d\u2019information\u00a0:\u00a0<a href=\"http:\/\/www.lcdgankara.org\/Accueil\">http:\/\/www.lcdgankara.org\/Accueil<\/a><\/p>\n<p><strong>Contacter l\u2019\u00e9cole maternelle<\/strong><\/p>\n<table>\n<tbody>\n<tr>\n<td width=\"114\"><span style=\"color: #808080;\"><strong>Adresse<\/strong><\/span><\/td>\n<td width=\"506\"><span style=\"color: #808080;\">Yazanlar Sokak\u00a0 \u2013 Kavakl\u0131dere 06692 Ankara<\/span><\/td>\n<\/tr>\n<tr>\n<td width=\"114\"><span style=\"color: #808080;\"><strong>T\u00e9l\u00e9phone<\/strong><\/span><\/td>\n<td width=\"506\"><span style=\"color: #808080;\">(+90) 312 426 2373<\/span><\/td>\n<\/tr>\n<tr>\n<td width=\"114\"><span style=\"color: #808080;\"><strong>Courriel<\/strong><\/span><\/td>\n<td width=\"506\"><span style=\"color: #808080;\"><a style=\"color: #808080;\" href=\"mailto:secretariat@lcdgankara.org\">secretariat@lcdgankara.org<\/a><\/span><\/td>\n<\/tr>\n<\/tbody>\n<\/table>\n<p><strong>Contacter le lyc\u00e9e<\/strong><\/p>\n<table>\n<tbody>\n<tr>\n<td width=\"114\"><span style=\"color: #808080;\"><strong>Adresse<\/strong><\/span><\/td>\n<td width=\"506\"><span style=\"color: #808080;\">Tek Kooperatifi, K\u0131z\u0131lca\u015far Mevkii \u2013 1209. Sokak\u00a0 No: 2, \u0130ncek, 06830\u00a0 Ankara<\/span><\/td>\n<\/tr>\n<tr>\n<td width=\"114\"><span style=\"color: #808080;\"><strong>T\u00e9l\u00e9phone<\/strong><\/span><\/td>\n<td width=\"506\"><span style=\"color: #808080;\">(+90) 312 460 1998<\/span><\/td>\n<\/tr>\n<tr>\n<td width=\"114\"><span style=\"color: #808080;\"><strong>Courriel<\/strong><\/span><\/td>\n<td width=\"506\"><span style=\"color: #808080;\"><a style=\"color: #808080;\" href=\"mailto:secretariat@lcdgankara.org\">secretariat@lcdgankara.org<\/a><\/span><\/td>\n<\/tr>\n<\/tbody>\n<\/table>\n<p>[\/vc_column_text][vc_single_image image=&#8221;2261&#8243; img_size=&#8221;full&#8221; css=&#8221;.vc_custom_1531989453349{margin-bottom: -150px !important;padding-bottom: 0px !important;}&#8221;][\/vc_column_inner][\/vc_row_inner][vc_row_inner css=&#8221;.vc_custom_1623064919033{background-color: #ffffff !important;}&#8221;][vc_column_inner][vc_raw_html]PGRpdiBzdHlsZT0iY2xlYXI6IGJvdGg7Ij4mbmJzcDs8L2Rpdj4=[\/vc_raw_html][\/vc_column_inner][\/vc_row_inner][vc_row_inner css=&#8221;.vc_custom_1623064969288{background-color: #ffffff !important;}&#8221;][vc_column_inner][\/vc_column_inner][\/vc_row_inner][\/vc_column][vc_column width=&#8221;1\/2&#8243; css=&#8221;.vc_custom_1531989217168{margin-top: 0px !important;margin-right: 0px !important;margin-bottom: 0px !important;margin-left: 0px !important;padding-top: 0px !important;padding-right: 0px !important;padding-bottom: 0px !important;padding-left: 0px !important;background-color: #d3edda !important;}&#8221;][vc_row_inner css=&#8221;.vc_custom_1531906969267{margin-top: 0px !important;margin-right: 0px !important;margin-bottom: 0px !important;margin-left: 0px !important;padding-top: 0px !important;padding-right: 0px !important;padding-bottom: 0px !important;padding-left: 0px !important;}&#8221; el_class=&#8221;max_width_600&#8243;][vc_column_inner][vc_column_text css=&#8221;.vc_custom_1571837557476{padding-top: 70px !important;padding-right: 20px !important;padding-bottom: 30px !important;padding-left: 70px !important;}&#8221;]<\/p>\n<h4><strong><img loading=\"lazy\" decoding=\"async\" class=\"alignleft wp-image-11058\" src=\"https:\/\/www.ifturquie.org\/wp-content\/uploads\/2019\/10\/logo_AEFE_EC.jpg\" alt=\"\" width=\"194\" height=\"100\" \/> <\/strong><\/h4>\n<h4><strong>LYC\u00c9E FRAN\u00c7AIS PIERRE LOTI <\/strong><\/h4>\n<h4><strong>(de la maternelle \u00e0 la Terminale) \u00e0 Istanbul<\/strong><\/h4>\n<p>Le lyc\u00e9e fran\u00e7ais Pierre Loti accueille sur deux sites (Beyo\u011flu et Tarabya) pr\u00e8s de 1 400 \u00e9l\u00e8ves de toutes nationalit\u00e9s de la maternelle jusqu\u2019\u00e0 la Terminale. Lyc\u00e9e conventionn\u00e9 \u00e0 gestion parentale, homologu\u00e9 par le minist\u00e8re de l\u2019\u00c9ducation nationale dont il applique les programmes, il fait partie des 500 \u00e9tablissements du r\u00e9seau de l\u2019AEFE (Agence pour l\u2019enseignement fran\u00e7ais \u00e0 l\u2019\u00e9tranger). Ins\u00e9r\u00e9 dans un environnement culturel et linguistique turc, le lyc\u00e9e fran\u00e7ais Pierre Loti valorise \u00e9galement l\u2019enseignement des langues \u00e9trang\u00e8res et offre \u00e0 chaque \u00e9l\u00e8ve les conditions d\u2019une scolarit\u00e9 r\u00e9ussie, ouverte sur l\u2019Europe et le monde.<br \/>\nPlus d\u2019information\u00a0:\u00a0<a href=\"http:\/\/www.pierreloti.k12.tr\/www2\/\">http:\/\/www.pierreloti.k12.tr\/www2\/<\/a><\/p>\n<p><strong>Contacter le site de Beyo\u011flu (classes de petite section jusqu\u2019au CE2)<\/strong><\/p>\n<table width=\"0\">\n<tbody>\n<tr>\n<td width=\"87\"><span style=\"color: #808080;\"><strong>Adresse<\/strong><\/span><\/td>\n<td width=\"418\"><span style=\"color: #808080;\">Tomtom Kaptan Sok. Beyo\u011flu \u2013 P.K. 164 Beyo\u011flu 34433 Istanbul<\/span><\/td>\n<\/tr>\n<tr>\n<td width=\"87\"><span style=\"color: #808080;\"><strong>T\u00e9lephone<\/strong><\/span><\/td>\n<td width=\"418\"><span style=\"color: #808080;\">\u00a0(+90) 212 244 3814<\/span><\/td>\n<\/tr>\n<tr>\n<td width=\"87\"><span style=\"color: #808080;\"><strong>Courriel<\/strong><\/span><\/td>\n<td width=\"418\"><span style=\"color: #808080;\"><a style=\"color: #808080;\" href=\"mailto:primaire@pierreloti.k12.tr\">primaire@pierreloti.k12.tr<\/a><\/span><\/td>\n<\/tr>\n<\/tbody>\n<\/table>\n<p><strong>Contacter le site de Tarabya (classes de CM1 au niveau Terminale)<\/strong><\/p>\n<table width=\"0\">\n<tbody>\n<tr>\n<td width=\"87\"><span style=\"color: #808080;\"><strong>Adresse<\/strong><\/span><\/td>\n<td width=\"488\"><span style=\"color: #808080;\">Haydar Aliyev Caddesi No: 128 \u2013 Tarabya 34457 Istanbul<\/span><\/td>\n<\/tr>\n<tr>\n<td width=\"87\"><span style=\"color: #808080;\"><strong>T\u00e9lephone<\/strong><\/span><\/td>\n<td width=\"488\"><span style=\"color: #808080;\">(+90) 212 299 9400<\/span><\/td>\n<\/tr>\n<tr>\n<td width=\"87\"><span style=\"color: #808080;\"><strong>Courriel<\/strong><\/span><\/td>\n<td width=\"488\"><span style=\"color: #808080;\"><a style=\"color: #808080;\" href=\"mailto:secret@pierreloti.k12.tr\">secret@pierreloti.k12.tr<\/a><\/span><\/td>\n<\/tr>\n<\/tbody>\n<\/table>\n<p>[\/vc_column_text][\/vc_column_inner][\/vc_row_inner][vc_single_image image=&#8221;2262&#8243; img_size=&#8221;full&#8221; css=&#8221;.vc_custom_1531989599504{margin-top: 0px !important;margin-right: 0px !important;margin-bottom: 0px !important;margin-left: 0px !important;padding-top: 0px !important;padding-right: 0px !important;padding-bottom: 0px !important;padding-left: 0px !important;}&#8221;][vc_row_inner css=&#8221;.vc_custom_1531911741932{margin: 0px !important;padding: 0px !important;background-color: #ffffff !important;}&#8221;][vc_column_inner][\/vc_column_inner][\/vc_row_inner][vc_column_text css=&#8221;.vc_custom_1571833720112{padding-top: 70px !important;padding-right: 20px !important;padding-bottom: 30px !important;padding-left: 70px !important;}&#8221; el_class=&#8221;max_width_600&#8243;][\/vc_column_text][\/vc_column][\/vc_row][\/vc_section]<\/p>\n<\/div>","protected":false},"excerpt":{"rendered":"<p>[vc_section css=&#8221;.vc_custom_1531905726581{margin: 0px !important;padding: 0px !important;}&#8221;][vc_row el_class=&#8221;container_1110&#8243;][vc_column width=&#8221;1\/2&#8243;][vc_row_inner css=&#8221;.vc_custom_1554798867724{margin-top: 0px !important;margin-right: 0px !important;margin-bottom: 0px !important;margin-left: 0px !important;padding-top: 0px !important;padding-right: 0px !important;padding-bottom: 0px !important;padding-left: 0px !important;}&#8221; el_class=&#8221;max_width_600 right_block&#8221;][vc_column_inner][vc_column_text css=&#8221;.vc_custom_1571838222837{margin-top: 45px !important;margin-right: 0px !important;margin-left: 0px !important;padding-right: 120px !important;padding-left: 0px !important;}&#8221;] &nbsp; LYC\u00c9E FRAN\u00c7AIS CHARLES-DE-GAULLE\u00a0 (de la maternelle \u00e0 la terminale) \u00e0 Ankara Le lyc\u00e9e fran\u00e7ais Charles-de-Gaulle est [&hellip;]<\/p>\n","protected":false},"author":1,"featured_media":0,"parent":3751,"menu_order":0,"comment_status":"closed","ping_status":"closed","template":"new-page-template.php","meta":{"_acf_changed":false,"h5ap_radio_sources":[],"footnotes":""},"class_list":["post-3759","page","type-page","status-publish","hentry"],"acf":[],"_links":{"self":[{"href":"https:\/\/www.ifturquie.org\/fr\/wp-json\/wp\/v2\/pages\/3759","targetHints":{"allow":["GET"]}}],"collection":[{"href":"https:\/\/www.ifturquie.org\/fr\/wp-json\/wp\/v2\/pages"}],"about":[{"href":"https:\/\/www.ifturquie.org\/fr\/wp-json\/wp\/v2\/types\/page"}],"author":[{"embeddable":true,"href":"https:\/\/www.ifturquie.org\/fr\/wp-json\/wp\/v2\/users\/1"}],"replies":[{"embeddable":true,"href":"https:\/\/www.ifturquie.org\/fr\/wp-json\/wp\/v2\/comments?post=3759"}],"version-history":[{"count":35,"href":"https:\/\/www.ifturquie.org\/fr\/wp-json\/wp\/v2\/pages\/3759\/revisions"}],"predecessor-version":[{"id":32520,"href":"https:\/\/www.ifturquie.org\/fr\/wp-json\/wp\/v2\/pages\/3759\/revisions\/32520"}],"up":[{"embeddable":true,"href":"https:\/\/www.ifturquie.org\/fr\/wp-json\/wp\/v2\/pages\/3751"}],"wp:attachment":[{"href":"https:\/\/www.ifturquie.org\/fr\/wp-json\/wp\/v2\/media?parent=3759"}],"curies":[{"name":"wp","href":"https:\/\/api.w.org\/{rel}","templated":true}]}}