{"id":3753,"date":"2018-09-21T11:16:47","date_gmt":"2018-09-21T08:16:47","guid":{"rendered":"http:\/\/www.ifturquie.org\/francophonie-et-education\/alliances-francaises\/"},"modified":"2021-03-13T16:30:14","modified_gmt":"2021-03-13T13:30:14","slug":"alliances-francaises","status":"publish","type":"page","link":"https:\/\/www.ifturquie.org\/fr\/francophonie-et-education\/alliances-francaises\/","title":{"rendered":"Alliances Fran\u00e7aises"},"content":{"rendered":"<div class=\"wpb-content-wrapper\"><p>[vc_section css=&#8221;.vc_custom_1531905726581{margin: 0px !important;padding: 0px !important;}&#8221;][vc_row el_class=&#8221;container_1110&#8243;][vc_column width=&#8221;1\/2&#8243;][vc_row_inner css=&#8221;.vc_custom_1531909257469{margin-top: 0px !important;margin-right: 0px !important;margin-bottom: 0px !important;margin-left: 0px !important;padding-top: 0px !important;padding-right: 0px !important;padding-bottom: 0px !important;padding-left: 0px !important;}&#8221; el_class=&#8221;max_width_600 right_block&#8221;][vc_column_inner][vc_column_text css=&#8221;.vc_custom_1532614696194{margin-top: 45px !important;margin-right: 0px !important;margin-left: 0px !important;padding-right: 120px !important;padding-left: 0px !important;}&#8221;]Les\u00a0<a href=\"http:\/\/www.fondation-alliancefr.org\/\">Alliances Fran\u00e7aises<\/a>\u00a0forment un r\u00e9seau international de plus de 800 associations de droit local pr\u00e9sentes dans 133 pays et dont le but est de promouvoir la langue et la culture fran\u00e7aises.<\/p>\n<p><strong>Alliance fran\u00e7aise d\u2019Adana<\/strong><\/p>\n<p>L\u2019Alliance Fran\u00e7aise d\u2019Adana est la premi\u00e8re Alliance ouverte en Turquie. L\u2019Alliance fran\u00e7aise d\u2019Adana propose des cours pour tous les niveaux, en groupe (effectifs r\u00e9duits) ou cours particuliers.<\/p>\n<p>Contact:<br \/>\nT\u00e9l : (+90) 322 458 7427<br \/>\nCourriel :\u00a0<a href=\"mailto:bonjour@af-adana.org\">bonjour@af-adana.org<\/a>[\/vc_column_text][vc_single_image image=&#8221;2267&#8243; img_size=&#8221;full&#8221; css=&#8221;.vc_custom_1532614716625{margin-bottom: -150px !important;padding-bottom: 0px !important;}&#8221;][\/vc_column_inner][\/vc_row_inner][vc_row_inner][vc_column_inner][vc_raw_html]PGRpdiBzdHlsZT0iY2xlYXI6Ym90aDsiPjwvZGl2Pg==[\/vc_raw_html][\/vc_column_inner][\/vc_row_inner][\/vc_column][vc_column width=&#8221;1\/2&#8243; css=&#8221;.vc_custom_1531985695328{margin-top: 0px !important;margin-right: 0px !important;margin-bottom: 0px !important;margin-left: 0px !important;padding-top: 0px !important;padding-right: 0px !important;padding-bottom: 0px !important;padding-left: 0px !important;background-color: #dee9f4 !important;}&#8221;][vc_single_image image=&#8221;2256&#8243; img_size=&#8221;full&#8221; css=&#8221;.vc_custom_1531906810540{margin-top: 0px !important;margin-right: 0px !important;margin-bottom: 0px !important;margin-left: 0px !important;padding-top: 0px !important;padding-right: 0px !important;padding-bottom: 0px !important;padding-left: 0px !important;}&#8221;][vc_row_inner css=&#8221;.vc_custom_1531906969267{margin-top: 0px !important;margin-right: 0px !important;margin-bottom: 0px !important;margin-left: 0px !important;padding-top: 0px !important;padding-right: 0px !important;padding-bottom: 0px !important;padding-left: 0px !important;}&#8221; el_class=&#8221;max_width_600&#8243;][vc_column_inner][vc_column_text css=&#8221;.vc_custom_1531985678249{padding-top: 70px !important;padding-right: 20px !important;padding-bottom: 30px !important;padding-left: 70px !important;}&#8221;]<strong>Alliance fran\u00e7aise de Bursa<\/strong><\/p>\n<p>Fond\u00e9e en 1976, l\u2019association culturelle Turquie \u2013 France de Bursa a pour mission de promouvoir la langue et la culture fran\u00e7aises, d\u2019entretenir les liens turcs et fran\u00e7ais et de faire conna\u00eetre la langue et la culture turques aux familles fran\u00e7aises de Bursa. Des cours de fran\u00e7ais y sont dispens\u00e9s pour celles et ceux qui souhaitent apprendre et am\u00e9liorer leurs connaissances de la langue fran\u00e7aise. Depuis le mois d\u2019avril 2014, l\u2019association a int\u00e9gr\u00e9 le r\u00e9seau mondial de l\u2019Alliance Fran\u00e7aise, fond\u00e9 \u00e0 Paris en 1883.<\/p>\n<p>Contact:<br \/>\nT\u00e9l : (+90) 224 453 0431<br \/>\nCourriel :\u00a0<a href=\"mailto:info@alliancefrbursa.org\">info@alliancefrbursa.org<\/a>[\/vc_column_text][\/vc_column_inner][\/vc_row_inner][vc_row_inner][vc_column_inner][vc_raw_html]PGRpdiBzdHlsZT0iY2xlYXI6Ym90aDsiPjwvZGl2Pg==[\/vc_raw_html][\/vc_column_inner][\/vc_row_inner][\/vc_column][\/vc_row][\/vc_section]<\/p>\n<\/div>","protected":false},"excerpt":{"rendered":"<p>[vc_section css=&#8221;.vc_custom_1531905726581{margin: 0px !important;padding: 0px !important;}&#8221;][vc_row el_class=&#8221;container_1110&#8243;][vc_column width=&#8221;1\/2&#8243;][vc_row_inner css=&#8221;.vc_custom_1531909257469{margin-top: 0px !important;margin-right: 0px !important;margin-bottom: 0px !important;margin-left: 0px !important;padding-top: 0px !important;padding-right: 0px !important;padding-bottom: 0px !important;padding-left: 0px !important;}&#8221; el_class=&#8221;max_width_600 right_block&#8221;][vc_column_inner][vc_column_text css=&#8221;.vc_custom_1532614696194{margin-top: 45px !important;margin-right: 0px !important;margin-left: 0px !important;padding-right: 120px !important;padding-left: 0px !important;}&#8221;]Les\u00a0Alliances Fran\u00e7aises\u00a0forment un r\u00e9seau international de plus de 800 associations de droit local pr\u00e9sentes dans 133 pays et [&hellip;]<\/p>\n","protected":false},"author":1,"featured_media":0,"parent":3751,"menu_order":0,"comment_status":"closed","ping_status":"closed","template":"new-page-template.php","meta":{"_acf_changed":false,"h5ap_radio_sources":[],"footnotes":""},"class_list":["post-3753","page","type-page","status-publish","hentry"],"acf":[],"_links":{"self":[{"href":"https:\/\/www.ifturquie.org\/fr\/wp-json\/wp\/v2\/pages\/3753","targetHints":{"allow":["GET"]}}],"collection":[{"href":"https:\/\/www.ifturquie.org\/fr\/wp-json\/wp\/v2\/pages"}],"about":[{"href":"https:\/\/www.ifturquie.org\/fr\/wp-json\/wp\/v2\/types\/page"}],"author":[{"embeddable":true,"href":"https:\/\/www.ifturquie.org\/fr\/wp-json\/wp\/v2\/users\/1"}],"replies":[{"embeddable":true,"href":"https:\/\/www.ifturquie.org\/fr\/wp-json\/wp\/v2\/comments?post=3753"}],"version-history":[{"count":3,"href":"https:\/\/www.ifturquie.org\/fr\/wp-json\/wp\/v2\/pages\/3753\/revisions"}],"predecessor-version":[{"id":17050,"href":"https:\/\/www.ifturquie.org\/fr\/wp-json\/wp\/v2\/pages\/3753\/revisions\/17050"}],"up":[{"embeddable":true,"href":"https:\/\/www.ifturquie.org\/fr\/wp-json\/wp\/v2\/pages\/3751"}],"wp:attachment":[{"href":"https:\/\/www.ifturquie.org\/fr\/wp-json\/wp\/v2\/media?parent=3753"}],"curies":[{"name":"wp","href":"https:\/\/api.w.org\/{rel}","templated":true}]}}