{"id":3751,"date":"2018-06-10T00:50:32","date_gmt":"2018-06-09T21:50:32","guid":{"rendered":"http:\/\/www.ifturquie.org\/francophonie-et-education\/"},"modified":"2023-11-30T18:49:14","modified_gmt":"2023-11-30T15:49:14","slug":"francophonie-et-education","status":"publish","type":"page","link":"https:\/\/www.ifturquie.org\/fr\/francophonie-et-education\/","title":{"rendered":"\u00c9ducation et bourses"},"content":{"rendered":"<div class=\"wpb-content-wrapper\"><p>[vc_section css=&#8221;.vc_custom_1531905726581{margin: 0px !important;padding: 0px !important;}&#8221;][vc_row el_class=&#8221;container_1110&#8243;][vc_column width=&#8221;1\/2&#8243;][vc_row_inner css=&#8221;.vc_custom_1531909257469{margin-top: 0px !important;margin-right: 0px !important;margin-bottom: 0px !important;margin-left: 0px !important;padding-top: 0px !important;padding-right: 0px !important;padding-bottom: 0px !important;padding-left: 0px !important;}&#8221; el_class=&#8221;max_width_600 right_block&#8221;][vc_column_inner][vc_column_text css=&#8221;.vc_custom_1606464179419{margin-top: 45px !important;margin-right: 0px !important;margin-left: 0px !important;padding-right: 120px !important;padding-left: 0px !important;}&#8221;]L\u2019Institut fran\u00e7ais propose des cours de fran\u00e7ais, des \u00e9v\u00e9nements culturels mais est \u00e9galement un acteur majeur dans le domaine de la coop\u00e9ration \u00e9ducative : partenariat avec les \u00e9tablissements fran\u00e7ais et francophones de Turquie ou promotion de la francophonie\u2026 Nous vous invitons donc \u00e0 d\u00e9couvrir les diff\u00e9rents partenariats et projets afin que votre connaissance de nos actions vous permette de mener \u00e0 bien vos d\u00e9sirs.<\/p>\n<p>De nombreux \u00e9tablissements proposent des cursus en fran\u00e7ais en Turquie. L\u2019Institut fran\u00e7ais travaille en \u00e9troite collaboration avec ces derniers afin de toujours dynamiser la coop\u00e9ration franco-turque et l\u2019enseignement de la langue fran\u00e7aise.[\/vc_column_text][vc_single_image image=&#8221;2259&#8243; img_size=&#8221;full&#8221; css=&#8221;.vc_custom_1531984068024{margin-bottom: -150px !important;padding-bottom: 0px !important;}&#8221;][\/vc_column_inner][\/vc_row_inner][vc_row_inner][vc_column_inner][vc_raw_html]JTNDZGl2JTIwc3R5bGUlM0QlMjJjbGVhciUzQWJvdGglM0IlMjIlM0UlM0MlMkZkaXYlM0U=[\/vc_raw_html][\/vc_column_inner][\/vc_row_inner][vc_row_inner css=&#8221;.vc_custom_1531909392132{background-color: #dee9f4 !important;}&#8221;][vc_column_inner][vc_column_text css=&#8221;.vc_custom_1673197391639{margin-right: 0px !important;margin-left: 0px !important;padding-top: 120px !important;padding-right: 120px !important;padding-bottom: 60px !important;padding-left: 15px !important;}&#8221; el_class=&#8221;max_width_600 right_block&#8221;]Contacts:<\/p>\n<p><strong>Odile COBACHO<\/strong><br \/>\nAttach\u00e9e de coop\u00e9ration \u00e9ducative<br \/>\nAmbassade de France, Service de Coop\u00e9ration et d\u2019Action culturelle<\/p>\n<p>Institut fran\u00e7ais de Turquie \u00e0 Ankara<br \/>\n<a href=\"mailto:odile.cobacho@diplomatie.gouv.fr\" target=\"_blank\" rel=\"noopener\">odile.cobacho@diplomatie.gouv.fr<\/a><\/p>\n<p><strong>Vincent BROUSSE<\/strong><br \/>\nAttach\u00e9e de coop\u00e9ration pour le fran\u00e7ais<br \/>\nAmbassade de France, Service de Coop\u00e9ration et d\u2019Action culturelle<\/p>\n<p>Institut fran\u00e7ais de Turquie \u00e0 Istanbul<br \/>\n<a href=\"mailto:virginie.villechange@ifturquie.org\" target=\"_blank\" rel=\"noopener noreferrer\">vincent.brousse@ifturquie.org<\/a>[\/vc_column_text][\/vc_column_inner][\/vc_row_inner][\/vc_column][vc_column width=&#8221;1\/2&#8243; css=&#8221;.vc_custom_1531906725840{margin: 0px !important;padding: 0px !important;background-color: #c693c2 !important;}&#8221;][vc_single_image image=&#8221;2256&#8243; img_size=&#8221;full&#8221; css=&#8221;.vc_custom_1531906810540{margin-top: 0px !important;margin-right: 0px !important;margin-bottom: 0px !important;margin-left: 0px !important;padding-top: 0px !important;padding-right: 0px !important;padding-bottom: 0px !important;padding-left: 0px !important;}&#8221;][vc_row_inner css=&#8221;.vc_custom_1531906969267{margin-top: 0px !important;margin-right: 0px !important;margin-bottom: 0px !important;margin-left: 0px !important;padding-top: 0px !important;padding-right: 0px !important;padding-bottom: 0px !important;padding-left: 0px !important;}&#8221; el_class=&#8221;max_width_600&#8243;][vc_column_inner][vc_column_text css=&#8221;.vc_custom_1606464364767{padding-top: 70px !important;padding-right: 20px !important;padding-bottom: 30px !important;padding-left: 70px !important;}&#8221;]<\/p>\n<h3><strong>Promotion de la francophonie<\/strong><\/h3>\n<p><span style=\"color: #ffffff;\">La diffusion de la langue fran\u00e7aise est une priorit\u00e9 de la diplomatie fran\u00e7aise dans le monde. Afin de promouvoir le fran\u00e7ais en Turquie, le Service de Coop\u00e9ration et d\u2019Action culturelle de l\u2019Ambassade de France con\u00e7oit, met en \u0153uvre et soutient un ensemble d\u2019actions coordonn\u00e9es en coop\u00e9ration avec tous les acteurs de la francophonie \u2013 \u00e9l\u00e8ves, \u00e9tudiants, professeurs, chefs d\u2019\u00e9tablissement, traducteurs, intellectuels.<\/span><\/p>\n<p><span style=\"color: #ffffff;\">La promotion de la francophonie se d\u00e9cline en diverses manifestations \u00e9ducatives et culturelles \u2013 concours, rencontres, formations etc. \u2013 visant \u00e0 f\u00e9d\u00e9rer les r\u00e9seaux des francophones de Turquie dans un esprit de communaut\u00e9 linguistique, ouverte \u00e0 l\u2019international, autour du fran\u00e7ais langue de partage, de d\u00e9bat et de cr\u00e9ativit\u00e9.<\/span>[\/vc_column_text][\/vc_column_inner][\/vc_row_inner][vc_row_inner][vc_column_inner][vc_raw_html]JTNDZGl2JTIwc3R5bGUlM0QlMjJjbGVhciUzQWJvdGglM0IlMjIlM0UlM0MlMkZkaXYlM0U=[\/vc_raw_html][\/vc_column_inner][\/vc_row_inner][\/vc_column][\/vc_row][\/vc_section]<\/p>\n<\/div>","protected":false},"excerpt":{"rendered":"<p>[vc_section css=&#8221;.vc_custom_1531905726581{margin: 0px !important;padding: 0px !important;}&#8221;][vc_row el_class=&#8221;container_1110&#8243;][vc_column width=&#8221;1\/2&#8243;][vc_row_inner css=&#8221;.vc_custom_1531909257469{margin-top: 0px !important;margin-right: 0px !important;margin-bottom: 0px !important;margin-left: 0px !important;padding-top: 0px !important;padding-right: 0px !important;padding-bottom: 0px !important;padding-left: 0px !important;}&#8221; el_class=&#8221;max_width_600 right_block&#8221;][vc_column_inner][vc_column_text css=&#8221;.vc_custom_1606464179419{margin-top: 45px !important;margin-right: 0px !important;margin-left: 0px !important;padding-right: 120px !important;padding-left: 0px !important;}&#8221;]L\u2019Institut fran\u00e7ais propose des cours de fran\u00e7ais, des \u00e9v\u00e9nements culturels mais est \u00e9galement un acteur majeur dans le [&hellip;]<\/p>\n","protected":false},"author":1,"featured_media":7994,"parent":0,"menu_order":0,"comment_status":"closed","ping_status":"closed","template":"new-page-template.php","meta":{"_acf_changed":false,"h5ap_radio_sources":[],"footnotes":""},"class_list":["post-3751","page","type-page","status-publish","has-post-thumbnail","hentry"],"acf":[],"_links":{"self":[{"href":"https:\/\/www.ifturquie.org\/fr\/wp-json\/wp\/v2\/pages\/3751","targetHints":{"allow":["GET"]}}],"collection":[{"href":"https:\/\/www.ifturquie.org\/fr\/wp-json\/wp\/v2\/pages"}],"about":[{"href":"https:\/\/www.ifturquie.org\/fr\/wp-json\/wp\/v2\/types\/page"}],"author":[{"embeddable":true,"href":"https:\/\/www.ifturquie.org\/fr\/wp-json\/wp\/v2\/users\/1"}],"replies":[{"embeddable":true,"href":"https:\/\/www.ifturquie.org\/fr\/wp-json\/wp\/v2\/comments?post=3751"}],"version-history":[{"count":13,"href":"https:\/\/www.ifturquie.org\/fr\/wp-json\/wp\/v2\/pages\/3751\/revisions"}],"predecessor-version":[{"id":29759,"href":"https:\/\/www.ifturquie.org\/fr\/wp-json\/wp\/v2\/pages\/3751\/revisions\/29759"}],"wp:featuredmedia":[{"embeddable":true,"href":"https:\/\/www.ifturquie.org\/fr\/wp-json\/wp\/v2\/media\/7994"}],"wp:attachment":[{"href":"https:\/\/www.ifturquie.org\/fr\/wp-json\/wp\/v2\/media?parent=3751"}],"curies":[{"name":"wp","href":"https:\/\/api.w.org\/{rel}","templated":true}]}}