{"id":3748,"date":"2018-09-21T10:57:17","date_gmt":"2018-09-21T07:57:17","guid":{"rendered":"http:\/\/www.ifturquie.org\/qui-sommes-nous\/infos-pratiques\/"},"modified":"2023-01-08T19:58:26","modified_gmt":"2023-01-08T16:58:26","slug":"infos-pratiques","status":"publish","type":"page","link":"https:\/\/www.ifturquie.org\/fr\/qui-sommes-nous\/infos-pratiques\/","title":{"rendered":"Infos pratiques"},"content":{"rendered":"<div class=\"wpb-content-wrapper\"><p>[vc_section css=&#8221;.vc_custom_1531905726581{margin: 0px !important;padding: 0px !important;}&#8221;][vc_row el_class=&#8221;container_1110&#8243;][vc_column width=&#8221;1\/2&#8243;][vc_row_inner css=&#8221;.vc_custom_1531909257469{margin-top: 0px !important;margin-right: 0px !important;margin-bottom: 0px !important;margin-left: 0px !important;padding-top: 0px !important;padding-right: 0px !important;padding-bottom: 0px !important;padding-left: 0px !important;}&#8221; el_class=&#8221;max_width_600 right_block&#8221;][vc_column_inner][vc_column_text css=&#8221;.vc_custom_1673197097099{margin-top: 45px !important;margin-right: 0px !important;margin-left: 0px !important;padding-right: 120px !important;padding-left: 0px !important;}&#8221;]<strong>Ankara \u2013 Y\u0131ld\u0131z<\/strong><br \/>\nOuvert tous les jours de la semaine de 9h30 \u00e0 18h30.<br \/>\n(+90) 312 408 82 21\/26\/00<br \/>\n<a href=\"mailto:danisma.ankara@ifturquie.org\">danisma.ankara@ifturquie.org<\/a><\/p>\n<p><strong>Istanbul \u2013 Taksim<\/strong><br \/>\nDu lundi au jeudi : 8h \u2013 19h<br \/>\nLes vendredis : 8h \u2013 18h<br \/>\nSamedi et dimanche : 10h \u2013\u00a022h<br \/>\n(+90) 850 755 68 00<br \/>\n<a href=\"mailto:danisma.istanbul@ifturquie.org\">danisma.istanbul@ifturquie.org<\/a><\/p>\n<p><strong>Istanbul \u2013 Annexe de Kad\u0131k\u00f6y<\/strong><br \/>\nOuvert du mardi au vendredi de 16h \u00e0 19h et les samedis de 9h30 \u00e0 14h.<br \/>\n(+90) 850 755 68 35<br \/>\n<a href=\"mailto:danisma.kadikoy@ifturquie.org\">danisma.kadikoy@ifturquie.org<\/a><\/p>\n<p><strong>Izmir<\/strong><br \/>\nDu lundi au jeudi : 10h00 \u2013 13h00 \/ 14h00 \u2013 19h00<br \/>\nFerm\u00e9 le vendredi<br \/>\nSamedi : 09h00 \u2013 12h00 \/ 13h00 \u2013 17h00<br \/>\n(+90) 232 466 00 13<br \/>\n<a href=\"mailto:danisma.izmir@ifturquie.org\">danisma.izmir@ifturquie.org<\/a>[\/vc_column_text][\/vc_column_inner][\/vc_row_inner][vc_row_inner][vc_column_inner][vc_raw_html]PGRpdiBzdHlsZT0iY2xlYXI6Ym90aDsiPjwvZGl2Pg==[\/vc_raw_html][\/vc_column_inner][\/vc_row_inner][\/vc_column][vc_column width=&#8221;1\/2&#8243; css=&#8221;.vc_custom_1531925197868{margin-top: 0px !important;margin-right: 0px !important;margin-bottom: 0px !important;margin-left: 0px !important;padding-top: 0px !important;padding-right: 0px !important;padding-bottom: 0px !important;padding-left: 0px !important;background-color: #e1ead0 !important;}&#8221;][vc_single_image image=&#8221;26316&#8243; img_size=&#8221;full&#8221; css=&#8221;.vc_custom_1673197009753{margin-top: 0px !important;margin-right: 0px !important;margin-bottom: 0px !important;margin-left: 0px !important;padding-top: 0px !important;padding-right: 0px !important;padding-bottom: 0px !important;padding-left: 0px !important;}&#8221;][vc_row_inner css=&#8221;.vc_custom_1531906969267{margin-top: 0px !important;margin-right: 0px !important;margin-bottom: 0px !important;margin-left: 0px !important;padding-top: 0px !important;padding-right: 0px !important;padding-bottom: 0px !important;padding-left: 0px !important;}&#8221; el_class=&#8221;max_width_600&#8243;][vc_column_inner][vc_column_text css=&#8221;.vc_custom_1537708123898{padding-top: 70px !important;padding-right: 20px !important;padding-bottom: 30px !important;padding-left: 70px !important;}&#8221;]<strong>SUIVEZ, AIMEZ, PARTAGEZ !<\/strong><\/p>\n<p>Facebook :\u00a0<a href=\"https:\/\/www.facebook.com\/InstitutfrancaisdeTurquie\/\">Institutfran\u00e7aisdeTurquie<\/a><\/p>\n<p>Instagram :\u00a0<a href=\"https:\/\/www.instagram.com\/institutfrancaisdeturquie\">institutfrancaisdeturquie<\/a><\/p>\n<p>Twitter :\u00a0<a href=\"https:\/\/twitter.com\/ifturquie\">@ifturquie<\/a><\/p>\n<p>Spotify :\u00a0<a href=\"https:\/\/open.spotify.com\/user\/institutfran%C3%A7ais_istanbul\">institutfran\u00e7ais_istanbul<\/a><\/p>\n<p>Youtube :\u00a0<a href=\"https:\/\/www.youtube.com\/channel\/UCNDrvyM4UcAgHyfJ38ETTaw\">Institut fran\u00e7ais de Turquie<\/a>[\/vc_column_text][\/vc_column_inner][\/vc_row_inner][vc_row_inner][vc_column_inner][vc_raw_html]PGRpdiBzdHlsZT0iY2xlYXI6Ym90aDsiPjwvZGl2Pg==[\/vc_raw_html][\/vc_column_inner][\/vc_row_inner][\/vc_column][\/vc_row][\/vc_section]<\/p>\n<\/div>","protected":false},"excerpt":{"rendered":"<p>[vc_section css=&#8221;.vc_custom_1531905726581{margin: 0px !important;padding: 0px !important;}&#8221;][vc_row el_class=&#8221;container_1110&#8243;][vc_column width=&#8221;1\/2&#8243;][vc_row_inner css=&#8221;.vc_custom_1531909257469{margin-top: 0px !important;margin-right: 0px !important;margin-bottom: 0px !important;margin-left: 0px !important;padding-top: 0px !important;padding-right: 0px !important;padding-bottom: 0px !important;padding-left: 0px !important;}&#8221; el_class=&#8221;max_width_600 right_block&#8221;][vc_column_inner][vc_column_text css=&#8221;.vc_custom_1673197097099{margin-top: 45px !important;margin-right: 0px !important;margin-left: 0px !important;padding-right: 120px !important;padding-left: 0px !important;}&#8221;]Ankara \u2013 Y\u0131ld\u0131z Ouvert tous les jours de la semaine de 9h30 \u00e0 18h30. (+90) 312 408 82 [&hellip;]<\/p>\n","protected":false},"author":2,"featured_media":0,"parent":3736,"menu_order":0,"comment_status":"closed","ping_status":"closed","template":"new-page-template.php","meta":{"_acf_changed":false,"h5ap_radio_sources":[],"footnotes":""},"class_list":["post-3748","page","type-page","status-publish","hentry"],"acf":[],"_links":{"self":[{"href":"https:\/\/www.ifturquie.org\/fr\/wp-json\/wp\/v2\/pages\/3748","targetHints":{"allow":["GET"]}}],"collection":[{"href":"https:\/\/www.ifturquie.org\/fr\/wp-json\/wp\/v2\/pages"}],"about":[{"href":"https:\/\/www.ifturquie.org\/fr\/wp-json\/wp\/v2\/types\/page"}],"author":[{"embeddable":true,"href":"https:\/\/www.ifturquie.org\/fr\/wp-json\/wp\/v2\/users\/2"}],"replies":[{"embeddable":true,"href":"https:\/\/www.ifturquie.org\/fr\/wp-json\/wp\/v2\/comments?post=3748"}],"version-history":[{"count":7,"href":"https:\/\/www.ifturquie.org\/fr\/wp-json\/wp\/v2\/pages\/3748\/revisions"}],"predecessor-version":[{"id":26320,"href":"https:\/\/www.ifturquie.org\/fr\/wp-json\/wp\/v2\/pages\/3748\/revisions\/26320"}],"up":[{"embeddable":true,"href":"https:\/\/www.ifturquie.org\/fr\/wp-json\/wp\/v2\/pages\/3736"}],"wp:attachment":[{"href":"https:\/\/www.ifturquie.org\/fr\/wp-json\/wp\/v2\/media?parent=3748"}],"curies":[{"name":"wp","href":"https:\/\/api.w.org\/{rel}","templated":true}]}}