{"id":3743,"date":"2018-09-21T10:53:55","date_gmt":"2018-09-21T07:53:55","guid":{"rendered":"http:\/\/www.ifturquie.org\/qui-sommes-nous\/missions-et-actions\/"},"modified":"2022-01-11T09:57:22","modified_gmt":"2022-01-11T06:57:22","slug":"missions-et-actions","status":"publish","type":"page","link":"https:\/\/www.ifturquie.org\/fr\/qui-sommes-nous\/missions-et-actions\/","title":{"rendered":"Missions et actions"},"content":{"rendered":"<div class=\"wpb-content-wrapper\"><p>[vc_section css=&#8221;.vc_custom_1531905726581{margin: 0px !important;padding: 0px !important;}&#8221;][vc_row el_class=&#8221;container_1110&#8243;][vc_column width=&#8221;1\/2&#8243;][vc_row_inner css=&#8221;.vc_custom_1531909257469{margin-top: 0px !important;margin-right: 0px !important;margin-bottom: 0px !important;margin-left: 0px !important;padding-top: 0px !important;padding-right: 0px !important;padding-bottom: 0px !important;padding-left: 0px !important;}&#8221; el_class=&#8221;max_width_600 right_block&#8221;][vc_column_inner][vc_column_text css=&#8221;.vc_custom_1532680611836{margin-top: 45px !important;margin-right: 0px !important;margin-left: 0px !important;padding-right: 120px !important;padding-left: 0px !important;}&#8221;]L\u2019Institut fran\u00e7ais de Turquie est un \u00e9tablissement \u00e0 autonomie financi\u00e8re plac\u00e9 sous l\u2019autorit\u00e9 de l\u2019Ambassade de France en Turquie. Ses activit\u00e9s recouvrent les domaines suivants : l\u2019enseignement du fran\u00e7ais, la coop\u00e9ration culturelle et audiovisuelle ainsi que la coop\u00e9ration dans les domaines universitaire, scientifique, \u00e9ducatif et linguistique.<\/p>\n<p>Chacune des trois antennes de l\u2019Institut fran\u00e7ais de Turquie propose une offre de cours de fran\u00e7ais pour tous les \u00e2ges et pour tous les besoins,\u00a0organise des examens de certification du niveau de fran\u00e7ais (DELF \u2013 DALF) et dispose d\u2019une m\u00e9diath\u00e8que.[\/vc_column_text][vc_single_image image=&#8221;2247&#8243; img_size=&#8221;full&#8221; css=&#8221;.vc_custom_1536581903915{margin-bottom: -150px !important;padding-bottom: 0px !important;}&#8221;][\/vc_column_inner][\/vc_row_inner][vc_row_inner][vc_column_inner][vc_raw_html]PGRpdiBzdHlsZT0iY2xlYXI6Ym90aDsiPjwvZGl2Pg==[\/vc_raw_html][\/vc_column_inner][\/vc_row_inner][vc_row_inner css=&#8221;.vc_custom_1557142456589{background-color: #dee9f4 !important;}&#8221;][vc_column_inner][vc_custom_heading text=&#8221;Notre r\u00e9seau&#8221; font_container=&#8221;tag:h2|font_size:30|text_align:left|color:%237d7d7d&#8221; google_fonts=&#8221;font_family:Montserrat%3Aregular%2C700|font_style:700%20bold%20regular%3A700%3Anormal&#8221; css=&#8221;.vc_custom_1557142450350{padding-top: 150px !important;padding-right: 20px !important;padding-left: 70px !important;}&#8221; el_class=&#8221;max_width_600 right_block&#8221;][\/vc_column_inner][\/vc_row_inner][vc_row_inner content_placement=&#8221;middle&#8221; el_class=&#8221;max_width_600 right_block&#8221;][vc_column_inner width=&#8221;1\/2&#8243;][vc_single_image image=&#8221;16552&#8243; alignment=&#8221;center&#8221; onclick=&#8221;custom_link&#8221; img_link_target=&#8221;_blank&#8221; link=&#8221;https:\/\/tr.ambafrance.org\/-Francais-&#8220;][\/vc_column_inner][vc_column_inner width=&#8221;1\/2&#8243;][vc_single_image image=&#8221;5798&#8243; alignment=&#8221;center&#8221; onclick=&#8221;custom_link&#8221; img_link_target=&#8221;_blank&#8221; link=&#8221;https:\/\/tr.ambafrance.org\/-Francais-&#8220;][\/vc_column_inner][\/vc_row_inner][vc_row_inner content_placement=&#8221;middle&#8221; el_class=&#8221;max_width_600 right_block&#8221;][vc_column_inner width=&#8221;1\/2&#8243;][vc_single_image image=&#8221;5790&#8243; img_size=&#8221;full&#8221; alignment=&#8221;center&#8221; onclick=&#8221;custom_link&#8221; img_link_target=&#8221;_blank&#8221; link=&#8221;http:\/\/www.af-adana.org\/fr\/homepage\/&#8221;][\/vc_column_inner][vc_column_inner width=&#8221;1\/2&#8243;][vc_single_image image=&#8221;5792&#8243; img_size=&#8221;full&#8221; alignment=&#8221;center&#8221; onclick=&#8221;custom_link&#8221; img_link_target=&#8221;_blank&#8221; link=&#8221;http:\/\/www.alliancefrbursa.org\/fr\/&#8221;][\/vc_column_inner][\/vc_row_inner][vc_row_inner content_placement=&#8221;middle&#8221; el_class=&#8221;max_width_600 right_block&#8221;][vc_column_inner width=&#8221;1\/2&#8243;][vc_single_image image=&#8221;16554&#8243; img_size=&#8221;full&#8221; alignment=&#8221;center&#8221; onclick=&#8221;custom_link&#8221; img_link_target=&#8221;_blank&#8221; link=&#8221;https:\/\/www.francealumni.fr\/fr\/poste\/turquie\/&#8221;][\/vc_column_inner][vc_column_inner width=&#8221;1\/2&#8243;][vc_single_image image=&#8221;5796&#8243; alignment=&#8221;center&#8221; onclick=&#8221;custom_link&#8221; img_link_target=&#8221;_blank&#8221; link=&#8221;https:\/\/www.francealumni.fr\/fr\/poste\/turquie\/&#8221;][\/vc_column_inner][\/vc_row_inner][\/vc_column][vc_column width=&#8221;1\/2&#8243; css=&#8221;.vc_custom_1531906725840{margin: 0px !important;padding: 0px !important;background-color: #c693c2 !important;}&#8221;][vc_single_image image=&#8221;9304&#8243; img_size=&#8221;full&#8221; alignment=&#8221;center&#8221; css=&#8221;.vc_custom_1558009014374{margin-top: 0px !important;margin-right: 0px !important;margin-bottom: 0px !important;margin-left: 0px !important;padding-top: 0px !important;padding-right: 0px !important;padding-bottom: 0px !important;padding-left: 0px !important;}&#8221;][vc_row_inner css=&#8221;.vc_custom_1531906969267{margin-top: 0px !important;margin-right: 0px !important;margin-bottom: 0px !important;margin-left: 0px !important;padding-top: 0px !important;padding-right: 0px !important;padding-bottom: 0px !important;padding-left: 0px !important;}&#8221; el_class=&#8221;max_width_600&#8243;][vc_column_inner][vc_column_text css=&#8221;.vc_custom_1641884497821{padding-top: 70px !important;padding-right: 20px !important;padding-bottom: 10px !important;padding-left: 70px !important;}&#8221;]<span style=\"color: #ffffff;\">L\u2019Institut fran\u00e7ais de Turquie est membre d\u2019un r\u00e9seau de 96 Instituts fran\u00e7ais \u00e0 l\u2019\u00e9tranger et plus de 800 Alliances fran\u00e7aises, \u00e0 ce titre il est en relation \u00e9troite avec l\u2019Institut fran\u00e7ais-Paris, op\u00e9rateur de l\u2019action culturelle ext\u00e9rieure de la France.<\/span><\/p>\n<p>[\/vc_column_text][vc_column_text css=&#8221;.vc_custom_1557143584616{padding-top: 0px !important;padding-right: 20px !important;padding-bottom: 30px !important;padding-left: 70px !important;}&#8221;]<span style=\"color: #ffffff;\">La politique culturelle de l\u2019Institut fran\u00e7ais de Turquie vise \u00e0 donner \u00e0 voir la culture fran\u00e7aise dans toute sa diversit\u00e9 et sa modernit\u00e9. Lieu de rencontres et d\u2019\u00e9changes, l\u2019Institut s\u2019int\u00e8gre dans la vie culturelle de chaque ville o\u00f9 il se trouve et d\u00e9veloppe des collaborations avec les partenaires locaux. Avec eux, il construit une programmation diversifi\u00e9e et propose de grands rendez-vous annuels, comme la f\u00eate de la musique, le mois de la francophonie ou le festival de musiques actuelles XXF.<\/span><\/p>\n<p><span style=\"color: #ffffff;\">L\u2019Institut fran\u00e7ais de Turquie apporte son appui \u00e0 l\u2019Ambassade de France pour la mise en \u0153uvre des programmes de coop\u00e9ration dans les domaines universitaire, scientifique, \u00e9ducatif et linguistique. Il abrite les bureaux de Campus France, qui assurent la promotion des \u00e9tudes sup\u00e9rieures en France.<\/span>[\/vc_column_text][\/vc_column_inner][\/vc_row_inner][vc_row_inner][vc_column_inner][vc_raw_html]PGRpdiBzdHlsZT0iY2xlYXI6Ym90aDsiPjwvZGl2Pg==[\/vc_raw_html][\/vc_column_inner][\/vc_row_inner][\/vc_column][\/vc_row][\/vc_section]<\/p>\n<\/div>","protected":false},"excerpt":{"rendered":"<p>[vc_section css=&#8221;.vc_custom_1531905726581{margin: 0px !important;padding: 0px !important;}&#8221;][vc_row el_class=&#8221;container_1110&#8243;][vc_column width=&#8221;1\/2&#8243;][vc_row_inner css=&#8221;.vc_custom_1531909257469{margin-top: 0px !important;margin-right: 0px !important;margin-bottom: 0px !important;margin-left: 0px !important;padding-top: 0px !important;padding-right: 0px !important;padding-bottom: 0px !important;padding-left: 0px !important;}&#8221; el_class=&#8221;max_width_600 right_block&#8221;][vc_column_inner][vc_column_text css=&#8221;.vc_custom_1532680611836{margin-top: 45px !important;margin-right: 0px !important;margin-left: 0px !important;padding-right: 120px !important;padding-left: 0px !important;}&#8221;]L\u2019Institut fran\u00e7ais de Turquie est un \u00e9tablissement \u00e0 autonomie financi\u00e8re plac\u00e9 sous l\u2019autorit\u00e9 de l\u2019Ambassade de France en [&hellip;]<\/p>\n","protected":false},"author":2,"featured_media":0,"parent":3736,"menu_order":0,"comment_status":"closed","ping_status":"closed","template":"new-page-template.php","meta":{"_acf_changed":false,"h5ap_radio_sources":[],"footnotes":""},"class_list":["post-3743","page","type-page","status-publish","hentry"],"acf":[],"_links":{"self":[{"href":"https:\/\/www.ifturquie.org\/fr\/wp-json\/wp\/v2\/pages\/3743","targetHints":{"allow":["GET"]}}],"collection":[{"href":"https:\/\/www.ifturquie.org\/fr\/wp-json\/wp\/v2\/pages"}],"about":[{"href":"https:\/\/www.ifturquie.org\/fr\/wp-json\/wp\/v2\/types\/page"}],"author":[{"embeddable":true,"href":"https:\/\/www.ifturquie.org\/fr\/wp-json\/wp\/v2\/users\/2"}],"replies":[{"embeddable":true,"href":"https:\/\/www.ifturquie.org\/fr\/wp-json\/wp\/v2\/comments?post=3743"}],"version-history":[{"count":21,"href":"https:\/\/www.ifturquie.org\/fr\/wp-json\/wp\/v2\/pages\/3743\/revisions"}],"predecessor-version":[{"id":21039,"href":"https:\/\/www.ifturquie.org\/fr\/wp-json\/wp\/v2\/pages\/3743\/revisions\/21039"}],"up":[{"embeddable":true,"href":"https:\/\/www.ifturquie.org\/fr\/wp-json\/wp\/v2\/pages\/3736"}],"wp:attachment":[{"href":"https:\/\/www.ifturquie.org\/fr\/wp-json\/wp\/v2\/media?parent=3743"}],"curies":[{"name":"wp","href":"https:\/\/api.w.org\/{rel}","templated":true}]}}