{"id":3739,"date":"2018-09-20T18:28:32","date_gmt":"2018-09-20T15:28:32","guid":{"rendered":"http:\/\/www.ifturquie.org\/qui-sommes-nous\/lequipe\/"},"modified":"2025-10-31T08:59:11","modified_gmt":"2025-10-31T05:59:11","slug":"lequipe","status":"publish","type":"page","link":"https:\/\/www.ifturquie.org\/fr\/qui-sommes-nous\/lequipe\/","title":{"rendered":"L\u2019\u00e9quipe"},"content":{"rendered":"<div class=\"wpb-content-wrapper\"><p>[vc_section css=&#8221;.vc_custom_1531905726581{margin: 0px !important;padding: 0px !important;}&#8221;][vc_row el_class=&#8221;container_1110&#8243;][vc_column width=&#8221;1\/2&#8243;][vc_row_inner css=&#8221;.vc_custom_1531909257469{margin-top: 0px !important;margin-right: 0px !important;margin-bottom: 0px !important;margin-left: 0px !important;padding-top: 0px !important;padding-right: 0px !important;padding-bottom: 0px !important;padding-left: 0px !important;}&#8221; el_class=&#8221;max_width_600 right_block&#8221;][vc_column_inner][vc_custom_heading text=&#8221;Institut fran\u00e7ais de Turquie&#8221; font_container=&#8221;tag:h2|font_size:20|text_align:left|color:%237d7d7d&#8221; google_fonts=&#8221;font_family:Montserrat%3Aregular%2C700|font_style:700%20bold%20regular%3A700%3Anormal&#8221; css=&#8221;.vc_custom_1534332018214{margin-top: 45px !important;margin-right: 0px !important;margin-bottom: 45px !important;margin-left: 0px !important;padding-right: 0px !important;padding-left: 0px !important;}&#8221;][vc_column_text css=&#8221;.vc_custom_1756465187221{margin-right: 0px !important;margin-left: 0px !important;padding-right: 120px !important;padding-left: 0px !important;}&#8221;]Gilles ROULLAND<br \/>\nConseiller de coop\u00e9ration et d\u2019action culturelle<br \/>\nDirecteur g\u00e9n\u00e9ral de l\u2019Institut fran\u00e7ais de Turquie<br \/>\nDirecteur de la MICEL<\/p>\n<p>Fabien FLORI<br \/>\nConseiller adjoint de coop\u00e9ration et d\u2019action culturelle<br \/>\nDirecteur g\u00e9n\u00e9ral adjoint de l\u2019Institut fran\u00e7ais de Turquie<\/p>\n<p>Alain HOFFNER<br \/>\nSecr\u00e9taire g\u00e9n\u00e9ral<\/p>\n<p>G\u00f6zde ERYILMAZ<br \/>\nAssistante de direction<\/p>\n<p>Feride TARTANO\u011eLU<br \/>\nAssistante de direction du secr\u00e9taire g\u00e9n\u00e9ral<\/p>\n<p>Sibel\u00a0ERDO\u011eAN YAL\u00c7IN<br \/>\nResponsable Gestionnaire BMI<\/p>\n<p>P\u0131nar F\u0130GEN<br \/>\nResponsable nationale de communication<\/p>\n<h4 class=\"vc_custom_heading\">Agence comptable<\/h4>\n<div class=\"wpb_text_column wpb_content_element \">\n<div class=\"wpb_wrapper\">\n<p><span style=\"color: #333333;\">Gianfranco MELIS<\/span><br \/>\n<span style=\"color: #333333;\">Agent comptable<\/span><\/p>\n<p><span style=\"color: #333333;\">\u0130dil KARASAR<\/span><br \/>\n<span style=\"color: #333333;\">Assistante<\/span><\/p>\n<p><span style=\"color: #333333;\">Selda AKSU<\/span><br \/>\n<span style=\"color: #333333;\">Assistante<\/span><\/p>\n<\/div>\n<\/div>\n<p>[\/vc_column_text][vc_single_image image=&#8221;2247&#8243; img_size=&#8221;full&#8221; css=&#8221;.vc_custom_1536582183364{margin-bottom: -150px !important;padding-bottom: 0px !important;}&#8221;][\/vc_column_inner][\/vc_row_inner][vc_row_inner][vc_column_inner][vc_raw_html]PGRpdiBzdHlsZT0iY2xlYXI6IGJvdGg7Ij48L2Rpdj4=[\/vc_raw_html][\/vc_column_inner][\/vc_row_inner][vc_row_inner css=&#8221;.vc_custom_1531919458857{background-color: #dee9f4 !important;}&#8221;][vc_column_inner el_class=&#8221;max_width_600 right_block&#8221; css=&#8221;.vc_custom_1531919514802{padding-top: 160px !important;}&#8221;][vc_toggle title=&#8221;Ankara&#8221; css=&#8221;.vc_custom_1756465211489{margin-top: 0px !important;margin-right: 0px !important;margin-bottom: 20px !important;margin-left: 0px !important;padding-top: 0px !important;padding-right: 0px !important;padding-bottom: 0px !important;padding-left: 0px !important;}&#8221;]<\/p>\n<table>\n<tbody>\n<tr>\n<td style=\"width: 287px;\">\n<h4 class=\"vc_custom_heading\">Direction<\/h4>\n<\/td>\n<td style=\"width: 263px;\">\n<h4 class=\"vc_custom_heading\">Service Culturel<\/h4>\n<\/td>\n<\/tr>\n<tr>\n<td style=\"width: 287px;\">Pascale BOEGLIN-RODIER<br \/>\nDirectrice d\u00e9l\u00e9gu\u00e9e<\/td>\n<td style=\"width: 263px;\">\u00d6zlem G\u00dcL<br \/>\nResponsable de l\u2019action culturelle<\/td>\n<\/tr>\n<tr>\n<td style=\"width: 287px;\">Murat \u00c7EL\u0130K<br \/>\nResponsable des affaires g\u00e9n\u00e9rales, administratives et de la communication<\/td>\n<td style=\"width: 263px;\">\n<h4>Campus France<\/h4>\n<\/td>\n<\/tr>\n<tr>\n<td style=\"width: 287px;\">\n<h4 class=\"vc_custom_heading\">Service des cours<\/h4>\n<\/td>\n<td style=\"width: 263px;\">Alexandre SUBA\u015eI<br \/>\nResponsable d\u2019espace<\/td>\n<\/tr>\n<tr>\n<td style=\"width: 287px;\">H\u00fclya \u00d6Z<br \/>\nDirectrice des cours<\/td>\n<td style=\"width: 263px;\">\n<h4 class=\"vc_custom_heading\">M\u00e9diath\u00e8que<\/h4>\n<\/td>\n<\/tr>\n<tr>\n<td style=\"width: 287px;\">Deniz ATE\u015e<br \/>\nSecr\u00e9taire des cours<\/td>\n<td style=\"width: 263px;\" width=\"307\">Sultan ALPARSLAN<br \/>\nResponsable m\u00e9diath\u00e8que<\/td>\n<\/tr>\n<tr>\n<td style=\"width: 287px;\">Hilal BEKTA\u015e<br \/>\nSecr\u00e9taire des cours<\/td>\n<td style=\"width: 263px;\">\n<p class=\"vc_custom_heading\">\u00dclker \u00d6ZDEM\u0130R<br \/>\nConseill\u00e8re p\u00e9dagogique &amp; documentaliste<\/p>\n<\/td>\n<\/tr>\n<tr>\n<td style=\"width: 287px;\"><\/td>\n<td style=\"width: 263px;\"><\/td>\n<\/tr>\n<tr>\n<td style=\"width: 287px;\">\n<h4>Service technique<\/h4>\n<\/td>\n<td style=\"width: 263px;\">\n<h4 class=\"vc_custom_heading\">Comptabilit\u00e9<\/h4>\n<\/td>\n<\/tr>\n<tr>\n<td style=\"width: 287px;\">\u0130smail BABAO\u011eLU<br \/>\nCharg\u00e9 technique et informatique<\/td>\n<td style=\"width: 263px;\">Bar\u0131\u015f ERDO\u011eAN<br \/>\nR\u00e9gisseur Comptable<\/td>\n<\/tr>\n<tr>\n<td style=\"width: 287px;\">\u00d6mer \u00d6ZDEM\u0130R<br \/>\nChauffeur<\/td>\n<td style=\"width: 263px;\"><\/td>\n<\/tr>\n<\/tbody>\n<\/table>\n<p>[\/vc_toggle][vc_toggle title=&#8221;\u0130stanbul&#8221; css=&#8221;.vc_custom_1760095071217{margin-top: 0px !important;margin-right: 0px !important;margin-bottom: 20px !important;margin-left: 0px !important;padding-top: 0px !important;padding-right: 0px !important;padding-bottom: 0px !important;padding-left: 0px !important;}&#8221;]<\/p>\n<table style=\"width: 95.8256%;\">\n<tbody>\n<tr style=\"height: 90px;\">\n<td style=\"width: 64.6101%; height: 90px;\">\n<h4 class=\"vc_custom_heading\">Direction<\/h4>\n<\/td>\n<td style=\"width: 117.29%; height: 90px;\">\n<h4 class=\"vc_custom_heading\">Service culturel<\/h4>\n<\/td>\n<\/tr>\n<tr style=\"height: 48px;\">\n<td style=\"width: 64.6101%; height: 48px;\">Valentin RODRIGUEZ<br \/>\nAttach\u00e9 culturel et Directeur d\u00e9l\u00e9gu\u00e9<\/td>\n<td style=\"width: 117.29%; height: 48px;\">Elif ERDO\u011eAN<br \/>\nResponsable de l\u2019action culturelle<\/td>\n<\/tr>\n<tr style=\"height: 72px;\">\n<td style=\"width: 64.6101%; height: 72px;\">Isabelle BAHAR BALOS<br \/>\nResponsable administratif et financier<\/td>\n<td style=\"width: 117.29%; height: 72px;\">Selin \u015eA\u015eMAZ KALAYCIO\u011eLU<br \/>\nCharg\u00e9e de communication<\/td>\n<\/tr>\n<tr style=\"height: 48px;\">\n<td style=\"width: 64.6101%; height: 48px;\">Marie D\u0130D\u0130\u015e<br \/>\nAssistante de direction<\/td>\n<td style=\"width: 117.29%; height: 48px;\">Mathilde DUMAINE<br \/>\nCharg\u00e9e de la politique du livre<\/td>\n<\/tr>\n<tr style=\"height: 66px;\">\n<td style=\"width: 64.6101%; height: 66px;\">\n<h4 class=\"vc_custom_heading\">Service des cours<\/h4>\n<\/td>\n<td style=\"width: 117.29%; height: 66px;\">\n<h4 class=\"vc_custom_heading\">Campus France<\/h4>\n<\/td>\n<\/tr>\n<tr style=\"height: 48px;\">\n<td style=\"width: 64.6101%; height: 48px;\">Z\u00fcmra KIZILT\u00dcRK<br \/>\nDirectrice des cours<\/td>\n<td style=\"width: 117.29%; height: 48px;\">Fidan D\u0130N\u00c7<br \/>\nAgent<\/td>\n<\/tr>\n<tr style=\"height: 48px;\">\n<td style=\"width: 64.6101%; height: 48px;\">Esra KILI\u00c7 PENBE<br \/>\nSecr\u00e9taire des cours<\/td>\n<td style=\"width: 117.29%; height: 67px;\">\n<p class=\"vc_custom_heading\">Ali Kemal YARIM\u00c7ELIK<br \/>\nAgent<\/p>\n<\/td>\n<\/tr>\n<tr style=\"height: 67px;\">\n<td style=\"width: 64.6101%; height: 67px;\">Orkun GEN\u00c7O\u011eLU<br \/>\nSecr\u00e9taire des cours<\/td>\n<td style=\"width: 117.29%; height: 67px;\"><\/td>\n<\/tr>\n<tr style=\"height: 48px;\">\n<td style=\"width: 64.6101%; height: 48px;\">Esra NEL\u0130K<br \/>\nAssistante au service des examens<\/td>\n<td style=\"width: 117.29%; height: 48px;\">\n<h4>M\u00e9diath\u00e8que<\/h4>\n<\/td>\n<\/tr>\n<tr style=\"height: 72px;\">\n<td style=\"width: 64.6101%; height: 72px;\">Kadir KURSUN<br \/>\nSecr\u00e9taire des cours<\/td>\n<td style=\"width: 117.29%; height: 72px;\">Ayfer SIMMS<br \/>\nResponsable m\u00e9diath\u00e8que<\/td>\n<\/tr>\n<tr style=\"height: 66px;\">\n<td style=\"width: 64.6101%; height: 66px;\">\n<p class=\"vc_custom_heading\">\n<\/td>\n<td style=\"width: 117.29%; height: 66px;\"><\/td>\n<\/tr>\n<tr style=\"height: 66px;\">\n<td style=\"width: 64.6101%; height: 66px;\">\n<h4 class=\"vc_custom_heading\">Comptabilit\u00e9<\/h4>\n<\/td>\n<td style=\"width: 117.29%; height: 66px;\">\n<h4 class=\"vc_custom_heading\">Technique, Logistique<\/h4>\n<\/td>\n<\/tr>\n<tr style=\"height: 48px;\">\n<td style=\"width: 64.6101%; height: 48px;\">Selda YESILTEPE<br \/>\nR\u00e9gisseur Comptable<\/td>\n<td style=\"width: 117.29%; height: 48px;\">Alain PEKS\u00d6YLER<br \/>\nResponsable<\/td>\n<\/tr>\n<tr style=\"height: 48px;\">\n<td style=\"width: 64.6101%; height: 48px;\"><\/td>\n<td style=\"width: 117.29%; height: 48px;\">Emre YA\u015eAR<br \/>\nR\u00e9gisseur son &amp; lumi\u00e8re<\/td>\n<\/tr>\n<tr style=\"height: 48px;\">\n<td style=\"width: 64.6101%; height: 48px;\"><\/td>\n<td style=\"width: 117.29%; height: 48px;\">Kurban DO\u011eRU<br \/>\nAgent technique<\/td>\n<\/tr>\n<tr style=\"height: 48px;\">\n<td style=\"width: 64.6101%; height: 48px;\"><\/td>\n<td style=\"width: 117.29%; height: 48px;\"><\/td>\n<\/tr>\n<tr style=\"height: 48px;\">\n<td style=\"width: 64.6101%; height: 48px;\"><\/td>\n<td style=\"width: 117.29%; height: 48px;\"><\/td>\n<\/tr>\n<\/tbody>\n<\/table>\n<p>[\/vc_toggle][vc_toggle title=&#8221;\u0130zmir&#8221; css=&#8221;.vc_custom_1761890634802{margin-top: 0px !important;margin-right: 0px !important;margin-bottom: 20px !important;margin-left: 0px !important;padding-top: 0px !important;padding-right: 0px !important;padding-bottom: 0px !important;padding-left: 0px !important;}&#8221;]<\/p>\n<table style=\"height: 578px; width: 550px;\">\n<tbody>\n<tr style=\"height: 66px;\">\n<td style=\"width: 284px; height: 66px;\">\n<h4 class=\"vc_custom_heading\">Direction<\/h4>\n<\/td>\n<td style=\"width: 266px; height: 66px;\">\n<h4 class=\"vc_custom_heading\">Comptabilit\u00e9<\/h4>\n<\/td>\n<\/tr>\n<tr style=\"height: 48px;\">\n<td style=\"width: 284px; height: 48px;\">Juliette BOMPOINT<br \/>\nDirectrice d\u00e9l\u00e9gu\u00e9e<\/td>\n<td style=\"width: 266px; height: 48px;\">Nermin \u015eAFAK<br \/>\nR\u00e9gisseuse Comptable<\/td>\n<\/tr>\n<tr style=\"height: 67px;\">\n<td style=\"width: 284px; height: 67px;\">Jale TA\u015eKIN<br \/>\nAssistante de direction<\/td>\n<td style=\"width: 266px; height: 67px;\">\n<h4 class=\"vc_custom_heading\">Culture<\/h4>\n<\/td>\n<\/tr>\n<tr style=\"height: 48px;\">\n<td style=\"width: 284px; height: 48px;\">Senem UMUT<br \/>\nCharg\u00e9e de communication<\/td>\n<td style=\"width: 266px; height: 48px;\">Damla \u00c7AMUR<br \/>\nCharg\u00e9e de l\u2019action culturelle<\/td>\n<\/tr>\n<tr style=\"height: 66px;\">\n<td style=\"width: 284px; height: 66px;\">\n<h4 class=\"vc_custom_heading\">Cours<\/h4>\n<\/td>\n<td style=\"width: 266px; height: 66px;\">\n<h4 class=\"vc_custom_heading\">M\u00e9diath\u00e8que<\/h4>\n<\/td>\n<\/tr>\n<tr style=\"height: 48px;\">\n<td style=\"width: 284px; height: 48px;\">Yusuf Z. DUSMEZ<br \/>\nDirecteur des cours<\/td>\n<td style=\"width: 266px; height: 48px;\" width=\"307\">Nathalie BRISSON<br \/>\nResponsable m\u00e9diath\u00e8que<\/td>\n<\/tr>\n<tr style=\"height: 48px;\">\n<td style=\"width: 284px; height: 48px;\">Yunus Emre DA\u015e<br \/>\nSecr\u00e9taire des cours<\/td>\n<td style=\"width: 266px; height: 48px;\">Serra TORUN<br \/>\nM\u00e9diath\u00e8caire<\/td>\n<\/tr>\n<tr style=\"height: 48px;\">\n<td style=\"width: 284px; height: 48px;\">Ay\u015fe EVREN<br \/>\nAccueil \/ Secr\u00e9taire des cours<\/td>\n<td style=\"width: 266px; height: 48px;\"><\/td>\n<\/tr>\n<tr>\n<td style=\"width: 284px;\">\n<h4 class=\"vc_custom_heading\">Campus France<\/h4>\n<\/td>\n<td style=\"width: 266px; height: 67px;\">\n<h4 class=\"vc_custom_heading\">Technique, Logistique<\/h4>\n<\/td>\n<\/tr>\n<tr>\n<td style=\"width: 284px;\" width=\"307\">Yadikar PALA<br \/>\nResponsable r\u00e9gionale<\/td>\n<td style=\"width: 266px; height: 48px;\">Kemal \u00c7ALBAY<br \/>\nConcierge, Technicien, Chauffeur<\/td>\n<\/tr>\n<\/tbody>\n<\/table>\n<p>[\/vc_toggle][\/vc_column_inner][\/vc_row_inner][\/vc_column][vc_column width=&#8221;1\/2&#8243; css=&#8221;.vc_custom_1621342332486{margin-top: 0px !important;margin-right: 0px !important;margin-bottom: 0px !important;margin-left: 0px !important;padding-top: 0px !important;padding-right: 0px !important;padding-bottom: 0px !important;padding-left: 0px !important;}&#8221;][vc_row_inner css=&#8221;.vc_custom_1531909257469{margin-top: 0px !important;margin-right: 0px !important;margin-bottom: 0px !important;margin-left: 0px !important;padding-top: 0px !important;padding-right: 0px !important;padding-bottom: 0px !important;padding-left: 0px !important;}&#8221; el_class=&#8221;max_width_600 right_block&#8221;][vc_column_inner][vc_custom_heading text=&#8221;&#8221; font_container=&#8221;tag:h2|font_size:20|text_align:left|color:%237d7d7d&#8221; google_fonts=&#8221;font_family:Montserrat%3Aregular%2C700|font_style:700%20bold%20regular%3A700%3Anormal&#8221; css=&#8221;.vc_custom_1683370970796{margin-top: 45px !important;margin-right: 0px !important;margin-bottom: 45px !important;margin-left: 0px !important;padding-right: 0px !important;padding-left: 0px !important;}&#8221;][vc_column_text css=&#8221;.vc_custom_1760094312318{margin-right: 0px !important;margin-left: 0px !important;padding-right: 120px !important;padding-left: 0px !important;}&#8221;]Elisabeth GAY<br \/>\nAttach\u00e9e de coop\u00e9ration scientifique et universitaire &#8211; Directrice de Campus France Turquie<\/p>\n<p><span style=\"color: #333333;\">Xavier WASSON<\/span><br \/>\n<span style=\"color: #333333;\">Attach\u00e9 de coop\u00e9ration \u00e9ducative<\/span><\/p>\n<p><span style=\"color: #333333;\">Florent SIGNIFREDI<\/span><br \/>\n<span style=\"color: #333333;\">Attach\u00e9 de coop\u00e9ration audiovisuelle r\u00e9gional<\/span><\/p>\n<p>Juliette MAUGET<br \/>\n<span style=\"color: #333333;\">Attach\u00e9e de coop\u00e9ration pour le fran\u00e7ais<\/span><\/p>\n<p><span style=\"color: #333333;\">Pierre-Henri JOVIGNOT<\/span><br \/>\n<span style=\"color: #333333;\">Charg\u00e9 de coop\u00e9ration avec la soci\u00e9t\u00e9 civile<\/span><\/p>\n<p>Th\u00e9o THUILLIER<br \/>\nCharg\u00e9 de mission scientifique et universitaire<\/p>\n<p><span style=\"color: #333333;\">Nazan EKER<\/span><br \/>\nAssistante de coop\u00e9ration linguistique et universitaire[\/vc_column_text][vc_single_image image=&#8221;27759&#8243; css=&#8221;.vc_custom_1683370990609{margin-bottom: -150px !important;padding-bottom: 0px !important;}&#8221;][\/vc_column_inner][\/vc_row_inner][vc_row_inner][vc_column_inner][vc_raw_html]PGRpdiBzdHlsZT0iY2xlYXI6IGJvdGg7Ij48L2Rpdj4=[\/vc_raw_html][\/vc_column_inner][\/vc_row_inner][\/vc_column][\/vc_row][\/vc_section][vc_row][vc_column][vc_column_text]<\/p>\n<p>[\/vc_column_text][\/vc_column][\/vc_row]<\/p>\n<\/div>","protected":false},"excerpt":{"rendered":"<p>[vc_section css=&#8221;.vc_custom_1531905726581{margin: 0px !important;padding: 0px !important;}&#8221;][vc_row el_class=&#8221;container_1110&#8243;][vc_column width=&#8221;1\/2&#8243;][vc_row_inner css=&#8221;.vc_custom_1531909257469{margin-top: 0px !important;margin-right: 0px !important;margin-bottom: 0px !important;margin-left: 0px !important;padding-top: 0px !important;padding-right: 0px !important;padding-bottom: 0px !important;padding-left: 0px !important;}&#8221; el_class=&#8221;max_width_600 right_block&#8221;][vc_column_inner][vc_custom_heading text=&#8221;Institut fran\u00e7ais de Turquie&#8221; font_container=&#8221;tag:h2|font_size:20|text_align:left|color:%237d7d7d&#8221; google_fonts=&#8221;font_family:Montserrat%3Aregular%2C700|font_style:700%20bold%20regular%3A700%3Anormal&#8221; css=&#8221;.vc_custom_1534332018214{margin-top: 45px !important;margin-right: 0px !important;margin-bottom: 45px !important;margin-left: 0px !important;padding-right: 0px !important;padding-left: 0px !important;}&#8221;][vc_column_text css=&#8221;.vc_custom_1756465187221{margin-right: 0px !important;margin-left: 0px !important;padding-right: 120px !important;padding-left: 0px !important;}&#8221;]Gilles [&hellip;]<\/p>\n","protected":false},"author":2,"featured_media":0,"parent":3736,"menu_order":0,"comment_status":"closed","ping_status":"closed","template":"new-page-template.php","meta":{"_acf_changed":false,"h5ap_radio_sources":[],"footnotes":""},"class_list":["post-3739","page","type-page","status-publish","hentry"],"acf":[],"_links":{"self":[{"href":"https:\/\/www.ifturquie.org\/fr\/wp-json\/wp\/v2\/pages\/3739","targetHints":{"allow":["GET"]}}],"collection":[{"href":"https:\/\/www.ifturquie.org\/fr\/wp-json\/wp\/v2\/pages"}],"about":[{"href":"https:\/\/www.ifturquie.org\/fr\/wp-json\/wp\/v2\/types\/page"}],"author":[{"embeddable":true,"href":"https:\/\/www.ifturquie.org\/fr\/wp-json\/wp\/v2\/users\/2"}],"replies":[{"embeddable":true,"href":"https:\/\/www.ifturquie.org\/fr\/wp-json\/wp\/v2\/comments?post=3739"}],"version-history":[{"count":72,"href":"https:\/\/www.ifturquie.org\/fr\/wp-json\/wp\/v2\/pages\/3739\/revisions"}],"predecessor-version":[{"id":37553,"href":"https:\/\/www.ifturquie.org\/fr\/wp-json\/wp\/v2\/pages\/3739\/revisions\/37553"}],"up":[{"embeddable":true,"href":"https:\/\/www.ifturquie.org\/fr\/wp-json\/wp\/v2\/pages\/3736"}],"wp:attachment":[{"href":"https:\/\/www.ifturquie.org\/fr\/wp-json\/wp\/v2\/media?parent=3739"}],"curies":[{"name":"wp","href":"https:\/\/api.w.org\/{rel}","templated":true}]}}