{"id":3734,"date":"2018-09-20T17:57:18","date_gmt":"2018-09-20T14:57:18","guid":{"rendered":"http:\/\/www.ifturquie.org\/recherche\/pourquoi-choisir-la-france\/"},"modified":"2018-10-01T17:07:46","modified_gmt":"2018-10-01T14:07:46","slug":"pourquoi-choisir-la-france","status":"publish","type":"page","link":"https:\/\/www.ifturquie.org\/fr\/cooperation\/pourquoi-choisir-la-france\/","title":{"rendered":"Pourquoi choisir la France?"},"content":{"rendered":"<div class=\"wpb-content-wrapper\"><p>[vc_section css=&#8221;.vc_custom_1531905726581{margin: 0px !important;padding: 0px !important;}&#8221;][vc_row][vc_column width=&#8221;1\/2&#8243;][vc_row_inner css=&#8221;.vc_custom_1531909257469{margin-top: 0px !important;margin-right: 0px !important;margin-bottom: 0px !important;margin-left: 0px !important;padding-top: 0px !important;padding-right: 0px !important;padding-bottom: 0px !important;padding-left: 0px !important;}&#8221; el_class=&#8221;max_width_600 right_block&#8221;][vc_column_inner][vc_column_text css=&#8221;.vc_custom_1538402888086{margin-right: 0px !important;margin-left: 0px !important;padding-right: 120px !important;padding-left: 0px !important;}&#8221;]<\/p>\n<h3><\/h3>\n<h3><strong>La recherche scientifique en France : une priorit\u00e9<\/strong><\/h3>\n<p>La France consacre 2,24% de son PIB (soit 47,9 milliards d\u2019euros) \u00e0 la recherche et d\u00e9veloppement. La recherche mobilise 417 000 personnes dont 266\u00a0 700 chercheurs, r\u00e9partis \u00e0 40% dans le public et 60% dans le priv\u00e9. 14\u00a0500 doctorats sont d\u00e9livr\u00e9s chaque ann\u00e9e.<\/p>\n<p>En termes de publication scientifique, la France se place au 6\u00e8me rang mondial avec 3,3% des publications scientifiques du monde. L\u2019indice d\u2019impact des publications fran\u00e7aises est le 4\u00e8me plus fort du monde. Parmi les 10 premiers pays mondiaux,<strong> la France pr\u00e9sente le plus fort taux de collaboration\u00a0 internationale, devant le Royaume-Uni et l\u2019Allemagne<\/strong>. Enfin, la France est au 4\u00e8me rang mondial dans le syst\u00e8me europ\u00e9en de brevets (6,3% des demandes enregistr\u00e9es).<\/p>\n<p>La France est aussi \u00e0 la <strong>quatri\u00e8me place mondiale pour son nombre de prix Nobel (62)<\/strong>, les plus r\u00e9cents \u00e9tant Jean-Pierre Sauvage (Chimie, 2016), Patrick Modiano (Litt\u00e9rature, 2014), Jean Tirole (\u00c9conomie, 2014), Serge Haroche (Physique, 2012) et Jules Hoffmann (M\u00e9decine,\u00a02011). Du c\u00f4t\u00e9 des math\u00e9matiques, la France se situe au deuxi\u00e8me rang mondial avec 13 m\u00e9dailles Fields, dont les Fran\u00e7ais Artur Avila (2014), Ngo Bao Chau &amp; C\u00e9dric Villani (2010).<\/p>\n<p>La recherche en France est r\u00e9alis\u00e9e dans les universit\u00e9s et les organismes de recherche tels que le CNRS, l\u2019INRA, l\u2019INSERM, etc. <strong>Le Centre national de la recherche scientifique (CNRS) est la premi\u00e8re institution de recherche mondiale<\/strong> en termes de nombre de publications scientifiques.<\/p>\n<p><strong>En compl\u00e9ment:\u00a0<\/strong><a href=\"http:\/\/ressources.campusfrance.org\/visuels_medias\/campusfrance\/promo\/fr\/recherche_innovation_fr.pdf\">les 10 raisons de choisir la France pour un projet de recherche<\/a><\/p>\n<p><strong>Vid\u00e9o:<\/strong>\u00a0<a href=\"https:\/\/www.youtube.com\/watch?v=_2o24DagTik\">la recherche en France<\/a><\/p>\n<h5><span style=\"font-size: 12pt; color: #808080;\"><strong>Pour en savoir plus sur les types de financement pour les chercheurs:<\/strong><\/span><\/h5>\n<p><a href=\"http:\/\/www.ifturquie.org\/fr\/etudes-en-france\/bourses\/post-doctorat\/\">Jeunes chercheurs<\/a><br \/>\n<a href=\"http:\/\/www.ifturquie.org\/fr\/etudes-en-france\/bourses\/enseignants-et-chercheurs\/\">Chercheurs confirm\u00e9s<\/a>[\/vc_column_text][vc_single_image image=&#8221;489&#8243; img_size=&#8221;full&#8221; css=&#8221;.vc_custom_1532076201388{margin-bottom: -150px !important;padding-bottom: 0px !important;}&#8221;][\/vc_column_inner][\/vc_row_inner][vc_row_inner][vc_column_inner][vc_raw_html]PGRpdiBzdHlsZT0iY2xlYXI6Ym90aDsiPjwvZGl2Pg==[\/vc_raw_html][\/vc_column_inner][\/vc_row_inner][vc_row_inner css=&#8221;.vc_custom_1531909392132{background-color: #dee9f4 !important;}&#8221;][vc_column_inner][\/vc_column_inner][\/vc_row_inner][\/vc_column][vc_column width=&#8221;1\/2&#8243; css=&#8221;.vc_custom_1532016235245{margin-top: 0px !important;margin-right: 0px !important;margin-bottom: 0px !important;margin-left: 0px !important;padding-top: 0px !important;padding-right: 0px !important;padding-bottom: 0px !important;padding-left: 0px !important;background-color: #d8cdcb !important;}&#8221;][vc_single_image image=&#8221;428&#8243; img_size=&#8221;full&#8221; css=&#8221;.vc_custom_1532076210307{margin-top: 0px !important;margin-right: 0px !important;margin-bottom: 0px !important;margin-left: 0px !important;padding-top: 0px !important;padding-right: 0px !important;padding-bottom: 0px !important;padding-left: 0px !important;}&#8221;][vc_row_inner css=&#8221;.vc_custom_1531906969267{margin-top: 0px !important;margin-right: 0px !important;margin-bottom: 0px !important;margin-left: 0px !important;padding-top: 0px !important;padding-right: 0px !important;padding-bottom: 0px !important;padding-left: 0px !important;}&#8221; el_class=&#8221;max_width_600&#8243;][vc_column_inner][vc_column_text css=&#8221;.vc_custom_1538402598098{padding-top: 0px !important;padding-right: 20px !important;padding-bottom: 30px !important;padding-left: 70px !important;}&#8221;]<\/p>\n<h3><\/h3>\n<h3>Mener et financer son Doctorat en France<\/h3>\n<p>En France, 67\u00a0000 \u00e9tudiants sont inscrits en Doctorat. Le Doctorat est largement ouvert \u00e0 l\u2019international puisque <strong>42% des doctorants sont de nationalit\u00e9 \u00e9trang\u00e8re<\/strong>. Tous les \u00e9tudiants titulaires d\u2019un dipl\u00f4me de Master ou d\u2019un dipl\u00f4me \u00e9tranger \u00e9quivalent \u00e0 ce niveau peuvent \u00eatre candidat au Doctorat.<\/p>\n<p>La formation dure en principe 3 ans et au maximum 6 ans. La r\u00e9alisation du Doctorat s\u2019organise au sein d\u2019une \u00e9cole doctorale, elles sont au nombre de 270 en 2015. Ces \u00e9coles doctorales regroupent les laboratoires de recherche qui travaillent autour d\u2019une m\u00eame th\u00e9matique scientifique. Ce sont les \u00e9coles doctorales qui organisent la s\u00e9lection, l\u2019inscription, le suivi et la formation des doctorants.<\/p>\n<p>Si vous envisagez un doctorat, plusieurs types de financement sont possibles\u00a0:<\/p>\n<p>\u2013 Le contrat doctoral<br \/>\n\u2013 Les contrats li\u00e9s \u00e0 un projet de recherche<br \/>\n\u2013 Les Conventions Industrielles de Formation par la Recherche (CIFRE)<br \/>\n\u2013 Les bourses de th\u00e8se pour doctorant \u00e9trangers<br \/>\n\u2013 La cotutelle internationale de th\u00e8se<\/p>\n<h5><strong>Pour en savoir plus sur les types de financement pour le doctorat\u00a0:<\/strong><\/h5>\n<p>Campus Bourses\u00a0:<br \/>\n<a href=\"http:\/\/campusbourses.campusfrance.org\/fria\/bourse\/#\/catalog\">http:\/\/campusbourses.campusfrance.org\/fria\/bourse\/#\/catalog<\/a><br \/>\nCampus France Turquie\u00a0:<br \/>\n<a href=\"http:\/\/www.turquie.campusfrance.org\/fr\">http:\/\/www.turquie.campusfrance.org\/fr<\/a><br \/>\n<a href=\"http:\/\/www.ifturquie.org\/fr\/etudes-en-france\/bourses\/doctorat\/\">Programme de bourses de l\u2019Ambassade<\/a><br \/>\n<a href=\"http:\/\/www.anrt.asso.fr\/fr\/cifre-7843\">CIFRE<\/a><\/p>\n<p>[\/vc_column_text][\/vc_column_inner][\/vc_row_inner][vc_row_inner][vc_column_inner][vc_raw_html]PGRpdiBzdHlsZT0iY2xlYXI6Ym90aDsiPjwvZGl2Pg==[\/vc_raw_html][\/vc_column_inner][\/vc_row_inner][\/vc_column][\/vc_row][\/vc_section]<\/p>\n<\/div>","protected":false},"excerpt":{"rendered":"<p>[vc_section css=&#8221;.vc_custom_1531905726581{margin: 0px !important;padding: 0px !important;}&#8221;][vc_row][vc_column width=&#8221;1\/2&#8243;][vc_row_inner css=&#8221;.vc_custom_1531909257469{margin-top: 0px !important;margin-right: 0px !important;margin-bottom: 0px !important;margin-left: 0px !important;padding-top: 0px !important;padding-right: 0px !important;padding-bottom: 0px !important;padding-left: 0px !important;}&#8221; el_class=&#8221;max_width_600 right_block&#8221;][vc_column_inner][vc_column_text css=&#8221;.vc_custom_1538402888086{margin-right: 0px !important;margin-left: 0px !important;padding-right: 120px !important;padding-left: 0px !important;}&#8221;] La recherche scientifique en France : une priorit\u00e9 La France consacre 2,24% de son PIB (soit 47,9 milliards d\u2019euros) \u00e0 [&hellip;]<\/p>\n","protected":false},"author":2,"featured_media":0,"parent":3727,"menu_order":0,"comment_status":"closed","ping_status":"closed","template":"page-fullwidth.php","meta":{"_acf_changed":false,"h5ap_radio_sources":[],"footnotes":""},"class_list":["post-3734","page","type-page","status-publish","hentry"],"acf":[],"_links":{"self":[{"href":"https:\/\/www.ifturquie.org\/fr\/wp-json\/wp\/v2\/pages\/3734","targetHints":{"allow":["GET"]}}],"collection":[{"href":"https:\/\/www.ifturquie.org\/fr\/wp-json\/wp\/v2\/pages"}],"about":[{"href":"https:\/\/www.ifturquie.org\/fr\/wp-json\/wp\/v2\/types\/page"}],"author":[{"embeddable":true,"href":"https:\/\/www.ifturquie.org\/fr\/wp-json\/wp\/v2\/users\/2"}],"replies":[{"embeddable":true,"href":"https:\/\/www.ifturquie.org\/fr\/wp-json\/wp\/v2\/comments?post=3734"}],"version-history":[{"count":10,"href":"https:\/\/www.ifturquie.org\/fr\/wp-json\/wp\/v2\/pages\/3734\/revisions"}],"predecessor-version":[{"id":4831,"href":"https:\/\/www.ifturquie.org\/fr\/wp-json\/wp\/v2\/pages\/3734\/revisions\/4831"}],"up":[{"embeddable":true,"href":"https:\/\/www.ifturquie.org\/fr\/wp-json\/wp\/v2\/pages\/3727"}],"wp:attachment":[{"href":"https:\/\/www.ifturquie.org\/fr\/wp-json\/wp\/v2\/media?parent=3734"}],"curies":[{"name":"wp","href":"https:\/\/api.w.org\/{rel}","templated":true}]}}