{"id":3727,"date":"2018-09-20T17:46:08","date_gmt":"2018-09-20T14:46:08","guid":{"rendered":"http:\/\/www.ifturquie.org\/recherche\/"},"modified":"2021-02-22T19:33:42","modified_gmt":"2021-02-22T16:33:42","slug":"cooperation","status":"publish","type":"page","link":"https:\/\/www.ifturquie.org\/fr\/cooperation\/","title":{"rendered":"Coop\u00e9ration"},"content":{"rendered":"<div class=\"wpb-content-wrapper\"><p>[vc_section css=&#8221;.vc_custom_1531905726581{margin: 0px !important;padding: 0px !important;}&#8221;][vc_row el_class=&#8221;container_1110&#8243;][vc_column width=&#8221;1\/2&#8243;][vc_row_inner css=&#8221;.vc_custom_1531909257469{margin-top: 0px !important;margin-right: 0px !important;margin-bottom: 0px !important;margin-left: 0px !important;padding-top: 0px !important;padding-right: 0px !important;padding-bottom: 0px !important;padding-left: 0px !important;}&#8221; el_class=&#8221;max_width_600 right_block&#8221;][vc_column_inner][vc_column_text css=&#8221;.vc_custom_1532609816759{margin-top: 45px !important;margin-right: 0px !important;margin-left: 0px !important;padding-right: 120px !important;padding-left: 0px !important;}&#8221;]L\u2019Institut fran\u00e7ais de Turquie et le SCAC (Service de Coop\u00e9ration et d\u2019Action Culturelle) encouragent la coop\u00e9ration franco-turque dans les domaines de la science et de la recherche et sont les principaux interlocuteurs des institutions universitaires et des institutions de recherches.<\/p>\n<p><strong>Programmes de mobilit\u00e9 et de coop\u00e9ration scientifique<\/strong><\/p>\n<p>La coop\u00e9ration scientifique franco-turque est soutenue par de nombreux dispositifs s\u2019adressant \u00e0 tous les profils de chercheurs. Si vous \u00eates doctorant\/chercheur et souhaitez r\u00e9aliser une mobilit\u00e9 allant de plusieurs mois \u00e0 un an au sein d\u2019un laboratoire fran\u00e7ais, vous pouvez pr\u00e9tendre au\u00a0<u>Programme de bourse de mobilit\u00e9 de l\u2019Ambassade<\/u>.<\/p>\n<p><u>Des programmes bilat\u00e9raux et multilat\u00e9raux<\/u>\u00a0permettent aussi la coop\u00e9ration d\u2019\u00e9quipes fran\u00e7aises et turques autour de projets de recherche d\u2019envergure et d\u2019excellence. Plus de 75 projets ont d\u00e9j\u00e0 b\u00e9n\u00e9fici\u00e9 d\u2019un soutien financier, par le biais notamment du programme PHC Bosphore ou du partenariat entre l\u2019ANR (Agence Nationale de la Recherche) en France et du T\u00dcBITAK en Turquie.<\/p>\n<p><strong>\u00c9v\u00e9nements scientifiques<\/strong><br \/>\nD\u00e9bats, conf\u00e9rences, journ\u00e9es d\u2019information avec des personnalit\u00e9s universitaires fran\u00e7aises\u00a0: les colloques et s\u00e9minaires organis\u00e9s tout au long de l\u2019ann\u00e9e permettent au public turc de s\u2019informer sur l\u2019actualit\u00e9 des recherches en Sciences humaines et sociales, en Sciences et technologie ainsi que de nouer de nouvelles coop\u00e9rations entre les partenaires universitaires.[\/vc_column_text][vc_single_image image=&#8221;2281&#8243; img_size=&#8221;full&#8221; css=&#8221;.vc_custom_1532075839775{margin-bottom: -150px !important;padding-bottom: 0px !important;}&#8221;][\/vc_column_inner][\/vc_row_inner][vc_row_inner][vc_column_inner][vc_raw_html]PGRpdiBzdHlsZT0iY2xlYXI6Ym90aDsiPjwvZGl2Pg==[\/vc_raw_html][\/vc_column_inner][\/vc_row_inner][vc_row_inner css=&#8221;.vc_custom_1531909392132{background-color: #dee9f4 !important;}&#8221;][vc_column_inner][vc_column_text css=&#8221;.vc_custom_1538034471215{margin-right: 0px !important;margin-left: 0px !important;padding-top: 120px !important;padding-right: 120px !important;padding-bottom: 60px !important;padding-left: 15px !important;}&#8221; el_class=&#8221;max_width_600 right_block&#8221;]<strong>La fiche Curie+<\/strong><br \/>\nLa fiche Curie+ est un document de r\u00e9f\u00e9rence sur le paysage de l\u2019enseignement sup\u00e9rieur et de la recherche en Turquie.<br \/>\n<a href=\"http:\/\/www.diplomatie.gouv.fr\/fr\/IMG\/pdf\/TURQUIE_fiche_Curie_enseignement_superieur_=uniquement=___21_novembre_2014___cle43c214.pdf\">Pour en savoir plus<\/a>[\/vc_column_text][\/vc_column_inner][\/vc_row_inner][\/vc_column][vc_column width=&#8221;1\/2&#8243; css=&#8221;.vc_custom_1536054978184{margin-top: 0px !important;margin-right: 0px !important;margin-bottom: 0px !important;margin-left: 0px !important;padding-top: 0px !important;padding-right: 0px !important;padding-bottom: 0px !important;padding-left: 0px !important;background-color: #85adbc !important;}&#8221;][vc_single_image image=&#8221;2286&#8243; img_size=&#8221;full&#8221; css=&#8221;.vc_custom_1532609803498{margin-top: 0px !important;margin-right: 0px !important;margin-bottom: 0px !important;margin-left: 0px !important;padding-top: 0px !important;padding-right: 0px !important;padding-bottom: 0px !important;padding-left: 0px !important;}&#8221;][vc_row_inner css=&#8221;.vc_custom_1531906969267{margin-top: 0px !important;margin-right: 0px !important;margin-bottom: 0px !important;margin-left: 0px !important;padding-top: 0px !important;padding-right: 0px !important;padding-bottom: 0px !important;padding-left: 0px !important;}&#8221; el_class=&#8221;max_width_600&#8243;][vc_column_inner][vc_column_text css=&#8221;.vc_custom_1536055310938{padding-top: 70px !important;padding-right: 20px !important;padding-bottom: 30px !important;padding-left: 70px !important;}&#8221;]<br \/>\n<span style=\"color: #ffffff;\"><strong>Arch\u00e9ologie, sciences humaines et sociales\u00a0<\/strong><\/span><br \/>\n<span style=\"color: #ffffff;\">En partenariat avec l\u2019Institut fran\u00e7ais d\u2019\u00e9tudes anatoliennes et en compl\u00e9ment des missions arch\u00e9ologiques, le programme de Recherche est destin\u00e9, en s\u2019appuyant sur l\u2019expertise de l\u2019IFEA, \u00e0 soutenir les actions contribuant \u00e0 renforcer le r\u00e9seau franco-turc en Arch\u00e9ologie et en Sciences humaines et sociales tout en privil\u00e9giant la formation par la recherche (Doctorats en cotutelle ou en co-encadrement, s\u00e9jours scientifiques pour jeunes chercheurs, organisation d\u2019\u00c9coles doctorales et de colloques en partenariat avec des \u00e9tablissements turcs).<\/span><br \/>\n<span style=\"color: #ffffff;\"><a style=\"color: #ffffff;\" href=\"http:\/\/www.ifea-istanbul.net\/\">Pour en savoir plus\u00a0<\/a><\/span><br \/>\n<span style=\"color: #ffffff;\"><a style=\"color: #ffffff;\" href=\"https:\/\/ovipot.hypotheses.org\/\">L\u2019observatoire de la vie politique en Turquie\u00a0<\/a><\/span>[\/vc_column_text][\/vc_column_inner][\/vc_row_inner][vc_row_inner][vc_column_inner][vc_raw_html]PGRpdiBzdHlsZT0iY2xlYXI6Ym90aDsiPjwvZGl2Pg==[\/vc_raw_html][\/vc_column_inner][\/vc_row_inner][vc_row_inner css=&#8221;.vc_custom_1531911741932{margin: 0px !important;padding: 0px !important;background-color: #ffffff !important;}&#8221;][vc_column_inner][vc_single_image image=&#8221;2284&#8243; img_size=&#8221;full&#8221; css=&#8221;.vc_custom_1532609922399{margin-top: 0px !important;margin-right: 0px !important;margin-bottom: 0px !important;margin-left: 0px !important;padding-top: 0px !important;padding-right: 0px !important;padding-bottom: 0px !important;padding-left: 0px !important;}&#8221;][\/vc_column_inner][\/vc_row_inner][\/vc_column][\/vc_row][\/vc_section]<\/p>\n<\/div>","protected":false},"excerpt":{"rendered":"<p>[vc_section css=&#8221;.vc_custom_1531905726581{margin: 0px !important;padding: 0px !important;}&#8221;][vc_row el_class=&#8221;container_1110&#8243;][vc_column width=&#8221;1\/2&#8243;][vc_row_inner css=&#8221;.vc_custom_1531909257469{margin-top: 0px !important;margin-right: 0px !important;margin-bottom: 0px !important;margin-left: 0px !important;padding-top: 0px !important;padding-right: 0px !important;padding-bottom: 0px !important;padding-left: 0px !important;}&#8221; el_class=&#8221;max_width_600 right_block&#8221;][vc_column_inner][vc_column_text css=&#8221;.vc_custom_1532609816759{margin-top: 45px !important;margin-right: 0px !important;margin-left: 0px !important;padding-right: 120px !important;padding-left: 0px !important;}&#8221;]L\u2019Institut fran\u00e7ais de Turquie et le SCAC (Service de Coop\u00e9ration et d\u2019Action Culturelle) encouragent la coop\u00e9ration franco-turque dans [&hellip;]<\/p>\n","protected":false},"author":1,"featured_media":8924,"parent":0,"menu_order":0,"comment_status":"closed","ping_status":"closed","template":"new-page-template.php","meta":{"_acf_changed":false,"h5ap_radio_sources":[],"footnotes":""},"class_list":["post-3727","page","type-page","status-publish","has-post-thumbnail","hentry"],"acf":[],"_links":{"self":[{"href":"https:\/\/www.ifturquie.org\/fr\/wp-json\/wp\/v2\/pages\/3727","targetHints":{"allow":["GET"]}}],"collection":[{"href":"https:\/\/www.ifturquie.org\/fr\/wp-json\/wp\/v2\/pages"}],"about":[{"href":"https:\/\/www.ifturquie.org\/fr\/wp-json\/wp\/v2\/types\/page"}],"author":[{"embeddable":true,"href":"https:\/\/www.ifturquie.org\/fr\/wp-json\/wp\/v2\/users\/1"}],"replies":[{"embeddable":true,"href":"https:\/\/www.ifturquie.org\/fr\/wp-json\/wp\/v2\/comments?post=3727"}],"version-history":[{"count":11,"href":"https:\/\/www.ifturquie.org\/fr\/wp-json\/wp\/v2\/pages\/3727\/revisions"}],"predecessor-version":[{"id":16678,"href":"https:\/\/www.ifturquie.org\/fr\/wp-json\/wp\/v2\/pages\/3727\/revisions\/16678"}],"wp:featuredmedia":[{"embeddable":true,"href":"https:\/\/www.ifturquie.org\/fr\/wp-json\/wp\/v2\/media\/8924"}],"wp:attachment":[{"href":"https:\/\/www.ifturquie.org\/fr\/wp-json\/wp\/v2\/media?parent=3727"}],"curies":[{"name":"wp","href":"https:\/\/api.w.org\/{rel}","templated":true}]}}