{"id":3671,"date":"2018-09-14T18:36:01","date_gmt":"2018-09-14T15:36:01","guid":{"rendered":"http:\/\/www.ifturquie.org\/ankara\/examens-et-diplomes\/delf-dalf\/"},"modified":"2026-04-03T10:17:26","modified_gmt":"2026-04-03T07:17:26","slug":"delf-dalf","status":"publish","type":"page","link":"https:\/\/www.ifturquie.org\/fr\/ankara\/examens-et-diplomes\/delf-dalf\/","title":{"rendered":"DELF-DALF"},"content":{"rendered":"<div class=\"wpb-content-wrapper\"><p>[vc_section css=&#8221;.vc_custom_1615384316725{margin-top: 0px !important;margin-bottom: 0px !important;padding-top: 0px !important;padding-right: 0px !important;padding-bottom: 0px !important;padding-left: 0px !important;}&#8221; el_class=&#8221;container_1110&#8243;][vc_row content_placement=&#8221;middle&#8221; css=&#8221;.vc_custom_1644241009935{margin-top: 0px !important;margin-right: 0px !important;margin-bottom: 0px !important;margin-left: 0px !important;padding-top: 0px !important;padding-right: 0px !important;padding-bottom: 0px !important;padding-left: 0px !important;}&#8221;][vc_column width=&#8221;1\/2&#8243; css=&#8221;.vc_custom_1644240822701{margin-top: 0px !important;margin-right: 0px !important;margin-bottom: 0px !important;margin-left: 0px !important;padding-top: 0px !important;padding-right: 0px !important;padding-bottom: 0px !important;padding-left: 0px !important;background-color: #fffff !important;}&#8221;][vc_column_text css=&#8221;.vc_custom_1730359434673{margin-bottom: 76px !important;}&#8221; el_class=&#8221;kurs_top_text&#8221;]<span style=\"color: #333333;\">Les certifications internationales DELF-DALF, dipl\u00f4mes officiels d\u00e9livr\u00e9s par le minist\u00e8re fran\u00e7ais de l\u2019Education nationale, sont reconnues partout dans le monde et en Turquie (YOK, \u00e9tablissements publics et banques turques, Turkish Airlines, soci\u00e9t\u00e9s franco-turques\u2026). Les dipl\u00f4mes du DELF-DALF certifient les 6 niveaux de ma\u00eetrise de la langue d\u00e9finis par le Cadre Europ\u00e9en de R\u00e9f\u00e9rence pour les Langues. Les certifications sont valables toute la vie.<\/span><\/p>\n<p><span style=\"color: #333333;\">Cliquer pour contacter le secr\u00e9tariat des cours et reporter votre \u00e9preuve aux nouvelles sessions :\u00a0 <strong><a style=\"color: #333333;\" href=\"mailto:sinavlar.ankara@ifturquie.org\" target=\"_blank\" rel=\"noopener noreferrer\">sinavlar.ankara@ifturquie.org<\/a><\/strong><\/span><\/p>\n<p><span style=\"color: #333333;\"><a style=\"color: #333333;\" href=\"https:\/\/basvuru.ifturquie.org\/ankara\" target=\"_blank\" rel=\"noopener noreferrer\">Cliquer pour acc\u00e9der \u00e0 la page des cours de pr\u00e9paration aux examens DELF DALF!<\/a><\/span><\/p>\n<p>[\/vc_column_text][\/vc_column][vc_column width=&#8221;1\/2&#8243; css=&#8221;.vc_custom_1536655721450{margin: 0px !important;padding: 0px !important;}&#8221;][vc_single_image image=&#8221;33656&#8243; img_size=&#8221;&#8221; alignment=&#8221;center&#8221; css=&#8221;.vc_custom_1732535677738{margin-top: 0px !important;margin-right: 0px !important;margin-bottom: 0px !important;margin-left: 0px !important;padding-top: 0px !important;padding-right: 0px !important;padding-bottom: 0px !important;padding-left: 0px !important;}&#8221;][\/vc_column][\/vc_row][\/vc_section][vc_section css=&#8221;.vc_custom_1536659492374{margin: 0px !important;padding: 0px !important;}&#8221;][vc_row el_class=&#8221;container_1110&#8243; css=&#8221;.vc_custom_1536659473655{margin-top: 50px !important;}&#8221;][vc_column width=&#8221;1\/2&#8243;][vc_single_image image=&#8221;2564&#8243; img_size=&#8221;full&#8221;][vc_column_text css=&#8221;&#8221;]<strong>R\u00e9sultats des examens DELF\/DALF\u00a0<\/strong><\/p>\n<p><a href=\"https:\/\/www.ifturquie.org\/wp-content\/uploads\/2026\/02\/Resultats-DELF-DALF-TP-Fevrier.pdf\">Resultats DELF DALF TP F\u00e9vrier<\/a><\/p>\n<p><a href=\"https:\/\/www.ifturquie.org\/wp-content\/uploads\/2026\/04\/TOUT-PUBLIC-mars-2026.pdf\">TOUT PUBLIC mars 2026<\/a><\/p>\n<p><strong>INSTITUT FRAN\u00c7AIS\u00a0\u00c0 ANKARA<\/strong><\/p>\n<p>Courriel : <a href=\"mailto:sinavlar.ankara@ifturquie.org\">sinavlar.ankara@ifturquie.org<\/a><br \/>\nLes horaires d&#8217;accueil :<br \/>\nDu lundi au vendredi : 09h30 \u2013 13h \/ 14h &#8211; 18h30<br \/>\nSamedi : 10h \u2013 16h[\/vc_column_text][\/vc_column][vc_column width=&#8221;1\/2&#8243;][vc_custom_heading text=&#8221;CALENDRIER DELF-DALF 2026&#8243; font_container=&#8221;tag:h6|font_size:16|text_align:left|color:%233558A2&#8243; use_theme_fonts=&#8221;yes&#8221; css=&#8221;&#8221;][vc_column_text css=&#8221;&#8221;]<a href=\"https:\/\/www.ifturquie.org\/wp-content\/uploads\/2025\/11\/DELFDALF-takvim2026.pdf\"><img loading=\"lazy\" decoding=\"async\" class=\"alignnone size-medium wp-image-33653\" src=\"https:\/\/www.ifturquie.org\/wp-content\/uploads\/2024\/11\/x2-313x464.png\" alt=\"\" width=\"313\" height=\"464\" srcset=\"https:\/\/www.ifturquie.org\/wp-content\/uploads\/2024\/11\/x2-313x464.png 313w, https:\/\/www.ifturquie.org\/wp-content\/uploads\/2024\/11\/x2-691x1024.png 691w, https:\/\/www.ifturquie.org\/wp-content\/uploads\/2024\/11\/x2-768x1138.png 768w, https:\/\/www.ifturquie.org\/wp-content\/uploads\/2024\/11\/x2-1037x1536.png 1037w, https:\/\/www.ifturquie.org\/wp-content\/uploads\/2024\/11\/x2-600x889.png 600w, https:\/\/www.ifturquie.org\/wp-content\/uploads\/2024\/11\/x2.png 1080w\" sizes=\"auto, (max-width: 313px) 100vw, 313px\" \/><\/a><\/p>\n<p><strong>Formulaire d&#8217;inscription pour les examens DELF\/DALF : <u><a href=\"https:\/\/inscrire.hanaf.net\/delfdalf\/ankara.php\">https:\/\/inscrire.hanaf.net\/delfdalf\/ankara.php<\/a><\/u><\/strong>[\/vc_column_text][\/vc_column][\/vc_row][\/vc_section]<\/p>\n<\/div>","protected":false},"excerpt":{"rendered":"<p>[vc_section css=&#8221;.vc_custom_1615384316725{margin-top: 0px !important;margin-bottom: 0px !important;padding-top: 0px !important;padding-right: 0px !important;padding-bottom: 0px !important;padding-left: 0px !important;}&#8221; el_class=&#8221;container_1110&#8243;][vc_row content_placement=&#8221;middle&#8221; css=&#8221;.vc_custom_1644241009935{margin-top: 0px !important;margin-right: 0px !important;margin-bottom: 0px !important;margin-left: 0px !important;padding-top: 0px !important;padding-right: 0px !important;padding-bottom: 0px !important;padding-left: 0px !important;}&#8221;][vc_column width=&#8221;1\/2&#8243; css=&#8221;.vc_custom_1644240822701{margin-top: 0px !important;margin-right: 0px !important;margin-bottom: 0px !important;margin-left: 0px !important;padding-top: 0px !important;padding-right: 0px !important;padding-bottom: 0px !important;padding-left: 0px !important;background-color: #fffff !important;}&#8221;][vc_column_text css=&#8221;.vc_custom_1730359434673{margin-bottom: 76px [&hellip;]<\/p>\n","protected":false},"author":2,"featured_media":0,"parent":3667,"menu_order":0,"comment_status":"closed","ping_status":"closed","template":"new-page-template.php","meta":{"_acf_changed":false,"h5ap_radio_sources":[],"footnotes":""},"class_list":["post-3671","page","type-page","status-publish","hentry"],"acf":[],"_links":{"self":[{"href":"https:\/\/www.ifturquie.org\/fr\/wp-json\/wp\/v2\/pages\/3671","targetHints":{"allow":["GET"]}}],"collection":[{"href":"https:\/\/www.ifturquie.org\/fr\/wp-json\/wp\/v2\/pages"}],"about":[{"href":"https:\/\/www.ifturquie.org\/fr\/wp-json\/wp\/v2\/types\/page"}],"author":[{"embeddable":true,"href":"https:\/\/www.ifturquie.org\/fr\/wp-json\/wp\/v2\/users\/2"}],"replies":[{"embeddable":true,"href":"https:\/\/www.ifturquie.org\/fr\/wp-json\/wp\/v2\/comments?post=3671"}],"version-history":[{"count":126,"href":"https:\/\/www.ifturquie.org\/fr\/wp-json\/wp\/v2\/pages\/3671\/revisions"}],"predecessor-version":[{"id":39446,"href":"https:\/\/www.ifturquie.org\/fr\/wp-json\/wp\/v2\/pages\/3671\/revisions\/39446"}],"up":[{"embeddable":true,"href":"https:\/\/www.ifturquie.org\/fr\/wp-json\/wp\/v2\/pages\/3667"}],"wp:attachment":[{"href":"https:\/\/www.ifturquie.org\/fr\/wp-json\/wp\/v2\/media?parent=3671"}],"curies":[{"name":"wp","href":"https:\/\/api.w.org\/{rel}","templated":true}]}}