{"id":3198,"date":"2018-09-07T18:16:42","date_gmt":"2018-09-07T15:16:42","guid":{"rendered":"http:\/\/www.ifturquie.org\/mediatheque\/"},"modified":"2024-09-30T12:33:59","modified_gmt":"2024-09-30T09:33:59","slug":"mediatheque","status":"publish","type":"page","link":"https:\/\/www.ifturquie.org\/fr\/ankara\/mediatheque\/","title":{"rendered":"M\u00e9diath\u00e8que"},"content":{"rendered":"<div class=\"wpb-content-wrapper\"><p>[vc_section css=&#8221;.vc_custom_1531905726581{margin: 0px !important;padding: 0px !important;}&#8221;][vc_row el_class=&#8221;container_1110&#8243;][vc_column width=&#8221;1\/2&#8243;][vc_row_inner css=&#8221;.vc_custom_1531909257469{margin-top: 0px !important;margin-right: 0px !important;margin-bottom: 0px !important;margin-left: 0px !important;padding-top: 0px !important;padding-right: 0px !important;padding-bottom: 0px !important;padding-left: 0px !important;}&#8221; el_class=&#8221;max_width_600 right_block&#8221;][vc_column_inner css=&#8221;.vc_custom_1536581573872{margin-top: 45px !important;}&#8221;][vc_column_text css=&#8221;.vc_custom_1662648197765{margin-right: 0px !important;margin-left: 0px !important;padding-right: 120px !important;padding-left: 0px !important;}&#8221;]L\u2019\u00e9quipe de la m\u00e9diath\u00e8que vous re\u00e7oit dans un cadre agr\u00e9able et chaleureux dans ses locaux de Y\u0131ld\u0131z\/B1.<\/p>\n<p><strong>HORAIRES D\u2019OUVERTURE<\/strong><\/p>\n<ul>\n<li>Du mardi au vendredi :<br \/>\nde 10h \u00e0 13h et de 14h \u00e0 18h30<\/li>\n<li>Samedi :<br \/>\nde 10h \u00e0 17h<\/li>\n<li>Ferm\u00e9 dimanche et lundi<\/li>\n<\/ul>\n<p><strong>NOS COLLECTIONS :<\/strong><br \/>\n\u2013 25 000 \u0153uvres en fran\u00e7ais<br \/>\n\u2013\u00a02 000 DVD<br \/>\n\u2013 1 500 CD<br \/>\n\u2013 38 titres de revues<br \/>\n\u2013 Des ouvrages fran\u00e7ais traduits en turc<br \/>\n\u2013 Des livres fran\u00e7ais faciles \u00e0 lire<br \/>\n\u2013 Une information riche sur la France<br \/>\n\u2013 Des albums jeunesse<br \/>\n\u2013 Ouvrages jeunesse en turc[\/vc_column_text][vc_single_image image=&#8221;32927&#8243; img_size=&#8221;full&#8221; css=&#8221;.vc_custom_1727688885945{margin-bottom: 0px !important;padding-bottom: 0px !important;}&#8221;][\/vc_column_inner][\/vc_row_inner][vc_row_inner][vc_column_inner][vc_raw_html]PGRpdiBzdHlsZT0iY2xlYXI6IGJvdGg7Ij48L2Rpdj4=[\/vc_raw_html][\/vc_column_inner][\/vc_row_inner][vc_row_inner css=&#8221;.vc_custom_1531909392132{background-color: #dee9f4 !important;}&#8221;][vc_column_inner][vc_column_text css=&#8221;.vc_custom_1557474914099{margin-right: 0px !important;margin-left: 0px !important;padding-top: 0px !important;padding-right: 120px !important;padding-bottom: 60px !important;padding-left: 15px !important;}&#8221; el_class=&#8221;max_width_600 right_block&#8221;]<strong>NOS ESPACES<\/strong><br \/>\nDeux espaces d\u00e9di\u00e9s :<\/p>\n<p>\u2013\u00a0<u>M\u00e9diath\u00e8que<\/u><br \/>\nUn espace multim\u00e9dia de consultation et de recherche ainsi que des collections audiovisuelles (DVD, CD musique, textes lus et CD-ROM) et une grande s\u00e9lection de titres de la presse fran\u00e7aise et francophone locale ainsi que le coin de lecture.<br \/>\n<strong>Chaque dernier vendredi du mois le club de lecture pour adultes.<\/strong><\/p>\n<p>\u2013\u00a0<u>Biblioth\u00e8que jeunesse<\/u><br \/>\nAlbums et romans jeunesse, livres documentaires, livres et revues audio, films et CD musique.<br \/>\n<strong>Chaque samedi et dimanche des ateliers ludiques sont organis\u00e9s pour les 4-12 ans.<\/strong><\/p>\n<p><strong>PR\u00caT\u00a0A DOMICILE<\/strong><br \/>\nVous pouvez emprunter jusqu\u2019\u00e0 15 documents pendant 1 \u00e0 3 semaines renouvelable une fois par t\u00e9l\u00e9phone ou par mail.<\/p>\n<p><strong>LA MEDIATHEQUE A L\u2019HEURE NUM\u00c9RIQUE<\/strong><br \/>\nL\u2019acc\u00e8s \u00e0 internet est libre est gratuit, 2 postes d\u2019\u00e9coute et 12 places sont r\u00e9serv\u00e9s \u00e0 la consultation.[\/vc_column_text][\/vc_column_inner][\/vc_row_inner][\/vc_column][vc_column width=&#8221;1\/2&#8243; css=&#8221;.vc_custom_1536936391888{margin-top: 0px !important;margin-right: 0px !important;margin-bottom: 0px !important;margin-left: 0px !important;padding-top: 0px !important;padding-right: 0px !important;padding-bottom: 0px !important;padding-left: 0px !important;background-color: #d6bab3 !important;}&#8221;][vc_single_image image=&#8221;2289&#8243; img_size=&#8221;full&#8221; css=&#8221;.vc_custom_1536935963711{margin-top: 0px !important;margin-right: 0px !important;margin-bottom: 0px !important;margin-left: 0px !important;padding-top: 0px !important;padding-right: 0px !important;padding-bottom: 0px !important;padding-left: 0px !important;}&#8221;][vc_row_inner css=&#8221;.vc_custom_1531906969267{margin-top: 0px !important;margin-right: 0px !important;margin-bottom: 0px !important;margin-left: 0px !important;padding-top: 0px !important;padding-right: 0px !important;padding-bottom: 0px !important;padding-left: 0px !important;}&#8221; el_class=&#8221;max_width_600&#8243;][vc_column_inner][vc_column_text css=&#8221;.vc_custom_1727688725063{padding-top: 70px !important;padding-right: 20px !important;padding-bottom: 30px !important;padding-left: 70px !important;}&#8221;]<\/p>\n<table border=\"2\" cellspacing=\"4\" cellpadding=\"6\">\n<tbody>\n<tr>\n<td style=\"width: 93px; text-align: center;\"><strong>\u00a0<\/strong><\/td>\n<td style=\"width: 98px; text-align: center;\" width=\"130\"><strong>Nombre de sources<\/strong><\/td>\n<td style=\"width: 114px; text-align: center;\" width=\"134\"><strong>M\u00e9diath\u00e8que num\u00e9rique<\/strong><\/td>\n<td style=\"width: 68px; text-align: center;\" width=\"53\"><strong>Prix<\/strong><\/td>\n<td style=\"width: 107px; text-align: center;\" width=\"107\"><strong>Tarifs sp\u00e9ciaux<\/strong><\/td>\n<\/tr>\n<tr>\n<td style=\"width: 93px; text-align: center;\" width=\"141\"><strong>M\u00e9diath\u00e8que<\/strong><\/td>\n<td style=\"width: 98px; text-align: center;\" width=\"130\">4 livres<br \/>\n2 bandes<br \/>\ndessin\u00e9es<br \/>\n2 magazines<br \/>\n2 DVD<\/td>\n<td style=\"width: 114px;\" width=\"134\">Cultureth\u00e8que<\/td>\n<td style=\"width: 68px;\" width=\"53\"><strong>500TL<\/strong><strong>\u00a0<\/strong><\/td>\n<td style=\"width: 107px; text-align: center;\" width=\"107\">\n<p style=\"text-align: center;\"><strong>250TL<\/strong><\/p>\n<p>(enseignants, \u00e9tudiants, retrait\u00e9s, apprenants de l\u2019IF Ankara)<\/td>\n<\/tr>\n<tr>\n<td style=\"width: 93px; text-align: center;\" width=\"141\"><strong>offre sp\u00e9ciale enfants<\/strong><\/p>\n<p><strong>M\u00e9diath\u00e8que<\/strong><\/p>\n<p><strong>+ carte plus *<\/strong><\/td>\n<td style=\"width: 98px; text-align: center;\" width=\"130\">4 livres<br \/>\n2 bandes<br \/>\ndessin\u00e9es<br \/>\n2 magazines<br \/>\n2 DVD<\/td>\n<td style=\"width: 114px;\" width=\"134\">Cultureth\u00e8que<\/td>\n<td style=\"width: 68px;\" width=\"53\"><strong>500TL<\/strong><\/td>\n<td style=\"width: 107px;\"><\/td>\n<\/tr>\n<\/tbody>\n<\/table>\n<p><em>* La dur\u00e9e d\u2019emprunt est de trois semaines.<\/em><\/p>\n<p><em>* Tous les retards sont soumis \u00e0 une amende de 1 TL par semaine. Les \u0153uvres d\u00e9t\u00e9rior\u00e9es ou perdues doivent \u00eatre remplac\u00e9es ou rembours\u00e9es.<\/em><\/p>\n<p><em>* Les b\u00e9n\u00e9ficiaires de la Carte Plus peuvent participer \u00e0 tous les \u00e9v\u00e9nements gratuitement.<\/em><strong>\u00a0<\/strong>[\/vc_column_text][\/vc_column_inner][\/vc_row_inner][vc_row_inner][vc_column_inner][vc_raw_html]PGRpdiBzdHlsZT0iY2xlYXI6IGJvdGg7Ij48L2Rpdj4=[\/vc_raw_html][\/vc_column_inner][\/vc_row_inner][vc_row_inner css=&#8221;.vc_custom_1531911741932{margin: 0px !important;padding: 0px !important;background-color: #ffffff !important;}&#8221;][vc_column_inner][vc_column_text css=&#8221;.vc_custom_1641380289251{padding-top: 70px !important;padding-right: 20px !important;padding-bottom: 30px !important;padding-left: 70px !important;}&#8221;]<strong>Nous contacter : <\/strong><\/p>\n<p><strong>\ud83d\udce7\u00a0<\/strong><a href=\"mailto:mediatheque.ankara@ifturquie.org\"><em><u>mediatheque.ankara@ifturquie.org<\/u><\/em><\/a><\/p>\n<p>\u260e + 90 312 408 82 33 \/ 21<\/p>\n<p>M\u00e9diath\u00e8que de Y\u0131ld\u0131z<br \/>\nKonrad Adenauer Cad. No 30<br \/>\nY\u0131ld\u0131z\/\u00c7ankaya[\/vc_column_text][\/vc_column_inner][\/vc_row_inner][\/vc_column][\/vc_row][\/vc_section]<\/p>\n<\/div>","protected":false},"excerpt":{"rendered":"<p>[vc_section css=&#8221;.vc_custom_1531905726581{margin: 0px !important;padding: 0px !important;}&#8221;][vc_row el_class=&#8221;container_1110&#8243;][vc_column width=&#8221;1\/2&#8243;][vc_row_inner css=&#8221;.vc_custom_1531909257469{margin-top: 0px !important;margin-right: 0px !important;margin-bottom: 0px !important;margin-left: 0px !important;padding-top: 0px !important;padding-right: 0px !important;padding-bottom: 0px !important;padding-left: 0px !important;}&#8221; el_class=&#8221;max_width_600 right_block&#8221;][vc_column_inner css=&#8221;.vc_custom_1536581573872{margin-top: 45px !important;}&#8221;][vc_column_text css=&#8221;.vc_custom_1662648197765{margin-right: 0px !important;margin-left: 0px !important;padding-right: 120px !important;padding-left: 0px !important;}&#8221;]L\u2019\u00e9quipe de la m\u00e9diath\u00e8que vous re\u00e7oit dans un cadre agr\u00e9able et chaleureux dans ses locaux de Y\u0131ld\u0131z\/B1. [&hellip;]<\/p>\n","protected":false},"author":2,"featured_media":7782,"parent":3227,"menu_order":0,"comment_status":"closed","ping_status":"closed","template":"new-page-template.php","meta":{"_acf_changed":false,"h5ap_radio_sources":[],"footnotes":""},"class_list":["post-3198","page","type-page","status-publish","has-post-thumbnail","hentry"],"acf":[],"_links":{"self":[{"href":"https:\/\/www.ifturquie.org\/fr\/wp-json\/wp\/v2\/pages\/3198","targetHints":{"allow":["GET"]}}],"collection":[{"href":"https:\/\/www.ifturquie.org\/fr\/wp-json\/wp\/v2\/pages"}],"about":[{"href":"https:\/\/www.ifturquie.org\/fr\/wp-json\/wp\/v2\/types\/page"}],"author":[{"embeddable":true,"href":"https:\/\/www.ifturquie.org\/fr\/wp-json\/wp\/v2\/users\/2"}],"replies":[{"embeddable":true,"href":"https:\/\/www.ifturquie.org\/fr\/wp-json\/wp\/v2\/comments?post=3198"}],"version-history":[{"count":22,"href":"https:\/\/www.ifturquie.org\/fr\/wp-json\/wp\/v2\/pages\/3198\/revisions"}],"predecessor-version":[{"id":32929,"href":"https:\/\/www.ifturquie.org\/fr\/wp-json\/wp\/v2\/pages\/3198\/revisions\/32929"}],"up":[{"embeddable":true,"href":"https:\/\/www.ifturquie.org\/fr\/wp-json\/wp\/v2\/pages\/3227"}],"wp:featuredmedia":[{"embeddable":true,"href":"https:\/\/www.ifturquie.org\/fr\/wp-json\/wp\/v2\/media\/7782"}],"wp:attachment":[{"href":"https:\/\/www.ifturquie.org\/fr\/wp-json\/wp\/v2\/media?parent=3198"}],"curies":[{"name":"wp","href":"https:\/\/api.w.org\/{rel}","templated":true}]}}