{"id":31515,"date":"2024-04-24T20:40:39","date_gmt":"2024-04-24T17:40:39","guid":{"rendered":"https:\/\/www.ifturquie.org\/tamart\/"},"modified":"2024-12-23T15:54:37","modified_gmt":"2024-12-23T12:54:37","slug":"tamart","status":"publish","type":"page","link":"https:\/\/www.ifturquie.org\/fr\/tamart\/","title":{"rendered":"TamArt"},"content":{"rendered":"<div class=\"wpb-content-wrapper\"><p>[vc_section][vc_row full_width=&#8221;stretch_row_content&#8221; el_class=&#8221;container_1110&#8243;][vc_column width=&#8221;1\/2&#8243;][vc_column_text]L\u2019Institut fran\u00e7ais de Turquie est heureux d\u2019annoncer le lancement de TamART, programme de r\u00e9sidence en France destin\u00e9 aux artistes turcs. TamART vise \u00e0 soutenir la cr\u00e9ation et la diversit\u00e9 artistiques en proposant cinq r\u00e9sidences de deux mois \u00e0 l\u2019automne 2024 dans les disciplines de la photographie, du cin\u00e9ma documentaire, de la musique et de l\u2019art urbain.[\/vc_column_text][vc_tta_accordion style=&#8221;modern&#8221; active_section=&#8221;1&#8243;][vc_tta_section title=&#8221;Photographie&#8221; tab_id=&#8221;1613047732256-cf835376-9f4d&#8221;][vc_column_text]APPEL A CANDIDATURES<\/p>\n<p>L&#8217;Institut Fran\u00e7ais de Turquie, en partenariat avec la Fondation de l&#8217;Universit\u00e9 de Corse, propose une r\u00e9sidence de photographie en Corse d\u2019une dur\u00e9e de deux mois destin\u00e9e \u00e0 un \u00e9tudiant de master\/ doctorat en photographie, ou \u00e0 un jeune professionnel dans ce domaine, qui sillonnera l\u2019\u00eele en s\u2019interrogeant sur l\u2019insularit\u00e9 et sa valeur de train d\u2019union, \u00e0 travers les diff\u00e9rentes types de migrations, entre les rives de la M\u00e9diterran\u00e9e, entre Europe et Afrique, entre Levant et Occident.<\/p>\n<p>La r\u00e9sidence se d\u00e9roule sur une p\u00e9riode de deux mois, du 15 septembre 2024 au 15 novembre 2024.<\/p>\n<p>La r\u00e9sidence comprend :<br \/>\n\u2022 Une bourse de cr\u00e9ation \u00ab Ange Tomasi \u00bb de 1700 \u20ac par mois<br \/>\n\u2022 Un logement meubl\u00e9 et \u00e9quip\u00e9 dans la ville de Corte<br \/>\n\u2022 Le d\u00e9fraiement du voyage aller-retour domicile-Corse<br \/>\n\u2022 Une assurance de responsabilit\u00e9 civile pendant le s\u00e9jour<br \/>\n\u2022 La mise en place d\u2019une exposition de restitution en 2024-2025 en Corse et en Turquie<\/p>\n<p>Date limite de d\u00e9p\u00f4t des candidatures : 6 juin 2024, minuit<\/p>\n<p><a href=\"https:\/\/www.ifturquie.org\/wp-content\/uploads\/2024\/05\/AAP-Residence-photographique-FR-VF.pdf\" target=\"_blank\" rel=\"noopener\">T\u00e9l\u00e9charger l&#8217;appel d\u00e9taill\u00e9<\/a><\/p>\n<p><strong><a href=\"https:\/\/www.ifturquie.org\/wp-content\/uploads\/2024\/07\/CP_TamART_photographie_juillet24-1.pdf\" target=\"_blank\" rel=\"noopener\">Cliquez pour d\u00e9couvrir la s\u00e9lection 2024<\/a><\/strong>[\/vc_column_text][\/vc_tta_section][vc_tta_section title=&#8221;Cin\u00e9ma documentaire&#8221; tab_id=&#8221;1696073550616-d2ba4bc4-2d1f&#8221;][vc_column_text]En partenariat avec l\u2019Institut fran\u00e7ais de Turquie, la Fondation Fiminco accueille les candidatures de r\u00e9alisateurs turcs pour une r\u00e9sidence de recherche, de cr\u00e9ation et de production de 2 mois \u00e0 Romainville (Grand Paris) de mi-octobre \u00e0 mi-d\u00e9cembre 2024.<\/p>\n<p>La r\u00e9sidence comprend :<\/p>\n<ul>\n<li>L&#8217;accommodation dans un studio meubl\u00e9 \u00e0 la fondation Fiminco, Romainville<\/li>\n<li>Une allocation de r\u00e9sidence de 700 \u20ac par mois et une allocation de production de 500 \u20ac par mois.<\/li>\n<li>Le d\u00e9fraiement du voyage aller-retour domicile-Romainville<\/li>\n<li>Un espace de travail dans des studios collectifs et l&#8217;acc\u00e8s aux ateliers techniques bien \u00e9quip\u00e9s.<\/li>\n<li>Un support administratif concernant les formalit\u00e9s<\/li>\n<li>Un soutien professionnel en fonction de leurs besoins et en accord avec le projet qu&#8217;ils souhaitent d\u00e9velopper y compris l&#8217;assistance technique pour la production, la distribution et la communication.<\/li>\n<\/ul>\n<p>L\u2019appel \u00e0 candidature est ouvert jusqu\u2019au 16 juin 2024 \u00e0 minuit (TRT).<\/p>\n<p><strong>CALENDRIER<\/strong><br \/>\nDate limite de d\u00e9p\u00f4t des candidatures : 16 juin 2024, minuit (TRT)<br \/>\nJury et entretiens avec les candidats pr\u00e9s\u00e9lectionn\u00e9s : D\u00e9but juillet 2024<br \/>\nAnnonce du candidat s\u00e9lectionn\u00e9 : D\u00e9but juillet 2024<br \/>\nP\u00e9riode de r\u00e9sidence : Du 14 octobre au 13 d\u00e9cembre 2024<\/p>\n<p><a href=\"https:\/\/www.ifturquie.org\/wp-content\/uploads\/2024\/05\/20240514_OPEN-CALL-RESIDENCE-IFTURQUIE.pptx-1.pdf\" target=\"_blank\" rel=\"noopener\">T\u00e9l\u00e9chargez l&#8217;appel \u00e0 candidatures<\/a>[\/vc_column_text][\/vc_tta_section][vc_tta_section title=&#8221;Musique&#8221; tab_id=&#8221;1710874025096-330395eb-7c5d&#8221;][vc_column_text]L\u2019Institut fran\u00e7ais de Turquie, en partenariat avec l\u2019association des Villes des Musiques du Monde et le Point Fort d\u2019Aubervilliers, propose une r\u00e9sidence \u00e0 Aubervilliers en France d\u2019une dur\u00e9e de deux mois destin\u00e9e \u00e0 un(e) musicien(nne).<\/p>\n<p>Dates<br \/>\nDate limite de candidature : 14 juillet 2024<br \/>\nAnnonce des r\u00e9sultats : Ao\u00fbt 2024<br \/>\nP\u00e9riode de r\u00e9sidence : 15 octobre \u2013 15 d\u00e9cembre 2024<\/p>\n<p><a href=\"https:\/\/www.ifturquie.org\/wp-content\/uploads\/2024\/06\/RMA_FR_VF-1.pdf\" target=\"_blank\" rel=\"noopener\">Cliquez pour plus d&#8217;infos et le d\u00e9p\u00f4t de candidature<\/a><\/p>\n<p><strong><a href=\"https:\/\/www.ifturquie.org\/wp-content\/uploads\/2024\/08\/CP_TamART_musique_aout24.pdf\" target=\"_blank\" rel=\"noopener\">Cliquez pour d\u00e9couvrir la s\u00e9lection 2024<\/a><\/strong>[\/vc_column_text][\/vc_tta_section][vc_tta_section title=&#8221;Art urbain&#8221; tab_id=&#8221;1623438433118-e84df941-62e7&#8243;][vc_column_text css=&#8221;&#8221;]L\u2019Institut fran\u00e7ais de Turquie, en partenariat avec Ella&amp;Pitr et l\u2019association Le M.U.R \u00e0 St Etienne, propose une r\u00e9sidence \u00e0 St Etienne en France, d\u2019une dur\u00e9e de deux mois, destin\u00e9e \u00e0 un(e) jeune artiste contemporain(e) turc.<\/p>\n<p><strong>Dates<\/strong><br \/>\nDate limite de candidature : 14 juillet 2024<br \/>\nAnnonce des r\u00e9sultats : Ao\u00fbt 2024<br \/>\nP\u00e9riode de r\u00e9sidence : 20 octobre \u2013 20 d\u00e9cembre 2024<\/p>\n<p><a href=\"https:\/\/www.ifturquie.org\/wp-content\/uploads\/2024\/06\/AAP-Residence-art-urbain.pdf\" target=\"_blank\" rel=\"noopener\">Cliquez pour plus d&#8217;infos et le d\u00e9p\u00f4t de candidature<\/a><\/p>\n<p><strong><a href=\"https:\/\/www.ifturquie.org\/wp-content\/uploads\/2024\/12\/CP_TamART_arturbain_2024-1.pdf\" target=\"_blank\" rel=\"noopener\">Cliquez pour d\u00e9couvrir la s\u00e9lection 2024<\/a><\/strong>[\/vc_column_text][\/vc_tta_section][\/vc_tta_accordion][\/vc_column][vc_column width=&#8221;1\/2&#8243;][vc_single_image image=&#8221;31550&#8243; img_size=&#8221;full&#8221;][\/vc_column][\/vc_row][\/vc_section]<\/p>\n<\/div>","protected":false},"excerpt":{"rendered":"<p>[vc_section][vc_row full_width=&#8221;stretch_row_content&#8221; el_class=&#8221;container_1110&#8243;][vc_column width=&#8221;1\/2&#8243;][vc_column_text]L\u2019Institut fran\u00e7ais de Turquie est heureux d\u2019annoncer le lancement de TamART, programme de r\u00e9sidence en France destin\u00e9 aux artistes turcs. TamART vise \u00e0 soutenir la cr\u00e9ation et la diversit\u00e9 artistiques en proposant cinq r\u00e9sidences de deux mois \u00e0 l\u2019automne 2024 dans les disciplines de la photographie, du cin\u00e9ma documentaire, de la musique [&hellip;]<\/p>\n","protected":false},"author":1,"featured_media":0,"parent":0,"menu_order":0,"comment_status":"closed","ping_status":"closed","template":"new-page-template.php","meta":{"_acf_changed":false,"h5ap_radio_sources":[],"footnotes":""},"class_list":["post-31515","page","type-page","status-publish","hentry"],"acf":[],"_links":{"self":[{"href":"https:\/\/www.ifturquie.org\/fr\/wp-json\/wp\/v2\/pages\/31515","targetHints":{"allow":["GET"]}}],"collection":[{"href":"https:\/\/www.ifturquie.org\/fr\/wp-json\/wp\/v2\/pages"}],"about":[{"href":"https:\/\/www.ifturquie.org\/fr\/wp-json\/wp\/v2\/types\/page"}],"author":[{"embeddable":true,"href":"https:\/\/www.ifturquie.org\/fr\/wp-json\/wp\/v2\/users\/1"}],"replies":[{"embeddable":true,"href":"https:\/\/www.ifturquie.org\/fr\/wp-json\/wp\/v2\/comments?post=31515"}],"version-history":[{"count":30,"href":"https:\/\/www.ifturquie.org\/fr\/wp-json\/wp\/v2\/pages\/31515\/revisions"}],"predecessor-version":[{"id":34211,"href":"https:\/\/www.ifturquie.org\/fr\/wp-json\/wp\/v2\/pages\/31515\/revisions\/34211"}],"wp:attachment":[{"href":"https:\/\/www.ifturquie.org\/fr\/wp-json\/wp\/v2\/media?parent=31515"}],"curies":[{"name":"wp","href":"https:\/\/api.w.org\/{rel}","templated":true}]}}