{"id":3014,"date":"2018-09-07T10:23:44","date_gmt":"2018-09-07T07:23:44","guid":{"rendered":"http:\/\/www.ifturquie.org\/offres-de-cours\/"},"modified":"2026-02-16T09:50:28","modified_gmt":"2026-02-16T06:50:28","slug":"cours","status":"publish","type":"page","link":"https:\/\/www.ifturquie.org\/fr\/ankara\/cours\/","title":{"rendered":"Cours"},"content":{"rendered":"<div class=\"wpb-content-wrapper\"><p>[vc_section css=&#8221;.vc_custom_1615384423223{margin-top: 0px !important;margin-bottom: 0px !important;padding-top: 0px !important;padding-right: 0px !important;padding-bottom: 0px !important;padding-left: 0px !important;}&#8221; el_class=&#8221;container_1110&#8243;][vc_row css=&#8221;.vc_custom_1536656189205{margin: 0px !important;padding: 0px !important;}&#8221;][vc_column width=&#8221;1\/2&#8243; css=&#8221;.vc_custom_1536655742525{margin-top: 0px !important;margin-right: 0px !important;margin-bottom: 0px !important;margin-left: 0px !important;padding-top: 0px !important;padding-right: 0px !important;padding-bottom: 0px !important;padding-left: 0px !important;background-color: #1b88c8 !important;}&#8221;][vc_custom_heading source=&#8221;post_title&#8221; font_container=&#8221;tag:h2|font_size:24|text_align:left|color:%23ffffff&#8221; google_fonts=&#8221;font_family:Montserrat%3Aregular%2C700|font_style:700%20bold%20regular%3A700%3Anormal&#8221; link=&#8221;|||&#8221; el_class=&#8221;kurs_top_title&#8221;][vc_column_text css=&#8221;.vc_custom_1717155447720{margin-bottom: 76px !important;}&#8221; el_class=&#8221;kurs_top_text&#8221;]L\u2019Institut fran\u00e7ais propose des cours de fran\u00e7ais adapt\u00e9s \u00e0 tous les besoins. Une trentaine de professeurs de fran\u00e7ais dipl\u00f4m\u00e9s et exp\u00e9riment\u00e9s enseignent sous la direction de la directrice des cours H\u00fclya \u00d6z et dans une atmosph\u00e8re qui se veut stimulante et propice \u00e0 l\u2019apprentissage, \u00e0 travers une approche favorisant le d\u00e9veloppement de la communication orale et \u00e9crite. Ils b\u00e9n\u00e9ficient d\u2019une actualisation r\u00e9guli\u00e8re de leurs connaissances p\u00e9dagogiques.[\/vc_column_text][\/vc_column][vc_column width=&#8221;1\/2&#8243; css=&#8221;.vc_custom_1536655721450{margin: 0px !important;padding: 0px !important;}&#8221;][vc_single_image image=&#8221;32044&#8243; img_size=&#8221;large&#8221; alignment=&#8221;right&#8221; css=&#8221;.vc_custom_1717078731550{margin-top: 0px !important;margin-right: 0px !important;margin-bottom: 0px !important;margin-left: 0px !important;padding-top: 0px !important;padding-right: 0px !important;padding-bottom: 0px !important;padding-left: 0px !important;}&#8221;][\/vc_column][\/vc_row][\/vc_section][vc_section css=&#8221;.vc_custom_1536659492374{margin: 0px !important;padding: 0px !important;}&#8221;][vc_row el_class=&#8221;container_1110&#8243; css=&#8221;.vc_custom_1536659473655{margin-top: 50px !important;}&#8221;][vc_column width=&#8221;1\/2&#8243;][vc_column_text]<\/p>\n<h5><strong>Des cours vari\u00e9s<\/strong><\/h5>\n<p>Nous proposons des cours de fran\u00e7ais g\u00e9n\u00e9ral, align\u00e9s sur les niveaux du Cadre europ\u00e9en commun de r\u00e9f\u00e9rence pour les langues (A1, A2, B1, B2, C1, C2), mais aussi des cours de conversation, des ateliers pour les enfants et les adolescents, des modules de grammaire et des cours de turc pour les \u00e9trangers.<\/p>\n<h5><strong>Des cours en ligne ou en pr\u00e9sentiel<\/strong><\/h5>\n<p>L\u2019Institut fran\u00e7ais propose des cours en ligne qui vous permettent d\u2019\u00e9tudier o\u00f9 vous voulez quand vous voulez ou en pr\u00e9sentiel (en individuel ou en groupe).[\/vc_column_text][\/vc_column][vc_column width=&#8221;1\/2&#8243;][vc_column_text css=&#8221;&#8221;]<strong>INSTITUT FRAN\u00c7AIS\u00a0\u00c0 ANKARA<\/strong><\/p>\n<p>Les horaires d\u2019accueil :<br \/>\nDu lundi au vendredi : 09h30 \u2013 13h\/ 14h \u2013 18h30<br \/>\nSamedi : 10h \u2013 16h<br \/>\nE-posta: <a href=\"mailto:kurslar.ankara@ifturquie.org\">kurslar.ankara@ifturquie.org<\/a><\/p>\n<p>Konrad Adenauer Cad. No 30 \u2013 YILDIZ, \u00c7ankaya[\/vc_column_text][\/vc_column][\/vc_row][\/vc_section]<\/p>\n<\/div>","protected":false},"excerpt":{"rendered":"<p>[vc_section css=&#8221;.vc_custom_1615384423223{margin-top: 0px !important;margin-bottom: 0px !important;padding-top: 0px !important;padding-right: 0px !important;padding-bottom: 0px !important;padding-left: 0px !important;}&#8221; el_class=&#8221;container_1110&#8243;][vc_row css=&#8221;.vc_custom_1536656189205{margin: 0px !important;padding: 0px !important;}&#8221;][vc_column width=&#8221;1\/2&#8243; css=&#8221;.vc_custom_1536655742525{margin-top: 0px !important;margin-right: 0px !important;margin-bottom: 0px !important;margin-left: 0px !important;padding-top: 0px !important;padding-right: 0px !important;padding-bottom: 0px !important;padding-left: 0px !important;background-color: #1b88c8 !important;}&#8221;][vc_custom_heading source=&#8221;post_title&#8221; font_container=&#8221;tag:h2|font_size:24|text_align:left|color:%23ffffff&#8221; google_fonts=&#8221;font_family:Montserrat%3Aregular%2C700|font_style:700%20bold%20regular%3A700%3Anormal&#8221; link=&#8221;|||&#8221; el_class=&#8221;kurs_top_title&#8221;][vc_column_text css=&#8221;.vc_custom_1717155447720{margin-bottom: 76px !important;}&#8221; el_class=&#8221;kurs_top_text&#8221;]L\u2019Institut fran\u00e7ais propose des cours de fran\u00e7ais [&hellip;]<\/p>\n","protected":false},"author":2,"featured_media":7756,"parent":3227,"menu_order":0,"comment_status":"closed","ping_status":"closed","template":"new-page-template.php","meta":{"_acf_changed":false,"h5ap_radio_sources":[],"footnotes":""},"class_list":["post-3014","page","type-page","status-publish","has-post-thumbnail","hentry"],"acf":[],"_links":{"self":[{"href":"https:\/\/www.ifturquie.org\/fr\/wp-json\/wp\/v2\/pages\/3014","targetHints":{"allow":["GET"]}}],"collection":[{"href":"https:\/\/www.ifturquie.org\/fr\/wp-json\/wp\/v2\/pages"}],"about":[{"href":"https:\/\/www.ifturquie.org\/fr\/wp-json\/wp\/v2\/types\/page"}],"author":[{"embeddable":true,"href":"https:\/\/www.ifturquie.org\/fr\/wp-json\/wp\/v2\/users\/2"}],"replies":[{"embeddable":true,"href":"https:\/\/www.ifturquie.org\/fr\/wp-json\/wp\/v2\/comments?post=3014"}],"version-history":[{"count":30,"href":"https:\/\/www.ifturquie.org\/fr\/wp-json\/wp\/v2\/pages\/3014\/revisions"}],"predecessor-version":[{"id":38902,"href":"https:\/\/www.ifturquie.org\/fr\/wp-json\/wp\/v2\/pages\/3014\/revisions\/38902"}],"up":[{"embeddable":true,"href":"https:\/\/www.ifturquie.org\/fr\/wp-json\/wp\/v2\/pages\/3227"}],"wp:featuredmedia":[{"embeddable":true,"href":"https:\/\/www.ifturquie.org\/fr\/wp-json\/wp\/v2\/media\/7756"}],"wp:attachment":[{"href":"https:\/\/www.ifturquie.org\/fr\/wp-json\/wp\/v2\/media?parent=3014"}],"curies":[{"name":"wp","href":"https:\/\/api.w.org\/{rel}","templated":true}]}}