{"id":2978,"date":"2018-09-06T18:04:20","date_gmt":"2018-09-06T15:04:20","guid":{"rendered":"http:\/\/www.ifturquie.org\/etudes-en-france\/france-alumni\/"},"modified":"2021-03-13T16:28:56","modified_gmt":"2021-03-13T13:28:56","slug":"france-alumni","status":"publish","type":"page","link":"https:\/\/www.ifturquie.org\/fr\/etudes-en-france\/france-alumni\/","title":{"rendered":"France Alumni"},"content":{"rendered":"<div class=\"wpb-content-wrapper\"><p>[vc_section css=&#8221;.vc_custom_1531905726581{margin: 0px !important;padding: 0px !important;}&#8221;][vc_row el_class=&#8221;container_1110&#8243;][vc_column width=&#8221;1\/2&#8243;][vc_row_inner css=&#8221;.vc_custom_1531909257469{margin-top: 0px !important;margin-right: 0px !important;margin-bottom: 0px !important;margin-left: 0px !important;padding-top: 0px !important;padding-right: 0px !important;padding-bottom: 0px !important;padding-left: 0px !important;}&#8221; el_class=&#8221;max_width_600 right_block&#8221;][vc_column_inner][vc_column_text css=&#8221;.vc_custom_1533046567977{margin-top: 45px !important;margin-right: 0px !important;margin-left: 0px !important;padding-right: 120px !important;padding-left: 0px !important;}&#8221;]France Alumni Turquie a pour ambition de permettre aux tr\u00e8s nombreux Alumni turcs de rester en contact avec la France, ses \u00e9coles, ses universit\u00e9s, ses entreprises, son offre culturelle. Avec France Alumni Turquie, vous resterez inform\u00e9s de l\u2019actualit\u00e9 scientifique, technologique et culturelle fran\u00e7aise. France Alumni Turquie constitue \u00e9galement une opportunit\u00e9 pour le d\u00e9veloppement international des entreprises et des universit\u00e9s qui pourront nouer de nouveaux partenariats, \u00e9conomiques ou acad\u00e9miques, avec vous les Alumni.[\/vc_column_text][vc_single_image image=&#8221;2470&#8243; img_size=&#8221;full&#8221; css=&#8221;.vc_custom_1536930128485{margin-bottom: -150px !important;padding-bottom: 0px !important;}&#8221;][\/vc_column_inner][\/vc_row_inner][vc_row_inner][vc_column_inner][vc_raw_html]PGRpdiBzdHlsZT0iY2xlYXI6Ym90aDsiPjwvZGl2Pg==[\/vc_raw_html][\/vc_column_inner][\/vc_row_inner][vc_row_inner css=&#8221;.vc_custom_1531909392132{background-color: #dee9f4 !important;}&#8221;][vc_column_inner][vc_column_text css=&#8221;.vc_custom_1614012106921{margin-right: 0px !important;margin-left: 0px !important;padding-top: 120px !important;padding-bottom: 60px !important;padding-left: 15px !important;}&#8221; el_class=&#8221;max_width_600 right_block&#8221;]<span style=\"color: #000000;\">Inscrivez-vous d\u00e8s \u00e0 pr\u00e9sent sur la plateforme : <a href=\"https:\/\/www.francealumni.fr\/fr\/poste\/turquie\/#\"><u>FRANCE ALUMNI TURQUIE<\/u><\/a> et rejoignez-nous sur\u00a0<a href=\"https:\/\/www.facebook.com\/France-Alumni-Turquie-459554450915248\/\" target=\"_blank\" rel=\"noopener\">Facebook<\/a>\u00a0et\u00a0<a href=\"https:\/\/www.linkedin.com\/profile\/view?id=AAIAABvAE_EBs4wcLmN1PL_GHqXRbWWpgyHSaw8&amp;trk=nav_responsive_tab_profile_pic\" target=\"_blank\" rel=\"noopener\">LinkedIn<\/a>\u00a0<\/span><\/p>\n<p><iframe loading=\"lazy\" src=\"https:\/\/www.youtube.com\/embed\/nwZGhGexVUk\" width=\"100%\" height=\"315\" frameborder=\"0\" allowfullscreen=\"allowfullscreen\"><\/iframe>[\/vc_column_text][\/vc_column_inner][\/vc_row_inner][\/vc_column][vc_column width=&#8221;1\/2&#8243; css=&#8221;.vc_custom_1531906725840{margin: 0px !important;padding: 0px !important;background-color: #c693c2 !important;}&#8221;][vc_single_image image=&#8221;2605&#8243; img_size=&#8221;full&#8221; css=&#8221;.vc_custom_1533039904703{margin-top: 0px !important;margin-right: 0px !important;margin-bottom: 0px !important;margin-left: 0px !important;padding-top: 0px !important;padding-right: 0px !important;padding-bottom: 0px !important;padding-left: 0px !important;}&#8221;][vc_row_inner css=&#8221;.vc_custom_1531906969267{margin-top: 0px !important;margin-right: 0px !important;margin-bottom: 0px !important;margin-left: 0px !important;padding-top: 0px !important;padding-right: 0px !important;padding-bottom: 0px !important;padding-left: 0px !important;}&#8221; el_class=&#8221;max_width_600&#8243;][vc_column_inner][vc_column_text css=&#8221;.vc_custom_1614012047500{padding-top: 70px !important;padding-right: 20px !important;padding-bottom: 30px !important;padding-left: 70px !important;}&#8221;]<iframe loading=\"lazy\" src=\"https:\/\/www.youtube.com\/embed\/OGCl3yRPNwY\" width=\"100%\" height=\"315\" frameborder=\"0\" allowfullscreen=\"allowfullscreen\"><\/iframe><\/p>\n<p><span style=\"color: #ffffff;\">Les objectifs sont les suivants :<\/span><\/p>\n<p><span style=\"color: #ffffff;\">Cr\u00e9er en Turquie un r\u00e9seau de contacts professionnels qualifi\u00e9s et actifs. Vous avez effectu\u00e9s vos \u00e9tudes ou suivi un stage en France ? Vous avez \u00e9t\u00e9 form\u00e9s \u00ab \u00e0 la fran\u00e7aise \u00bb en Turquie, au sein d\u2019un lyc\u00e9e francophone, de l\u2019universit\u00e9 franco-turque Galatasaray, au sein de fili\u00e8res francophones ou de programmes de coop\u00e9ration ? Alors vous \u00eates nos Alumni.<\/span><\/p>\n<p><span style=\"color: #ffffff;\">Multiplier les opportunit\u00e9s de mises en contact franco-turques entre entrepreneurs et investisseurs, candidats et recruteurs, entreprises et prestataires, \u00e0 l\u2019occasion d\u2019\u00e9v\u00e9nements, de rencontres et d\u2019ateliers pratiques \u00e0 haute valeur ajout\u00e9e.<br \/>\nDonner de la visibilit\u00e9 aux projets franco-turcs, aux produits, aux offres de services en Turquie. Il permettra \u00e9galement aux autres r\u00e9seaux France Alumni du monde entier de vous identifier et de vous contacter pour \u00e9changer \u00e0 l\u2019\u00e9chelle internationale.<\/span>[\/vc_column_text][\/vc_column_inner][\/vc_row_inner][vc_row_inner][vc_column_inner][vc_raw_html]PGRpdiBzdHlsZT0iY2xlYXI6Ym90aDsiPjwvZGl2Pg==[\/vc_raw_html][\/vc_column_inner][\/vc_row_inner][\/vc_column][\/vc_row][\/vc_section]<\/p>\n<\/div>","protected":false},"excerpt":{"rendered":"<p>[vc_section css=&#8221;.vc_custom_1531905726581{margin: 0px !important;padding: 0px !important;}&#8221;][vc_row el_class=&#8221;container_1110&#8243;][vc_column width=&#8221;1\/2&#8243;][vc_row_inner css=&#8221;.vc_custom_1531909257469{margin-top: 0px !important;margin-right: 0px !important;margin-bottom: 0px !important;margin-left: 0px !important;padding-top: 0px !important;padding-right: 0px !important;padding-bottom: 0px !important;padding-left: 0px !important;}&#8221; el_class=&#8221;max_width_600 right_block&#8221;][vc_column_inner][vc_column_text css=&#8221;.vc_custom_1533046567977{margin-top: 45px !important;margin-right: 0px !important;margin-left: 0px !important;padding-right: 120px !important;padding-left: 0px !important;}&#8221;]France Alumni Turquie a pour ambition de permettre aux tr\u00e8s nombreux Alumni turcs de rester en contact avec [&hellip;]<\/p>\n","protected":false},"author":2,"featured_media":0,"parent":2924,"menu_order":0,"comment_status":"closed","ping_status":"closed","template":"new-page-template.php","meta":{"_acf_changed":false,"h5ap_radio_sources":[],"footnotes":""},"class_list":["post-2978","page","type-page","status-publish","hentry"],"acf":[],"_links":{"self":[{"href":"https:\/\/www.ifturquie.org\/fr\/wp-json\/wp\/v2\/pages\/2978","targetHints":{"allow":["GET"]}}],"collection":[{"href":"https:\/\/www.ifturquie.org\/fr\/wp-json\/wp\/v2\/pages"}],"about":[{"href":"https:\/\/www.ifturquie.org\/fr\/wp-json\/wp\/v2\/types\/page"}],"author":[{"embeddable":true,"href":"https:\/\/www.ifturquie.org\/fr\/wp-json\/wp\/v2\/users\/2"}],"replies":[{"embeddable":true,"href":"https:\/\/www.ifturquie.org\/fr\/wp-json\/wp\/v2\/comments?post=2978"}],"version-history":[{"count":7,"href":"https:\/\/www.ifturquie.org\/fr\/wp-json\/wp\/v2\/pages\/2978\/revisions"}],"predecessor-version":[{"id":17049,"href":"https:\/\/www.ifturquie.org\/fr\/wp-json\/wp\/v2\/pages\/2978\/revisions\/17049"}],"up":[{"embeddable":true,"href":"https:\/\/www.ifturquie.org\/fr\/wp-json\/wp\/v2\/pages\/2924"}],"wp:attachment":[{"href":"https:\/\/www.ifturquie.org\/fr\/wp-json\/wp\/v2\/media?parent=2978"}],"curies":[{"name":"wp","href":"https:\/\/api.w.org\/{rel}","templated":true}]}}