{"id":2976,"date":"2018-09-06T17:56:06","date_gmt":"2018-09-06T14:56:06","guid":{"rendered":"http:\/\/www.ifturquie.org\/etudes-en-france\/campus-france-turquie\/"},"modified":"2021-11-17T16:08:30","modified_gmt":"2021-11-17T13:08:30","slug":"campus-france-turquie","status":"publish","type":"page","link":"https:\/\/www.ifturquie.org\/fr\/etudes-en-france\/campus-france-turquie\/","title":{"rendered":"Campus France Turquie"},"content":{"rendered":"<div class=\"wpb-content-wrapper\"><p>[vc_section css=&#8221;.vc_custom_1531905726581{margin: 0px !important;padding: 0px !important;}&#8221;][vc_row el_class=&#8221;container_1110&#8243;][vc_column width=&#8221;1\/2&#8243;][vc_row_inner css=&#8221;.vc_custom_1531909257469{margin-top: 0px !important;margin-right: 0px !important;margin-bottom: 0px !important;margin-left: 0px !important;padding-top: 0px !important;padding-right: 0px !important;padding-bottom: 0px !important;padding-left: 0px !important;}&#8221; el_class=&#8221;max_width_600 right_block&#8221;][vc_column_inner][vc_column_text css=&#8221;.vc_custom_1536651745422{margin-right: 0px !important;margin-left: 0px !important;padding-right: 120px !important;padding-left: 0px !important;}&#8221;]<strong>Qu&#8217;est-ce que CampusFrance Turquie ?<\/strong><\/p>\n<p>CampusFrance Turquie est un service de l&#8217;Ambassade de France en Turquie. Rattach\u00e9 \u00e0 l&#8217;Institut Fran\u00e7ais de Turquie, il d\u00e9pend du Service de Coop\u00e9ration et d&#8217;Action Culturelle de l&#8217;Ambassade. Ce service est d\u00e9di\u00e9 aux \u00e9tudiants turcs ou \u00e9trangers r\u00e9sidant en Turquie qui souhaitent poursuivre leurs \u00e9tudes sup\u00e9rieures en France.[\/vc_column_text][vc_single_image image=&#8221;2282&#8243; img_size=&#8221;full&#8221; css=&#8221;.vc_custom_1536679973021{margin-bottom: -150px !important;padding-bottom: 0px !important;}&#8221;][\/vc_column_inner][\/vc_row_inner][vc_row_inner][vc_column_inner][vc_raw_html]PGRpdiBzdHlsZT0iY2xlYXI6IGJvdGg7Ij48L2Rpdj4=[\/vc_raw_html][\/vc_column_inner][\/vc_row_inner][vc_row_inner css=&#8221;.vc_custom_1531909392132{background-color: #dee9f4 !important;}&#8221;][vc_column_inner][vc_column_text css=&#8221;.vc_custom_1532589489024{margin-right: 0px !important;margin-left: 0px !important;padding-top: 120px !important;padding-right: 120px !important;padding-bottom: 60px !important;padding-left: 15px !important;}&#8221; el_class=&#8221;max_width_600 right_block&#8221;]<\/p>\n<p><iframe loading=\"lazy\" src=\"https:\/\/www.youtube.com\/embed\/1IAnQOq_wCA\" width=\"560\" height=\"315\" frameborder=\"0\" allowfullscreen=\"allowfullscreen\"><\/iframe><\/p>\n<p>&nbsp;<\/p>\n<p>&nbsp;<\/p>\n<p><iframe loading=\"lazy\" src=\"https:\/\/www.youtube.com\/embed\/8DYnDlBWW1k\" width=\"560\" height=\"315\" frameborder=\"0\" allowfullscreen=\"allowfullscreen\"><\/iframe><\/p>\n<p>&nbsp;<\/p>\n<p>&nbsp;<\/p>\n<p><iframe loading=\"lazy\" src=\"https:\/\/www.youtube.com\/embed\/UMWd80ps4h8\" width=\"560\" height=\"315\" frameborder=\"0\" allowfullscreen=\"allowfullscreen\"><\/iframe><\/p>\n<p>&nbsp;<\/p>\n<p>&nbsp;<\/p>\n<p><iframe loading=\"lazy\" src=\"https:\/\/www.youtube.com\/embed\/llaKkVKTwDM\" width=\"560\" height=\"315\" frameborder=\"0\" allowfullscreen=\"allowfullscreen\"><\/iframe><\/p>\n<p>&nbsp;<\/p>\n<p>&nbsp;<\/p>\n<p><iframe loading=\"lazy\" src=\"https:\/\/www.youtube.com\/embed\/NJuspbIgG7Y\" width=\"560\" height=\"315\" frameborder=\"0\" allowfullscreen=\"allowfullscreen\"><\/iframe>[\/vc_column_text][\/vc_column_inner][\/vc_row_inner][\/vc_column][vc_column width=&#8221;1\/2&#8243; css=&#8221;.vc_custom_1532524092211{margin-top: 0px !important;margin-right: 0px !important;margin-bottom: 0px !important;margin-left: 0px !important;padding-top: 0px !important;padding-right: 0px !important;padding-bottom: 0px !important;padding-left: 0px !important;background-color: #fff0e8 !important;}&#8221;][vc_single_image image=&#8221;2273&#8243; img_size=&#8221;full&#8221; css=&#8221;.vc_custom_1532013522629{margin-top: 0px !important;margin-right: 0px !important;margin-bottom: 0px !important;margin-left: 0px !important;padding-top: 0px !important;padding-right: 0px !important;padding-bottom: 0px !important;padding-left: 0px !important;}&#8221;][vc_row_inner css=&#8221;.vc_custom_1531906969267{margin-top: 0px !important;margin-right: 0px !important;margin-bottom: 0px !important;margin-left: 0px !important;padding-top: 0px !important;padding-right: 0px !important;padding-bottom: 0px !important;padding-left: 0px !important;}&#8221; el_class=&#8221;max_width_600&#8243;][vc_column_inner][vc_column_text css=&#8221;.vc_custom_1637154756774{padding-top: 70px !important;padding-right: 20px !important;padding-bottom: 30px !important;padding-left: 70px !important;}&#8221;]<strong>Ses Missions<\/strong><\/p>\n<p>Afin de faciliter la mobilit\u00e9 des \u00e9tudiants d\u00e9sirant poursuivre leurs \u00e9tudes en France, CampusFrance a pour mission de les guider et de les accompagner dans l&#8217;ensemble de leurs d\u00e9marches tout au long de leur projet d&#8217;\u00e9tudes en France :<\/p>\n<p>&#8212; En leur fournissant les informations n\u00e9cessaires \u00e0 l&#8217;\u00e9laboration d&#8217;un projet pertinent et coh\u00e9rent avec leur parcours ant\u00e9rieur ;<br \/>\n&#8212; En les aidant \u00e0 choisir la formation la plus adapt\u00e9e pour construire un parcours de r\u00e9ussite en France ;<br \/>\n&#8212; En r\u00e9pondant \u00e0 leurs questions soit directement dans ses locaux, soit \u00e0 travers la messagerie de son site internet.<\/p>\n<p>Pr\u00e9alablement \u00e0 la demande de visa, aupr\u00e8s des consulats, CampusFrance a \u00e9galement pour mission :<\/p>\n<p>&#8212; De v\u00e9rifier les dipl\u00f4mes, certificats et tous documents pr\u00e9sent\u00e9s ;<br \/>\n&#8212; D&#8217;\u00e9valuer, en tant que de besoin, le niveau de langue du candidat ;<br \/>\n&#8212; Enfin, d&#8217;aider les \u00e9tablissements d&#8217;enseignement sup\u00e9rieur fran\u00e7ais et les consulats \u00e0 appr\u00e9cier le parcours p\u00e9dagogique et le projet d&#8217;\u00e9tudes du candidat.<\/p>\n<p>Public concern\u00e9<\/p>\n<p>CampusFrance Turquie s&#8217;adresse \u00e0 tous les \u00e9tudiants turcs ou \u00e9trangers r\u00e9sidant en Turquie qui souhaitent poursuivre des \u00e9tudes sup\u00e9rieures en France.<\/p>\n<p><strong>Contactez les \u00e9quipes de Campus France Turquie:<\/strong><\/p>\n<p><strong>Pour Ankara exceptionnellement uniquement pendant ces horaires :<\/strong><\/p>\n<ul style=\"list-style-type: circle;\">\n<li><strong>Mardi : 14h \u00e0 18h<\/strong><\/li>\n<li><strong>Mercredi : 15h30 \u00e0 18h30\u00a0\u00a0\u00a0\u00a0\u00a0\u00a0\u00a0\u00a0\u00a0\u00a0\u00a0\u00a0\u00a0\u00a0\u00a0\u00a0<\/strong><\/li>\n<li><strong>Jeudi : 09h \u00e0 12h et 13h \u00e0 18h\u00a0\u00a0\u00a0<\/strong><\/li>\n<li><strong>Vendredi : 14h \u00e0 18h<\/strong><\/li>\n<\/ul>\n<p><strong>ANKARA<\/strong><br \/>\nSancak Mahallesi,<br \/>\nKonrad Adenauer Caddesi n\u00b030 Y\u0131ld\u0131z<br \/>\n<a href=\"mailto:campusfrance.ankara@ifturquie.org\" target=\"_blank\" rel=\"noopener noreferrer\">campusfrance.ankara@ifturquie.org<\/a><\/p>\n<p><strong>ISTANBUL<\/strong><br \/>\n\u0130stiklal Caddesi n\u00b0 8 Taksim<br \/>\n<a href=\"mailto:campusfrance.istanbul@ifturquie.org\" target=\"_blank\" rel=\"noopener noreferrer\">campusfrance.istanbul@ifturquie.org<\/a><\/p>\n<p><strong>IZMIR<\/strong><br \/>\nCumhuriyet Bulvar\u0131 n\u00b0 152 Alsancak<br \/>\n<a href=\"mailto:campusfrance.izmir@ifturquie.org\" target=\"_blank\" rel=\"noopener noreferrer\">campusfrance.izmir@ifturquie.org<\/a>[\/vc_column_text][\/vc_column_inner][\/vc_row_inner][vc_row_inner][vc_column_inner][vc_raw_html]PGRpdiBzdHlsZT0iY2xlYXI6IGJvdGg7Ij48L2Rpdj4=[\/vc_raw_html][\/vc_column_inner][\/vc_row_inner][\/vc_column][\/vc_row][\/vc_section]<\/p>\n<\/div>","protected":false},"excerpt":{"rendered":"<p>[vc_section css=&#8221;.vc_custom_1531905726581{margin: 0px !important;padding: 0px !important;}&#8221;][vc_row el_class=&#8221;container_1110&#8243;][vc_column width=&#8221;1\/2&#8243;][vc_row_inner css=&#8221;.vc_custom_1531909257469{margin-top: 0px !important;margin-right: 0px !important;margin-bottom: 0px !important;margin-left: 0px !important;padding-top: 0px !important;padding-right: 0px !important;padding-bottom: 0px !important;padding-left: 0px !important;}&#8221; el_class=&#8221;max_width_600 right_block&#8221;][vc_column_inner][vc_column_text css=&#8221;.vc_custom_1536651745422{margin-right: 0px !important;margin-left: 0px !important;padding-right: 120px !important;padding-left: 0px !important;}&#8221;]Qu&#8217;est-ce que CampusFrance Turquie ? CampusFrance Turquie est un service de l&#8217;Ambassade de France en Turquie. Rattach\u00e9 \u00e0 l&#8217;Institut Fran\u00e7ais [&hellip;]<\/p>\n","protected":false},"author":2,"featured_media":0,"parent":2924,"menu_order":0,"comment_status":"closed","ping_status":"closed","template":"new-page-template.php","meta":{"_acf_changed":false,"h5ap_radio_sources":[],"footnotes":""},"class_list":["post-2976","page","type-page","status-publish","hentry"],"acf":[],"_links":{"self":[{"href":"https:\/\/www.ifturquie.org\/fr\/wp-json\/wp\/v2\/pages\/2976","targetHints":{"allow":["GET"]}}],"collection":[{"href":"https:\/\/www.ifturquie.org\/fr\/wp-json\/wp\/v2\/pages"}],"about":[{"href":"https:\/\/www.ifturquie.org\/fr\/wp-json\/wp\/v2\/types\/page"}],"author":[{"embeddable":true,"href":"https:\/\/www.ifturquie.org\/fr\/wp-json\/wp\/v2\/users\/2"}],"replies":[{"embeddable":true,"href":"https:\/\/www.ifturquie.org\/fr\/wp-json\/wp\/v2\/comments?post=2976"}],"version-history":[{"count":8,"href":"https:\/\/www.ifturquie.org\/fr\/wp-json\/wp\/v2\/pages\/2976\/revisions"}],"predecessor-version":[{"id":20226,"href":"https:\/\/www.ifturquie.org\/fr\/wp-json\/wp\/v2\/pages\/2976\/revisions\/20226"}],"up":[{"embeddable":true,"href":"https:\/\/www.ifturquie.org\/fr\/wp-json\/wp\/v2\/pages\/2924"}],"wp:attachment":[{"href":"https:\/\/www.ifturquie.org\/fr\/wp-json\/wp\/v2\/media?parent=2976"}],"curies":[{"name":"wp","href":"https:\/\/api.w.org\/{rel}","templated":true}]}}