{"id":29755,"date":"2023-11-30T16:56:32","date_gmt":"2023-11-30T13:56:32","guid":{"rendered":"https:\/\/www.ifturquie.org\/goncourt-secimi\/"},"modified":"2026-04-14T11:50:26","modified_gmt":"2026-04-14T08:50:26","slug":"choix-goncourt","status":"publish","type":"page","link":"https:\/\/www.ifturquie.org\/fr\/choix-goncourt\/","title":{"rendered":"Le Choix Goncourt de la Turquie"},"content":{"rendered":"<div class=\"wpb-content-wrapper\"><p>[vc_section][vc_row full_width=&#8221;stretch_row_content&#8221; el_class=&#8221;container_1110&#8243;][vc_column width=&#8221;1\/2&#8243;][vc_column_text css=&#8221;&#8221;]Avec l\u2019agr\u00e9ment de l\u2019Acad\u00e9mie Goncourt, l\u2019Institut fran\u00e7ais de Turquie a cr\u00e9\u00e9 le Choix Goncourt de la Turquie, faisant de la Turquie le 37\u00e8me pays \u00e0 rejoindre ce tr\u00e8s grand club de lecture francophone.<\/p>\n<p><strong>Le Choix Goncourt de la Turquie<\/strong><\/p>\n<p>L\u2019Institut fran\u00e7ais de Turquie organise chaque ann\u00e9e \u201cLe Choix Goncourt de la Turquie\u201d sous l\u2019\u00e9gide de l\u2019Acad\u00e9mie Goncourt.<\/p>\n<p>D\u00e9clinaison du Prix Goncourt \u00e0 l\u2019international, le Choix Goncourt de la Turquie offre \u00e0 des membres de clubs de lecture francophones l\u2019occasion de lire les quatre ouvrages de la s\u00e9lection finale du c\u00e9l\u00e8bre prix et de d\u00e9signer parmi eux leur laur\u00e9at.<\/p>\n<p>Plac\u00e9 sous le haut patronage de l\u2019Ambassadrice de France en Turquie, le Choix Goncourt de la Turquie a vocation \u00e0 devenir un temps-fort de la promotion de la litt\u00e9rature de langue fran\u00e7aise et de la politique du livre de l\u2019Institut fran\u00e7ais de Turquie.<\/p>\n<p>Les personnes int\u00e9ress\u00e9es \u00e0 participer \u00e0 rejoindre cette initiative peuvent se signaler aupr\u00e8s des clubs de lecture francophones selon les modalit\u00e9s indiqu\u00e9es.<\/p>\n<p><strong>Les modalit\u00e9s de participation aux clubs de lecture\u00a0Goncourt :<\/strong><\/p>\n<ol>\n<li>Tout francophone attestant d\u2019un excellent niveau de fran\u00e7ais (niveau C1) peut adh\u00e9rer aux clubs de lecture cr\u00e9\u00e9s pour le Choix Goncourt de la Turquie.<\/li>\n<li>La lecture des quatre ouvrages de la liste finale de la pr\u00e9s\u00e9lection proclam\u00e9e par l\u2019Acad\u00e9mie Goncourt est obligatoire pour participer aux discussions sur le Choix Goncourt de la Turquie.<\/li>\n<li>La participation aux r\u00e9unions de discussion au sein des clubs Goncourt est obligatoire.<\/li>\n<\/ol>\n<p>Jusqu\u2019au mois de d\u00e9cembre, toute personne satisfaisant ces conditions peut se rapprocher des personnes suivantes pour rejoindre les clubs de lecture, en fonction de leur localisation :<\/p>\n<ul>\n<li><strong>Ankara\u00a0:<\/strong>Mme Sultan Alparslan, responsable de la m\u00e9diath\u00e8que de l\u2019Institut fran\u00e7ais d\u2019Ankara :\u00a0<a href=\"mailto:sultan.alparslan@ifturquie.org\">alparslan@ifturquie.org<\/a><\/li>\n<li><strong>Istanbu<\/strong>l : Mme Ayfer Simms, responsable de la m\u00e9diath\u00e8que de l\u2019Institut fran\u00e7ais d\u2019Istanbul :\u00a0<a href=\"mailto:ayfer.simms@ifturquie.org\">simms@ifturquie.org<\/a><\/li>\n<li><strong>Izmir<\/strong>: Mme Nathalie Brisson, responsable de la m\u00e9diath\u00e8que de l\u2019Institut fran\u00e7ais d\u2019Izmir :\u00a0<a href=\"mailto:nathalie.brisson@ifturquie.org\">brisson@ifturquie.org<\/a><\/li>\n<li><strong>Eskisehir: <\/strong>Mme Sabrina Ate\u015f, pr\u00e9sidente de l\u2019association des professeurs d\u2019Eski\u015fehir: <a href=\"mailto:info.apfes@gmail.com\">info.apfes@gmail.com<\/a><\/li>\n<li><strong>Universit\u00e9 Galatasaray<\/strong>: Mme Marie-H\u00e9l\u00e8ne Sauner, professeure et charg\u00e9e de la francophonie\u00a0<a href=\"mailto:saunermarie@gmail.com\">saunermarie@gmail.com<\/a>\u00a0,\u00a0<a href=\"mailto:mhsaunerleroy@gsu.edu.tr\">mhsaunerleroy@gsu.edu.tr<\/a><\/li>\n<\/ul>\n<p><strong>Le calendrier du Choix Goncourt de la Turquie<\/strong><\/p>\n<ol>\n<li>Octobre : annonce de la liste finale de la pr\u00e9s\u00e9lection par l\u2019Acad\u00e9mie Goncourt.<\/li>\n<li>D\u00e9cembre \u2013 Avril : lecture des romans par les membres des clubs de lecture et discussions au sein de chaque club.<\/li>\n<li>Avril : r\u00e9union du jury et proclamation du Choix Goncourt de la Turquie.<\/li>\n<\/ol>\n<p>[\/vc_column_text][vc_row_inner css=&#8221;.vc_custom_1714035779003{margin-top: 50px !important;}&#8221;][vc_column_inner width=&#8221;1\/3&#8243;][vc_single_image image=&#8221;39639&#8243; img_size=&#8221;full&#8221; onclick=&#8221;link_image&#8221; css=&#8221;.vc_custom_1776156875050{margin-top: 0px !important;margin-right: 0px !important;margin-bottom: 0px !important;margin-left: 0px !important;padding-top: 0px !important;padding-right: 0px !important;padding-bottom: 0px !important;padding-left: 0px !important;}&#8221;][\/vc_column_inner][vc_column_inner width=&#8221;1\/3&#8243;][vc_single_image image=&#8221;39641&#8243; img_size=&#8221;full&#8221; onclick=&#8221;link_image&#8221; css=&#8221;.vc_custom_1776156886970{margin-top: 0px !important;margin-right: 0px !important;margin-bottom: 0px !important;margin-left: 0px !important;padding-top: 0px !important;padding-right: 0px !important;padding-bottom: 0px !important;padding-left: 0px !important;}&#8221;][\/vc_column_inner][vc_column_inner width=&#8221;1\/3&#8243;][vc_single_image image=&#8221;39649&#8243; css=&#8221;&#8221;][\/vc_column_inner][\/vc_row_inner][\/vc_column][vc_column width=&#8221;1\/2&#8243;][vc_row_inner][vc_column_inner][vc_single_image image=&#8221;33141&#8243; img_size=&#8221;medium&#8221; css=&#8221;.vc_custom_1729611462672{margin-top: 0px !important;margin-right: 0px !important;margin-bottom: 0px !important;margin-left: 0px !important;padding-top: 0px !important;padding-right: 0px !important;padding-bottom: 0px !important;padding-left: 0px !important;}&#8221;][vc_column_text]<\/p>\n<p>[\/vc_column_text][\/vc_column_inner][\/vc_row_inner][vc_tta_accordion][vc_tta_section title=&#8221;Choix Goncourt de la Turquie 2025&#8243; tab_id=&#8221;1729608651497-7caa4622-499a&#8221;][vc_column_text css=&#8221;&#8221;]<strong>Laurent Mauvignier remporte le Choix Goncourt de la Turquie avec \u2018La Maison vide\u2019 !<\/strong><\/p>\n<p>L\u2019autrice prim\u00e9e du Prix Goncourt en 2009 Marie NDiaye, pr\u00e9sidente de jury de cette troisi\u00e8me \u00e9dition en Turquie, a annonc\u00e9 le laur\u00e9at en pr\u00e9sence de Mme Isabelle Dumont, ambassadrice de France en Turquie, la presse et les repr\u00e9sentants des clubs de lecture constitu\u00e9s \u00e0 Ankara, Istanbul et Izmir.<br \/>\nComme le veut la tradition, l\u2019Institut fran\u00e7ais de Turquie soutiendra la traduction vers le turc de l\u2019ouvrage.<br \/>\nNous tenons \u00e0 remercier les membres du jury et des clubs qui ont contribu\u00e9 par leurs discussions et leur enthousiasme \u00e0 la r\u00e9ussite de l&#8217;\u00e9v\u00e9nement.<br \/>\nVersion internationale du Prix Goncourt, le choix Goncourt des pays permet aux membres des clubs de lecture francophones de lire les ouvrages de la s\u00e9lection finale de ce prix prestigieux et de d\u00e9signer le laur\u00e9at du choix Goncourt pour chaque pays. Le Choix Goncourt de la Turquie est une initiative de l\u2019Institut fran\u00e7ais en partenariat avec l\u2019Ambassade de France et le Consulat g\u00e9n\u00e9ral de France \u00e0 Istanbul sous les auspices de l\u2019Acad\u00e9mie Goncourt.<\/p>\n<p><img loading=\"lazy\" decoding=\"async\" class=\"alignnone size-medium wp-image-39637\" src=\"https:\/\/www.ifturquie.org\/wp-content\/uploads\/2026\/04\/6-371x464.png\" alt=\"\" width=\"371\" height=\"464\" srcset=\"https:\/\/www.ifturquie.org\/wp-content\/uploads\/2026\/04\/6-371x464.png 371w, https:\/\/www.ifturquie.org\/wp-content\/uploads\/2026\/04\/6-819x1024.png 819w, https:\/\/www.ifturquie.org\/wp-content\/uploads\/2026\/04\/6-768x960.png 768w, https:\/\/www.ifturquie.org\/wp-content\/uploads\/2026\/04\/6-600x750.png 600w, https:\/\/www.ifturquie.org\/wp-content\/uploads\/2026\/04\/6.png 1080w\" sizes=\"auto, (max-width: 371px) 100vw, 371px\" \/>[\/vc_column_text][\/vc_tta_section][vc_tta_section title=&#8221;Choix Goncourt de la Turquie 2024&#8243; tab_id=&#8221;1776156612827-fca5c81c-9297&#8243;][vc_column_text css=&#8221;&#8221;]<strong>\u00ab Madelaine avant l\u2019aube \u00bb de Sandrine Collette, laur\u00e9at du Choix Goncourt de la Turquie<\/strong><\/p>\n<p>Le jury de la deuxi\u00e8me \u00e9dition du Choix de Goncourt de la Turquie s\u2019est r\u00e9uni le 16 avril 2025 \u00e0 Ankara sous la pr\u00e9sidence de Le\u00efla Slimani. L\u2019autrice de \u00ab Chanson douce \u00bb (Prix Goncourt 2016) a anim\u00e9 un d\u00e9bat d\u2019id\u00e9es au cours duquel les repr\u00e9sentants des sept groupes de lecture venus d\u2019Ankara, d\u2019Eskisehir, d\u2019Istanbul et d\u2019Izmir ont tour \u00e0 tour pr\u00e9sent\u00e9 les sentiments qui les avaient travers\u00e9s lors de la lecture des quatre romans de la liste finale du Goncourt 2024. A l\u2019issue des d\u00e9bats, Jacaranda de Ga\u00ebl Faye et Madelaine avant l\u2019aube de Sandrine Collette, sortaient largement en t\u00eate des suffrages sans pour autant se d\u00e9partager. Apr\u00e8s de nouveaux \u00e9changes, le jury a d\u00fb proc\u00e9der \u00e0 un vote \u00e0 bulletin secret, le roman de Sandrine Collette l\u2019emportant par 5 voix contre 3 pour celui de Ga\u00ebl Faye. Madelaine avant l\u2019aube qui avait d\u00e9j\u00e0 re\u00e7u le prix Goncourt des lyc\u00e9ens sera traduit ce qui lui ouvrira de nouvelles perspectives en Turquie. Le jury a soulign\u00e9 un roman \u00e0 la langue simple mais travaill\u00e9e, un style incisif, parfois brutal, adapt\u00e9 \u00e0 une histoire se d\u00e9roulant dans une nature rugueuse et sauvage. La litt\u00e9rature contemporaine d\u2019inspiration francophone s\u00e9duit le public turc comme le d\u00e9montre l\u2019\u00e9change de Le\u00efla Slimani avec ses lecteurs \u00e0 l\u2019Universit\u00e9 d\u2019Ankara, \u00e9change qui a r\u00e9uni plusieurs centaines de personnes \u00e0 l\u2019issue de l\u2019annonce du prix.<\/p>\n<p><img loading=\"lazy\" decoding=\"async\" class=\"alignnone size-medium wp-image-35469\" src=\"https:\/\/www.ifturquie.org\/wp-content\/uploads\/2025\/04\/choix-goncourt-PRIX-2024-1080x1350-4-1-371x464.png\" alt=\"\" width=\"371\" height=\"464\" srcset=\"https:\/\/www.ifturquie.org\/wp-content\/uploads\/2025\/04\/choix-goncourt-PRIX-2024-1080x1350-4-1-371x464.png 371w, https:\/\/www.ifturquie.org\/wp-content\/uploads\/2025\/04\/choix-goncourt-PRIX-2024-1080x1350-4-1-819x1024.png 819w, https:\/\/www.ifturquie.org\/wp-content\/uploads\/2025\/04\/choix-goncourt-PRIX-2024-1080x1350-4-1-768x960.png 768w, https:\/\/www.ifturquie.org\/wp-content\/uploads\/2025\/04\/choix-goncourt-PRIX-2024-1080x1350-4-1-600x750.png 600w, https:\/\/www.ifturquie.org\/wp-content\/uploads\/2025\/04\/choix-goncourt-PRIX-2024-1080x1350-4-1.png 1080w\" sizes=\"auto, (max-width: 371px) 100vw, 371px\" \/>[\/vc_column_text][vc_row_inner][vc_column_inner width=&#8221;1\/3&#8243;][vc_single_image image=&#8221;35469&#8243; img_size=&#8221;full&#8221; onclick=&#8221;link_image&#8221; css=&#8221;.vc_custom_1744957742991{margin-top: 0px !important;margin-right: 0px !important;margin-bottom: 0px !important;margin-left: 0px !important;padding-top: 0px !important;padding-right: 0px !important;padding-bottom: 0px !important;padding-left: 0px !important;}&#8221;][\/vc_column_inner][vc_column_inner width=&#8221;1\/3&#8243;][vc_single_image image=&#8221;35471&#8243; img_size=&#8221;full&#8221; onclick=&#8221;link_image&#8221; css=&#8221;&#8221;][\/vc_column_inner][vc_column_inner width=&#8221;1\/3&#8243;][vc_single_image image=&#8221;35473&#8243; img_size=&#8221;full&#8221; onclick=&#8221;link_image&#8221; css=&#8221;.vc_custom_1744957783095{margin-top: 0px !important;margin-right: 0px !important;margin-bottom: 0px !important;margin-left: 0px !important;padding-top: 0px !important;padding-right: 0px !important;padding-bottom: 0px !important;padding-left: 0px !important;}&#8221;][\/vc_column_inner][\/vc_row_inner][vc_row_inner css=&#8221;.vc_custom_1714035779003{margin-top: 50px !important;}&#8221;][vc_column_inner width=&#8221;1\/3&#8243;][vc_single_image image=&#8221;35483&#8243; img_size=&#8221;full&#8221; onclick=&#8221;link_image&#8221; css=&#8221;.vc_custom_1744957804617{margin-top: 0px !important;margin-right: 0px !important;margin-bottom: 0px !important;margin-left: 0px !important;padding-top: 0px !important;padding-right: 0px !important;padding-bottom: 0px !important;padding-left: 0px !important;}&#8221;][\/vc_column_inner][vc_column_inner width=&#8221;1\/3&#8243;][vc_single_image image=&#8221;35481&#8243; img_size=&#8221;full&#8221; onclick=&#8221;link_image&#8221; css=&#8221;.vc_custom_1744957819611{margin-top: 0px !important;margin-right: 0px !important;margin-bottom: 0px !important;margin-left: 0px !important;padding-top: 0px !important;padding-right: 0px !important;padding-bottom: 0px !important;padding-left: 0px !important;}&#8221;][\/vc_column_inner][vc_column_inner width=&#8221;1\/3&#8243;][\/vc_column_inner][\/vc_row_inner][\/vc_tta_section][vc_tta_section title=&#8221;Choix Goncourt de la Turquie 2023&#8243; tab_id=&#8221;1744957096316-2cf37e82-6afe&#8221;][vc_column_text css=&#8221;&#8221;]Apr\u00e8s plusieurs mois de lecture des livres issus de la s\u00e9lection finale du Prix Goncourt 2023, les repr\u00e9sentants des quatre clubs de lecture cr\u00e9\u00e9s au sein des m\u00e9diath\u00e8ques des antennes d\u2019Ankara, d\u2019Istanbul et d\u2019Izmir de l\u2019Institut fran\u00e7ais de Turquie ainsi que de l\u2019universit\u00e9 francophone de Galatasaray, se sont r\u00e9unis sous la pr\u00e9sidence de l\u2019\u00e9crivain Mathias Enard (prix Goncourt 2015 pour son livre Boussole, traduit en turc aux \u00e9ditions Can Yay\u0131nlar\u0131) le 17 avril 2024.<\/p>\n<p>Le jury a d\u00e9cern\u00e9 \u00e0 une large majorit\u00e9, et autour d\u2019un d\u00e9jeuner comme le veut la tradition, le premier Choix Goncourt de la Turquie au livre\u00a0Triste Tigre\u00a0de Neige Sinno. Ce livre a marqu\u00e9 les membres par \u00ab\u00a0la d\u00e9licatesse et l\u2019\u00e9quilibre avec lesquels l\u2019\u00e9crivaine traite de son sujet difficile, l\u2019inceste\u00a0\u00bb.<\/p>\n<p>L\u2019Institut fran\u00e7ais de Turquie a soutenu la traduction et la parution de\u00a0Triste Tigre\u00a0en Turquie.<\/p>\n<p>Le Choix Goncourt de la Turquie s\u2019inscrira dans le temps comme un rendez-vous annuel national, entre lecteurs mais aussi avec un \u00e9crivain fran\u00e7ais invit\u00e9 en Turquie, et un moment pivot des actions de l\u2019Institut fran\u00e7ais de Turquie en soutien \u00e0 la Francophonie, la lecture et la traduction.<\/p>\n<p>La r\u00e9ussite de cette premi\u00e8re \u00e9dition, qui a raviv\u00e9 le plaisir partag\u00e9 de la lecture et le go\u00fbt de la discussion litt\u00e9raire, est par ailleurs un encouragement au d\u00e9veloppement de l\u2019\u00e9v\u00e9nement.<\/p>\n<p><strong>Communiqu\u00e9 de presse<\/strong><\/p>\n<p><strong>NEIGE SINNO REMPORTE LE PREMIER CHOIX GONCOURT DE LA TURQUIE AVEC <em>TRISTE TIGRE<\/em> <\/strong><\/p>\n<p>Avec l\u2019agr\u00e9ment de l\u2019Acad\u00e9mie Goncourt, l\u2019Institut fran\u00e7ais de Turquie cr\u00e9e le Choix Goncourt de la Turquie \u00e0 l\u2019occasion du Printemps de la Francophonie 2024. Son lancement officiel se fait en pr\u00e9sence de l\u2019\u00e9crivain et membre de l\u2019acad\u00e9micien Goncourt, M. Tahar Ben Jelloun, le 20 mars 2024, faisant de la Turquie le 37<sup>\u00e8me<\/sup> pays \u00e0 rejoindre ce tr\u00e8s grand club de lecture francophone.<\/p>\n<p>Apr\u00e8s plusieurs mois de lecture des livres issus de la s\u00e9lection finale du Prix Goncourt 2023, les repr\u00e9sentants des quatre clubs de lecture cr\u00e9\u00e9s au sein des m\u00e9diath\u00e8ques des antennes d\u2019Ankara, d\u2019Istanbul et d\u2019Izmir de l\u2019Institut fran\u00e7ais de Turquie ainsi que de l\u2019universit\u00e9 francophone de Galatasaray, se sont r\u00e9unis sous la pr\u00e9sidence de l\u2019\u00e9crivain Mathias Enard (prix Goncourt 2015 pour son livre Boussole, traduit en turc aux \u00e9ditions Can Yay\u0131nlar\u0131) le 17 avril 2024.<\/p>\n<p>Le jury a d\u00e9cern\u00e9 \u00e0 une large majorit\u00e9, et autour d\u2019un d\u00e9jeuner comme le veut la tradition, le premier Choix Goncourt de la Turquie au livre <em>Triste Tigre<\/em> de Neige Sinno. Ce livre a marqu\u00e9 les membres par \u00ab\u00a0la d\u00e9licatesse et l&#8217;\u00e9quilibre avec lesquels l&#8217;\u00e9crivaine traite de son sujet difficile, l&#8217;inceste\u00a0\u00bb.<\/p>\n<p>L\u2019Institut fran\u00e7ais de Turquie soutiendra la traduction et la parution de <em>Triste Tigre<\/em> en Turquie.<\/p>\n<p>Le Choix Goncourt de la Turquie s\u2019inscrira dans le temps comme un rendez-vous annuel national, entre lecteurs mais aussi avec un \u00e9crivain fran\u00e7ais invit\u00e9 en Turquie, et un moment pivot des actions de l\u2019Institut fran\u00e7ais de Turquie en soutien \u00e0 la Francophonie, la lecture et la traduction.<\/p>\n<p>La r\u00e9ussite de cette premi\u00e8re \u00e9dition, qui a raviv\u00e9 le plaisir partag\u00e9 de la lecture et le go\u00fbt de la discussion litt\u00e9raire, est par ailleurs un encouragement au d\u00e9veloppement de l\u2019\u00e9v\u00e9nement. L\u2019Institut fran\u00e7ais de Turquie encouragera ainsi la constitution d\u2019autres clubs de lecture aupr\u00e8s des Alliances fran\u00e7aises et des universit\u00e9s et lyc\u00e9es francophones de Turquie en 2024-2025.<\/p>\n<p><img loading=\"lazy\" decoding=\"async\" class=\"alignnone size-medium wp-image-33148\" src=\"https:\/\/www.ifturquie.org\/wp-content\/uploads\/2024\/10\/neige-sinno-464x464.jpg\" alt=\"\" width=\"464\" height=\"464\" srcset=\"https:\/\/www.ifturquie.org\/wp-content\/uploads\/2024\/10\/neige-sinno-464x464.jpg 464w, https:\/\/www.ifturquie.org\/wp-content\/uploads\/2024\/10\/neige-sinno-1024x1024.jpg 1024w, https:\/\/www.ifturquie.org\/wp-content\/uploads\/2024\/10\/neige-sinno-768x768.jpg 768w, https:\/\/www.ifturquie.org\/wp-content\/uploads\/2024\/10\/neige-sinno-300x300.jpg 300w, https:\/\/www.ifturquie.org\/wp-content\/uploads\/2024\/10\/neige-sinno-600x600.jpg 600w, https:\/\/www.ifturquie.org\/wp-content\/uploads\/2024\/10\/neige-sinno-100x100.jpg 100w, https:\/\/www.ifturquie.org\/wp-content\/uploads\/2024\/10\/neige-sinno.jpg 1080w\" sizes=\"auto, (max-width: 464px) 100vw, 464px\" \/><\/p>\n<p><img loading=\"lazy\" decoding=\"async\" class=\"alignnone size-medium wp-image-31463\" src=\"https:\/\/www.ifturquie.org\/wp-content\/uploads\/2024\/04\/Photos-Goncourt-2024-21x-619x464.jpeg\" alt=\"\" width=\"619\" height=\"464\" srcset=\"https:\/\/www.ifturquie.org\/wp-content\/uploads\/2024\/04\/Photos-Goncourt-2024-21x-619x464.jpeg 619w, https:\/\/www.ifturquie.org\/wp-content\/uploads\/2024\/04\/Photos-Goncourt-2024-21x-1024x768.jpeg 1024w, https:\/\/www.ifturquie.org\/wp-content\/uploads\/2024\/04\/Photos-Goncourt-2024-21x-768x576.jpeg 768w, https:\/\/www.ifturquie.org\/wp-content\/uploads\/2024\/04\/Photos-Goncourt-2024-21x-1536x1152.jpeg 1536w, https:\/\/www.ifturquie.org\/wp-content\/uploads\/2024\/04\/Photos-Goncourt-2024-21x-1320x990.jpeg 1320w, https:\/\/www.ifturquie.org\/wp-content\/uploads\/2024\/04\/Photos-Goncourt-2024-21x-600x450.jpeg 600w, https:\/\/www.ifturquie.org\/wp-content\/uploads\/2024\/04\/Photos-Goncourt-2024-21x.jpeg 1600w\" sizes=\"auto, (max-width: 619px) 100vw, 619px\" \/><\/p>\n<p><img loading=\"lazy\" decoding=\"async\" class=\"alignnone size-full wp-image-35487\" src=\"https:\/\/www.ifturquie.org\/wp-content\/uploads\/2025\/04\/489010357_1206933961441584_6720380323255262545_n.jpg\" alt=\"\" width=\"512\" height=\"341\" srcset=\"https:\/\/www.ifturquie.org\/wp-content\/uploads\/2025\/04\/489010357_1206933961441584_6720380323255262545_n.jpg 512w, https:\/\/www.ifturquie.org\/wp-content\/uploads\/2025\/04\/489010357_1206933961441584_6720380323255262545_n-348x232.jpg 348w\" sizes=\"auto, (max-width: 512px) 100vw, 512px\" \/><img loading=\"lazy\" decoding=\"async\" class=\"alignnone size-medium wp-image-31459\" src=\"https:\/\/www.ifturquie.org\/wp-content\/uploads\/2024\/04\/Photos-Goncourt-2024-6x-619x464.jpeg\" alt=\"\" width=\"619\" height=\"464\" srcset=\"https:\/\/www.ifturquie.org\/wp-content\/uploads\/2024\/04\/Photos-Goncourt-2024-6x-619x464.jpeg 619w, https:\/\/www.ifturquie.org\/wp-content\/uploads\/2024\/04\/Photos-Goncourt-2024-6x-1024x768.jpeg 1024w, https:\/\/www.ifturquie.org\/wp-content\/uploads\/2024\/04\/Photos-Goncourt-2024-6x-768x576.jpeg 768w, https:\/\/www.ifturquie.org\/wp-content\/uploads\/2024\/04\/Photos-Goncourt-2024-6x-1536x1152.jpeg 1536w, https:\/\/www.ifturquie.org\/wp-content\/uploads\/2024\/04\/Photos-Goncourt-2024-6x-1320x990.jpeg 1320w, https:\/\/www.ifturquie.org\/wp-content\/uploads\/2024\/04\/Photos-Goncourt-2024-6x-600x450.jpeg 600w, https:\/\/www.ifturquie.org\/wp-content\/uploads\/2024\/04\/Photos-Goncourt-2024-6x.jpeg 1600w\" sizes=\"auto, (max-width: 619px) 100vw, 619px\" \/><\/p>\n<p>[\/vc_column_text][\/vc_tta_section][\/vc_tta_accordion][\/vc_column][\/vc_row][\/vc_section]<\/p>\n<\/div>","protected":false},"excerpt":{"rendered":"<p>[vc_section][vc_row full_width=&#8221;stretch_row_content&#8221; el_class=&#8221;container_1110&#8243;][vc_column width=&#8221;1\/2&#8243;][vc_column_text css=&#8221;&#8221;]Avec l\u2019agr\u00e9ment de l\u2019Acad\u00e9mie Goncourt, l\u2019Institut fran\u00e7ais de Turquie a cr\u00e9\u00e9 le Choix Goncourt de la Turquie, faisant de la Turquie le 37\u00e8me pays \u00e0 rejoindre ce tr\u00e8s grand club de lecture francophone. Le Choix Goncourt de la Turquie L\u2019Institut fran\u00e7ais de Turquie organise chaque ann\u00e9e \u201cLe Choix Goncourt de la [&hellip;]<\/p>\n","protected":false},"author":1,"featured_media":0,"parent":0,"menu_order":0,"comment_status":"closed","ping_status":"closed","template":"new-page-template.php","meta":{"_acf_changed":false,"h5ap_radio_sources":[],"footnotes":""},"class_list":["post-29755","page","type-page","status-publish","hentry"],"acf":[],"_links":{"self":[{"href":"https:\/\/www.ifturquie.org\/fr\/wp-json\/wp\/v2\/pages\/29755","targetHints":{"allow":["GET"]}}],"collection":[{"href":"https:\/\/www.ifturquie.org\/fr\/wp-json\/wp\/v2\/pages"}],"about":[{"href":"https:\/\/www.ifturquie.org\/fr\/wp-json\/wp\/v2\/types\/page"}],"author":[{"embeddable":true,"href":"https:\/\/www.ifturquie.org\/fr\/wp-json\/wp\/v2\/users\/1"}],"replies":[{"embeddable":true,"href":"https:\/\/www.ifturquie.org\/fr\/wp-json\/wp\/v2\/comments?post=29755"}],"version-history":[{"count":38,"href":"https:\/\/www.ifturquie.org\/fr\/wp-json\/wp\/v2\/pages\/29755\/revisions"}],"predecessor-version":[{"id":39651,"href":"https:\/\/www.ifturquie.org\/fr\/wp-json\/wp\/v2\/pages\/29755\/revisions\/39651"}],"wp:attachment":[{"href":"https:\/\/www.ifturquie.org\/fr\/wp-json\/wp\/v2\/media?parent=29755"}],"curies":[{"name":"wp","href":"https:\/\/api.w.org\/{rel}","templated":true}]}}