{"id":2953,"date":"2018-09-06T17:15:11","date_gmt":"2018-09-06T14:15:11","guid":{"rendered":"http:\/\/www.ifturquie.org\/etudes-en-france\/bourses\/enseignants-et-chercheurs\/"},"modified":"2025-11-17T16:19:23","modified_gmt":"2025-11-17T13:19:23","slug":"enseignants-et-chercheurs","status":"publish","type":"page","link":"https:\/\/www.ifturquie.org\/fr\/etudes-en-france\/bourses\/enseignants-et-chercheurs\/","title":{"rendered":"Chercheurs"},"content":{"rendered":"<div class=\"wpb-content-wrapper\"><p>[vc_section css=&#8221;.vc_custom_1531905726581{margin: 0px !important;padding: 0px !important;}&#8221;][vc_row el_class=&#8221;container_1110&#8243;][vc_column width=&#8221;1\/2&#8243;][vc_row_inner css=&#8221;.vc_custom_1531909257469{margin-top: 0px !important;margin-right: 0px !important;margin-bottom: 0px !important;margin-left: 0px !important;padding-top: 0px !important;padding-right: 0px !important;padding-bottom: 0px !important;padding-left: 0px !important;}&#8221; el_class=&#8221;max_width_600 right_block&#8221;][vc_column_inner][vc_custom_heading text=&#8221;Programme de bourses de recherche PRESTIJ&#8221; font_container=&#8221;tag:h2|font_size:30|text_align:left|color:%237d7d7d&#8221; google_fonts=&#8221;font_family:Montserrat%3Aregular%2C700|font_style:700%20bold%20regular%3A700%3Anormal&#8221; css=&#8221;.vc_custom_1763382517250{margin-top: 45px !important;margin-right: 0px !important;margin-bottom: 45px !important;margin-left: 0px !important;padding-right: 0px !important;padding-left: 0px !important;}&#8221;][vc_column_text css=&#8221;.vc_custom_1763385845174{margin-right: 0px !important;margin-left: 0px !important;padding-right: 120px !important;padding-left: 0px !important;}&#8221;]L\u2019Ambassade de France en Turquie lance son appel \u00e0 candidatures pour le programme de bourses de recherche PRESTIJ 2026.<br \/>\nCe programme s\u2019adresse aux Doctorants, jeunes chercheurs et chercheurs confirm\u00e9s souhaitant effectuer un s\u00e9jour scientifique de haut niveau dans un laboratoire de recherche en France pour une dur\u00e9e de 15 jours \u00e0 2 mois, entre le 15 mars et le 31 d\u00e9cembre 2026.<br \/>\nCes bourses de mobilit\u00e9 repr\u00e9sentent une opportunit\u00e9 pour des chercheurs turcs de cr\u00e9er des connexions avec des \u00e9quipes de recherche en France \u00e0 diff\u00e9rentes \u00e9tapes de leur carri\u00e8re acad\u00e9mique.<br \/>\nCe programme de haut niveau a pour objectif de renforcer ou d\u2019initier de nouvelles coop\u00e9rations scientifiques entre la France et la Turquie.<\/p>\n<p><a href=\"http:\/\/R\u00e8glement Bourses de recherche PRESTIJ 2026_fr_final\" target=\"_blank\" rel=\"noopener\">Retrouvez toutes les modalit\u00e9s de l\u2019appel \u00e0 projet dans le r\u00e8glement 2026.<\/a><br \/>\n<a href=\"https:\/\/www.ifturquie.org\/wp-content\/uploads\/2025\/11\/Formulaire-de-candidature-PRESTIJ-2026-fr.docx\" target=\"_blank\" rel=\"noopener\">Acc\u00e9dez au formulaire de candidature<\/a><\/p>\n<p><strong>Date limite de candidatures : 23 Janvier 2026<\/strong>[\/vc_column_text][vc_single_image image=&#8221;21125&#8243; img_size=&#8221;full&#8221; css=&#8221;.vc_custom_1763382994419{margin-top: 0px !important;margin-right: 0px !important;margin-bottom: 0px !important;margin-left: 0px !important;padding-top: 0px !important;padding-right: 0px !important;padding-bottom: 0px !important;padding-left: 0px !important;}&#8221;][\/vc_column_inner][\/vc_row_inner][vc_row_inner][vc_column_inner][vc_raw_html]PGRpdiBzdHlsZT0iY2xlYXI6IGJvdGg7Ij48L2Rpdj4=[\/vc_raw_html][\/vc_column_inner][\/vc_row_inner][\/vc_column][vc_column width=&#8221;1\/2&#8243; css=&#8221;.vc_custom_1646247988048{margin-top: 0px !important;margin-right: 0px !important;margin-bottom: 0px !important;margin-left: 0px !important;padding-top: 0px !important;padding-right: 0px !important;padding-bottom: 0px !important;padding-left: 0px !important;background-color: #fffff !important;}&#8221;][vc_single_image image=&#8221;37863&#8243; img_size=&#8221;full&#8221; css=&#8221;.vc_custom_1763385737679{margin-top: 0px !important;margin-right: 0px !important;margin-bottom: 0px !important;margin-left: 0px !important;padding-top: 0px !important;padding-right: 0px !important;padding-bottom: 0px !important;padding-left: 0px !important;background-color: #ffffff !important;}&#8221;][vc_row_inner css=&#8221;.vc_custom_1531906969267{margin-top: 0px !important;margin-right: 0px !important;margin-bottom: 0px !important;margin-left: 0px !important;padding-top: 0px !important;padding-right: 0px !important;padding-bottom: 0px !important;padding-left: 0px !important;}&#8221; el_class=&#8221;max_width_600&#8243;][vc_column_inner][vc_custom_heading text=&#8221;&#8221; font_container=&#8221;tag:h2|font_size:30|text_align:left|color:%237d7d7d&#8221; google_fonts=&#8221;font_family:Montserrat%3Aregular%2C700|font_style:700%20bold%20regular%3A700%3Anormal&#8221; css=&#8221;.vc_custom_1646246587208{margin-top: 45px !important;margin-right: 0px !important;margin-bottom: 45px !important;margin-left: 0px !important;padding-right: 0px !important;padding-left: 70px !important;}&#8221;][vc_column_text css=&#8221;.vc_custom_1646246604299{padding-top: 0px !important;padding-right: 20px !important;padding-bottom: 30px !important;padding-left: 70px !important;}&#8221;][\/vc_column_text][\/vc_column_inner][\/vc_row_inner][vc_row_inner][vc_column_inner][vc_raw_html]PGRpdiBzdHlsZT0iY2xlYXI6IGJvdGg7Ij48L2Rpdj4=[\/vc_raw_html][\/vc_column_inner][\/vc_row_inner][\/vc_column][\/vc_row][\/vc_section]<\/p>\n<\/div>","protected":false},"excerpt":{"rendered":"<p>[vc_section css=&#8221;.vc_custom_1531905726581{margin: 0px !important;padding: 0px !important;}&#8221;][vc_row el_class=&#8221;container_1110&#8243;][vc_column width=&#8221;1\/2&#8243;][vc_row_inner css=&#8221;.vc_custom_1531909257469{margin-top: 0px !important;margin-right: 0px !important;margin-bottom: 0px !important;margin-left: 0px !important;padding-top: 0px !important;padding-right: 0px !important;padding-bottom: 0px !important;padding-left: 0px !important;}&#8221; el_class=&#8221;max_width_600 right_block&#8221;][vc_column_inner][vc_custom_heading text=&#8221;Programme de bourses de recherche PRESTIJ&#8221; font_container=&#8221;tag:h2|font_size:30|text_align:left|color:%237d7d7d&#8221; google_fonts=&#8221;font_family:Montserrat%3Aregular%2C700|font_style:700%20bold%20regular%3A700%3Anormal&#8221; css=&#8221;.vc_custom_1763382517250{margin-top: 45px !important;margin-right: 0px !important;margin-bottom: 45px !important;margin-left: 0px !important;padding-right: 0px !important;padding-left: 0px !important;}&#8221;][vc_column_text css=&#8221;.vc_custom_1763385845174{margin-right: 0px !important;margin-left: 0px !important;padding-right: 120px !important;padding-left: [&hellip;]<\/p>\n","protected":false},"author":2,"featured_media":0,"parent":2931,"menu_order":0,"comment_status":"closed","ping_status":"closed","template":"new-page-template.php","meta":{"_acf_changed":false,"h5ap_radio_sources":[],"footnotes":""},"class_list":["post-2953","page","type-page","status-publish","hentry"],"acf":[],"_links":{"self":[{"href":"https:\/\/www.ifturquie.org\/fr\/wp-json\/wp\/v2\/pages\/2953","targetHints":{"allow":["GET"]}}],"collection":[{"href":"https:\/\/www.ifturquie.org\/fr\/wp-json\/wp\/v2\/pages"}],"about":[{"href":"https:\/\/www.ifturquie.org\/fr\/wp-json\/wp\/v2\/types\/page"}],"author":[{"embeddable":true,"href":"https:\/\/www.ifturquie.org\/fr\/wp-json\/wp\/v2\/users\/2"}],"replies":[{"embeddable":true,"href":"https:\/\/www.ifturquie.org\/fr\/wp-json\/wp\/v2\/comments?post=2953"}],"version-history":[{"count":30,"href":"https:\/\/www.ifturquie.org\/fr\/wp-json\/wp\/v2\/pages\/2953\/revisions"}],"predecessor-version":[{"id":37874,"href":"https:\/\/www.ifturquie.org\/fr\/wp-json\/wp\/v2\/pages\/2953\/revisions\/37874"}],"up":[{"embeddable":true,"href":"https:\/\/www.ifturquie.org\/fr\/wp-json\/wp\/v2\/pages\/2931"}],"wp:attachment":[{"href":"https:\/\/www.ifturquie.org\/fr\/wp-json\/wp\/v2\/media?parent=2953"}],"curies":[{"name":"wp","href":"https:\/\/api.w.org\/{rel}","templated":true}]}}