{"id":2949,"date":"2018-09-06T17:13:35","date_gmt":"2018-09-06T14:13:35","guid":{"rendered":"http:\/\/www.ifturquie.org\/etudes-en-france\/bourses\/master\/"},"modified":"2025-12-15T14:36:26","modified_gmt":"2025-12-15T11:36:26","slug":"master","status":"publish","type":"page","link":"https:\/\/www.ifturquie.org\/fr\/etudes-en-france\/bourses\/master\/","title":{"rendered":"Master"},"content":{"rendered":"<div class=\"wpb-content-wrapper\"><p>[vc_section css=&#8221;.vc_custom_1531905726581{margin: 0px !important;padding: 0px !important;}&#8221;][vc_row el_class=&#8221;container_1110&#8243;][vc_column width=&#8221;1\/2&#8243;][vc_row_inner css=&#8221;.vc_custom_1531909257469{margin-top: 0px !important;margin-right: 0px !important;margin-bottom: 0px !important;margin-left: 0px !important;padding-top: 0px !important;padding-right: 0px !important;padding-bottom: 0px !important;padding-left: 0px !important;}&#8221; el_class=&#8221;max_width_600 right_block&#8221;][vc_column_inner][vc_custom_heading text=&#8221;Bourses du Gouvernement Fran\u00e7ais (BGF) cofinanc\u00e9es avec la fondation TEV (Master)&#8221; font_container=&#8221;tag:h2|font_size:30|text_align:left|color:%237d7d7d&#8221; google_fonts=&#8221;font_family:Montserrat%3Aregular%2C700|font_style:700%20bold%20regular%3A700%3Anormal&#8221; css=&#8221;.vc_custom_1762340110879{margin-top: 45px !important;margin-right: 0px !important;margin-bottom: 45px !important;margin-left: 0px !important;padding-right: 0px !important;padding-left: 0px !important;}&#8221;][vc_column_text css=&#8221;.vc_custom_1762340101914{margin-right: 0px !important;margin-left: 0px !important;padding-right: 120px !important;padding-left: 0px !important;}&#8221;]Ce programme propose depuis 2004 des bourses cofinanc\u00e9es par l\u2019Ambassade de France en Turquie et la Fondation TEV. Elles sont accord\u00e9es pour la pr\u00e9paration, en France, d\u2019un Master 1 ou Master 2.<br \/>\nDomaines d\u2019\u00e9tudes \u00e9ligibles cette ann\u00e9e : num\u00e9rique dont IA, quantique, biotechnologie, sant\u00e9, environnement, \u00e9nergie, mobilit\u00e9, sciences marines, espace, alimentation et technologies de l\u2019information et de la communication. Les candidatures en sciences humaines et sociales en lien avec ces th\u00e9matiques sont \u00e9ligibles.<br \/>\nLes candidatures sont accept\u00e9es pour des \u00e9tudes en fran\u00e7ais ou en anglais.<br \/>\nLa date limite pour d\u00e9poser la candidature est <strong>le 5 f\u00e9vrier 2026 (jusqu\u2019\u00e0 17h00).<\/strong><\/p>\n<p><a href=\"https:\/\/www.tev.org.tr\/burs\/tr\/29\/fransa-buyukelciligi-fransa-burslari\" target=\"_blank\" rel=\"noopener noreferrer\">Consulter l&#8217;annonce d\u00e9taill\u00e9e ici<\/a>[\/vc_column_text][vc_single_image image=&#8221;27824&#8243; img_size=&#8221;full&#8221; css=&#8221;.vc_custom_1684328798614{margin-bottom: -150px !important;padding-bottom: 0px !important;}&#8221;][\/vc_column_inner][\/vc_row_inner][vc_row_inner css=&#8221;.vc_custom_1531909392132{background-color: #dee9f4 !important;}&#8221;][vc_column_inner][vc_custom_heading text=&#8221;Bourse de Master FLE de l\u2019Ambassade de France&#8221; font_container=&#8221;tag:h2|font_size:30|text_align:left|color:%237d7d7d&#8221; google_fonts=&#8221;font_family:Montserrat%3Aregular%2C700|font_style:700%20bold%20regular%3A700%3Anormal&#8221; css=&#8221;.vc_custom_1684324946901{margin-top: 145px !important;margin-right: 0px !important;margin-bottom: 45px !important;margin-left: 0px !important;padding-right: 0px !important;padding-left: 15px !important;}&#8221; el_class=&#8221;max_width_600 right_block&#8221;][vc_column_text css=&#8221;.vc_custom_1701252736029{margin-right: 0px !important;margin-left: 0px !important;padding-top: 0px !important;padding-right: 120px !important;padding-bottom: 60px !important;padding-left: 15px !important;}&#8221; el_class=&#8221;max_width_600 right_block&#8221;]Deux programmes de bourses sont propos\u00e9s <strong>chaque ann\u00e9e<\/strong> pour les Master FLE :<\/p>\n<p><strong>Un programme de Master 1 et 2 FLE \u00e0 distance en fran\u00e7ais<\/strong><br \/>\nMaster 1 et 2 &#8211; <em>Didactique et management du Fran\u00e7ais langue \u00e9trang\u00e8re \/ Fran\u00e7ais langue seconde en milieu plurilingue \u00e0 distance.<\/em><br \/>\nIl a objectif de soutenir l\u2019enseignement du fran\u00e7ais et de contribuer \u00e0 la formation initiale et continue des professeurs de fran\u00e7ais turcs \u00e0 travers deux ann\u00e9es de Master enseign\u00e9es <strong>\u00e0 distance enti\u00e8rement en fran\u00e7ais.<\/strong><br \/>\nCes bourses de Master FLE \u00e0 distance couvrent 100% des frais d\u2019inscription (cours et \u00e9valuation en modalit\u00e9 \u00e0 distance).<\/p>\n<p><a href=\"https:\/\/www.ifturquie.org\/fr\/haber\/programme-de-bourses-de-master-fle-a-distance\/\">Toutes les informations ici\u00a0<\/a><\/p>\n<p><strong>Un programme de Master 2 FLE en pr\u00e9sentiel en France<\/strong><br \/>\nEn 2023-2024, le programme de bourses de Master FLE de l\u2019ambassade de France en Turquie est \u00e0 nouveau ouvert aux enseignants de FLE ainsi qu\u2019aux \u00e9tudiants en didactique du FLE.<br \/>\nVous \u00eates enseignant-e de FLE de nationalit\u00e9 turque et exercez dans un \u00e9tablissement turc ?<br \/>\nVous \u00eates \u00e9tudiant-e de nationalit\u00e9 turque en Licence 4 ou Master 1 de didactique de FLE en Turquie ?<br \/>\nVous souhaitez r\u00e9aliser une ann\u00e9e d\u2019\u00e9tudes en France en Master 2 ?<br \/>\nAlors n\u2019h\u00e9sitez plus, proposez votre candidature pour obtenir une bourse de Master 2 de l\u2019ambassade de France en Turquie !<\/p>\n<p><a href=\"https:\/\/www.ifturquie.org\/haber\/fransa-da-yuz-yuze-master-2-fle-burs-programi\/\" target=\"_blank\" rel=\"noopener\">Toutes les informations ici<\/a>[\/vc_column_text][\/vc_column_inner][\/vc_row_inner][vc_custom_heading text=&#8221;Bourse de master FSMP&#8221; font_container=&#8221;tag:h2|font_size:30|text_align:left|color:%237d7d7d&#8221; google_fonts=&#8221;font_family:Montserrat%3Aregular%2C700|font_style:700%20bold%20regular%3A700%3Anormal&#8221; css=&#8221;.vc_custom_1765798831412{margin-top: 45px !important;margin-right: 0px !important;margin-bottom: 45px !important;margin-left: 0px !important;padding-right: 0px !important;padding-left: 0px !important;}&#8221;][vc_column_text css=&#8221;.vc_custom_1765798854091{margin-right: 0px !important;margin-left: 0px !important;padding-right: 120px !important;padding-left: 0px !important;}&#8221;]Pour l\u2019ann\u00e9e acad\u00e9mique 2026-2027, l\u2019Ambassade de France en Turquie octroiera une bourse de master pour une formation de math\u00e9matiques ou d\u2019informatique fondamentale dans l\u2019un des \u00e9tablissements membres du r\u00e9seau de la Fondation sciences math\u00e9matiques de Paris (FSMP).<\/p>\n<p>La Fondation Sciences Math\u00e9matiques de Paris est une fondation de coop\u00e9ration scientifique fond\u00e9e par 10 \u00e9tablissements fran\u00e7ais d\u2019excellence. Elle f\u00e9d\u00e8re \u00e9galement les principaux laboratoires de math\u00e9matiques et d\u2019informatique de Paris.<\/p>\n<p>Les candidatures sont ouvertes jusqu\u2019au 3 f\u00e9vrier 2026 : <a class=\"x1fey0fg xmper1u x1edh9d7\" href=\"https:\/\/sciencesmaths-paris.fr\/pgsm-master\">https:\/\/sciencesmaths-paris.fr\/pgsm-master<\/a>[\/vc_column_text][\/vc_column][vc_column width=&#8221;1\/2&#8243; css=&#8221;.vc_custom_1532016235245{margin-top: 0px !important;margin-right: 0px !important;margin-bottom: 0px !important;margin-left: 0px !important;padding-top: 0px !important;padding-right: 0px !important;padding-bottom: 0px !important;padding-left: 0px !important;background-color: #d8cdcb !important;}&#8221;][vc_single_image image=&#8221;2277&#8243; img_size=&#8221;full&#8221; css=&#8221;.vc_custom_1536933313154{margin-top: 0px !important;margin-right: 0px !important;margin-bottom: 0px !important;margin-left: 0px !important;padding-top: 0px !important;padding-right: 0px !important;padding-bottom: 0px !important;padding-left: 0px !important;}&#8221;][vc_row_inner css=&#8221;.vc_custom_1531906969267{margin-top: 0px !important;margin-right: 0px !important;margin-bottom: 0px !important;margin-left: 0px !important;padding-top: 0px !important;padding-right: 0px !important;padding-bottom: 0px !important;padding-left: 0px !important;}&#8221; el_class=&#8221;max_width_600&#8243;][vc_column_inner][vc_custom_heading text=&#8221;Bourses de Master Galatasaray&#8221; font_container=&#8221;tag:h2|font_size:30|text_align:left|color:%237d7d7d&#8221; google_fonts=&#8221;font_family:Montserrat%3Aregular%2C700|font_style:700%20bold%20regular%3A700%3Anormal&#8221; css=&#8221;.vc_custom_1532017183308{margin-top: 45px !important;margin-right: 0px !important;margin-bottom: 45px !important;margin-left: 0px !important;padding-right: 0px !important;padding-left: 70px !important;}&#8221;][vc_column_text css=&#8221;.vc_custom_1764575129749{padding-top: 0px !important;padding-right: 20px !important;padding-bottom: 30px !important;padding-left: 70px !important;}&#8221;]Programme de bourses de Master 1 et Master 2 pour les \u00e9tudiants de l\u2019Universit\u00e9 Galatasaray<\/p>\n<p>Dans le cadre de l\u2019accord intergouvernemental sign\u00e9 entre la France et la Turquie en 1992, l\u2019Ambassade de France en Turquie et l\u2019Universit\u00e9 Galatasaray (GS\u00dc) coop\u00e8rent \u00e9troitement pour promouvoir l\u2019excellence acad\u00e9mique et scientifique de GS\u00dc et pour contribuer \u00e0 son rayonnement en France et \u00e0 l\u2019international.<br \/>\nDans cette perspective, l\u2019Ambassade de France (Service de Coop\u00e9ration et d\u2019Action Culturelle) alloue des bourses du gouvernement fran\u00e7ais pour des \u00e9tudiants de GS\u00dc souhaitant candidater \u00e0 un Master 1 ou \u00e0 un Master 2 dans un \u00e9tablissement d\u2019enseignement sup\u00e9rieur en France et particuli\u00e8rement dans un \u00e9tablissement fran\u00e7ais membre du consortium de coop\u00e9ration de l\u2019Universit\u00e9 Galatasaray.<br \/>\nCe programme de bourses d\u2019excellence s\u2019inscrit dans les orientations du Minist\u00e8re de l\u2019Europe et des Affaires Etrang\u00e8res fran\u00e7ais relatives \u00e0 la strat\u00e9gie \u00ab France 2030 \u00bb et \u00e0 la priorit\u00e9 donn\u00e9e pour des mobilit\u00e9s de niveau master\/doctorat.<br \/>\nCet appel est ouvert \u00e0 toutes les disciplines. Cependant, une attention particuli\u00e8re sera accord\u00e9e aux \u00e9tudiants candidats \u00e0 des Masters correspondants aux priorit\u00e9s th\u00e9matiques \u00ab France 2030 \u00bb et aux \u00e9tudiants ayant un projet de poursuite d\u2019\u00e9tudes en doctorat.<\/p>\n<p><a href=\"https:\/\/www.ifturquie.org\/wp-content\/uploads\/2025\/12\/Reglement_BoursesGSU-2026_2027-v2.pdf\" target=\"_blank\" rel=\"noopener\">R\u00e8glement 2026<\/a><\/p>\n<p><a href=\"https:\/\/www.ifturquie.org\/wp-content\/uploads\/2025\/12\/Formulaire_candidature_boursesGSU_2026_2027.docx\" target=\"_blank\" rel=\"noopener\">Formulaire de candidature<\/a>[\/vc_column_text][vc_custom_heading text=&#8221;Bourses Eiffel&#8221; font_container=&#8221;tag:h2|font_size:30|text_align:left|color:%237d7d7d&#8221; google_fonts=&#8221;font_family:Montserrat%3Aregular%2C700|font_style:700%20bold%20regular%3A700%3Anormal&#8221; css=&#8221;.vc_custom_1532017065253{margin-top: 45px !important;margin-right: 0px !important;margin-bottom: 45px !important;margin-left: 0px !important;padding-right: 0px !important;padding-left: 70px !important;}&#8221;][vc_column_text css=&#8221;.vc_custom_1686908803599{padding-top: 0px !important;padding-right: 20px !important;padding-bottom: 30px !important;padding-left: 70px !important;}&#8221;]Le programme de bourses Eiffel est un outil d\u00e9velopp\u00e9 par le Minist\u00e8re de l\u2019Europe et des Affaires \u00e9trang\u00e8res afin de permettre aux \u00e9tablissements fran\u00e7ais d\u2019enseignement sup\u00e9rieur d\u2019attirer les meilleurs \u00e9tudiants \u00e9trangers dans des formations dipl\u00f4mantes de niveau Master et en doctorat.<br \/>\nIl permet de former les futurs d\u00e9cideurs \u00e9trangers, des secteurs priv\u00e9 et public, dans les domaines d\u2019\u00e9tudes prioritaires, et de stimuler les candidatures d\u2019\u00e9tudiants originaires de pays \u00e9mergents pour le niveau Master et de pays \u00e9mergents et industrialis\u00e9s pour le niveau doctorat.<br \/>\nSi vous souhaitez candidater, vous devez prendre contact avec l\u2019\u00e9tablissement proposant la formation qui vous int\u00e9resse et leur demander d\u2019envoyer votre candidature. En effet, les candidatures doivent imp\u00e9rativement \u00eatre envoy\u00e9es par les \u00e9tablissements et non par les \u00e9tudiants.<\/p>\n<p>Site web : <a href=\"http:\/\/www.campusfrance.org\/fr\/EIFFel\">http:\/\/www.campusfrance.org\/fr\/EIFFel<\/a>[\/vc_column_text][vc_custom_heading text=&#8221;Bourses Jean Monnet&#8221; font_container=&#8221;tag:h2|font_size:30|text_align:left|color:%237d7d7d&#8221; google_fonts=&#8221;font_family:Montserrat%3Aregular%2C700|font_style:700%20bold%20regular%3A700%3Anormal&#8221; css=&#8221;.vc_custom_1763382330473{margin-top: 45px !important;margin-right: 0px !important;margin-bottom: 45px !important;margin-left: 0px !important;padding-right: 0px !important;padding-left: 70px !important;}&#8221;][vc_column_text css=&#8221;.vc_custom_1763382348515{padding-top: 0px !important;padding-right: 20px !important;padding-bottom: 30px !important;padding-left: 70px !important;}&#8221;]Le programme Jean Monnet, financ\u00e9 par l\u2019Union europ\u00e9enne dans le cadre du processus d\u2019adh\u00e9sion de la R\u00e9publique de Turquie \u00e0 l\u2019UE, a pour but de constituer une capacit\u00e9 administrative n\u00e9cessaire \u00e0 une meilleure int\u00e9gration des acquis communautaires, en comblant les besoins en personnel sp\u00e9cialis\u00e9 dans les\u00a0domaines concern\u00e9s par ces acquis.<br \/>\nLire\u00a0:\u00a0<a href=\"https:\/\/www.jeanmonnet.org.tr\/tr-tr\/\" target=\"_blank\" rel=\"noopener\">http:\/\/www.jeanmonnet.org.tr\/tr\/<\/a>[\/vc_column_text][\/vc_column_inner][\/vc_row_inner][vc_row_inner][vc_column_inner][vc_raw_html]PGRpdiBzdHlsZT0iY2xlYXI6IGJvdGg7Ij48L2Rpdj4=[\/vc_raw_html][\/vc_column_inner][\/vc_row_inner][vc_row_inner css=&#8221;.vc_custom_1531911741932{margin: 0px !important;padding: 0px !important;background-color: #ffffff !important;}&#8221;][vc_column_inner][\/vc_column_inner][\/vc_row_inner][\/vc_column][\/vc_row][\/vc_section]<\/p>\n<\/div>","protected":false},"excerpt":{"rendered":"<p>[vc_section css=&#8221;.vc_custom_1531905726581{margin: 0px !important;padding: 0px !important;}&#8221;][vc_row el_class=&#8221;container_1110&#8243;][vc_column width=&#8221;1\/2&#8243;][vc_row_inner css=&#8221;.vc_custom_1531909257469{margin-top: 0px !important;margin-right: 0px !important;margin-bottom: 0px !important;margin-left: 0px !important;padding-top: 0px !important;padding-right: 0px !important;padding-bottom: 0px !important;padding-left: 0px !important;}&#8221; el_class=&#8221;max_width_600 right_block&#8221;][vc_column_inner][vc_custom_heading text=&#8221;Bourses du Gouvernement Fran\u00e7ais (BGF) cofinanc\u00e9es avec la fondation TEV (Master)&#8221; font_container=&#8221;tag:h2|font_size:30|text_align:left|color:%237d7d7d&#8221; google_fonts=&#8221;font_family:Montserrat%3Aregular%2C700|font_style:700%20bold%20regular%3A700%3Anormal&#8221; css=&#8221;.vc_custom_1762340110879{margin-top: 45px !important;margin-right: 0px !important;margin-bottom: 45px !important;margin-left: 0px !important;padding-right: 0px !important;padding-left: 0px !important;}&#8221;][vc_column_text css=&#8221;.vc_custom_1762340101914{margin-right: 0px [&hellip;]<\/p>\n","protected":false},"author":2,"featured_media":0,"parent":2931,"menu_order":0,"comment_status":"closed","ping_status":"closed","template":"new-page-template.php","meta":{"_acf_changed":false,"h5ap_radio_sources":[],"footnotes":""},"class_list":["post-2949","page","type-page","status-publish","hentry"],"acf":[],"_links":{"self":[{"href":"https:\/\/www.ifturquie.org\/fr\/wp-json\/wp\/v2\/pages\/2949","targetHints":{"allow":["GET"]}}],"collection":[{"href":"https:\/\/www.ifturquie.org\/fr\/wp-json\/wp\/v2\/pages"}],"about":[{"href":"https:\/\/www.ifturquie.org\/fr\/wp-json\/wp\/v2\/types\/page"}],"author":[{"embeddable":true,"href":"https:\/\/www.ifturquie.org\/fr\/wp-json\/wp\/v2\/users\/2"}],"replies":[{"embeddable":true,"href":"https:\/\/www.ifturquie.org\/fr\/wp-json\/wp\/v2\/comments?post=2949"}],"version-history":[{"count":43,"href":"https:\/\/www.ifturquie.org\/fr\/wp-json\/wp\/v2\/pages\/2949\/revisions"}],"predecessor-version":[{"id":38344,"href":"https:\/\/www.ifturquie.org\/fr\/wp-json\/wp\/v2\/pages\/2949\/revisions\/38344"}],"up":[{"embeddable":true,"href":"https:\/\/www.ifturquie.org\/fr\/wp-json\/wp\/v2\/pages\/2931"}],"wp:attachment":[{"href":"https:\/\/www.ifturquie.org\/fr\/wp-json\/wp\/v2\/media?parent=2949"}],"curies":[{"name":"wp","href":"https:\/\/api.w.org\/{rel}","templated":true}]}}