{"id":2944,"date":"2018-09-06T17:05:26","date_gmt":"2018-09-06T14:05:26","guid":{"rendered":"http:\/\/www.ifturquie.org\/etudes-en-france\/bourses\/licence\/"},"modified":"2021-02-22T19:44:13","modified_gmt":"2021-02-22T16:44:13","slug":"licence","status":"publish","type":"page","link":"https:\/\/www.ifturquie.org\/fr\/etudes-en-france\/bourses\/licence\/","title":{"rendered":"Licence"},"content":{"rendered":"<div class=\"wpb-content-wrapper\"><p>[vc_section css=&#8221;.vc_custom_1531905726581{margin: 0px !important;padding: 0px !important;}&#8221;][vc_row el_class=&#8221;container_1110&#8243;][vc_column width=&#8221;1\/2&#8243;][vc_row_inner css=&#8221;.vc_custom_1531909257469{margin-top: 0px !important;margin-right: 0px !important;margin-bottom: 0px !important;margin-left: 0px !important;padding-top: 0px !important;padding-right: 0px !important;padding-bottom: 0px !important;padding-left: 0px !important;}&#8221; el_class=&#8221;max_width_600 right_block&#8221;][vc_column_inner][vc_custom_heading text=&#8221;Bourses Laur\u00e9at (licence)&#8221; font_container=&#8221;tag:h2|font_size:30|text_align:left|color:%237d7d7d&#8221; google_fonts=&#8221;font_family:Montserrat%3Aregular%2C700|font_style:700%20bold%20regular%3A700%3Anormal&#8221; css=&#8221;.vc_custom_1532016072492{margin-top: 45px !important;margin-right: 0px !important;margin-bottom: 45px !important;margin-left: 0px !important;padding-right: 0px !important;padding-left: 0px !important;}&#8221;][vc_column_text css=&#8221;.vc_custom_1532016087206{margin-right: 0px !important;margin-left: 0px !important;padding-right: 120px !important;padding-left: 0px !important;}&#8221;]Les bourses \u00ab\u00a0Laur\u00e9at\u00a0\u00bb de l\u2019Ambassade de France en Turquie sont destin\u00e9es aux meilleurs \u00e9l\u00e8ves turcs dipl\u00f4m\u00e9s d\u2019un \u00e9tablissement secondaire francophone de Turquie et qui souhaitent poursuivre leurs \u00e9tudes de premier cycle (licence ou \u00e9quivalent) en France. L\u2019attribution des bourses se d\u00e9roule en juin sur demande des chefs d\u2019\u00e9tablissement uniquement.[\/vc_column_text][vc_single_image image=&#8221;2276&#8243; img_size=&#8221;full&#8221; css=&#8221;.vc_custom_1532016629035{margin-bottom: -150px !important;padding-bottom: 0px !important;}&#8221;][\/vc_column_inner][\/vc_row_inner][vc_row_inner][vc_column_inner][vc_raw_html]PGRpdiBzdHlsZT0iY2xlYXI6Ym90aDsiPjwvZGl2Pg==[\/vc_raw_html][\/vc_column_inner][\/vc_row_inner][vc_row_inner css=&#8221;.vc_custom_1531909392132{background-color: #dee9f4 !important;}&#8221;][vc_column_inner][vc_custom_heading text=&#8221;Bourses d\u2019\u00e9tudes sup\u00e9rieures de la Fondation Francis Bouygues&#8221; font_container=&#8221;tag:h2|font_size:30|text_align:left|color:%237d7d7d&#8221; google_fonts=&#8221;font_family:Montserrat%3Aregular%2C700|font_style:700%20bold%20regular%3A700%3Anormal&#8221; css=&#8221;.vc_custom_1532016567488{margin-top: 145px !important;margin-right: 0px !important;margin-bottom: 45px !important;margin-left: 0px !important;padding-right: 0px !important;padding-left: 15px !important;}&#8221; el_class=&#8221;max_width_600 right_block&#8221;][vc_column_text css=&#8221;.vc_custom_1532016551075{margin-right: 0px !important;margin-left: 0px !important;padding-top: 0px !important;padding-right: 120px !important;padding-bottom: 60px !important;padding-left: 15px !important;}&#8221; el_class=&#8221;max_width_600 right_block&#8221;]La Fondation Bouygues a \u00e9t\u00e9 cr\u00e9\u00e9e en 2005. Son objectif est d\u2019apporter son aide \u00e0 des lyc\u00e9ens motiv\u00e9s et confront\u00e9s \u00e0 des difficult\u00e9s financi\u00e8res pour effectuer des \u00e9tudes sup\u00e9rieures et r\u00e9aliser un projet professionnel ambitieux.<br \/>\nPour devenir boursier de la Fondation Francis Bouygues, le candidat doit :<br \/>\n\u2013 \u00catre bachelier fran\u00e7ais ou \u00e9tranger de culture fran\u00e7aise (Baccalaur\u00e9at obtenu dans un lyc\u00e9e fran\u00e7ais).<br \/>\n\u2013 Poss\u00e9der un Baccalaur\u00e9at g\u00e9n\u00e9ral ou technologique fran\u00e7ais, avec mention Tr\u00e8s bien ou Bien.<br \/>\n\u2013 Rencontrer des difficult\u00e9s financi\u00e8res pour mener des \u00e9tudes sup\u00e9rieures en France.<br \/>\nLes revenus de la famille ne doivent pas exc\u00e9der 20 000 \u20ac\/an.<br \/>\n\u2013 Faire preuve d\u2019une forte motivation.<\/p>\n<p>Les bourses sont attribu\u00e9es en priorit\u00e9 aux candidats s\u00e9lectionn\u00e9s l\u2019ann\u00e9e de l\u2019obtention de leur Baccalaur\u00e9at et permettent de compl\u00e9ter les ressources de l\u2019\u00e9tudiant jusqu\u2019au premier dipl\u00f4me des \u00e9tudes sup\u00e9rieures.<br \/>\n<strong>Date de r\u00e9ception des dossiers de candidature<\/strong>\u00a0: Entre le 1<sup>er\u00a0<\/sup>et 31 mai de l\u2019ann\u00e9e en cours<br \/>\n<strong>Information\u00a0:<\/strong>\u00a0La Fondation met \u00e0 la disposition des \u00e9l\u00e8ves en classe de Terminale, leurs proviseurs et leurs professeurs un kit d\u2019informations compos\u00e9 d\u2019un\u00a0<a href=\"http:\/\/www.fondationfrancisbouygues.com\/images\/photos\/2016_PLAQUETTE.pdf\">d\u00e9pliant<\/a>, d\u2019une\u00a0<a href=\"http:\/\/www.fondationfrancisbouygues.com\/images\/photos\/2016_AFFICHETTE.pdf\">affiche<\/a>\u00a0et d\u2019un\u00a0<a href=\"http:\/\/www.fondationfrancisbouygues.com\/images\/files\/DOSSIER_CONFIDENTIEL_CANDIDATURE_FFB.pdf\">dossier de candidature<\/a>.[\/vc_column_text][\/vc_column_inner][\/vc_row_inner][\/vc_column][vc_column width=&#8221;1\/2&#8243; css=&#8221;.vc_custom_1532016235245{margin-top: 0px !important;margin-right: 0px !important;margin-bottom: 0px !important;margin-left: 0px !important;padding-top: 0px !important;padding-right: 0px !important;padding-bottom: 0px !important;padding-left: 0px !important;background-color: #d8cdcb !important;}&#8221;][vc_single_image image=&#8221;3631&#8243; img_size=&#8221;full&#8221; css=&#8221;.vc_custom_1536931427493{margin-top: 0px !important;margin-right: 0px !important;margin-bottom: 0px !important;margin-left: 0px !important;padding-top: 0px !important;padding-right: 0px !important;padding-bottom: 0px !important;padding-left: 0px !important;}&#8221;][vc_row_inner css=&#8221;.vc_custom_1531906969267{margin-top: 0px !important;margin-right: 0px !important;margin-bottom: 0px !important;margin-left: 0px !important;padding-top: 0px !important;padding-right: 0px !important;padding-bottom: 0px !important;padding-left: 0px !important;}&#8221; el_class=&#8221;max_width_600&#8243;][vc_column_inner][vc_custom_heading text=&#8221;Bourses d\u2019Excellence-Major (licence)&#8221; font_container=&#8221;tag:h2|font_size:30|text_align:left|color:%237d7d7d&#8221; google_fonts=&#8221;font_family:Montserrat%3Aregular%2C700|font_style:700%20bold%20regular%3A700%3Anormal&#8221; css=&#8221;.vc_custom_1532016284603{margin-top: 45px !important;margin-right: 0px !important;margin-bottom: 45px !important;margin-left: 0px !important;padding-right: 0px !important;padding-left: 70px !important;}&#8221;][vc_column_text css=&#8221;.vc_custom_1532016275117{padding-top: 0px !important;padding-right: 20px !important;padding-bottom: 30px !important;padding-left: 70px !important;}&#8221;]Les bourses Excellence-Major sont attribu\u00e9es sur des crit\u00e8res d\u2019excellence \u00e0 des bacheliers \u00e9trangers issus du r\u00e9seau des lyc\u00e9es fran\u00e7ais ou francophones afin qu\u2019ils viennent poursuivre des \u00e9tudes de haut niveau en France. Ce dispositif cofinanc\u00e9 par l\u2019AEFE et le minist\u00e8re de l\u2019Europe et des Affaires \u00e9trang\u00e8res s\u2019inscrit dans le cadre de la diplomatie culturelle et contribue au rayonnement de l\u2019enseignement sup\u00e9rieur fran\u00e7ais.<\/p>\n<p>Lire\u00a0sur le site de l\u2019AEFE:\u00a0<a href=\"http:\/\/www.aefe.fr\/aefe\/operateur-du-ministere-de-leurope-et-des-affaires-etrangeres\/dispositif-excellence-major\">http:\/\/www.aefe.fr\/aefe\/operateur-du-ministere-de-leurope-et-des-affaires-etrangeres\/dispositif-excellence-major<\/a>[\/vc_column_text][\/vc_column_inner][\/vc_row_inner][vc_row_inner][vc_column_inner][vc_raw_html]PGRpdiBzdHlsZT0iY2xlYXI6Ym90aDsiPjwvZGl2Pg==[\/vc_raw_html][\/vc_column_inner][\/vc_row_inner][vc_row_inner css=&#8221;.vc_custom_1531911741932{margin: 0px !important;padding: 0px !important;background-color: #ffffff !important;}&#8221;][vc_column_inner][vc_single_image image=&#8221;2257&#8243; img_size=&#8221;full&#8221; css=&#8221;.vc_custom_1531911749086{margin: 0px !important;padding: 0px !important;}&#8221;][\/vc_column_inner][\/vc_row_inner][\/vc_column][\/vc_row][\/vc_section]<\/p>\n<\/div>","protected":false},"excerpt":{"rendered":"<p>[vc_section css=&#8221;.vc_custom_1531905726581{margin: 0px !important;padding: 0px !important;}&#8221;][vc_row el_class=&#8221;container_1110&#8243;][vc_column width=&#8221;1\/2&#8243;][vc_row_inner css=&#8221;.vc_custom_1531909257469{margin-top: 0px !important;margin-right: 0px !important;margin-bottom: 0px !important;margin-left: 0px !important;padding-top: 0px !important;padding-right: 0px !important;padding-bottom: 0px !important;padding-left: 0px !important;}&#8221; el_class=&#8221;max_width_600 right_block&#8221;][vc_column_inner][vc_custom_heading text=&#8221;Bourses Laur\u00e9at (licence)&#8221; font_container=&#8221;tag:h2|font_size:30|text_align:left|color:%237d7d7d&#8221; google_fonts=&#8221;font_family:Montserrat%3Aregular%2C700|font_style:700%20bold%20regular%3A700%3Anormal&#8221; css=&#8221;.vc_custom_1532016072492{margin-top: 45px !important;margin-right: 0px !important;margin-bottom: 45px !important;margin-left: 0px !important;padding-right: 0px !important;padding-left: 0px !important;}&#8221;][vc_column_text css=&#8221;.vc_custom_1532016087206{margin-right: 0px !important;margin-left: 0px !important;padding-right: 120px !important;padding-left: 0px !important;}&#8221;]Les bourses [&hellip;]<\/p>\n","protected":false},"author":2,"featured_media":0,"parent":2931,"menu_order":0,"comment_status":"closed","ping_status":"closed","template":"new-page-template.php","meta":{"_acf_changed":false,"h5ap_radio_sources":[],"footnotes":""},"class_list":["post-2944","page","type-page","status-publish","hentry"],"acf":[],"_links":{"self":[{"href":"https:\/\/www.ifturquie.org\/fr\/wp-json\/wp\/v2\/pages\/2944","targetHints":{"allow":["GET"]}}],"collection":[{"href":"https:\/\/www.ifturquie.org\/fr\/wp-json\/wp\/v2\/pages"}],"about":[{"href":"https:\/\/www.ifturquie.org\/fr\/wp-json\/wp\/v2\/types\/page"}],"author":[{"embeddable":true,"href":"https:\/\/www.ifturquie.org\/fr\/wp-json\/wp\/v2\/users\/2"}],"replies":[{"embeddable":true,"href":"https:\/\/www.ifturquie.org\/fr\/wp-json\/wp\/v2\/comments?post=2944"}],"version-history":[{"count":3,"href":"https:\/\/www.ifturquie.org\/fr\/wp-json\/wp\/v2\/pages\/2944\/revisions"}],"predecessor-version":[{"id":16696,"href":"https:\/\/www.ifturquie.org\/fr\/wp-json\/wp\/v2\/pages\/2944\/revisions\/16696"}],"up":[{"embeddable":true,"href":"https:\/\/www.ifturquie.org\/fr\/wp-json\/wp\/v2\/pages\/2931"}],"wp:attachment":[{"href":"https:\/\/www.ifturquie.org\/fr\/wp-json\/wp\/v2\/media?parent=2944"}],"curies":[{"name":"wp","href":"https:\/\/api.w.org\/{rel}","templated":true}]}}