{"id":24771,"date":"2022-09-08T15:25:58","date_gmt":"2022-09-08T12:25:58","guid":{"rendered":"https:\/\/www.ifturquie.org\/?page_id=24771"},"modified":"2022-09-13T10:28:26","modified_gmt":"2022-09-13T07:28:26","slug":"cooperation-educative-linguistique","status":"publish","type":"page","link":"https:\/\/www.ifturquie.org\/fr\/francophonie-et-education\/cooperation-educative-linguistique\/","title":{"rendered":"Coop\u00e9ration bilat\u00e9rale \u00e9ducative et linguistique"},"content":{"rendered":"<div class=\"wpb-content-wrapper\"><p>[vc_section css=&#8221;.vc_custom_1531905726581{margin: 0px !important;padding: 0px !important;}&#8221;][vc_row el_class=&#8221;container_1110&#8243;][vc_column width=&#8221;1\/2&#8243;][vc_row_inner css=&#8221;.vc_custom_1531909257469{margin-top: 0px !important;margin-right: 0px !important;margin-bottom: 0px !important;margin-left: 0px !important;padding-top: 0px !important;padding-right: 0px !important;padding-bottom: 0px !important;padding-left: 0px !important;}&#8221; el_class=&#8221;max_width_600 right_block&#8221;][vc_column_inner][vc_column_text css=&#8221;.vc_custom_1662640358189{margin-top: 45px !important;margin-right: 0px !important;margin-left: 0px !important;padding-right: 120px !important;padding-left: 0px !important;}&#8221;]En mai 2019, le service de coop\u00e9ration et d\u2019action culturelle de l\u2019Ambassade de France et l\u2019Institut fran\u00e7ais de Turquie ont sign\u00e9 un protocole de coop\u00e9ration avec le Minist\u00e8re de l\u2019\u00e9ducation turc &#8211; <em>Mill\u00ee E\u011fitim Bakanl\u0131\u011f\u0131<\/em> &#8211; pour accompagner la modernisation de l\u2019enseignement du fran\u00e7ais dans le syst\u00e8me \u00e9ducatif public turc. Cette action s\u2019inscrit dans le projet \u00ab\u00a0Vision 2023\u00a0\u00bb du MEB ainsi que dans le plan strat\u00e9gique \u00e9ducation 2020-2024 du Poste diplomatique.<\/p>\n<p>Ce plan a pour objectif d\u2019harmoniser les comp\u00e9tences des enseignants de Turquie avec les standards europ\u00e9ens ainsi que d\u2019accompagner et redynamiser la communaut\u00e9 enseignante FLE dans les \u00e9tablissements publics.<\/p>\n<p><strong><u>I &#8211; Volet p\u00e9dagogique<\/u><\/strong><\/p>\n<ul>\n<li>Accompagnement \u00e0 la mont\u00e9e en comp\u00e9tence de 24 enseignants turcs afin de cr\u00e9er une \u00e9quipe de formateurs\/conseillers p\u00e9dagogiques \u00e0 dimension nationale.<\/li>\n<li>Organisation de diff\u00e9rentes sessions de 5 jours \/ 30h de\u00a0formation\u00a0en Turquie \u00e0 destination des professeurs de FLE des \u00e9tablissements publics.<\/li>\n<li>Mise en \u0153uvre de sept webinaires p\u00e9dagogiques en 2021.<\/li>\n<li>Accompagnement et animation du r\u00e9seau des formateurs et professeurs.<\/li>\n<li>Participation des enseignants \u00e0 l\u2019universit\u00e9 d\u2019\u00e9t\u00e9 et aux diff\u00e9rentes offres p\u00e9dagogiques en ligne.<\/li>\n<li>Implication des professeurs des \u00e9tablissements publics aux projets francophones (concours, manifestations, Francophonie, etc.).<\/li>\n<\/ul>\n<p><strong><u>II &#8211; Volet linguistique<\/u><\/strong><\/p>\n<ul>\n<li>Formation de remise \u00e0 niveau linguistique des enseignants, valid\u00e9es par des certifications (DELF et DALF).<\/li>\n<li>Bourses de stages p\u00e9dagogiques d\u2019\u00e9t\u00e9 en France.<\/li>\n<li>Mise en relation des \u00e9tablissements publics turcs avec diff\u00e9rents \u00e9tablissements fran\u00e7ais.<\/li>\n<li>Montages de projets dans le cadre des programmes Etwinning et ERASMUS+.<\/li>\n<li>Caf\u00e9 conversation\u00a0propos\u00e9 par des francophones pour les enseignants.<\/li>\n<\/ul>\n<p>Ce dialogue engag\u00e9 le <em>Mill\u00ee E\u011fitim Bakanl\u0131\u011f\u0131<\/em> permet la r\u00e9alisation d&#8217;une coop\u00e9ration sur le long terme et de grande ampleur au b\u00e9n\u00e9fice des professeurs, des \u00e9l\u00e8ves et plus largement de l&#8217;\u00e9ducation en Turquie[\/vc_column_text][vc_single_image image=&#8221;24767&#8243; img_size=&#8221;200&#215;200&#8243; css=&#8221;.vc_custom_1662639614876{margin-bottom: 0px !important;padding-bottom: 0px !important;}&#8221;][vc_column_text]Un premier retour sur la formation \u00e0 destination des professeurs de FLE des \u00e9tablissements publics du 5 au 9 septembre dans le centre de formation du MEB \u00e0 Yeni Fo\u00e7a.[\/vc_column_text][\/vc_column_inner][\/vc_row_inner][vc_row_inner][vc_column_inner][vc_raw_html]JTNDZGl2JTIwc3R5bGUlM0QlMjJjbGVhciUzQWJvdGglM0IlMjIlM0UlM0MlMkZkaXYlM0U=[\/vc_raw_html][\/vc_column_inner][\/vc_row_inner][\/vc_column][vc_column width=&#8221;1\/2&#8243; css=&#8221;.vc_custom_1531906725840{margin: 0px !important;padding: 0px !important;background-color: #c693c2 !important;}&#8221;][vc_single_image image=&#8221;24754&#8243; img_size=&#8221;full&#8221; css=&#8221;.vc_custom_1662639437880{margin-top: 0px !important;margin-right: 0px !important;margin-bottom: 0px !important;margin-left: 0px !important;padding-top: 0px !important;padding-right: 0px !important;padding-bottom: 0px !important;padding-left: 0px !important;}&#8221;][vc_row_inner css=&#8221;.vc_custom_1531906969267{margin-top: 0px !important;margin-right: 0px !important;margin-bottom: 0px !important;margin-left: 0px !important;padding-top: 0px !important;padding-right: 0px !important;padding-bottom: 0px !important;padding-left: 0px !important;}&#8221; el_class=&#8221;max_width_600&#8243;][vc_column_inner][vc_column_text css=&#8221;.vc_custom_1663054102311{padding-top: 70px !important;padding-right: 20px !important;padding-bottom: 30px !important;padding-left: 70px !important;}&#8221;]<span style=\"color: #ffffff;\">Vous \u00eates enseignant dans une \u00e9cole publique et int\u00e9ress\u00e9 par ces diff\u00e9rentes propositions, vous pouvez contacter\u00a0:<\/span><\/p>\n<p><span style=\"color: #ffffff;\">&#8211; M. Vincent Brousse, Attach\u00e9 de coop\u00e9ration pour le fran\u00e7ais &#8211; <em>Frans\u0131z dili i\u015fbirli\u011fi Ata\u015fesi<\/em> &#8211;\u00a0:<\/span> <a href=\"mailto:vincent.brousse@ifturquie.org\">vincent.brousse@ifturquie.org<\/a>[\/vc_column_text][vc_video link=&#8221;https:\/\/youtu.be\/9R0TJKjbMgg&#8221;][\/vc_column_inner][\/vc_row_inner][vc_row_inner][vc_column_inner][vc_raw_html]JTNDZGl2JTIwc3R5bGUlM0QlMjJjbGVhciUzQWJvdGglM0IlMjIlM0UlM0MlMkZkaXYlM0U=[\/vc_raw_html][\/vc_column_inner][\/vc_row_inner][\/vc_column][\/vc_row][\/vc_section]<\/p>\n<\/div>","protected":false},"excerpt":{"rendered":"<p>[vc_section css=&#8221;.vc_custom_1531905726581{margin: 0px !important;padding: 0px !important;}&#8221;][vc_row el_class=&#8221;container_1110&#8243;][vc_column width=&#8221;1\/2&#8243;][vc_row_inner css=&#8221;.vc_custom_1531909257469{margin-top: 0px !important;margin-right: 0px !important;margin-bottom: 0px !important;margin-left: 0px !important;padding-top: 0px !important;padding-right: 0px !important;padding-bottom: 0px !important;padding-left: 0px !important;}&#8221; el_class=&#8221;max_width_600 right_block&#8221;][vc_column_inner][vc_column_text css=&#8221;.vc_custom_1662640358189{margin-top: 45px !important;margin-right: 0px !important;margin-left: 0px !important;padding-right: 120px !important;padding-left: 0px !important;}&#8221;]En mai 2019, le service de coop\u00e9ration et d\u2019action culturelle de l\u2019Ambassade de France et l\u2019Institut fran\u00e7ais de [&hellip;]<\/p>\n","protected":false},"author":6,"featured_media":0,"parent":3751,"menu_order":0,"comment_status":"closed","ping_status":"closed","template":"new-page-template.php","meta":{"_acf_changed":false,"h5ap_radio_sources":[],"footnotes":""},"class_list":["post-24771","page","type-page","status-publish","hentry"],"acf":[],"_links":{"self":[{"href":"https:\/\/www.ifturquie.org\/fr\/wp-json\/wp\/v2\/pages\/24771","targetHints":{"allow":["GET"]}}],"collection":[{"href":"https:\/\/www.ifturquie.org\/fr\/wp-json\/wp\/v2\/pages"}],"about":[{"href":"https:\/\/www.ifturquie.org\/fr\/wp-json\/wp\/v2\/types\/page"}],"author":[{"embeddable":true,"href":"https:\/\/www.ifturquie.org\/fr\/wp-json\/wp\/v2\/users\/6"}],"replies":[{"embeddable":true,"href":"https:\/\/www.ifturquie.org\/fr\/wp-json\/wp\/v2\/comments?post=24771"}],"version-history":[{"count":11,"href":"https:\/\/www.ifturquie.org\/fr\/wp-json\/wp\/v2\/pages\/24771\/revisions"}],"predecessor-version":[{"id":24926,"href":"https:\/\/www.ifturquie.org\/fr\/wp-json\/wp\/v2\/pages\/24771\/revisions\/24926"}],"up":[{"embeddable":true,"href":"https:\/\/www.ifturquie.org\/fr\/wp-json\/wp\/v2\/pages\/3751"}],"wp:attachment":[{"href":"https:\/\/www.ifturquie.org\/fr\/wp-json\/wp\/v2\/media?parent=24771"}],"curies":[{"name":"wp","href":"https:\/\/api.w.org\/{rel}","templated":true}]}}