{"id":22063,"date":"2022-03-02T19:12:08","date_gmt":"2022-03-02T16:12:08","guid":{"rendered":"https:\/\/www.ifturquie.org\/etudes-en-france\/bourses\/fransizca-ogretmenleri-fle-ve-dnl\/"},"modified":"2025-04-09T16:47:03","modified_gmt":"2025-04-09T13:47:03","slug":"enseignants-de-francais-fle-et-dnl","status":"publish","type":"page","link":"https:\/\/www.ifturquie.org\/fr\/etudes-en-france\/bourses\/enseignants-de-francais-fle-et-dnl\/","title":{"rendered":"Enseignants de fran\u00e7ais, FLE et DNL"},"content":{"rendered":"<div class=\"wpb-content-wrapper\"><p>[vc_section css=&#8221;.vc_custom_1531905726581{margin: 0px !important;padding: 0px !important;}&#8221;][vc_row el_class=&#8221;container_1110&#8243;][vc_column width=&#8221;1\/2&#8243; el_id=&#8221;Bourses de stage p\u00e9dagogique FLE&#8221;][vc_column_text css=&#8221;&#8221;]<strong>Appel \u00e0 candidatures ouvert pour les bourses p\u00e9dagogiques en France !<\/strong><\/p>\n<p>Le service de coop\u00e9ration et d\u2019action culturelle \u2013 Institut fran\u00e7ais de Turquie (SCAC-IFT) de l\u2019Ambassade de France finance des bourses de stage p\u00e9dagogique \u00e0 destination des professeurs de fran\u00e7ais sur la base de leurs projets professionnels.<br \/>\nLe SCAC-IFT, en collaboration avec les associations de professeurs de fran\u00e7ais d\u2019Ankara, de Bursa, d\u2019Eskisehir, d\u2019Istanbul et d\u2019Izmir ouvre sa campagne 2025 d\u2019attribution de bourses de stage p\u00e9dagogique destin\u00e9es aux professeurs de fran\u00e7ais exer\u00e7ant en Turquie.<\/p>\n<p>Dates importantes<br \/>\n\u2022 Lancement de l\u2019appel 10 avril 2025<br \/>\n\u2022 Ouverture des candidatures : du 10 avril au 4 mai 2025<br \/>\n\u2022 Cl\u00f4ture de l\u2019appel \u00e0 candidature : 4 mai 2025<\/p>\n<p>Chaque candidature devra \u00eatre accompagn\u00e9e des pi\u00e8ces suivantes :<br \/>\n\u2022 Une fiche de candidature correctement renseign\u00e9e et d\u00fbment sign\u00e9e<br \/>\n\u2022 Un curriculum vitae en fran\u00e7ais<br \/>\n\u2022 Une lettre de motivation pr\u00e9cisant dans quel projet p\u00e9dagogique s\u2019inscrit la demande de stage<br \/>\n\u2022 Un justificatif d\u2019adh\u00e9sion \u00e0 l\u2019une des 5 associations de professeurs de fran\u00e7ais ou le justificatif de cotisation \u00e0 jour<br \/>\n\u2022 La copie du passeport valide au moins jusqu\u2019au 14 d\u00e9cembre 2025<br \/>\n\u2022 La copie de la pi\u00e8ce d\u2019identit\u00e9 turque<br \/>\n\u2022 Le certificat du niveau de langue fran\u00e7ais<\/p>\n<p>Les candidatures seront \u00e9tudi\u00e9es lors d\u2019une commission en r\u00e9pondant \u00e0 des crit\u00e8res de s\u00e9lections pr\u00e9cis et objectifs. Pour plus d\u2019informations, veuillez consulter l\u2019appel \u00e0 candidature ci-dessous.<\/p>\n<p><a href=\"https:\/\/www.ifturquie.org\/wp-content\/uploads\/2025\/04\/Appel-a-candidature-2025-Bourses-SPCD-1.docx\" target=\"_blank\" rel=\"noopener\">Appel \u00e0 candidature \u00e0 t\u00e9l\u00e9charger<\/a><\/p>\n<p>D\u00e9velopper vos comp\u00e9tences didactiques et p\u00e9dagogiques au CLA durant l\u2019\u00e9t\u00e9 2025 ![\/vc_column_text][vc_row_inner css=&#8221;.vc_custom_1531909257469{margin-top: 0px !important;margin-right: 0px !important;margin-bottom: 0px !important;margin-left: 0px !important;padding-top: 0px !important;padding-right: 0px !important;padding-bottom: 0px !important;padding-left: 0px !important;}&#8221; el_class=&#8221;max_width_600 right_block&#8221;][vc_column_inner el_id=&#8221;Bourses de stage p\u00e9dagogique FLE&#8221;][\/vc_column_inner][\/vc_row_inner][vc_row_inner][vc_column_inner][vc_raw_html]JTNDZGl2JTIwc3R5bGUlM0QlMjJjbGVhciUzQWJvdGglM0IlMjIlM0UlM0MlMkZkaXYlM0U=[\/vc_raw_html][\/vc_column_inner][\/vc_row_inner][\/vc_column][vc_column width=&#8221;1\/2&#8243; css=&#8221;.vc_custom_1646248419787{margin-top: 0px !important;margin-right: 0px !important;margin-bottom: 0px !important;margin-left: 0px !important;padding-top: 0px !important;padding-right: 0px !important;padding-bottom: 0px !important;padding-left: 0px !important;background-color: #fffff !important;}&#8221;][vc_row_inner css=&#8221;.vc_custom_1531906969267{margin-top: 0px !important;margin-right: 0px !important;margin-bottom: 0px !important;margin-left: 0px !important;padding-top: 0px !important;padding-right: 0px !important;padding-bottom: 0px !important;padding-left: 0px !important;}&#8221; el_class=&#8221;max_width_600&#8243;][vc_column_inner][vc_single_image image=&#8221;35351&#8243; img_size=&#8221;medium&#8221; onclick=&#8221;custom_link&#8221; img_link_target=&#8221;_blank&#8221; css=&#8221;&#8221; link=&#8221;https:\/\/www.ifturquie.org\/haber\/programme-de-bourses-de-master-fle-a-distance\/&#8221;][\/vc_column_inner][\/vc_row_inner][vc_row_inner][vc_column_inner][vc_raw_html]JTNDZGl2JTIwc3R5bGUlM0QlMjJjbGVhciUzQWJvdGglM0IlMjIlM0UlM0MlMkZkaXYlM0U=[\/vc_raw_html][\/vc_column_inner][\/vc_row_inner][\/vc_column][\/vc_row][\/vc_section]<\/p>\n<\/div>","protected":false},"excerpt":{"rendered":"<p>[vc_section css=&#8221;.vc_custom_1531905726581{margin: 0px !important;padding: 0px !important;}&#8221;][vc_row el_class=&#8221;container_1110&#8243;][vc_column width=&#8221;1\/2&#8243; el_id=&#8221;Bourses de stage p\u00e9dagogique FLE&#8221;][vc_column_text css=&#8221;&#8221;]Appel \u00e0 candidatures ouvert pour les bourses p\u00e9dagogiques en France ! Le service de coop\u00e9ration et d\u2019action culturelle \u2013 Institut fran\u00e7ais de Turquie (SCAC-IFT) de l\u2019Ambassade de France finance des bourses de stage p\u00e9dagogique \u00e0 destination des professeurs de fran\u00e7ais sur la [&hellip;]<\/p>\n","protected":false},"author":1,"featured_media":0,"parent":2931,"menu_order":0,"comment_status":"closed","ping_status":"closed","template":"new-page-template.php","meta":{"_acf_changed":false,"h5ap_radio_sources":[],"footnotes":""},"class_list":["post-22063","page","type-page","status-publish","hentry"],"acf":[],"_links":{"self":[{"href":"https:\/\/www.ifturquie.org\/fr\/wp-json\/wp\/v2\/pages\/22063","targetHints":{"allow":["GET"]}}],"collection":[{"href":"https:\/\/www.ifturquie.org\/fr\/wp-json\/wp\/v2\/pages"}],"about":[{"href":"https:\/\/www.ifturquie.org\/fr\/wp-json\/wp\/v2\/types\/page"}],"author":[{"embeddable":true,"href":"https:\/\/www.ifturquie.org\/fr\/wp-json\/wp\/v2\/users\/1"}],"replies":[{"embeddable":true,"href":"https:\/\/www.ifturquie.org\/fr\/wp-json\/wp\/v2\/comments?post=22063"}],"version-history":[{"count":23,"href":"https:\/\/www.ifturquie.org\/fr\/wp-json\/wp\/v2\/pages\/22063\/revisions"}],"predecessor-version":[{"id":35363,"href":"https:\/\/www.ifturquie.org\/fr\/wp-json\/wp\/v2\/pages\/22063\/revisions\/35363"}],"up":[{"embeddable":true,"href":"https:\/\/www.ifturquie.org\/fr\/wp-json\/wp\/v2\/pages\/2931"}],"wp:attachment":[{"href":"https:\/\/www.ifturquie.org\/fr\/wp-json\/wp\/v2\/media?parent=22063"}],"curies":[{"name":"wp","href":"https:\/\/api.w.org\/{rel}","templated":true}]}}