{"id":18899,"date":"2021-09-17T11:15:35","date_gmt":"2021-09-17T08:15:35","guid":{"rendered":"https:\/\/www.ifturquie.org\/semaine-du-cinema-francais\/"},"modified":"2021-09-30T14:30:14","modified_gmt":"2021-09-30T11:30:14","slug":"cartes-blanches","status":"publish","type":"page","link":"https:\/\/www.ifturquie.org\/fr\/cartes-blanches\/","title":{"rendered":"Cartes blanches"},"content":{"rendered":"<div class=\"wpb-content-wrapper\"><p>[vc_section el_class=&#8221;container_1110&#8243;][vc_row][vc_column width=&#8221;1\/2&#8243;][vc_column_text]<strong>L\u2019Institut fran\u00e7ais de Turquie lance un nouveau projet li\u00e9 au cin\u00e9ma \u00e0 la fin du mois de septembre.\u00a0<\/strong><\/p>\n<p>&nbsp;<\/p>\n<p><strong>Cartes blanches<\/strong><strong> : qu\u2019est ce que c\u2019est ?<\/strong><\/p>\n<p>Il s\u2019agit cette fois d\u2019un cycle de projections-d\u00e9bats autour des m\u00e9tiers du cin\u00e9ma, qui porteront le nom de \u201c<strong>Cartes Blanches<\/strong>\u201d (A\u00e7\u0131k Kartlar). Des personnalit\u00e9s du cin\u00e9ma turc ont \u00e9t\u00e9 invit\u00e9es \u00e0 choisir chacune un film fran\u00e7ais qui sera diffus\u00e9 dans les salles des instituts d\u2019Izmir et d\u2019Istanbul. A l\u2019issue de chaque projection, le public assistera \u00e0 un \u00e9change entre l\u2019invit\u00e9 turc et son homologue fran\u00e7ais, qui a contribu\u00e9 au film. L&#8217;objectif est de mettre \u00e0 l\u2019honneur l\u2019ensemble des m\u00e9tiers du cin\u00e9ma, de mettre en perspective des points de vue fran\u00e7ais et turcs, et de faire se rencontrer des personnalit\u00e9s qui font le m\u00eame m\u00e9tier, mais dans des pays diff\u00e9rents.[\/vc_column_text][\/vc_column][vc_column width=&#8221;1\/2&#8243;][vc_column_text]Les rencontres seront film\u00e9es et retransmises en direct sur notre cha\u00eene <span lang=\"TR\"><a href=\"https:\/\/www.youtube.com\/channel\/UCNDrvyM4UcAgHyfJ38ETTaw\">YouTube<\/a> <\/span>afin que tous les cin\u00e9philes turcs int\u00e9ress\u00e9s puissent acc\u00e9der aux \u00e9changes. Lorsque ce sera possible, les films choisis seront \u00e9galement disponibles sur la plateforme <span lang=\"TR\"><a href=\"https:\/\/mubi.com\/fr\">MUBI<\/a><\/span> T\u00fcrkiye, et int\u00e9gr\u00e9s \u00e0 une page sp\u00e9ciale. Les spectateurs en ligne b\u00e9n\u00e9ficieront d\u2019ailleurs d\u2019un mois offert s\u2019ils s\u2019abonnent \u00e0 la plateforme via cette page.[\/vc_column_text][\/vc_column][\/vc_row][vc_row][vc_column width=&#8221;1\/2&#8243;][vc_tta_accordion][vc_tta_section title=&#8221;O\u00f9 est l&#8217;\u00e9v\u00e9nement en ce moment?&#8221; tab_id=&#8221;1624526192718-376fd794-b3f0&#8243;][vc_column_text]<strong>Septembre 2021<\/strong><\/p>\n<p class=\"x_MsoListParagraph\"><span lang=\"EN-US\">Institut fran\u00e7ais Istanbul (27 septembre)<\/span><\/p>\n<p class=\"x_MsoListParagraph\"><span lang=\"EN-US\">Institut fran\u00e7ais Izmir (29 septembre)<\/span><\/p>\n<p style=\"text-align: left;\">Pour regarder la vid\u00e9o de la rencontre entre les critiques de cin\u00e9ma Mme Nil Kural et M. St\u00e9phane Goudet, c&#8217;est par ici <a href=\"https:\/\/youtu.be\/om-abARD1ng\" target=\"_blank\" rel=\"noopener\">https:\/\/youtu.be\/om-abARD1ng<\/a><\/p>\n<p><strong>Octobre 2021<\/strong><\/p>\n<p class=\"x_MsoListParagraph\">Institut fran\u00e7ais Istanbul &amp; Izmir (8 &amp; 13 octobre)<\/p>\n<p><strong>Novembre 2021<\/strong><\/p>\n<p class=\"x_MsoListParagraph\">Institut fran\u00e7ais Istanbul &amp; Izmir (17 novembre)<\/p>\n<p>[\/vc_column_text][\/vc_tta_section][vc_tta_section title=&#8221;Programme des Cartes Blanches&#8221; tab_id=&#8221;1624868688450-42e23fa2-f582&#8243;][vc_column_text]<\/p>\n<h3><strong>S\u00e9ance 1 :<\/strong><\/h3>\n<p><strong>PLAYTIME <\/strong>de Jacques Tati<\/p>\n<p>Projection suivie d&#8217;un d\u00e9bat entre les critiques de cin\u00e9ma Nil Kural et St\u00e9phane Goudet<\/p>\n<p><a href=\"https:\/\/www.ifturquie.org\/fr\/etkinlik\/cartes-blanches-playtime-ist\/\">\u2192 27\/09 \u2013 20:00 \u2013 Institut fran\u00e7ais Istanbul<\/a><\/p>\n<p>\u2192 <a href=\"https:\/\/www.ifturquie.org\/fr\/etkinlik\/cartes-blanches-playtime\/\">29\/09\u00a0\u2013 20.00 \u2013 Institut fran\u00e7ais Izmir<\/a> (diffusion en diff\u00e9r\u00e9 du d\u00e9bat apr\u00e8s la projection du film)<\/p>\n<h3><img loading=\"lazy\" decoding=\"async\" class=\"alignnone wp-image-18914\" src=\"https:\/\/www.ifturquie.org\/wp-content\/uploads\/2021\/09\/carteblanche-playtime-BD-328x464.jpg\" alt=\"\" width=\"228\" height=\"323\" srcset=\"https:\/\/www.ifturquie.org\/wp-content\/uploads\/2021\/09\/carteblanche-playtime-BD-328x464.jpg 328w, https:\/\/www.ifturquie.org\/wp-content\/uploads\/2021\/09\/carteblanche-playtime-BD.jpg 400w\" sizes=\"auto, (max-width: 228px) 100vw, 228px\" \/><img loading=\"lazy\" decoding=\"async\" class=\"alignnone wp-image-18905\" src=\"https:\/\/www.ifturquie.org\/wp-content\/uploads\/2021\/09\/carteblanche-playtime-izmir-BD-328x464.jpg\" alt=\"\" width=\"228\" height=\"323\" srcset=\"https:\/\/www.ifturquie.org\/wp-content\/uploads\/2021\/09\/carteblanche-playtime-izmir-BD-328x464.jpg 328w, https:\/\/www.ifturquie.org\/wp-content\/uploads\/2021\/09\/carteblanche-playtime-izmir-BD.jpg 400w\" sizes=\"auto, (max-width: 228px) 100vw, 228px\" \/><\/h3>\n<h3><\/h3>\n<h3><strong>S\u00e9ance 2 :<\/strong><\/h3>\n<p><b>BEAU TRAVAIL<\/b> de Claire Denis<\/p>\n<p>Projection suivie d&#8217;un d\u00e9bat entre les monteuses \u00c7i\u00e7ek Kahraman et Nelly Quettier<\/p>\n<p>\u2192 08\/10 &#8211; 20:00 \u2013 Institut fran\u00e7ais <a href=\"https:\/\/www.ifturquie.org\/fr\/etkinlik\/cartes-blanches-beau-travail-ist\/\">\u0130stanbul<\/a> et <a href=\"https:\/\/www.ifturquie.org\/fr\/etkinlik\/cartes-blanches-beau-travail\/\">\u0130zmir<\/a><\/p>\n<h3><strong><img loading=\"lazy\" decoding=\"async\" class=\"alignnone size-medium wp-image-18907\" src=\"https:\/\/www.ifturquie.org\/wp-content\/uploads\/2021\/09\/carteblanche-beau-travail-BD-328x464.jpg\" alt=\"\" width=\"328\" height=\"464\" srcset=\"https:\/\/www.ifturquie.org\/wp-content\/uploads\/2021\/09\/carteblanche-beau-travail-BD-328x464.jpg 328w, https:\/\/www.ifturquie.org\/wp-content\/uploads\/2021\/09\/carteblanche-beau-travail-BD.jpg 400w\" sizes=\"auto, (max-width: 328px) 100vw, 328px\" \/><\/strong><\/h3>\n<h3><\/h3>\n<h3><strong>S\u00e9ance 3 :<\/strong><\/h3>\n<p><b>LE PASS\u00c9<\/b> d\u2019Asghar Farhadi<\/p>\n<p>Projection suivie d&#8217;un d\u00e9bat entre les chefs d\u00e9corateurs Deniz G\u00f6kt\u00fcrk Kobanbay et Claude Lenoir<\/p>\n<p>\u2192 13\/10 &#8211; 20:00 \u2013 Institut fran\u00e7ais <a href=\"https:\/\/www.ifturquie.org\/fr\/etkinlik\/cartes-blanches-le-passe-ist\/\">\u0130stanbul<\/a> et <a href=\"https:\/\/www.ifturquie.org\/fr\/etkinlik\/cartes-blanches-le-passe\/\">\u0130zmir<\/a><\/p>\n<p><img loading=\"lazy\" decoding=\"async\" class=\"alignnone size-medium wp-image-18909\" src=\"https:\/\/www.ifturquie.org\/wp-content\/uploads\/2021\/09\/carteblanche-le-passe-BD-328x464.jpg\" alt=\"\" width=\"328\" height=\"464\" srcset=\"https:\/\/www.ifturquie.org\/wp-content\/uploads\/2021\/09\/carteblanche-le-passe-BD-328x464.jpg 328w, https:\/\/www.ifturquie.org\/wp-content\/uploads\/2021\/09\/carteblanche-le-passe-BD.jpg 400w\" sizes=\"auto, (max-width: 328px) 100vw, 328px\" \/><\/p>\n<h3><\/h3>\n<h3><strong>S\u00e9ance 4 :<\/strong><\/h3>\n<p><b>J\u2019AI PERDU MON CORPS<\/b> de J\u00e9r\u00e9my Clapin<\/p>\n<p>Projection suivie d&#8217;un d\u00e9bat entre le Youtuber cin\u00e9ma \u201cFilme gitmeden \u00f6nce\u201d et le r\u00e9alisateur J\u00e9r\u00e9my Clapin.<\/p>\n<p>\u2192 17.11 \u2013 20:00 \u2013 Institut fran\u00e7ais <a href=\"https:\/\/www.ifturquie.org\/fr\/etkinlik\/cartes-blanches-perdu-corps-ist\/\">\u0130stanbul<\/a> et <a href=\"https:\/\/www.ifturquie.org\/fr\/etkinlik\/cartes-blanches-perdu-corps\/\">\u0130zmir<\/a><\/p>\n<p><img loading=\"lazy\" decoding=\"async\" class=\"alignnone size-medium wp-image-18911\" src=\"https:\/\/www.ifturquie.org\/wp-content\/uploads\/2021\/09\/carteblanche-i-lost-my-body-BD-328x464.jpg\" alt=\"\" width=\"328\" height=\"464\" srcset=\"https:\/\/www.ifturquie.org\/wp-content\/uploads\/2021\/09\/carteblanche-i-lost-my-body-BD-328x464.jpg 328w, https:\/\/www.ifturquie.org\/wp-content\/uploads\/2021\/09\/carteblanche-i-lost-my-body-BD.jpg 400w\" sizes=\"auto, (max-width: 328px) 100vw, 328px\" \/><\/p>\n<p>&nbsp;<\/p>\n<h3><\/h3>\n<p>[\/vc_column_text][\/vc_tta_section][\/vc_tta_accordion][\/vc_column][vc_column width=&#8221;1\/2&#8243;][vc_single_image image=&#8221;18903&#8243; img_size=&#8221;full&#8221;][\/vc_column][\/vc_row][\/vc_section]<\/p>\n<\/div>","protected":false},"excerpt":{"rendered":"<p>[vc_section el_class=&#8221;container_1110&#8243;][vc_row][vc_column width=&#8221;1\/2&#8243;][vc_column_text]L\u2019Institut fran\u00e7ais de Turquie lance un nouveau projet li\u00e9 au cin\u00e9ma \u00e0 la fin du mois de septembre.\u00a0 &nbsp; Cartes blanches : qu\u2019est ce que c\u2019est ? Il s\u2019agit cette fois d\u2019un cycle de projections-d\u00e9bats autour des m\u00e9tiers du cin\u00e9ma, qui porteront le nom de \u201cCartes Blanches\u201d (A\u00e7\u0131k Kartlar). Des personnalit\u00e9s du cin\u00e9ma [&hellip;]<\/p>\n","protected":false},"author":6,"featured_media":0,"parent":0,"menu_order":0,"comment_status":"closed","ping_status":"closed","template":"new-page-template.php","meta":{"_acf_changed":false,"h5ap_radio_sources":[],"footnotes":""},"class_list":["post-18899","page","type-page","status-publish","hentry"],"acf":[],"_links":{"self":[{"href":"https:\/\/www.ifturquie.org\/fr\/wp-json\/wp\/v2\/pages\/18899","targetHints":{"allow":["GET"]}}],"collection":[{"href":"https:\/\/www.ifturquie.org\/fr\/wp-json\/wp\/v2\/pages"}],"about":[{"href":"https:\/\/www.ifturquie.org\/fr\/wp-json\/wp\/v2\/types\/page"}],"author":[{"embeddable":true,"href":"https:\/\/www.ifturquie.org\/fr\/wp-json\/wp\/v2\/users\/6"}],"replies":[{"embeddable":true,"href":"https:\/\/www.ifturquie.org\/fr\/wp-json\/wp\/v2\/comments?post=18899"}],"version-history":[{"count":8,"href":"https:\/\/www.ifturquie.org\/fr\/wp-json\/wp\/v2\/pages\/18899\/revisions"}],"predecessor-version":[{"id":19283,"href":"https:\/\/www.ifturquie.org\/fr\/wp-json\/wp\/v2\/pages\/18899\/revisions\/19283"}],"wp:attachment":[{"href":"https:\/\/www.ifturquie.org\/fr\/wp-json\/wp\/v2\/media?parent=18899"}],"curies":[{"name":"wp","href":"https:\/\/api.w.org\/{rel}","templated":true}]}}